{"id":35147,"date":"2024-09-04T19:40:39","date_gmt":"2024-09-04T17:40:39","guid":{"rendered":"https:\/\/rosagres.com\/collections\/tresor\/"},"modified":"2025-03-04T22:24:24","modified_gmt":"2025-03-04T21:24:24","slug":"tresor","status":"publish","type":"page","link":"https:\/\/rosagres.com\/en\/collections\/tresor\/","title":{"rendered":"Tr\u00e9sor"},"content":{"rendered":"<div class=\"wpb-content-wrapper\"><p>[vc_row][vc_column]<style>.thegem-te-post-breadcrumbs.thegem-custom-69d001eceb03c1929 .post-breadcrumbs {justify-content: left; text-align: left;}.thegem-te-post-breadcrumbs.thegem-custom-69d001eceb03c1929 .post-breadcrumbs ul {justify-content: left; text-align: left;}<\/style><div class=\"thegem-te-post-breadcrumbs thegem-custom-69d001eceb03c1929\"> <div class=\"post-breadcrumbs\"><ul><li><a href=\"https:\/\/rosagres.com\/en\/\">Home<\/a><\/li><\/ul><!-- .breadcrumbs --><\/div> <\/div>[\/vc_column][\/vc_row][vc_row][vc_column]<div class=\"gem-vimeo gem-wrapbox gem-wrapbox-style-no-style rounded-corners gem-wrapbox-position-below\" style=\"width: 100%;\"><div class=\"gem-wrapbox-inner gem-ratio-style\" style=\"padding-top: 56.25%\"><iframe webkitallowfullscreen=\"true\" mozallowfullscreen=\"true\" allowfullscreen=\"true\" class=\"gem-wrapbox-element img-responsive\" frameborder=\"0\" scrolling=\"no\" marginheight=\"0\" marginwidth=\"0\" src=\"\/\/player.vimeo.com\/video\/467713453?title=0&amp;byline=0&amp;portrait=0 \"><\/iframe><\/div><\/div>[\/vc_column][\/vc_row][vc_row][vc_column width=&#8221;2\/3&#8243;]<div class=\"preloader\"><div class=\"preloader-spin\"><\/div><\/div> <div id=\"gem-gallery-69d001ecec4d3\" class=\"gem-gallery gem-gallery-hover-disabled\"> <div class=\"gem-gallery-item\"> <div class=\"gem-gallery-item-image\"> <a href=\"https:\/\/rosagres.com\/wp-content\/uploads\/2024\/09\/rosa-gres-porcelanico-coleccion-tresor-01.jpg\" data-fancybox-group=\"gallery-69d001ecec4d3\" data-full-image-url=\"https:\/\/rosagres.com\/wp-content\/uploads\/2024\/09\/rosa-gres-porcelanico-coleccion-tresor-01.jpg\"> <svg width=\"20\" height=\"10\"><path d=\"M 0,10 Q 9,9 10,0 Q 11,9 20,10\" \/><\/svg> <img src=\"https:\/\/rosagres.com\/wp-content\/uploads\/2024\/09\/rosa-gres-porcelanico-coleccion-tresor-01-thegem-post-thumb-small.jpg\" alt=\"Suelo porcel\u00e1nico efecto piedra. Colecci\u00f3n Tr\u00e9sor\" class=\"img-responsive\"> <span class=\"gem-gallery-caption slide-info\"> <\/span> <\/a> <span class=\"gem-gallery-line\"><\/span> <\/div> <\/div> <div class=\"gem-gallery-item\"> <div class=\"gem-gallery-item-image\"> <a href=\"https:\/\/rosagres.com\/wp-content\/uploads\/2024\/09\/rosa-gres-porcelanico-coleccion-tresor-02.jpg\" data-fancybox-group=\"gallery-69d001ecec4d3\" data-full-image-url=\"https:\/\/rosagres.com\/wp-content\/uploads\/2024\/09\/rosa-gres-porcelanico-coleccion-tresor-02.jpg\"> <svg width=\"20\" height=\"10\"><path d=\"M 0,10 Q 9,9 10,0 Q 11,9 20,10\" \/><\/svg> <img src=\"https:\/\/rosagres.com\/wp-content\/uploads\/2024\/09\/rosa-gres-porcelanico-coleccion-tresor-02-thegem-post-thumb-small.jpg\" alt=\"Suelo porcel\u00e1nico efecto piedra. Colecci\u00f3n Tr\u00e9sor\" class=\"img-responsive\"> <span class=\"gem-gallery-caption slide-info\"> <\/span> <\/a> <span class=\"gem-gallery-line\"><\/span> <\/div> <\/div> <div class=\"gem-gallery-item\"> <div class=\"gem-gallery-item-image\"> <a href=\"https:\/\/rosagres.com\/wp-content\/uploads\/2024\/09\/rosa-gres-porcelanico-coleccion-tresor-03.jpg\" data-fancybox-group=\"gallery-69d001ecec4d3\" data-full-image-url=\"https:\/\/rosagres.com\/wp-content\/uploads\/2024\/09\/rosa-gres-porcelanico-coleccion-tresor-03.jpg\"> <svg width=\"20\" height=\"10\"><path d=\"M 0,10 Q 9,9 10,0 Q 11,9 20,10\" \/><\/svg> <img src=\"https:\/\/rosagres.com\/wp-content\/uploads\/2024\/09\/rosa-gres-porcelanico-coleccion-tresor-03-thegem-post-thumb-small.jpg\" alt=\"Suelo porcel\u00e1nico efecto piedra. Colecci\u00f3n Tr\u00e9sor\" class=\"img-responsive\"> <span class=\"gem-gallery-caption slide-info\"> <\/span> <\/a> <span class=\"gem-gallery-line\"><\/span> <\/div> <\/div> <div class=\"gem-gallery-item\"> <div class=\"gem-gallery-item-image\"> <a href=\"https:\/\/rosagres.com\/wp-content\/uploads\/2024\/09\/rosa-gres-porcelanico-coleccion-tresor-04.jpg\" data-fancybox-group=\"gallery-69d001ecec4d3\" data-full-image-url=\"https:\/\/rosagres.com\/wp-content\/uploads\/2024\/09\/rosa-gres-porcelanico-coleccion-tresor-04.jpg\"> <svg width=\"20\" height=\"10\"><path d=\"M 0,10 Q 9,9 10,0 Q 11,9 20,10\" \/><\/svg> <img src=\"https:\/\/rosagres.com\/wp-content\/uploads\/2024\/09\/rosa-gres-porcelanico-coleccion-tresor-04-thegem-post-thumb-small.jpg\" alt=\"Suelo porcel\u00e1nico efecto piedra. Colecci\u00f3n Tr\u00e9sor\" class=\"img-responsive\"> <span class=\"gem-gallery-caption slide-info\"> <\/span> <\/a> <span class=\"gem-gallery-line\"><\/span> <\/div> <\/div> <div class=\"gem-gallery-item\"> <div class=\"gem-gallery-item-image\"> <a href=\"https:\/\/rosagres.com\/wp-content\/uploads\/2024\/09\/rosa-gres-porcelanico-coleccion-tresor-05.jpg\" data-fancybox-group=\"gallery-69d001ecec4d3\" data-full-image-url=\"https:\/\/rosagres.com\/wp-content\/uploads\/2024\/09\/rosa-gres-porcelanico-coleccion-tresor-05.jpg\"> <svg width=\"20\" height=\"10\"><path d=\"M 0,10 Q 9,9 10,0 Q 11,9 20,10\" \/><\/svg> <img src=\"https:\/\/rosagres.com\/wp-content\/uploads\/2024\/09\/rosa-gres-porcelanico-coleccion-tresor-05-thegem-post-thumb-small.jpg\" alt=\"Suelo porcel\u00e1nico efecto piedra. Colecci\u00f3n Tr\u00e9sor\" class=\"img-responsive\"> <span class=\"gem-gallery-caption slide-info\"> <\/span> <\/a> <span class=\"gem-gallery-line\"><\/span> <\/div> <\/div> <\/div>[\/vc_column][vc_column width=&#8221;1\/3&#8243;][vc_column_text css=&#8221;&#8221;]With the new collection\u00a0<b>Tr\u00e9sor,<\/b>\u00a0we start a trip around the world searching for the treasures it has to offer for your projects: these are the new colours from\u00a0<b>Rosa Gres<\/b>, to be discovered together through fascinating sceneries and cultures.\u00a0<b>Choose a treasure for your pool.<\/b><\/p>\n<p><b>Tr\u00e9sor Bali<\/b>\u00a0is the most exotic colour from\u00a0<b>Rosa Gres<\/b>\u00a0within our porcelain tile range.\u00a0Is inspired by the green\u00a0<b>Sukabumi\u00a0<\/b>Stone. Its texture reveals a deep turquoise tone, infinitely refreshing and bright.<\/p>\n<p><b>Tr\u00e9sor Java<\/b>\u00a0is the colour by\u00a0<b>Rosa Gres<\/b>\u00a0inspired by Asian landscapes,\u00a0a dark tone bringing calm, elegance and a pure serenity.<\/p>\n<p style=\"text-align: right;\"><strong>Download Catalog<\/strong><\/p>\n<p><a href=\"https:\/\/rosagres.com\/upload\/catalogos\/catalogo-rosa-gres-TRESOR.pdf\" target=\"_blank\"><img class=\"alignnone wp-image-2125 size-full alignright\" src=\"https:\/\/rosagres.com\/wp-content\/uploads\/2024\/09\/rosa-gres-catalogo-tresor.jpg\" alt=\"Suelo porcel\u00e1nico efecto piedra. Cat\u00e1logo Colecci\u00f3n Tr\u00e9sor\" width=\"120\" height=\"170\" \/><\/a>[\/vc_column_text][\/vc_column][\/vc_row][vc_row][vc_column][vc_empty_space][vc_column_text css=&#8221;&#8221;]<\/p>\n<h3>COLORS<\/h3>\n<p>[\/vc_column_text][vc_empty_space height=&#8221;12px&#8221;][vc_row_inner css=&#8221;.vc_custom_1735591764096{padding-right: 21px !important;padding-left: 21px !important;}&#8221;][vc_column_inner width=&#8221;1\/5&#8243; css=&#8221;.vc_custom_1735591790311{padding-right: 0px !important;padding-left: 0px !important;}&#8221; offset=&#8221;vc_col-xs-6&#8243;]<div class=\"woocommerce \">\t<div class=\"products row inline-row columns-4\">\r\n<div class=\"inline-column col-sm-3 col-xs-6 first catalog-view product type-product post-33466 status-publish instock product_cat-flooring-and-pools has-post-thumbnail shipping-taxable product-type-simple\">\n\n\t<div class=\"product-inner centered-box\">\n\n\t\t\n\t\t<a href=\"https:\/\/rosagres.com\/en\/porcelain-stoneware-floor\/colors\/flooring-and-pools\/tresor-bali\/\" class=\"product-image\">\n\t\t\t<div class=\"product-labels\"><\/div>\n\t\t\t<span class=\"product-image-inner\"><img width=\"300\" height=\"300\" src=\"https:\/\/rosagres.com\/wp-content\/uploads\/2024\/09\/rosa-gres-porcelanico-panel-tresor-bali-300x300.jpg\" class=\"attachment-woocommerce_thumbnail size-woocommerce_thumbnail\" alt=\"Stone-effect porcelain flooring. Tr\u00e9sor Bali\" srcset=\"https:\/\/rosagres.com\/wp-content\/uploads\/2024\/09\/rosa-gres-porcelanico-panel-tresor-bali-300x300.jpg 300w, https:\/\/rosagres.com\/wp-content\/uploads\/2024\/09\/rosa-gres-porcelanico-panel-tresor-bali-150x150.jpg 150w, https:\/\/rosagres.com\/wp-content\/uploads\/2024\/09\/rosa-gres-porcelanico-panel-tresor-bali-768x767.jpg 768w, https:\/\/rosagres.com\/wp-content\/uploads\/2024\/09\/rosa-gres-porcelanico-panel-tresor-bali-256x256.jpg 256w, https:\/\/rosagres.com\/wp-content\/uploads\/2024\/09\/rosa-gres-porcelanico-panel-tresor-bali-160x160.jpg 160w, https:\/\/rosagres.com\/wp-content\/uploads\/2024\/09\/rosa-gres-porcelanico-panel-tresor-bali-600x599.jpg 600w, https:\/\/rosagres.com\/wp-content\/uploads\/2024\/09\/rosa-gres-porcelanico-panel-tresor-bali-180x180.jpg 180w, https:\/\/rosagres.com\/wp-content\/uploads\/2024\/09\/rosa-gres-porcelanico-panel-tresor-bali.jpg 801w\" sizes=\"(max-width: 300px) 100vw, 300px\" \/><img width=\"300\" height=\"300\" src=\"https:\/\/rosagres.com\/wp-content\/uploads\/2024\/09\/rosa-gres-porcelanico-coleccion-tresor-cover-300x300.jpg\" class=\"attachment woo-product-hover\" alt=\"Stone-effect porcelain flooring. Tr\u00e9sor Bali\" srcset=\"https:\/\/rosagres.com\/wp-content\/uploads\/2024\/09\/rosa-gres-porcelanico-coleccion-tresor-cover-300x300.jpg 300w, https:\/\/rosagres.com\/wp-content\/uploads\/2024\/09\/rosa-gres-porcelanico-coleccion-tresor-cover-150x150.jpg 150w, https:\/\/rosagres.com\/wp-content\/uploads\/2024\/09\/rosa-gres-porcelanico-coleccion-tresor-cover-256x256.jpg 256w, https:\/\/rosagres.com\/wp-content\/uploads\/2024\/09\/rosa-gres-porcelanico-coleccion-tresor-cover-160x160.jpg 160w, https:\/\/rosagres.com\/wp-content\/uploads\/2024\/09\/rosa-gres-porcelanico-coleccion-tresor-cover-180x180.jpg 180w, https:\/\/rosagres.com\/wp-content\/uploads\/2024\/09\/rosa-gres-porcelanico-coleccion-tresor-cover.jpg 426w\" sizes=\"(max-width: 300px) 100vw, 300px\" \/><\/span>\n\t\t<\/a>\n\n\t\t<div class=\"product-info clearfix\">\n\t\t\t\t\t\t<div class=\"product-title title-h6\"><a href=\"https:\/\/rosagres.com\/en\/porcelain-stoneware-floor\/colors\/flooring-and-pools\/tresor-bali\/\">Tr\u00e9sor Bali<\/a><\/div>\n\t\t\t\t\t<\/div>\n\n\t\t\n\t<\/div>\n<\/div>\n    <\/div>\r\n<\/div>[\/vc_column_inner][vc_column_inner width=&#8221;1\/5&#8243; css=&#8221;.vc_custom_1735591798120{padding-right: 0px !important;padding-left: 0px !important;}&#8221; offset=&#8221;vc_col-xs-6&#8243;]<div class=\"woocommerce \">\t<div class=\"products row inline-row columns-4\">\r\n<div class=\"inline-column col-sm-3 col-xs-6 first catalog-view product type-product post-33469 status-publish instock product_cat-flooring-and-pools has-post-thumbnail shipping-taxable product-type-simple\">\n\n\t<div class=\"product-inner centered-box\">\n\n\t\t\n\t\t<a href=\"https:\/\/rosagres.com\/en\/porcelain-stoneware-floor\/colors\/flooring-and-pools\/tresor-java\/\" class=\"product-image\">\n\t\t\t<div class=\"product-labels\"><\/div>\n\t\t\t<span class=\"product-image-inner\"><img width=\"300\" height=\"300\" src=\"https:\/\/rosagres.com\/wp-content\/uploads\/2024\/09\/rosa-gres-porcelanico-panel-tresor-java-300x300.jpg\" class=\"attachment-woocommerce_thumbnail size-woocommerce_thumbnail\" alt=\"Stone-effect porcelain flooring. Tr\u00e9sor Java\" srcset=\"https:\/\/rosagres.com\/wp-content\/uploads\/2024\/09\/rosa-gres-porcelanico-panel-tresor-java-300x300.jpg 300w, https:\/\/rosagres.com\/wp-content\/uploads\/2024\/09\/rosa-gres-porcelanico-panel-tresor-java-150x150.jpg 150w, https:\/\/rosagres.com\/wp-content\/uploads\/2024\/09\/rosa-gres-porcelanico-panel-tresor-java-768x767.jpg 768w, https:\/\/rosagres.com\/wp-content\/uploads\/2024\/09\/rosa-gres-porcelanico-panel-tresor-java-256x256.jpg 256w, https:\/\/rosagres.com\/wp-content\/uploads\/2024\/09\/rosa-gres-porcelanico-panel-tresor-java-160x160.jpg 160w, https:\/\/rosagres.com\/wp-content\/uploads\/2024\/09\/rosa-gres-porcelanico-panel-tresor-java-600x599.jpg 600w, https:\/\/rosagres.com\/wp-content\/uploads\/2024\/09\/rosa-gres-porcelanico-panel-tresor-java-180x180.jpg 180w, https:\/\/rosagres.com\/wp-content\/uploads\/2024\/09\/rosa-gres-porcelanico-panel-tresor-java.jpg 801w\" sizes=\"(max-width: 300px) 100vw, 300px\" \/><img width=\"300\" height=\"300\" src=\"https:\/\/rosagres.com\/wp-content\/uploads\/2024\/09\/rosa-gres-porcelanico-coleccion-tresor-java-cover-300x300.jpg\" class=\"attachment woo-product-hover\" alt=\"Stone-effect porcelain flooring. Tr\u00e9sor Java\" srcset=\"https:\/\/rosagres.com\/wp-content\/uploads\/2024\/09\/rosa-gres-porcelanico-coleccion-tresor-java-cover-300x300.jpg 300w, https:\/\/rosagres.com\/wp-content\/uploads\/2024\/09\/rosa-gres-porcelanico-coleccion-tresor-java-cover-150x150.jpg 150w, https:\/\/rosagres.com\/wp-content\/uploads\/2024\/09\/rosa-gres-porcelanico-coleccion-tresor-java-cover-256x256.jpg 256w, https:\/\/rosagres.com\/wp-content\/uploads\/2024\/09\/rosa-gres-porcelanico-coleccion-tresor-java-cover-160x160.jpg 160w, https:\/\/rosagres.com\/wp-content\/uploads\/2024\/09\/rosa-gres-porcelanico-coleccion-tresor-java-cover-180x180.jpg 180w, https:\/\/rosagres.com\/wp-content\/uploads\/2024\/09\/rosa-gres-porcelanico-coleccion-tresor-java-cover.jpg 426w\" sizes=\"(max-width: 300px) 100vw, 300px\" \/><\/span>\n\t\t<\/a>\n\n\t\t<div class=\"product-info clearfix\">\n\t\t\t\t\t\t<div class=\"product-title title-h6\"><a href=\"https:\/\/rosagres.com\/en\/porcelain-stoneware-floor\/colors\/flooring-and-pools\/tresor-java\/\">Tr\u00e9sor Java<\/a><\/div>\n\t\t\t\t\t<\/div>\n\n\t\t\n\t<\/div>\n<\/div>\n    <\/div>\r\n<\/div>[\/vc_column_inner][vc_column_inner width=&#8221;1\/5&#8243; css=&#8221;.vc_custom_1741122560737{padding-right: 0px !important;padding-left: 0px !important;}&#8221; offset=&#8221;vc_hidden-xs&#8221;][\/vc_column_inner][vc_column_inner width=&#8221;1\/5&#8243; css=&#8221;.vc_custom_1741122565689{padding-right: 0px !important;padding-left: 0px !important;}&#8221; offset=&#8221;vc_hidden-xs&#8221;][\/vc_column_inner][vc_column_inner width=&#8221;1\/5&#8243; css=&#8221;.vc_custom_1741122570137{padding-right: 0px !important;padding-left: 0px !important;}&#8221; offset=&#8221;vc_hidden-xs&#8221;][\/vc_column_inner][\/vc_row_inner][\/vc_column][\/vc_row][vc_row][vc_column][vc_empty_space][vc_column_text css=&#8221;&#8221;]<\/p>\n<h3>FORMATS AND FINISHES<\/h3>\n<p>[\/vc_column_text][vc_empty_space height=&#8221;5px&#8221;][vc_row_inner equal_height=&#8221;yes&#8221; gap=&#8221;15&#8243; el_disable_mobile=&#8221;1&#8243; el_class=&#8221;fuente-chiquita&#8221;][vc_column_inner width=&#8221;1\/6&#8243; css=&#8221;.vc_custom_1725456164627{padding-right: 0px !important;}&#8221;][vc_single_image image=&#8221;27475&#8243; img_size=&#8221;&#8221; css=&#8221;&#8221;][vc_empty_space height=&#8221;12px&#8221;][vc_column_text css=&#8221;&#8221;]<strong><b>Anti-slip<\/b><br \/>\n<\/strong><strong>31 x 62,6 x 0,9 cm<\/strong><br \/>\n12\u201d x 24\u201d[\/vc_column_text][\/vc_column_inner][vc_column_inner width=&#8221;1\/6&#8243; css=&#8221;.vc_custom_1725456012890{padding-right: 0px !important;padding-left: 0px !important;}&#8221;][vc_single_image image=&#8221;27477&#8243; img_size=&#8221;162&#215;80&#8243; css=&#8221;&#8221;][vc_empty_space height=&#8221;12px&#8221;][vc_column_text css=&#8221;&#8221;]<b>Anti-slip\u00a0<\/b><br \/>\n<strong>31,3 x 31,3 cm<\/strong><br \/>\n12\u201d x 12\u201d[\/vc_column_text][\/vc_column_inner][vc_column_inner width=&#8221;1\/6&#8243; css=&#8221;.vc_custom_1725456024925{padding-right: 0px !important;padding-left: 0px !important;}&#8221;][\/vc_column_inner][vc_column_inner width=&#8221;1\/6&#8243; css=&#8221;.vc_custom_1725456032390{padding-right: 0px !important;padding-left: 0px !important;}&#8221;][\/vc_column_inner][vc_column_inner width=&#8221;1\/6&#8243; css=&#8221;.vc_custom_1725456039411{padding-right: 0px !important;padding-left: 0px !important;}&#8221;][\/vc_column_inner][vc_column_inner width=&#8221;1\/6&#8243; css=&#8221;.vc_custom_1725456046941{padding-right: 0px !important;padding-left: 0px !important;}&#8221;][\/vc_column_inner][\/vc_row_inner][vc_row_inner equal_height=&#8221;yes&#8221; gap=&#8221;15&#8243; el_disable_desktop=&#8221;1&#8243; el_disable_tablet=&#8221;1&#8243; el_class=&#8221;fuente-chiquita&#8221;][vc_column_inner width=&#8221;1\/6&#8243; offset=&#8221;vc_col-xs-6&#8243;][vc_single_image image=&#8221;27475&#8243; img_size=&#8221;&#8221; css=&#8221;&#8221;][vc_empty_space height=&#8221;12px&#8221;][vc_column_text css=&#8221;&#8221;]<strong><b>Anti-slip<\/b><br \/>\n<\/strong><strong>31 x 62,6 x 0,9 cm<\/strong><br \/>\n12\u201d x 24\u201d[\/vc_column_text][\/vc_column_inner][vc_column_inner width=&#8221;1\/6&#8243; offset=&#8221;vc_col-xs-6&#8243;][vc_single_image image=&#8221;27477&#8243; img_size=&#8221;&#8221; css=&#8221;&#8221;][vc_empty_space height=&#8221;12px&#8221;][vc_column_text css=&#8221;&#8221;]<b>Anti-slip\u00a0<\/b><br \/>\n<strong>31,3 x 31,3 cm<\/strong><br \/>\n12\u201d x 12\u201d[\/vc_column_text][\/vc_column_inner][vc_column_inner width=&#8221;1\/6&#8243; offset=&#8221;vc_col-xs-6&#8243;][\/vc_column_inner][vc_column_inner width=&#8221;1\/6&#8243; offset=&#8221;vc_col-xs-6&#8243;][\/vc_column_inner][vc_column_inner width=&#8221;1\/6&#8243; offset=&#8221;vc_col-xs-6&#8243;][\/vc_column_inner][vc_column_inner width=&#8221;1\/6&#8243; offset=&#8221;vc_col-xs-6&#8243;][\/vc_column_inner][\/vc_row_inner][vc_empty_space height=&#8221;12px&#8221;][vc_column_text css=&#8221;&#8221; el_class=&#8221;fuente-chiquita&#8221;]Aprox size in inches[\/vc_column_text][\/vc_column][\/vc_row][vc_row][vc_column][vc_empty_space height=&#8221;12px&#8221;][vc_column_text css=&#8221;&#8221;]<\/p>\n<h3>FINISHING PIECES<\/h3>\n<p>[\/vc_column_text][vc_empty_space][vc_row_inner equal_height=&#8221;yes&#8221;][vc_column_inner width=&#8221;1\/4&#8243;][vc_single_image image=&#8221;27105&#8243; img_size=&#8221;full&#8221; onclick=&#8221;link_image&#8221; css=&#8221;&#8221;][vc_empty_space height=&#8221;15px&#8221;][vc_column_text css=&#8221;&#8221;]Steps and bullnose[\/vc_column_text][vc_empty_space height=&#8221;15px&#8221;][\/vc_column_inner][vc_column_inner width=&#8221;1\/4&#8243;][vc_single_image image=&#8221;27115&#8243; img_size=&#8221;full&#8221; onclick=&#8221;link_image&#8221; css=&#8221;&#8221;][vc_empty_space height=&#8221;15px&#8221;][vc_column_text css=&#8221;&#8221;]Channel Drain System[\/vc_column_text][vc_empty_space height=&#8221;15px&#8221;][\/vc_column_inner][vc_column_inner width=&#8221;1\/4&#8243;][vc_single_image image=&#8221;27103&#8243; img_size=&#8221;full&#8221; onclick=&#8221;link_image&#8221; css=&#8221;&#8221;][vc_empty_space height=&#8221;15px&#8221;][vc_column_text css=&#8221;&#8221;]Channel Drain System[\/vc_column_text][vc_empty_space height=&#8221;15px&#8221;][\/vc_column_inner][vc_column_inner width=&#8221;1\/4&#8243;][vc_empty_space height=&#8221;15px&#8221;][\/vc_column_inner][\/vc_row_inner][vc_row_inner][vc_column_inner width=&#8221;1\/4&#8243;][vc_single_image image=&#8221;27107&#8243; img_size=&#8221;full&#8221; onclick=&#8221;link_image&#8221; css=&#8221;&#8221;][vc_empty_space height=&#8221;15px&#8221;][vc_column_text css=&#8221;&#8221;]Prestige System[\/vc_column_text][vc_empty_space height=&#8221;15px&#8221;][\/vc_column_inner][vc_column_inner width=&#8221;1\/4&#8243;][vc_single_image image=&#8221;27125&#8243; img_size=&#8221;full&#8221; onclick=&#8221;link_image&#8221; css=&#8221;&#8221;][vc_empty_space height=&#8221;15px&#8221;][vc_column_text css=&#8221;&#8221;]Slim System[\/vc_column_text][vc_empty_space height=&#8221;15px&#8221;][\/vc_column_inner][vc_column_inner width=&#8221;1\/4&#8243;][vc_single_image image=&#8221;27109&#8243; img_size=&#8221;full&#8221; onclick=&#8221;link_image&#8221; css=&#8221;&#8221;][vc_empty_space height=&#8221;15px&#8221;][vc_column_text css=&#8221;&#8221;]Smart System[\/vc_column_text][vc_empty_space height=&#8221;15px&#8221;][\/vc_column_inner][vc_column_inner width=&#8221;1\/4&#8243;][vc_single_image image=&#8221;27127&#8243; img_size=&#8221;full&#8221; onclick=&#8221;link_image&#8221; css=&#8221;&#8221;][vc_empty_space height=&#8221;15px&#8221;][vc_column_text css=&#8221;&#8221;]Zen System[\/vc_column_text][vc_empty_space height=&#8221;15px&#8221;][\/vc_column_inner][\/vc_row_inner][vc_row_inner][vc_column_inner width=&#8221;1\/4&#8243;][vc_single_image image=&#8221;27113&#8243; img_size=&#8221;full&#8221; onclick=&#8221;link_image&#8221; css=&#8221;&#8221;][vc_empty_space height=&#8221;15px&#8221;][vc_column_text css=&#8221;&#8221;]Traditional pool with Solution L[\/vc_column_text][vc_empty_space height=&#8221;15px&#8221;][\/vc_column_inner][vc_column_inner width=&#8221;1\/4&#8243;][vc_single_image image=&#8221;27111&#8243; img_size=&#8221;full&#8221; onclick=&#8221;link_image&#8221; css=&#8221;&#8221;][vc_empty_space height=&#8221;15px&#8221;][vc_column_text css=&#8221;&#8221;]Infinity Pool[\/vc_column_text][vc_empty_space height=&#8221;15px&#8221;][\/vc_column_inner][vc_column_inner width=&#8221;1\/4&#8243;][\/vc_column_inner][vc_column_inner width=&#8221;1\/4&#8243;][\/vc_column_inner][\/vc_row_inner][\/vc_column][\/vc_row]<\/p>\n<\/div>","protected":false},"excerpt":{"rendered":"<p>[vc_row][vc_column][\/vc_column][\/vc_row][vc_row][vc_column][\/vc_column][\/vc_row][vc_row][vc_column width=&#8221;2\/3&#8243;][\/vc_column][vc_column width=&#8221;1\/3&#8243;][vc_column_text css=&#8221;&#8221;]With the new collection\u00a0Tr\u00e9sor,\u00a0we start a trip around the world searching for the treasures it has to&#8230;<\/p>\n","protected":false},"author":1,"featured_media":27479,"parent":33442,"menu_order":0,"comment_status":"closed","ping_status":"closed","template":"","meta":{"footnotes":""},"class_list":["post-35147","page","type-page","status-publish","has-post-thumbnail"],"_links":{"self":[{"href":"https:\/\/rosagres.com\/en\/wp-json\/wp\/v2\/pages\/35147","targetHints":{"allow":["GET"]}}],"collection":[{"href":"https:\/\/rosagres.com\/en\/wp-json\/wp\/v2\/pages"}],"about":[{"href":"https:\/\/rosagres.com\/en\/wp-json\/wp\/v2\/types\/page"}],"author":[{"embeddable":true,"href":"https:\/\/rosagres.com\/en\/wp-json\/wp\/v2\/users\/1"}],"replies":[{"embeddable":true,"href":"https:\/\/rosagres.com\/en\/wp-json\/wp\/v2\/comments?post=35147"}],"version-history":[{"count":0,"href":"https:\/\/rosagres.com\/en\/wp-json\/wp\/v2\/pages\/35147\/revisions"}],"up":[{"embeddable":true,"href":"https:\/\/rosagres.com\/en\/wp-json\/wp\/v2\/pages\/33442"}],"wp:featuredmedia":[{"embeddable":true,"href":"https:\/\/rosagres.com\/en\/wp-json\/wp\/v2\/media\/27479"}],"wp:attachment":[{"href":"https:\/\/rosagres.com\/en\/wp-json\/wp\/v2\/media?parent=35147"}],"curies":[{"name":"wp","href":"https:\/\/api.w.org\/{rel}","templated":true}]}}