{"id":33612,"date":"2024-08-29T20:06:18","date_gmt":"2024-08-29T18:06:18","guid":{"rendered":"https:\/\/rosagres.com\/producto\/industrial-and-bactericidal-hygienic-baseboard\/"},"modified":"2024-08-29T20:06:18","modified_gmt":"2024-08-29T18:06:18","slug":"industrial-and-bactericidal-hygienic-baseboard","status":"publish","type":"product","link":"https:\/\/rosagres.com\/en\/porcelain-stoneware-floor\/finishing-pieces-industrial-flooring\/industrial-and-bactericidal-hygienic-baseboard\/","title":{"rendered":"Industrial and Bactericidal: hygienic baseboard"},"content":{"rendered":"","protected":false},"excerpt":{"rendered":"<h2>Formats:<\/h2>\n<p><img class=\"alignnone size-full wp-image-1353\" src=\"https:\/\/rosagres.com\/wp-content\/uploads\/2024\/08\/rosa-gres-industrial-bactericida-zocalo.jpg\" alt=\"Z\u00f3calo higi\u00e9nico en gres porcel\u00e1nico. Piezas de acabado Industrial y Bactericida\" width=\"400\" height=\"115\" srcset=\"https:\/\/rosagres.com\/wp-content\/uploads\/2024\/08\/rosa-gres-industrial-bactericida-zocalo.jpg 400w, https:\/\/rosagres.com\/wp-content\/uploads\/2024\/08\/rosa-gres-industrial-bactericida-zocalo-300x86.jpg 300w\" sizes=\"(max-width: 400px) 100vw, 400px\" \/><\/p>\n<p>To see the colors available for each format, go to collections<\/p>\n<p>&nbsp;<\/p>\n[gem_button text=\"Go to Collections\" position=\"left\" corner=\"3\" size=\"small\" icon_pack=\"elegant\" link=\"url:https%3A%2F%2Frosagres.com%2Fen%2Fcollections%2F\" background_color=\"#ffffff\" text_color=\"#000000\" extra_class=\"btn-white\"]\n","protected":false},"featured_media":26473,"template":"","meta":[],"product_brand":[],"product_cat":[89],"product_tag":[],"class_list":{"0":"post-33612","1":"product","2":"type-product","3":"status-publish","4":"has-post-thumbnail","6":"product_cat-finishing-pieces-industrial-flooring","8":"first","9":"instock","10":"shipping-taxable","11":"product-type-simple"},"_links":{"self":[{"href":"https:\/\/rosagres.com\/en\/wp-json\/wp\/v2\/product\/33612","targetHints":{"allow":["GET"]}}],"collection":[{"href":"https:\/\/rosagres.com\/en\/wp-json\/wp\/v2\/product"}],"about":[{"href":"https:\/\/rosagres.com\/en\/wp-json\/wp\/v2\/types\/product"}],"wp:featuredmedia":[{"embeddable":true,"href":"https:\/\/rosagres.com\/en\/wp-json\/wp\/v2\/media\/26473"}],"wp:attachment":[{"href":"https:\/\/rosagres.com\/en\/wp-json\/wp\/v2\/media?parent=33612"}],"wp:term":[{"taxonomy":"product_brand","embeddable":true,"href":"https:\/\/rosagres.com\/en\/wp-json\/wp\/v2\/product_brand?post=33612"},{"taxonomy":"product_cat","embeddable":true,"href":"https:\/\/rosagres.com\/en\/wp-json\/wp\/v2\/product_cat?post=33612"},{"taxonomy":"product_tag","embeddable":true,"href":"https:\/\/rosagres.com\/en\/wp-json\/wp\/v2\/product_tag?post=33612"}],"curies":[{"name":"wp","href":"https:\/\/api.w.org\/{rel}","templated":true}]}}