{"id":33633,"date":"2024-09-12T17:22:38","date_gmt":"2024-09-12T15:22:38","guid":{"rendered":"https:\/\/rosagres.com\/trouvez-votre-pool-partner\/"},"modified":"2024-11-25T19:07:26","modified_gmt":"2024-11-25T18:07:26","slug":"trouvez-votre-pool-partner","status":"publish","type":"page","link":"https:\/\/rosagres.com\/fr\/contact\/trouvez-votre-pool-partner\/","title":{"rendered":"Trouvez votre Pool Partner"},"content":{"rendered":"<div class=\"wpb-content-wrapper\"><p>[vc_row][vc_column]<style>.thegem-te-post-breadcrumbs.thegem-custom-69d53f7e06b8a2921 .post-breadcrumbs {justify-content: left; text-align: left;}.thegem-te-post-breadcrumbs.thegem-custom-69d53f7e06b8a2921 .post-breadcrumbs ul {justify-content: left; text-align: left;}<\/style><div class=\"thegem-te-post-breadcrumbs thegem-custom-69d53f7e06b8a2921\"> <div class=\"post-breadcrumbs\"><ul><li><a href=\"https:\/\/rosagres.com\/fr\/\">Accueil<\/a><\/li><\/ul><!-- .breadcrumbs --><\/div> <\/div>[vc_empty_space][\/vc_column][\/vc_row][vc_row][vc_column][vc_column_text css=\u00a0\u00bb\u00a0\u00bb]<\/p>\n<h2 style=\"font-weight: 400;\">Trouvez votre Pool Partner<\/h2>\n<p>[\/vc_column_text][vc_empty_space height=\u00a0\u00bb12px\u00a0\u00bb][vc_separator align=\u00a0\u00bbalign_left\u00a0\u00bb css=\u00a0\u00bb\u00a0\u00bb][vc_empty_space][vc_column_text css=\u00a0\u00bb\u00a0\u00bb]Notre \u00e9quipe Pool Partners se compose d\u2019une s\u00e9lection d\u2019entreprises de construction de piscines agr\u00e9\u00e9es par Rosa Gres. Pour en savoir plus, veuillez remplir et envoyer le formulaire ci-dessous. Nous vous communiquerons les coordonn\u00e9es de notre Pool Partner le plus proche de chez vous, sous r\u00e9serve de disponibilit\u00e9. Nous vous remercions de l\u2019int\u00e9r\u00eat que vous portez \u00e0 notre compagnie et \u00e0 nos produits.[\/vc_column_text][\/vc_column][\/vc_row][vc_row][vc_column]\n<div class=\"wpcf7 no-js\" id=\"wpcf7-f33632-o1\" lang=\"fr-FR\" dir=\"ltr\" data-wpcf7-id=\"33632\">\n<div class=\"screen-reader-response\"><p role=\"status\" aria-live=\"polite\" aria-atomic=\"true\"><\/p> <ul><\/ul><\/div>\n<form action=\"\/fr\/wp-json\/wp\/v2\/pages\/33633#wpcf7-f33632-o1\" method=\"post\" class=\"wpcf7-form init\" aria-label=\"Formulaire de contact\" novalidate=\"novalidate\" data-status=\"init\">\n<fieldset class=\"hidden-fields-container\"><legend class=\"screen-reader-text\">Hidden fields<\/legend><input type=\"hidden\" name=\"_wpcf7\" value=\"33632\" \/><input type=\"hidden\" name=\"_wpcf7_version\" value=\"6.1.5\" \/><input type=\"hidden\" name=\"_wpcf7_locale\" value=\"fr_FR\" \/><input type=\"hidden\" name=\"_wpcf7_unit_tag\" value=\"wpcf7-f33632-o1\" \/><input type=\"hidden\" name=\"_wpcf7_container_post\" value=\"0\" \/><input type=\"hidden\" name=\"_wpcf7_posted_data_hash\" value=\"\" \/><input type=\"hidden\" name=\"_wpcf7_recaptcha_response\" value=\"\" \/>\n<\/fieldset>\n<div><div class=\"form_campo_group group_2\">\r\n<div class=\"form_campo name \"><label>Choisissez le type de projet<\/label><span class=\"wpcf7-form-control-wrap\" data-name=\"tipoproyecto\"><select class=\"wpcf7-form-control wpcf7-select wpcf7-validates-as-required\" aria-required=\"true\" aria-invalid=\"false\" name=\"tipoproyecto\"><option value=\"\">&#8212;Veuillez choisir une option&#8212;<\/option><option value=\"Nouvelle piscine\">Nouvelle piscine<\/option><option value=\"R\u00e9novation\">R\u00e9novation<\/option><\/select><\/span><\/div>\r\n<div class=\"form_campo pr-40\" style=\"width:2%;\"><\/div>\r\n<div class=\"form_campo name \"><label>Je sollicite un devis pour: <\/label><span class=\"wpcf7-form-control-wrap\" data-name=\"presupuestopara\"><select class=\"wpcf7-form-control wpcf7-select wpcf7-validates-as-required\" aria-required=\"true\" aria-invalid=\"false\" name=\"presupuestopara\"><option value=\"\">&#8212;Veuillez choisir une option&#8212;<\/option><option value=\"Mat\u00e9riaux Rosa Gres et construction ou r\u00e9novation\">Mat\u00e9riaux Rosa Gres et construction ou r\u00e9novation<\/option><option value=\"Mat\u00e9riaux Rosa Gres uniquement\">Mat\u00e9riaux Rosa Gres uniquement<\/option><\/select><\/span><\/div>\r\n<\/div>\r\n\r\n\r\n<div class=\"form_campo_group group_2\">\r\n<div class=\"form_campo name \"><label>Type de piscine<\/label><span class=\"wpcf7-form-control-wrap\" data-name=\"tipopiscina\"><select class=\"wpcf7-form-control wpcf7-select wpcf7-validates-as-required\" aria-required=\"true\" aria-invalid=\"false\" name=\"tipopiscina\"><option value=\"\">&#8212;Veuillez choisir une option&#8212;<\/option><option value=\"piscine b\u00e9ton avec rev\u00eatement gr\u00e8s c\u00e9rame\">piscine b\u00e9ton avec rev\u00eatement gr\u00e8s c\u00e9rame<\/option><option value=\"piscine liner, PVC, coques polyester... ( margelles + plages ROSA GRES)\">piscine liner, PVC, coques polyester... ( margelles + plages ROSA GRES)<\/option><option value=\"Autre\">Autre<\/option><\/select><\/span><\/div>\r\n<div class=\"form_campo pr-40\" style=\"width:2%;\"><\/div>\r\n<div class=\"form_campo name \"><label>Plus des informations sur le projet <\/label><span class=\"wpcf7-form-control-wrap\" data-name=\"observacion\"><textarea cols=\"40\" rows=\"1\" maxlength=\"2000\" class=\"wpcf7-form-control wpcf7-textarea\" aria-invalid=\"false\" name=\"observacion\"><\/textarea><\/span><\/div>\r\n<\/div>\r\n<\/div>\r\n\r\n<h2 style=\"padding-top:30px\">Coordonn\u00e9es de contact<\/h2>\r\n<p style=\"padding-bottom:20px\">Veuillez nous communiquer vos coordonn\u00e9es et l'adresse du projet.<\/p>\r\n<br>\r\n\r\n<div>\r\n<div class=\"form_campo_group group_2\">\r\n<div class=\"form_campo name \"><label>Pr\u00e9nom<\/label><span class=\"wpcf7-form-control-wrap\" data-name=\"nombre\"><input size=\"40\" maxlength=\"400\" class=\"wpcf7-form-control wpcf7-text wpcf7-validates-as-required\" autocomplete=\"name\" aria-required=\"true\" aria-invalid=\"false\" value=\"\" type=\"text\" name=\"nombre\" \/><\/span><\/div>\r\n<div class=\"form_campo pr-40\" style=\"width:2%;\"><\/div>\r\n<div class=\"form_campo name \"><label>Nom <\/label> <span class=\"wpcf7-form-control-wrap\" data-name=\"apellidos\"><input size=\"40\" maxlength=\"400\" class=\"wpcf7-form-control wpcf7-text wpcf7-validates-as-required\" aria-required=\"true\" aria-invalid=\"false\" value=\"\" type=\"text\" name=\"apellidos\" \/><\/span><\/div>\r\n<\/div>\r\n\r\n<div class=\"form_campo_group group_2\">\r\n<div class=\"form_campo name \"><label>Adresse e-mail<\/label><span class=\"wpcf7-form-control-wrap\" data-name=\"telefono\"><input size=\"40\" maxlength=\"400\" class=\"wpcf7-form-control wpcf7-email wpcf7-validates-as-required wpcf7-text wpcf7-validates-as-email\" aria-required=\"true\" aria-invalid=\"false\" value=\"\" type=\"email\" name=\"telefono\" \/><\/span><\/div>\r\n<div class=\"form_campo pr-40\" style=\"width:2%;\"><\/div>\r\n<div class=\"form_campo name \"><label>Num\u00e9ro de t\u00e9l\u00e9phone<\/label><span class=\"wpcf7-form-control-wrap\" data-name=\"telefono\"><input size=\"40\" maxlength=\"400\" class=\"wpcf7-form-control wpcf7-tel wpcf7-validates-as-required wpcf7-text wpcf7-validates-as-tel\" aria-required=\"true\" aria-invalid=\"false\" value=\"\" type=\"tel\" name=\"telefono\" \/><\/span><\/div>\r\n<\/div>\r\n\r\n<div class=\"form_campo_group group_2\">\r\n<div class=\"form_campo name \"><label>Code postal <\/label> <span class=\"wpcf7-form-control-wrap\" data-name=\"codigopostal\"><input size=\"40\" maxlength=\"400\" class=\"wpcf7-form-control wpcf7-text wpcf7-validates-as-required\" aria-required=\"true\" aria-invalid=\"false\" value=\"\" type=\"text\" name=\"codigopostal\" \/><\/span><\/div>\r\n<div class=\"form_campo pr-40\" style=\"width:2%;\"><\/div>\r\n<div class=\"form_campo name \"><label>Ville<\/label><span class=\"wpcf7-form-control-wrap\" data-name=\"ciudad\"><input size=\"40\" maxlength=\"400\" class=\"wpcf7-form-control wpcf7-text wpcf7-validates-as-required\" aria-required=\"true\" aria-invalid=\"false\" value=\"\" type=\"text\" name=\"ciudad\" \/><\/span><\/div>\r\n<\/div>\r\n\r\n<div class=\"form_campo_group group_2\">\r\n<div class=\"form_campo name \"><label>D\u00e9partement <\/label> <span class=\"wpcf7-form-control-wrap\" data-name=\"provincia\"><input size=\"40\" maxlength=\"400\" class=\"wpcf7-form-control wpcf7-text wpcf7-validates-as-required\" aria-required=\"true\" aria-invalid=\"false\" value=\"\" type=\"text\" name=\"provincia\" \/><\/span><\/div>\r\n<div class=\"form_campo pr-40\" style=\"width:2%;\"><\/div>\r\n<div class=\"form_campo name \"><label>Pays<\/label><span class=\"wpcf7-form-control-wrap\" data-name=\"pais\"><input size=\"40\" maxlength=\"400\" class=\"wpcf7-form-control wpcf7-text wpcf7-validates-as-required\" aria-required=\"true\" aria-invalid=\"false\" value=\"\" type=\"text\" name=\"pais\" \/><\/span><\/div>\r\n<\/div>\r\n\r\n<p><\/p> <br>\r\n<span class=\"wpcf7-form-control-wrap\" data-name=\"gdpr\"><span class=\"wpcf7-form-control wpcf7-acceptance\"><span class=\"wpcf7-list-item\"><label><input type=\"checkbox\" name=\"gdpr\" value=\"1\" aria-invalid=\"false\" \/><span class=\"wpcf7-list-item-label\">J'ai lu et j'accepte les\u00a0<a href=\"https:\/\/rosagres.com\/fr\/politique-confidentialite\/\" target=_blank>Charte de confidentialit\u00e9<\/a> de ROSA GRES<\/span><\/label><\/span><\/span><\/span>\r\n<span class=\"wpcf7-form-control-wrap\" data-name=\"comunicacioncomercial\"><span class=\"wpcf7-form-control wpcf7-acceptance optional\"><span class=\"wpcf7-list-item\"><label><input type=\"checkbox\" name=\"comunicacioncomercial\" value=\"1\" aria-invalid=\"false\" \/><span class=\"wpcf7-list-item-label\">Je souhaite recevoir des informations commerciales de la part de ROSA GRES<\/span><\/label><\/span><\/span><\/span>\r\n<input class=\"wpcf7-form-control wpcf7-submit has-spinner boton-enviar\" type=\"submit\" value=\"ENVOYER\" \/><p style=\"display: none !important;\" class=\"akismet-fields-container\" data-prefix=\"_wpcf7_ak_\"><label>&#916;<textarea name=\"_wpcf7_ak_hp_textarea\" cols=\"45\" rows=\"8\" maxlength=\"100\"><\/textarea><\/label><input type=\"hidden\" id=\"ak_js_1\" name=\"_wpcf7_ak_js\" value=\"217\"\/><script>document.getElementById( \"ak_js_1\" ).setAttribute( \"value\", ( new Date() ).getTime() );<\/script><\/p><div class=\"wpcf7-response-output\" aria-hidden=\"true\"><\/div>\n<\/form>\n<\/div>\n[vc_column_text css=\u00a0\u00bb\u00a0\u00bb]<br \/>\nROSA GRES, S.L. est responsable du fichier et du traitement des donn\u00e9es personnelles aux fins de gestion de votre demande d&rsquo;information, d&rsquo;envoi de communications commerciales pour l&rsquo;envoi desdites communications, le(s) traitement(s) sont l\u00e9gitim\u00e9s par votre consentement implicite et votre consentement explicite. Vous pouvez acc\u00e9der, rectifier et supprimer les donn\u00e9es, ainsi que d&rsquo;autres droits. Vous pouvez d\u00e9velopper les informations dans la politique de confidentialit\u00e9.<br \/>\n[\/vc_column_text][vc_empty_space][\/vc_column][\/vc_row]<\/p>\n<\/div>","protected":false},"excerpt":{"rendered":"<p>[vc_row][vc_column][vc_empty_space][\/vc_column][\/vc_row][vc_row][vc_column][vc_column_text css=\u00a0\u00bb\u00a0\u00bb] Trouvez votre Pool Partner [\/vc_column_text][vc_empty_space height=\u00a0\u00bb12px\u00a0\u00bb][vc_separator align=\u00a0\u00bbalign_left\u00a0\u00bb css=\u00a0\u00bb\u00a0\u00bb][vc_empty_space][vc_column_text css=\u00a0\u00bb\u00a0\u00bb]Notre \u00e9quipe Pool Partners se compose d\u2019une s\u00e9lection d\u2019entreprises de&#8230;<\/p>\n","protected":false},"author":1,"featured_media":0,"parent":33674,"menu_order":0,"comment_status":"closed","ping_status":"closed","template":"","meta":{"footnotes":""},"class_list":["post-33633","page","type-page","status-publish"],"_links":{"self":[{"href":"https:\/\/rosagres.com\/fr\/wp-json\/wp\/v2\/pages\/33633","targetHints":{"allow":["GET"]}}],"collection":[{"href":"https:\/\/rosagres.com\/fr\/wp-json\/wp\/v2\/pages"}],"about":[{"href":"https:\/\/rosagres.com\/fr\/wp-json\/wp\/v2\/types\/page"}],"author":[{"embeddable":true,"href":"https:\/\/rosagres.com\/fr\/wp-json\/wp\/v2\/users\/1"}],"replies":[{"embeddable":true,"href":"https:\/\/rosagres.com\/fr\/wp-json\/wp\/v2\/comments?post=33633"}],"version-history":[{"count":0,"href":"https:\/\/rosagres.com\/fr\/wp-json\/wp\/v2\/pages\/33633\/revisions"}],"up":[{"embeddable":true,"href":"https:\/\/rosagres.com\/fr\/wp-json\/wp\/v2\/pages\/33674"}],"wp:attachment":[{"href":"https:\/\/rosagres.com\/fr\/wp-json\/wp\/v2\/media?parent=33633"}],"curies":[{"name":"wp","href":"https:\/\/api.w.org\/{rel}","templated":true}]}}