{"id":33657,"date":"2024-09-10T19:10:50","date_gmt":"2024-09-10T17:10:50","guid":{"rendered":"https:\/\/rosagres.com\/trouvez-votre-revendeur\/"},"modified":"2024-11-25T19:07:26","modified_gmt":"2024-11-25T18:07:26","slug":"trouvez-votre-revendeur","status":"publish","type":"page","link":"https:\/\/rosagres.com\/fr\/contact\/trouvez-votre-revendeur\/","title":{"rendered":"Trouvez votre revendeur"},"content":{"rendered":"<div class=\"wpb-content-wrapper\"><p>[vc_row][vc_column]<style>.thegem-te-post-breadcrumbs.thegem-custom-69e179b699f3e1769 .post-breadcrumbs {justify-content: left; text-align: left;}.thegem-te-post-breadcrumbs.thegem-custom-69e179b699f3e1769 .post-breadcrumbs ul {justify-content: left; text-align: left;}<\/style><div class=\"thegem-te-post-breadcrumbs thegem-custom-69e179b699f3e1769\"> <div class=\"post-breadcrumbs\"><ul><li><a href=\"https:\/\/rosagres.com\/fr\/\">Accueil<\/a><\/li><\/ul><!-- .breadcrumbs --><\/div> <\/div>[vc_empty_space][\/vc_column][\/vc_row][vc_row][vc_column][vc_column_text css=\u00a0\u00bb\u00a0\u00bb]<\/p>\n<h2 style=\"font-weight: 400;\">Trouvez votre revendeur<\/h2>\n<p>[\/vc_column_text][vc_empty_space height=\u00a0\u00bb12px\u00a0\u00bb][vc_separator align=\u00a0\u00bbalign_left\u00a0\u00bb css=\u00a0\u00bb.vc_custom_1726141506637{padding-left: 0px !important;}\u00a0\u00bb][vc_empty_space height=\u00a0\u00bb22px\u00a0\u00bb][vc_column_text css=\u00a0\u00bb\u00a0\u00bb]Si vous voulez savoir o\u00f9 trouver nos produits, s\u2019il vous pla\u00eet nous fournir vos coordonn\u00e9es et nous vous indiquerons le revendeur le plus proche.[\/vc_column_text][\/vc_column][\/vc_row][vc_row][vc_column width=\u00a0\u00bb1\/4&Prime;][\/vc_column][vc_column width=\u00a0\u00bb1\/2&Prime;]\n<div class=\"wpcf7 no-js\" id=\"wpcf7-f33640-o1\" lang=\"fr-FR\" dir=\"ltr\" data-wpcf7-id=\"33640\">\n<div class=\"screen-reader-response\"><p role=\"status\" aria-live=\"polite\" aria-atomic=\"true\"><\/p> <ul><\/ul><\/div>\n<form action=\"\/fr\/wp-json\/wp\/v2\/pages\/33657#wpcf7-f33640-o1\" method=\"post\" class=\"wpcf7-form init\" aria-label=\"Formulaire de contact\" novalidate=\"novalidate\" data-status=\"init\">\n<fieldset class=\"hidden-fields-container\"><legend class=\"screen-reader-text\">Hidden fields<\/legend><input type=\"hidden\" name=\"_wpcf7\" value=\"33640\" \/><input type=\"hidden\" name=\"_wpcf7_version\" value=\"6.1.5\" \/><input type=\"hidden\" name=\"_wpcf7_locale\" value=\"fr_FR\" \/><input type=\"hidden\" name=\"_wpcf7_unit_tag\" value=\"wpcf7-f33640-o1\" \/><input type=\"hidden\" name=\"_wpcf7_container_post\" value=\"0\" \/><input type=\"hidden\" name=\"_wpcf7_posted_data_hash\" value=\"\" \/><input type=\"hidden\" name=\"_wpcf7_recaptcha_response\" value=\"\" \/>\n<\/fieldset>\n<label> Nom*\r\n    <span class=\"wpcf7-form-control-wrap\" data-name=\"your-name\"><input size=\"40\" maxlength=\"400\" class=\"wpcf7-form-control wpcf7-text wpcf7-validates-as-required\" aria-required=\"true\" aria-invalid=\"false\" value=\"\" type=\"text\" name=\"your-name\" \/><\/span> <\/label>\r\n\r\n<label> Pr\u00e9nom*\r\n    <span class=\"wpcf7-form-control-wrap\" data-name=\"your-lname\"><input size=\"40\" maxlength=\"400\" class=\"wpcf7-form-control wpcf7-text wpcf7-validates-as-required\" aria-required=\"true\" aria-invalid=\"false\" value=\"\" type=\"text\" name=\"your-lname\" \/><\/span> <\/label>\r\n\r\n<label> T\u00e9l\u00e9phone\r\n    <span class=\"wpcf7-form-control-wrap\" data-name=\"your-phone\"><input class=\"wpcf7-form-control wpcf7-number wpcf7-validates-as-number\" aria-invalid=\"false\" value=\"\" type=\"number\" name=\"your-phone\" \/><\/span> <\/label>\r\n\r\n<label> Email*\r\n    <span class=\"wpcf7-form-control-wrap\" data-name=\"your-email\"><input size=\"40\" maxlength=\"400\" class=\"wpcf7-form-control wpcf7-email wpcf7-validates-as-required wpcf7-text wpcf7-validates-as-email\" aria-required=\"true\" aria-invalid=\"false\" value=\"\" type=\"email\" name=\"your-email\" \/><\/span> <\/label>\r\n\r\n<label> CP*\r\n    <span class=\"wpcf7-form-control-wrap\" data-name=\"your-cp\"><input size=\"40\" maxlength=\"400\" class=\"wpcf7-form-control wpcf7-text wpcf7-validates-as-required\" aria-required=\"true\" aria-invalid=\"false\" value=\"\" type=\"text\" name=\"your-cp\" \/><\/span> <\/label>\r\n\r\n<label> Population*\r\n    <span class=\"wpcf7-form-control-wrap\" data-name=\"your-pob\"><input size=\"40\" maxlength=\"400\" class=\"wpcf7-form-control wpcf7-text wpcf7-validates-as-required\" aria-required=\"true\" aria-invalid=\"false\" value=\"\" type=\"text\" name=\"your-pob\" \/><\/span> <\/label>\r\n\r\n<label> Province\r\n    <span class=\"wpcf7-form-control-wrap\" data-name=\"your-prov\"><input size=\"40\" maxlength=\"400\" class=\"wpcf7-form-control wpcf7-text\" aria-invalid=\"false\" value=\"\" type=\"text\" name=\"your-prov\" \/><\/span> <\/label>\r\n\r\n<label> Pays*\r\n    <span class=\"wpcf7-form-control-wrap\" data-name=\"your-pais\"><input size=\"40\" maxlength=\"400\" class=\"wpcf7-form-control wpcf7-text wpcf7-validates-as-required\" aria-required=\"true\" aria-invalid=\"false\" value=\"\" type=\"text\" name=\"your-pais\" \/><\/span> <\/label>\r\n\r\n<label> Entreprise\r\n   <span class=\"wpcf7-form-control-wrap\" data-name=\"your-empresa\"><input size=\"40\" maxlength=\"400\" class=\"wpcf7-form-control wpcf7-text\" aria-invalid=\"false\" value=\"\" type=\"text\" name=\"your-empresa\" \/><\/span> <\/label>\r\n\r\n\r\n\r\n<br><label> <span class=\"wpcf7-form-control-wrap\" data-name=\"acepta-rgpd\"><span class=\"wpcf7-form-control wpcf7-acceptance\"><span class=\"wpcf7-list-item\"><label><input type=\"checkbox\" name=\"acepta-rgpd\" value=\"1\" aria-invalid=\"false\" \/><span class=\"wpcf7-list-item-label\">J'ai lu et j'accepte les <a href=\"https:\/\/rosagres.com\/webrg\/fr\/politique-confidentialite\/\"> Politique de Confidentialit\u00e9<\/a>de ROSA GRES<\/span><\/label><\/span><\/span><\/span>  <\/label> \r\n<span class=\"wpcf7-form-control-wrap\" data-name=\"checkbox-159\"><span class=\"wpcf7-form-control wpcf7-checkbox\"><span class=\"wpcf7-list-item first last\"><label><input type=\"checkbox\" name=\"checkbox-159[]\" value=\"Je souhaite recevoir des informations commerciales de la part de ROSA GRES.\" \/><span class=\"wpcf7-list-item-label\">Je souhaite recevoir des informations commerciales de la part de ROSA GRES.<\/span><\/label><\/span><\/span><\/span>\r\n\r\n<br><input class=\"wpcf7-form-control wpcf7-submit has-spinner\" id=\"revendeur\" type=\"submit\" value=\"Envoyer\" \/><p style=\"display: none !important;\" class=\"akismet-fields-container\" data-prefix=\"_wpcf7_ak_\"><label>&#916;<textarea name=\"_wpcf7_ak_hp_textarea\" cols=\"45\" rows=\"8\" maxlength=\"100\"><\/textarea><\/label><input type=\"hidden\" id=\"ak_js_1\" name=\"_wpcf7_ak_js\" value=\"97\"\/><script>document.getElementById( \"ak_js_1\" ).setAttribute( \"value\", ( new Date() ).getTime() );<\/script><\/p><div class=\"wpcf7-response-output\" aria-hidden=\"true\"><\/div>\n<\/form>\n<\/div>\n[vc_column_text css=\u00a0\u00bb\u00a0\u00bb]<\/p>\n<p style=\"text-align: left; font-size: 14px;\">ROSA GRES, S.L. est responsable du stockage et du traitement des donn\u00e9es personnelles afin de g\u00e9rer vos demandes d\u2019information et vous envoyer des informations commerciales. Pour vous envoyer ces communications, la gestion des donn\u00e9es est l\u00e9gitim\u00e9e par votre consentement implicite et explicite. Vous avez le droit avant tout d\u2019acc\u00e9der, modifier et supprimer ces informations. Vous pouvez acc\u00e9der \u00e0 plus d\u2019information concernant la Politique de Confidentialit\u00e9.<\/p>\n<p>[\/vc_column_text][vc_empty_space][\/vc_column][vc_column width=\u00a0\u00bb1\/4&Prime;][\/vc_column][\/vc_row]<\/p>\n<\/div>","protected":false},"excerpt":{"rendered":"<p>[vc_row][vc_column][vc_empty_space][\/vc_column][\/vc_row][vc_row][vc_column][vc_column_text css=\u00a0\u00bb\u00a0\u00bb] Trouvez votre revendeur [\/vc_column_text][vc_empty_space height=\u00a0\u00bb12px\u00a0\u00bb][vc_separator align=\u00a0\u00bbalign_left\u00a0\u00bb css=\u00a0\u00bb.vc_custom_1726141506637{padding-left: 0px !important;}\u00a0\u00bb][vc_empty_space height=\u00a0\u00bb22px\u00a0\u00bb][vc_column_text css=\u00a0\u00bb\u00a0\u00bb]Si vous voulez savoir o\u00f9 trouver nos produits,&#8230;<\/p>\n","protected":false},"author":1,"featured_media":0,"parent":33674,"menu_order":0,"comment_status":"closed","ping_status":"closed","template":"","meta":{"footnotes":""},"class_list":["post-33657","page","type-page","status-publish"],"_links":{"self":[{"href":"https:\/\/rosagres.com\/fr\/wp-json\/wp\/v2\/pages\/33657","targetHints":{"allow":["GET"]}}],"collection":[{"href":"https:\/\/rosagres.com\/fr\/wp-json\/wp\/v2\/pages"}],"about":[{"href":"https:\/\/rosagres.com\/fr\/wp-json\/wp\/v2\/types\/page"}],"author":[{"embeddable":true,"href":"https:\/\/rosagres.com\/fr\/wp-json\/wp\/v2\/users\/1"}],"replies":[{"embeddable":true,"href":"https:\/\/rosagres.com\/fr\/wp-json\/wp\/v2\/comments?post=33657"}],"version-history":[{"count":0,"href":"https:\/\/rosagres.com\/fr\/wp-json\/wp\/v2\/pages\/33657\/revisions"}],"up":[{"embeddable":true,"href":"https:\/\/rosagres.com\/fr\/wp-json\/wp\/v2\/pages\/33674"}],"wp:attachment":[{"href":"https:\/\/rosagres.com\/fr\/wp-json\/wp\/v2\/media?parent=33657"}],"curies":[{"name":"wp","href":"https:\/\/api.w.org\/{rel}","templated":true}]}}