{"id":33789,"date":"2024-08-16T15:08:43","date_gmt":"2024-08-16T13:08:43","guid":{"rendered":"https:\/\/rosagres.com\/escaliers-pour-piscines-et-autres-solutions-en-gres-cerame\/"},"modified":"2024-12-03T19:24:40","modified_gmt":"2024-12-03T18:24:40","slug":"escaliers-pour-piscines-et-autres-solutions-en-gres-cerame","status":"publish","type":"page","link":"https:\/\/rosagres.com\/fr\/escaliers-pour-piscines-et-autres-solutions-en-gres-cerame\/","title":{"rendered":"Escaliers pour piscines et autres solutions en gr\u00e8s c\u00e9rame"},"content":{"rendered":"<div class=\"wpb-content-wrapper\"><p>[vc_row][vc_column]<style>.thegem-te-post-breadcrumbs.thegem-custom-69e483b53a5ad4154 .post-breadcrumbs {justify-content: left; text-align: left;}.thegem-te-post-breadcrumbs.thegem-custom-69e483b53a5ad4154 .post-breadcrumbs ul {justify-content: left; text-align: left;}<\/style><div class=\"thegem-te-post-breadcrumbs thegem-custom-69e483b53a5ad4154\"> <div class=\"post-breadcrumbs\"><ul><li><a href=\"https:\/\/rosagres.com\/fr\/\">Accueil<\/a><\/li><\/ul><!-- .breadcrumbs --><\/div> <\/div>[\/vc_column][\/vc_row][vc_row][vc_column][vc_empty_space el_class=\u00a0\u00bbno-mobile\u00a0\u00bb][vc_column_text css=\u00a0\u00bb\u00a0\u00bb el_class=\u00a0\u00bbh2-destacado\u00a0\u00bb]<\/p>\n<h2 style=\"text-align: center; color: #00bfab;\">Escaliers pour Piscines et autres Solutions en Gr\u00e8s C\u00e9rame<\/h2>\n<p>[\/vc_column_text][vc_empty_space el_class=\u00a0\u00bbno-mobile\u00a0\u00bb][\/vc_column][\/vc_row][vc_row full_width=\u00a0\u00bbstretch_row_content_no_spaces\u00a0\u00bb el_disable_desktop=\u00a0\u00bb1&Prime; el_disable_tablet=\u00a0\u00bb1&Prime;][vc_column][vc_single_image image=\u00a0\u00bb25762&Prime; img_size=\u00a0\u00bbfull\u00a0\u00bb css=\u00a0\u00bb\u00a0\u00bb][\/vc_column][\/vc_row][vc_row full_width=\u00a0\u00bbstretch_row\u00a0\u00bb css=\u00a0\u00bb.vc_custom_1723742046349{margin-top: -20px !important;padding-top: 20px !important;padding-bottom: 20px !important;background-color: #00bfab !important;}\u00a0\u00bb][vc_column][vc_column_text css=\u00a0\u00bb\u00a0\u00bb el_class=\u00a0\u00bbh2-destacado\u00a0\u00bb]<\/p>\n<h2 class=\"p1\" style=\"text-align: center;\"><span style=\"color: #ffffff;\">Gr\u00e2ce \u00e0 nos marches et nos pi\u00e8ces \u00e0 finition en demi-canne, nous pouvons cr\u00e9er un nombre illimit\u00e9 de compl\u00e9ments pour votre piscine.<\/span><\/h2>\n<p>[\/vc_column_text][vc_empty_space][vc_btn title=\u00a0\u00bbTrouvez votre Pool Partner\u00a0\u00bb style=\u00a0\u00bbflat\u00a0\u00bb color=\u00a0\u00bbwhite\u00a0\u00bb size=\u00a0\u00bblg\u00a0\u00bb align=\u00a0\u00bbcenter\u00a0\u00bb css=\u00a0\u00bb\u00a0\u00bb link=\u00a0\u00bburl:https%3A%2F%2Frosagres.com%2Ffr%2Fcontact%2Ftrouvez-votre-pool-partner%2F|\u00a0\u00bb el_class=\u00a0\u00bbboton-negro\u00a0\u00bb][\/vc_column][\/vc_row][vc_row equal_height=\u00a0\u00bbyes\u00a0\u00bb el_disable_mobile=\u00a0\u00bb1&Prime; css=\u00a0\u00bb.vc_custom_1723813921829{padding-right: 40px !important;padding-left: 40px !important;}\u00a0\u00bb][vc_column width=\u00a0\u00bb1\/2&Prime;][vc_column_text css=\u00a0\u00bb\u00a0\u00bb]<\/p>\n<section class=\"row \">\n<div class=\"spb_content_element col-sm-12 spb_text_column\">\n<div class=\"spb-asset-content\">\n<h3 class=\"p1\" style=\"text-align: center;\">Marches<\/h3>\n<\/div>\n<\/div>\n<\/section>\n<section class=\"row \">\n<div class=\"spb_content_element col-sm-12 spb_text_column\">\n<div class=\"spb-asset-content\"><\/div>\n<\/div>\n<\/section>\n<p>[\/vc_column_text][vc_column_text css=\u00a0\u00bb.vc_custom_1733248314773{padding-top: 20px !important;padding-right: 25px !important;padding-bottom: 50px !important;padding-left: 25px !important;background-color: #f9f9fa !important;}\u00a0\u00bb]<\/p>\n<p style=\"text-align: center; padding-bottom: 20px;\"><span class=\"s1\">Compactes, r\u00e9sistantes, antid\u00e9rapantes. Nous disposons de marches de diff\u00e9rentes tailles avec des plinthes et des angles. Elles existent dans tous les coloris de <strong>Rosa Gres<\/strong> et b\u00e9n\u00e9ficient des avantages du <strong>gr\u00e8s c\u00e9rame de haute qualit\u00e9<\/strong>.<\/span><\/p>\n<p>[vc_btn title=\u00a0\u00bbVOIR LES MARCHES ROSA GRES\u00a0\u00bb style=\u00a0\u00bbflat\u00a0\u00bb color=\u00a0\u00bbturquoise\u00a0\u00bb size=\u00a0\u00bblg\u00a0\u00bb align=\u00a0\u00bbcenter\u00a0\u00bb css=\u00a0\u00bb\u00a0\u00bb link=\u00a0\u00bburl:https%3A%2F%2Frosagres.com%2Ffr%2Fsols-gres-cerame%2Fpieces-de-finition%2F|\u00a0\u00bb el_class=\u00a0\u00bbboton-negro\u00a0\u00bb][\/vc_column_text][\/vc_column][vc_column width=\u00a0\u00bb1\/2&Prime;][vc_column_text css=\u00a0\u00bb\u00a0\u00bb]<\/p>\n<section class=\"row \">\n<div class=\"spb_content_element col-sm-12 spb_text_column\">\n<div class=\"spb-asset-content\">\n<h3 class=\"p1\" style=\"text-align: center;\">Demi-marches avec finition incurv\u00e9e<\/h3>\n<\/div>\n<\/div>\n<\/section>\n<section class=\"row \">\n<div class=\"spb_content_element col-sm-12 spb_text_column\">\n<div class=\"spb-asset-content\"><\/div>\n<\/div>\n<\/section>\n<p>[\/vc_column_text][vc_column_text css=\u00a0\u00bb.vc_custom_1733236420719{padding-top: 20px !important;padding-right: 30px !important;padding-bottom: 50px !important;padding-left: 30px !important;background-color: #f9f9fa !important;}\u00a0\u00bb]<\/p>\n<p style=\"text-align: center; padding-bottom: 20px;\">Elles sont id\u00e9ales pour obtenir une finition s\u00e9curis\u00e9e et confortable des angles du bassin, des escaliers et des plates-formes. Consultez nos\u00a0<strong>solutions sp\u00e9ciales<\/strong>\u00a0pour les jonctions entre angles droits et courbes.<\/p>\n<p>[vc_btn title=\u00a0\u00bbVOIR LES DEMI-CANNES ROSA GRES\u00a0\u00bb style=\u00a0\u00bbflat\u00a0\u00bb color=\u00a0\u00bbturquoise\u00a0\u00bb size=\u00a0\u00bblg\u00a0\u00bb align=\u00a0\u00bbcenter\u00a0\u00bb css=\u00a0\u00bb\u00a0\u00bb link=\u00a0\u00bburl:https%3A%2F%2Frosagres.com%2Ffr%2Fsols-gres-cerame%2Fpieces-de-finition%2F|\u00a0\u00bb el_class=\u00a0\u00bbboton-negro\u00a0\u00bb]<\/p>\n<p>[\/vc_column_text][\/vc_column][\/vc_row][vc_row equal_height=\u00a0\u00bbyes\u00a0\u00bb el_disable_desktop=\u00a0\u00bb1&Prime; el_disable_tablet=\u00a0\u00bb1&Prime;][vc_column width=\u00a0\u00bb1\/2&Prime;][vc_column_text css=\u00a0\u00bb\u00a0\u00bb]<\/p>\n<section class=\"row \">\n<div class=\"spb_content_element col-sm-12 spb_text_column\">\n<div class=\"spb-asset-content\">\n<h3 class=\"p1\" style=\"text-align: center;\">Marches<\/h3>\n<\/div>\n<\/div>\n<\/section>\n<section class=\"row \">\n<div class=\"spb_content_element col-sm-12 spb_text_column\">\n<div class=\"spb-asset-content\"><\/div>\n<\/div>\n<\/section>\n<p>[\/vc_column_text][vc_column_text css=\u00a0\u00bb.vc_custom_1733236414580{padding-top: 20px !important;padding-right: 15px !important;padding-bottom: 50px !important;padding-left: 15px !important;background-color: #f9f9fa !important;}\u00a0\u00bb]<\/p>\n<p style=\"text-align: center; padding-bottom: 20px;\"><span class=\"s1\">Compactes, r\u00e9sistantes, antid\u00e9rapantes. Nous disposons de marches de diff\u00e9rentes tailles avec des plinthes et des angles. Elles existent dans tous les coloris de <strong>Rosa Gres<\/strong> et b\u00e9n\u00e9ficient des avantages du <strong>gr\u00e8s c\u00e9rame de haute qualit\u00e9<\/strong>.<\/span><\/p>\n<p>[vc_btn title=\u00a0\u00bbVOIR LES MARCHES ROSA GRES\u00a0\u00bb style=\u00a0\u00bbflat\u00a0\u00bb color=\u00a0\u00bbturquoise\u00a0\u00bb size=\u00a0\u00bblg\u00a0\u00bb align=\u00a0\u00bbcenter\u00a0\u00bb css=\u00a0\u00bb\u00a0\u00bb link=\u00a0\u00bburl:https%3A%2F%2Frosagres.com%2Ffr%2Fsols-gres-cerame%2Fpieces-de-finition%2F|\u00a0\u00bb el_class=\u00a0\u00bbboton-negro\u00a0\u00bb]<\/p>\n<p>[\/vc_column_text][\/vc_column][vc_column width=\u00a0\u00bb1\/2&Prime;][vc_empty_space][vc_column_text css=\u00a0\u00bb\u00a0\u00bb]<\/p>\n<section class=\"row \">\n<div class=\"spb_content_element col-sm-12 spb_text_column\">\n<div class=\"spb-asset-content\">\n<h3 class=\"p1\" style=\"text-align: center;\">Demi-marches<br \/>\navec finition incurv\u00e9e<\/h3>\n<\/div>\n<\/div>\n<\/section>\n<section class=\"row \">\n<div class=\"spb_content_element col-sm-12 spb_text_column\">\n<div class=\"spb-asset-content\"><\/div>\n<\/div>\n<\/section>\n<p>[\/vc_column_text][vc_column_text css=\u00a0\u00bb.vc_custom_1733236435588{padding-top: 20px !important;padding-right: 15px !important;padding-bottom: 50px !important;padding-left: 15px !important;background-color: #f9f9fa !important;}\u00a0\u00bb]<\/p>\n<p style=\"text-align: center; padding-bottom: 20px;\">Elles sont id\u00e9ales pour obtenir une finition s\u00e9curis\u00e9e et confortable des angles du bassin, des escaliers et des plates-formes. Consultez nos\u00a0<strong>solutions sp\u00e9ciales<\/strong>\u00a0pour les jonctions entre angles droits et courbes.<\/p>\n<p>[vc_btn title=\u00a0\u00bbVOIR LES DEMI-CANNES ROSA GRES\u00a0\u00bb style=\u00a0\u00bbflat\u00a0\u00bb color=\u00a0\u00bbturquoise\u00a0\u00bb size=\u00a0\u00bblg\u00a0\u00bb align=\u00a0\u00bbcenter\u00a0\u00bb css=\u00a0\u00bb\u00a0\u00bb link=\u00a0\u00bburl:https%3A%2F%2Frosagres.com%2Ffr%2Fsols-gres-cerame%2Fpieces-de-finition%2F|\u00a0\u00bb el_class=\u00a0\u00bbboton-negro\u00a0\u00bb]<\/p>\n<p>[\/vc_column_text][\/vc_column][\/vc_row][vc_row gap=\u00a0\u00bb5&Prime;][vc_column][vc_empty_space][vc_column_text css=\u00a0\u00bb\u00a0\u00bb el_class=\u00a0\u00bbh3-destacado-2&Prime;]<\/p>\n<h3 style=\"text-align: center;\"><span style=\"color: #00bfab;\">Escaliers immerg\u00e9s<\/span><\/h3>\n<p>[\/vc_column_text][vc_empty_space height=\u00a0\u00bb12px\u00a0\u00bb][vc_row_inner][vc_column_inner width=\u00a0\u00bb1\/2&Prime; offset=\u00a0\u00bbvc_col-xs-6&Prime;][vc_single_image image=\u00a0\u00bb25752&Prime; img_size=\u00a0\u00bbfull\u00a0\u00bb css=\u00a0\u00bb\u00a0\u00bb][\/vc_column_inner][vc_column_inner width=\u00a0\u00bb1\/2&Prime; offset=\u00a0\u00bbvc_col-xs-6&Prime;][vc_single_image image=\u00a0\u00bb25754&Prime; img_size=\u00a0\u00bbfull\u00a0\u00bb css=\u00a0\u00bb\u00a0\u00bb][\/vc_column_inner][\/vc_row_inner][vc_row_inner][vc_column_inner][vc_empty_space height=\u00a0\u00bb22px\u00a0\u00bb el_class=\u00a0\u00bbno-mobile\u00a0\u00bb][vc_single_image image=\u00a0\u00bb25756&Prime; img_size=\u00a0\u00bbfull\u00a0\u00bb css=\u00a0\u00bb\u00a0\u00bb el_class=\u00a0\u00bbaumenta\u00a0\u00bb][\/vc_column_inner][\/vc_row_inner][vc_empty_space height=\u00a0\u00bb12px\u00a0\u00bb][vc_btn title=\u00a0\u00bbLES AVANTAGES DU GR\u00c8S C\u00c9RAME POUR VOTRE PISCINE\u00a0\u00bb style=\u00a0\u00bbflat\u00a0\u00bb color=\u00a0\u00bbturquoise\u00a0\u00bb size=\u00a0\u00bblg\u00a0\u00bb align=\u00a0\u00bbcenter\u00a0\u00bb css=\u00a0\u00bb\u00a0\u00bb link=\u00a0\u00bburl:https%3A%2F%2Frosagres.com%2Ffr%2Fpiscines-en-gres-cerame%2F|\u00a0\u00bb el_class=\u00a0\u00bbboton-negro\u00a0\u00bb][vc_row_inner][vc_column_inner width=\u00a0\u00bb1\/2&Prime; offset=\u00a0\u00bbvc_col-xs-6&Prime;][vc_single_image image=\u00a0\u00bb25758&Prime; img_size=\u00a0\u00bbfull\u00a0\u00bb css=\u00a0\u00bb\u00a0\u00bb][\/vc_column_inner][vc_column_inner width=\u00a0\u00bb1\/2&Prime; offset=\u00a0\u00bbvc_col-xs-6&Prime;][vc_single_image image=\u00a0\u00bb25760&Prime; img_size=\u00a0\u00bbfull\u00a0\u00bb css=\u00a0\u00bb\u00a0\u00bb][\/vc_column_inner][\/vc_row_inner][\/vc_column][\/vc_row][vc_row gap=\u00a0\u00bb5&Prime;][vc_column][vc_empty_space][vc_column_text css=\u00a0\u00bb\u00a0\u00bb el_class=\u00a0\u00bbh3-destacado-2&Prime;]<\/p>\n<h3 style=\"text-align: center;\"><span style=\"color: #00bfab;\">Plates-formes, bancs et murs<\/span><\/h3>\n<p>[\/vc_column_text][vc_empty_space height=\u00a0\u00bb12px\u00a0\u00bb][vc_row_inner el_class=\u00a0\u00bbaumenta\u00a0\u00bb][vc_column_inner][vc_single_image image=\u00a0\u00bb25762&Prime; img_size=\u00a0\u00bbfull\u00a0\u00bb css=\u00a0\u00bb\u00a0\u00bb el_class=\u00a0\u00bbaumenta\u00a0\u00bb][\/vc_column_inner][\/vc_row_inner][vc_row_inner el_class=\u00a0\u00bbaumenta\u00a0\u00bb][vc_column_inner width=\u00a0\u00bb1\/3&Prime; offset=\u00a0\u00bbvc_col-xs-4&Prime;][vc_single_image image=\u00a0\u00bb25764&Prime; img_size=\u00a0\u00bbfull\u00a0\u00bb css=\u00a0\u00bb\u00a0\u00bb][\/vc_column_inner][vc_column_inner width=\u00a0\u00bb1\/3&Prime; offset=\u00a0\u00bbvc_col-xs-4&Prime;][vc_single_image image=\u00a0\u00bb25766&Prime; img_size=\u00a0\u00bbfull\u00a0\u00bb css=\u00a0\u00bb\u00a0\u00bb][\/vc_column_inner][vc_column_inner width=\u00a0\u00bb1\/3&Prime; offset=\u00a0\u00bbvc_col-xs-4&Prime;][vc_single_image image=\u00a0\u00bb25768&Prime; img_size=\u00a0\u00bbfull\u00a0\u00bb css=\u00a0\u00bb\u00a0\u00bb][\/vc_column_inner][\/vc_row_inner][vc_row_inner el_class=\u00a0\u00bbaumenta\u00a0\u00bb][vc_column_inner][vc_empty_space height=\u00a0\u00bb12px\u00a0\u00bb el_class=\u00a0\u00bbno-mobile\u00a0\u00bb][vc_single_image image=\u00a0\u00bb25770&Prime; img_size=\u00a0\u00bbfull\u00a0\u00bb css=\u00a0\u00bb\u00a0\u00bb el_class=\u00a0\u00bbaumenta\u00a0\u00bb][\/vc_column_inner][\/vc_row_inner][\/vc_column][\/vc_row][vc_row gap=\u00a0\u00bb5&Prime;][vc_column][vc_empty_space][vc_column_text css=\u00a0\u00bb\u00a0\u00bb el_class=\u00a0\u00bbh3-destacado-2&Prime;]<\/p>\n<h3 style=\"text-align: center;\"><span style=\"color: #00bfab;\">Zone spa<\/span><\/h3>\n<p>[\/vc_column_text][vc_empty_space height=\u00a0\u00bb12px\u00a0\u00bb][vc_row_inner el_class=\u00a0\u00bbaumenta\u00a0\u00bb][vc_column_inner][vc_single_image image=\u00a0\u00bb25772&Prime; img_size=\u00a0\u00bbfull\u00a0\u00bb css=\u00a0\u00bb\u00a0\u00bb el_class=\u00a0\u00bbaumenta\u00a0\u00bb][\/vc_column_inner][\/vc_row_inner][vc_row_inner el_class=\u00a0\u00bbaumenta\u00a0\u00bb][vc_column_inner width=\u00a0\u00bb1\/3&Prime; offset=\u00a0\u00bbvc_col-xs-4&Prime;][vc_single_image image=\u00a0\u00bb25774&Prime; img_size=\u00a0\u00bbfull\u00a0\u00bb css=\u00a0\u00bb\u00a0\u00bb][\/vc_column_inner][vc_column_inner width=\u00a0\u00bb1\/3&Prime; offset=\u00a0\u00bbvc_col-xs-4&Prime;][vc_single_image image=\u00a0\u00bb25776&Prime; img_size=\u00a0\u00bbfull\u00a0\u00bb css=\u00a0\u00bb\u00a0\u00bb][\/vc_column_inner][vc_column_inner width=\u00a0\u00bb1\/3&Prime; offset=\u00a0\u00bbvc_col-xs-4&Prime;][vc_single_image image=\u00a0\u00bb25778&Prime; img_size=\u00a0\u00bbfull\u00a0\u00bb css=\u00a0\u00bb\u00a0\u00bb][\/vc_column_inner][\/vc_row_inner][\/vc_column][\/vc_row][vc_row][vc_column][vc_empty_space][vc_column_text css=\u00a0\u00bb\u00a0\u00bb el_class=\u00a0\u00bbh2-destacado\u00a0\u00bb]<\/p>\n<h2 style=\"text-align: center;\"><span style=\"color: #00bfab;\">Comment cr\u00e9er un bel ensemble coordonn\u00e9 piscine + terrasse <br class=\"no-mobile\" \/>avec du gr\u00e8s c\u00e9rame<\/span><\/h2>\n<p>[\/vc_column_text][vc_empty_space height=\u00a0\u00bb12px\u00a0\u00bb][vc_row_inner gap=\u00a0\u00bb5&Prime; el_class=\u00a0\u00bbaumenta\u00a0\u00bb][vc_column_inner][vc_single_image image=\u00a0\u00bb25780&Prime; img_size=\u00a0\u00bbfull\u00a0\u00bb css=\u00a0\u00bb\u00a0\u00bb el_class=\u00a0\u00bbaumenta\u00a0\u00bb][\/vc_column_inner][\/vc_row_inner][vc_empty_space height=\u00a0\u00bb22px\u00a0\u00bb][vc_column_text css=\u00a0\u00bb\u00a0\u00bb]<\/p>\n<p class=\"p1 parrafo-principal\" style=\"text-align: center;\">Cr\u00e9ez un style 100 % personnalis\u00e9 !<br \/>\nChoisissez un seul coloris pour la\u00a0<a href=\"https:\/\/rosagres.com\/fr\/piscines-gres-cerame\/\" target=\"_blank\"><strong>piscine<\/strong><\/a>\u00a0et la\u00a0<strong><a href=\"https:\/\/rosagres.com\/fr\/terrasses-et-revetements-de-sol-exterieurs\/\" target=\"_blank\">terrasse<\/a><\/strong>\u00a0ou osez un m\u00e9lange original de couleurs.<\/p>\n<p>[\/vc_column_text][vc_column_text css=\u00a0\u00bb\u00a0\u00bb]<\/p>\n<p class=\"p1 parrafo-principal\" style=\"text-align: center;\"><strong>D\u00e9couvrez tous nos coloris et nos sols en gr\u00e8s c\u00e9rame pour les terrasses.<\/strong><\/p>\n<p>[\/vc_column_text][vc_empty_space][vc_btn title=\u00a0\u00bbVOIR LES TERRASSES ET LES REV\u00caTEMENTS DE SOL EXT\u00c9RIEURS\u00a0\u00bb style=\u00a0\u00bbflat\u00a0\u00bb color=\u00a0\u00bbblack\u00a0\u00bb size=\u00a0\u00bblg\u00a0\u00bb align=\u00a0\u00bbcenter\u00a0\u00bb css=\u00a0\u00bb\u00a0\u00bb link=\u00a0\u00bburl:https%3A%2F%2Frosagres.com%2Fterrazas-suelos-para-exteriores%2F|\u00a0\u00bb el_class=\u00a0\u00bbboton-negro\u00a0\u00bb][vc_row_inner el_class=\u00a0\u00bbaumenta\u00a0\u00bb][vc_column_inner width=\u00a0\u00bb1\/3&Prime; offset=\u00a0\u00bbvc_col-xs-4&Prime;][vc_single_image image=\u00a0\u00bb25782&Prime; img_size=\u00a0\u00bbfull\u00a0\u00bb css=\u00a0\u00bb\u00a0\u00bb][\/vc_column_inner][vc_column_inner width=\u00a0\u00bb1\/3&Prime; offset=\u00a0\u00bbvc_col-xs-4&Prime;][vc_single_image image=\u00a0\u00bb25784&Prime; img_size=\u00a0\u00bbfull\u00a0\u00bb css=\u00a0\u00bb\u00a0\u00bb][\/vc_column_inner][vc_column_inner width=\u00a0\u00bb1\/3&Prime; offset=\u00a0\u00bbvc_col-xs-4&Prime;][vc_single_image image=\u00a0\u00bb25786&Prime; img_size=\u00a0\u00bbfull\u00a0\u00bb css=\u00a0\u00bb\u00a0\u00bb][\/vc_column_inner][\/vc_row_inner][\/vc_column][\/vc_row][vc_row][vc_column][vc_empty_space][\/vc_column][\/vc_row]<\/p>\n<\/div>","protected":false},"excerpt":{"rendered":"<p>[vc_row][vc_column][\/vc_column][\/vc_row][vc_row][vc_column][vc_empty_space el_class=\u00a0\u00bbno-mobile\u00a0\u00bb][vc_column_text css=\u00a0\u00bb\u00a0\u00bb el_class=\u00a0\u00bbh2-destacado\u00a0\u00bb] Escaliers pour Piscines et autres Solutions en Gr\u00e8s C\u00e9rame [\/vc_column_text][vc_empty_space el_class=\u00a0\u00bbno-mobile\u00a0\u00bb][\/vc_column][\/vc_row][vc_row full_width=\u00a0\u00bbstretch_row_content_no_spaces\u00a0\u00bb el_disable_desktop=\u00a0\u00bb1&Prime; el_disable_tablet=\u00a0\u00bb1&Prime;][vc_column][vc_single_image image=\u00a0\u00bb25762&Prime; img_size=\u00a0\u00bbfull\u00a0\u00bb&#8230;<\/p>\n","protected":false},"author":1,"featured_media":25770,"parent":0,"menu_order":0,"comment_status":"closed","ping_status":"closed","template":"","meta":{"footnotes":""},"class_list":["post-33789","page","type-page","status-publish","has-post-thumbnail"],"_links":{"self":[{"href":"https:\/\/rosagres.com\/fr\/wp-json\/wp\/v2\/pages\/33789","targetHints":{"allow":["GET"]}}],"collection":[{"href":"https:\/\/rosagres.com\/fr\/wp-json\/wp\/v2\/pages"}],"about":[{"href":"https:\/\/rosagres.com\/fr\/wp-json\/wp\/v2\/types\/page"}],"author":[{"embeddable":true,"href":"https:\/\/rosagres.com\/fr\/wp-json\/wp\/v2\/users\/1"}],"replies":[{"embeddable":true,"href":"https:\/\/rosagres.com\/fr\/wp-json\/wp\/v2\/comments?post=33789"}],"version-history":[{"count":0,"href":"https:\/\/rosagres.com\/fr\/wp-json\/wp\/v2\/pages\/33789\/revisions"}],"wp:featuredmedia":[{"embeddable":true,"href":"https:\/\/rosagres.com\/fr\/wp-json\/wp\/v2\/media\/25770"}],"wp:attachment":[{"href":"https:\/\/rosagres.com\/fr\/wp-json\/wp\/v2\/media?parent=33789"}],"curies":[{"name":"wp","href":"https:\/\/api.w.org\/{rel}","templated":true}]}}