{"id":33864,"date":"2024-08-16T17:21:52","date_gmt":"2024-08-16T15:21:52","guid":{"rendered":"https:\/\/rosagres.com\/systemes-de-construction-pour-piscines\/"},"modified":"2025-09-16T14:08:37","modified_gmt":"2025-09-16T12:08:37","slug":"systemes-de-construction-pour-piscines","status":"publish","type":"page","link":"https:\/\/rosagres.com\/fr\/systemes-de-construction-pour-piscines\/","title":{"rendered":"Syst\u00e8mes de construction pour piscines"},"content":{"rendered":"<div class=\"wpb-content-wrapper\"><p>[vc_row][vc_column]<style>.thegem-te-post-breadcrumbs.thegem-custom-69d6ee039110e5689 .post-breadcrumbs {justify-content: left; text-align: left;}.thegem-te-post-breadcrumbs.thegem-custom-69d6ee039110e5689 .post-breadcrumbs ul {justify-content: left; text-align: left;}<\/style><div class=\"thegem-te-post-breadcrumbs thegem-custom-69d6ee039110e5689\"> <div class=\"post-breadcrumbs\"><ul><li><a href=\"https:\/\/rosagres.com\/fr\/\">Accueil<\/a><\/li><\/ul><!-- .breadcrumbs --><\/div> <\/div>[vc_empty_space height=\u00a0\u00bb22px\u00a0\u00bb][\/vc_column][\/vc_row][vc_row full_width=\u00a0\u00bbstretch_row_content_no_spaces\u00a0\u00bb el_disable_desktop=\u00a0\u00bb1&Prime; el_disable_tablet=\u00a0\u00bb1&Prime;][vc_column][vc_single_image image=\u00a0\u00bb25826&Prime; img_size=\u00a0\u00bbfull\u00a0\u00bb css=\u00a0\u00bb\u00a0\u00bb][\/vc_column][\/vc_row][vc_row full_width=\u00a0\u00bbstretch_row\u00a0\u00bb el_disable_desktop=\u00a0\u00bb1&Prime; el_disable_tablet=\u00a0\u00bb1&Prime; el_disable_mobile=\u00a0\u00bb1&Prime; css=\u00a0\u00bb.vc_custom_1758019984370{margin-top: -20px !important;padding-top: 20px !important;padding-bottom: 40px !important;background-color: #00bfab !important;}\u00a0\u00bb][vc_column][vc_column_text css=\u00a0\u00bb\u00a0\u00bb el_class=\u00a0\u00bbh2-destacado\u00a0\u00bb]<\/p>\n<h2 class=\"p1\" style=\"text-align: center;\"><span style=\"color: #ffffff;\">Nos solutions pour les piscines sont compl\u00e8tes, efficaces et durables. C\u2019est pourquoi nous avons brevet\u00e9 2 syst\u00e8mes de construction Rosa Gres pour piscines \u00e0 d\u00e9bordement qui facilitent, am\u00e9liorent et acc\u00e9l\u00e8rent le processus de construction.<\/span><\/h2>\n<p>[\/vc_column_text][\/vc_column][\/vc_row][vc_row el_disable_desktop=\u00a0\u00bb1&Prime; el_disable_tablet=\u00a0\u00bb1&Prime; el_disable_mobile=\u00a0\u00bb1&Prime;][vc_column][vc_row_inner gap=\u00a0\u00bb10&Prime;][vc_column_inner width=\u00a0\u00bb1\/2&Prime;][vc_column_text css=\u00a0\u00bb\u00a0\u00bb el_class=\u00a0\u00bbh3-destacado\u00a0\u00bb]<\/p>\n<h3 class=\"p1\" style=\"text-align: center;\"><span style=\"color: #00bfab;\"><b>SYST\u00c8ME DE CONSTRUCTION S10<\/b><\/span><\/h3>\n<p>[\/vc_column_text][vc_empty_space height=\u00a0\u00bb12px\u00a0\u00bb][vc_column_text css=\u00a0\u00bb.vc_custom_1723817724020{padding-top: 20px !important;padding-right: 20px !important;padding-bottom: 41px !important;padding-left: 20px !important;background-color: #f9f9fa !important;}\u00a0\u00bb]<\/p>\n<p class=\"p1\" style=\"text-align: center;\">Le syst\u00e8me de\u00a0<strong>Rosa Gres<\/strong>\u00a0pour construire des\u00a0<strong><a href=\"https:\/\/rosagres.com\/fr\/piscine-a-debordement\" target=\"_blank\">piscines \u00e0 d\u00e9bordement en gr\u00e8s c\u00e9rame<\/a><\/strong>\u00a0de tous les types et de toutes les dimensions.<\/p>\n<p>[\/vc_column_text][vc_empty_space height=\u00a0\u00bb12px\u00a0\u00bb][vc_btn title=\u00a0\u00bbALLER AU SYST\u00c8ME 9&Prime; style=\u00a0\u00bbflat\u00a0\u00bb color=\u00a0\u00bbturquoise\u00a0\u00bb size=\u00a0\u00bblg\u00a0\u00bb align=\u00a0\u00bbcenter\u00a0\u00bb css=\u00a0\u00bb\u00a0\u00bb link=\u00a0\u00bburl:https%3A%2F%2Frosagres.com%2Ffr%2Fsystemes-de-construction-pour-piscines%2F%23sistema-s9|\u00a0\u00bb el_class=\u00a0\u00bbboton-negro\u00a0\u00bb][vc_empty_space el_class=\u00a0\u00bbmobile\u00a0\u00bb][\/vc_column_inner][vc_column_inner width=\u00a0\u00bb1\/2&Prime;][vc_column_text css=\u00a0\u00bb\u00a0\u00bb el_class=\u00a0\u00bbh3-destacado\u00a0\u00bb]<\/p>\n<h3 class=\"p1\" style=\"text-align: center;\"><span style=\"color: #00bfab;\"><b>Syst\u00e8me De Construction S10<\/b><\/span><\/h3>\n<p>[\/vc_column_text][vc_empty_space height=\u00a0\u00bb12px\u00a0\u00bb][vc_column_text css=\u00a0\u00bb.vc_custom_1723817989254{padding-top: 20px !important;padding-right: 20px !important;padding-bottom: 41px !important;padding-left: 20px !important;background-color: #f9f9fa !important;}\u00a0\u00bb]<\/p>\n<p class=\"p1\" style=\"text-align: center;\">Le syst\u00e8me de\u00a0<strong>Rosa Gres<\/strong>\u00a0pour la construction de\u00a0<strong>piscines pr\u00e9fabriqu\u00e9es \u00e0 d\u00e9bordement en b\u00e9ton<\/strong>.<\/p>\n<p>[\/vc_column_text][vc_empty_space height=\u00a0\u00bb12px\u00a0\u00bb][vc_btn title=\u00a0\u00bbALLER AU SYST\u00c8ME 10&Prime; style=\u00a0\u00bbflat\u00a0\u00bb color=\u00a0\u00bbturquoise\u00a0\u00bb size=\u00a0\u00bblg\u00a0\u00bb align=\u00a0\u00bbcenter\u00a0\u00bb css=\u00a0\u00bb\u00a0\u00bb link=\u00a0\u00bburl:https%3A%2F%2Frosagres.com%2Ffr%2Fsystemes-de-construction-pour-piscines%2F%23sistema-s10|\u00a0\u00bb el_class=\u00a0\u00bbboton-negro\u00a0\u00bb][vc_empty_space el_class=\u00a0\u00bbmobile\u00a0\u00bb][\/vc_column_inner][\/vc_row_inner][\/vc_column][\/vc_row][vc_row full_width=\u00a0\u00bbstretch_row\u00a0\u00bb el_id=\u00a0\u00bbsistema-s9&Prime; css=\u00a0\u00bb.vc_custom_1723818791439{background-color: #f9f9fa !important;}\u00a0\u00bb][vc_column][vc_empty_space height=\u00a0\u00bb42px\u00a0\u00bb][vc_column_text css=\u00a0\u00bb\u00a0\u00bb el_class=\u00a0\u00bbh2-destacado\u00a0\u00bb]<\/p>\n<h2 style=\"text-align: center;\">Syst\u00e8me De Construction S9<\/h2>\n<p>&nbsp;<br \/>\n[\/vc_column_text][vc_empty_space height=\u00a0\u00bb12px\u00a0\u00bb]<div class=\"gem-vimeo gem-wrapbox gem-wrapbox-style-no-style rounded-corners gem-wrapbox-position-below\" style=\"width: 100%;\"><div class=\"gem-wrapbox-inner gem-ratio-style\" style=\"padding-top: 56.25%\"><iframe webkitallowfullscreen=\"true\" mozallowfullscreen=\"true\" allowfullscreen=\"true\" class=\"gem-wrapbox-element img-responsive\" frameborder=\"0\" scrolling=\"no\" marginheight=\"0\" marginwidth=\"0\" src=\"\/\/player.vimeo.com\/video\/257119551?title=0&amp;byline=0&amp;portrait=0 \"><\/iframe><\/div><\/div>[vc_empty_space][vc_column_text css=\u00a0\u00bb\u00a0\u00bb el_class=\u00a0\u00bbh3-destacado-2&Prime;]<\/p>\n<h3 class=\"\" style=\"text-align: center; color: #00bfab;\"><strong>Qu\u2019est-ce que le Syst\u00e8me 9 ?<\/strong><\/h3>\n<p>&nbsp;<br \/>\n[\/vc_column_text][vc_empty_space height=\u00a0\u00bb22px\u00a0\u00bb][vc_column_text css=\u00a0\u00bb\u00a0\u00bb el_class=\u00a0\u00bbparrafo-destacado\u00a0\u00bb]<\/p>\n<p class=\"p1\" style=\"text-align: center;\">Il s\u2019agit d\u2019un pourtour pr\u00e9fabriqu\u00e9 compos\u00e9 de blocs de b\u00e9ton \u00e9tanches. Chaque pi\u00e8ce sert de goulotte et de support du gr\u00e8s c\u00e9rame.\u00a0<strong>C\u2019est un syst\u00e8me id\u00e9al pour la construction de piscines \u00e0 d\u00e9bordement pour les particuliers, les h\u00f4tels et les clubs de sport<\/strong>. Il s\u2019int\u00e8gre parfaitement \u00e0 tous nos <span class=\"s1\" style=\"color: #00bfab;\"><b>syst\u00e8mes de d\u00e9bordement<\/b><\/span>.<\/p>\n<p>[\/vc_column_text][vc_empty_space height=\u00a0\u00bb22px\u00a0\u00bb][vc_row_inner el_disable_desktop=\u00a0\u00bb1&Prime; el_disable_tablet=\u00a0\u00bb1&Prime; el_disable_mobile=\u00a0\u00bb1&Prime;][vc_column_inner width=\u00a0\u00bb1\/2&Prime;][vc_btn title=\u00a0\u00bbT\u00c9L\u00c9CHARGER LA FICHE TECHNIQUE DU SYST\u00c8ME S9&Prime; style=\u00a0\u00bbflat\u00a0\u00bb color=\u00a0\u00bbturquoise\u00a0\u00bb size=\u00a0\u00bblg\u00a0\u00bb align=\u00a0\u00bbright\u00a0\u00bb css=\u00a0\u00bb\u00a0\u00bb link=\u00a0\u00bburl:https%3A%2F%2Frosagres.com%2Fupload%2Ffichas%2Frosa-gres-ficha-tecnica-sistema-s9-es.pdf|target:_blank|\u00a0\u00bb el_class=\u00a0\u00bbboton-negro no-mobile no-show\u00a0\u00bb][vc_btn title=\u00a0\u00bbT\u00c9L\u00c9CHARGER LA FICHE TECHNIQUE DU SYST\u00c8ME S9&Prime; style=\u00a0\u00bbflat\u00a0\u00bb color=\u00a0\u00bbturquoise\u00a0\u00bb size=\u00a0\u00bblg\u00a0\u00bb align=\u00a0\u00bbcenter\u00a0\u00bb css=\u00a0\u00bb\u00a0\u00bb button_block=\u00a0\u00bbtrue\u00a0\u00bb link=\u00a0\u00bburl:https%3A%2F%2Frosagres.com%2Fupload%2Ffichas%2Frosa-gres-ficha-tecnica-sistema-s9-es.pdf|target:_blank|\u00a0\u00bb el_class=\u00a0\u00bbboton-negro mobile no-show\u00a0\u00bb][vc_btn title=\u00a0\u00bbVOIR LES SYST\u00c8MES \u00c0 D\u00c9BORDEMENT\u00a0\u00bb style=\u00a0\u00bbflat\u00a0\u00bb color=\u00a0\u00bbturquoise\u00a0\u00bb size=\u00a0\u00bblg\u00a0\u00bb align=\u00a0\u00bbcenter\u00a0\u00bb css=\u00a0\u00bb\u00a0\u00bb button_block=\u00a0\u00bbtrue\u00a0\u00bb link=\u00a0\u00bburl:https%3A%2F%2Frosagres.com%2Ffr%2Fsuelos-porcelanicos%2Fsysteme-constructif-piscine%2F|\u00a0\u00bb el_class=\u00a0\u00bbboton-negro mobile\u00a0\u00bb][\/vc_column_inner][vc_column_inner width=\u00a0\u00bb1\/2&Prime;][vc_btn title=\u00a0\u00bbVOIR LES SYST\u00c8MES \u00c0 D\u00c9BORDEMENT\u00a0\u00bb style=\u00a0\u00bbflat\u00a0\u00bb color=\u00a0\u00bbturquoise\u00a0\u00bb size=\u00a0\u00bblg\u00a0\u00bb align=\u00a0\u00bbleft\u00a0\u00bb css=\u00a0\u00bb\u00a0\u00bb link=\u00a0\u00bburl:https%3A%2F%2Frosagres.com%2Ffr%2Fsuelos-porcelanicos%2Fsysteme-constructif-piscine%2F|\u00a0\u00bb el_class=\u00a0\u00bbboton-negro no-mobile\u00a0\u00bb][\/vc_column_inner][\/vc_row_inner][vc_row_inner][vc_column_inner][vc_btn title=\u00a0\u00bbVOIR LES SYST\u00c8MES \u00c0 D\u00c9BORDEMENT\u00a0\u00bb style=\u00a0\u00bbflat\u00a0\u00bb color=\u00a0\u00bbturquoise\u00a0\u00bb size=\u00a0\u00bblg\u00a0\u00bb align=\u00a0\u00bbcenter\u00a0\u00bb css=\u00a0\u00bb\u00a0\u00bb button_block=\u00a0\u00bbtrue\u00a0\u00bb link=\u00a0\u00bburl:https%3A%2F%2Frosagres.com%2Ffr%2Fsuelos-porcelanicos%2Fsysteme-constructif-piscine%2F|\u00a0\u00bb el_class=\u00a0\u00bbboton-negro mobile\u00a0\u00bb][vc_btn title=\u00a0\u00bbVOIR LES SYST\u00c8MES \u00c0 D\u00c9BORDEMENT\u00a0\u00bb style=\u00a0\u00bbflat\u00a0\u00bb color=\u00a0\u00bbturquoise\u00a0\u00bb size=\u00a0\u00bblg\u00a0\u00bb align=\u00a0\u00bbcenter\u00a0\u00bb css=\u00a0\u00bb\u00a0\u00bb link=\u00a0\u00bburl:https%3A%2F%2Frosagres.com%2Ffr%2Fsuelos-porcelanicos%2Fsysteme-constructif-piscine%2F|\u00a0\u00bb el_class=\u00a0\u00bbboton-negro no-mobile\u00a0\u00bb][\/vc_column_inner][\/vc_row_inner][vc_empty_space el_class=\u00a0\u00bbno-mobile\u00a0\u00bb][\/vc_column][\/vc_row][vc_row][vc_column][vc_empty_space el_class=\u00a0\u00bbno-mobile\u00a0\u00bb][vc_column_text css=\u00a0\u00bb\u00a0\u00bb el_class=\u00a0\u00bbh2-destacado\u00a0\u00bb]<\/p>\n<h2 style=\"text-align: center;\"><span style=\"color: #00bfab;\">Avantages de la construction de piscines \u00e0 d\u00e9bordement avec le Syst\u00e8me 10<\/span><\/h2>\n<p>&nbsp;<br \/>\n[\/vc_column_text][vc_empty_space height=\u00a0\u00bb42px\u00a0\u00bb][vc_row_inner][vc_column_inner width=\u00a0\u00bb1\/4&Prime;][vc_single_image image=\u00a0\u00bb25802&Prime; img_size=\u00a0\u00bbfull\u00a0\u00bb alignment=\u00a0\u00bbcenter\u00a0\u00bb css=\u00a0\u00bb\u00a0\u00bb][vc_empty_space height=\u00a0\u00bb12px\u00a0\u00bb][vc_column_text css=\u00a0\u00bb\u00a0\u00bb]<\/p>\n<h3 style=\"text-align: center;\">Rapidit\u00e9<\/h3>\n<p><\/p>\n<p style=\"text-align: center; font-size: 14px;\">Am\u00e9liore le processus de pose, contribue \u00e0 r\u00e9duire le temps, la main d\u2019\u0153uvre et les ressources.<\/p>\n<p>[\/vc_column_text][vc_empty_space][\/vc_column_inner][vc_column_inner width=\u00a0\u00bb1\/4&Prime;][vc_single_image image=\u00a0\u00bb25794&Prime; img_size=\u00a0\u00bbfull\u00a0\u00bb alignment=\u00a0\u00bbcenter\u00a0\u00bb css=\u00a0\u00bb\u00a0\u00bb][vc_empty_space height=\u00a0\u00bb12px\u00a0\u00bb][vc_column_text css=\u00a0\u00bb\u00a0\u00bb]<\/p>\n<h3 style=\"text-align: center;\">Facile \u00e0 installer<\/h3>\n<p><\/p>\n<p style=\"text-align: center; font-size: 14px;\">Les pi\u00e8ces S9 ont \u00e9t\u00e9 con\u00e7ues de mani\u00e8re \u00e0 optimiser leur pose et \u00e0 r\u00e9duire la cr\u00e9ation de r\u00e9sidus.<\/p>\n<p>[\/vc_column_text][vc_empty_space][\/vc_column_inner][vc_column_inner width=\u00a0\u00bb1\/4&Prime;][vc_single_image image=\u00a0\u00bb25796&Prime; img_size=\u00a0\u00bbfull\u00a0\u00bb alignment=\u00a0\u00bbcenter\u00a0\u00bb css=\u00a0\u00bb\u00a0\u00bb][vc_empty_space height=\u00a0\u00bb12px\u00a0\u00bb][vc_column_text css=\u00a0\u00bb\u00a0\u00bb]<\/p>\n<h3 style=\"text-align: center;\">Plus efficace et r\u00e9sistant<\/h3>\n<p><\/p>\n<p style=\"text-align: center; font-size: 14px;\">icon box image<br \/>\nPlus efficace et r\u00e9sistant<br \/>\nEn perfectionnant la finition sup\u00e9rieure du mur de b\u00e9ton gunit\u00e9, l\u2019on augmente la dur\u00e9e de vie de la construction.<\/p>\n<p>[\/vc_column_text][vc_empty_space][\/vc_column_inner][vc_column_inner width=\u00a0\u00bb1\/4&Prime;][vc_single_image image=\u00a0\u00bb25798&Prime; img_size=\u00a0\u00bbfull\u00a0\u00bb alignment=\u00a0\u00bbcenter\u00a0\u00bb css=\u00a0\u00bb\u00a0\u00bb][vc_empty_space height=\u00a0\u00bb12px\u00a0\u00bb][vc_column_text css=\u00a0\u00bb\u00a0\u00bb]<\/p>\n<h3 style=\"text-align: center;\">Une pr\u00e9cision accrue<\/h3>\n<p><\/p>\n<p style=\"text-align: center; font-size: 14px;\">\u00c9limine les d\u00e9fauts dus au coffrage.<\/p>\n<p>[\/vc_column_text][vc_empty_space height=\u00a0\u00bb12px\u00a0\u00bb][\/vc_column_inner][\/vc_row_inner][vc_row_inner][vc_column_inner width=\u00a0\u00bb1\/4&Prime;][vc_single_image image=\u00a0\u00bb25788&Prime; img_size=\u00a0\u00bbfull\u00a0\u00bb alignment=\u00a0\u00bbcenter\u00a0\u00bb css=\u00a0\u00bb\u00a0\u00bb][vc_empty_space height=\u00a0\u00bb12px\u00a0\u00bb][vc_column_text css=\u00a0\u00bb\u00a0\u00bb]<\/p>\n<h3 style=\"text-align: center;\">Finition parfaite<\/h3>\n<p><\/p>\n<p style=\"text-align: center; font-size: 14px;\">Le S9 permet un d\u00e9bordement d\u2019eau optimal pour plus d\u2019hygi\u00e8ne, moins de fuites, ainsi qu\u2019une r\u00e9duction de l\u2019utilisation de produits n\u00e9cessaires \u00e0 l\u2019\u00e9puration.<\/p>\n<p>[\/vc_column_text][vc_empty_space][\/vc_column_inner][vc_column_inner width=\u00a0\u00bb1\/4&Prime;][vc_single_image image=\u00a0\u00bb25790&Prime; img_size=\u00a0\u00bbfull\u00a0\u00bb alignment=\u00a0\u00bbcenter\u00a0\u00bb css=\u00a0\u00bb\u00a0\u00bb][vc_empty_space height=\u00a0\u00bb12px\u00a0\u00bb][vc_column_text css=\u00a0\u00bb\u00a0\u00bb]<\/p>\n<h3 style=\"text-align: center;\">Une esth\u00e9tique in\u00e9gal\u00e9e<\/h3>\n<p><\/p>\n<p style=\"text-align: center; font-size: 14px;\">Le p\u00e9rim\u00e8tre de la piscine est plus rectiligne et homog\u00e8ne. L\u2019am\u00e9lioration de l\u2019esth\u00e9tique visuelle permet d\u2019augmenter le bien-\u00eatre.<\/p>\n<p>[\/vc_column_text][vc_empty_space][\/vc_column_inner][vc_column_inner width=\u00a0\u00bb1\/4&Prime;][vc_single_image image=\u00a0\u00bb25800&Prime; img_size=\u00a0\u00bbfull\u00a0\u00bb alignment=\u00a0\u00bbcenter\u00a0\u00bb css=\u00a0\u00bb\u00a0\u00bb][vc_empty_space height=\u00a0\u00bb12px\u00a0\u00bb][vc_column_text css=\u00a0\u00bb\u00a0\u00bb]<\/p>\n<h3 style=\"text-align: center;\">Pi\u00e8ces sp\u00e9ciales Rosa Gres<\/h3>\n<p><\/p>\n<p style=\"text-align: center; font-size: 14px;\">Le S9 est compl\u00e9t\u00e9 par les solutions multiples apport\u00e9es par les pi\u00e8ces de finition Rosa Gres.<\/p>\n<p>[\/vc_column_text][vc_empty_space][\/vc_column_inner][vc_column_inner width=\u00a0\u00bb1\/4&Prime; css=\u00a0\u00bb.vc_custom_1734462049959{margin-right: 0px !important;margin-left: 0px !important;padding-right: 10px !important;padding-left: 10px !important;}\u00a0\u00bb][vc_single_image image=\u00a0\u00bb25804&Prime; img_size=\u00a0\u00bbfull\u00a0\u00bb alignment=\u00a0\u00bbcenter\u00a0\u00bb css=\u00a0\u00bb\u00a0\u00bb][vc_empty_space height=\u00a0\u00bb12px\u00a0\u00bb][vc_column_text css=\u00a0\u00bb\u00a0\u00bb]<\/p>\n<h3 style=\"text-align: center;\">Rev\u00eatement durable<\/h3>\n<p><\/p>\n<p style=\"text-align: center; font-size: 14px;\">Le S9 est id\u00e9al pour la pose du gr\u00e8s c\u00e9rame de qualit\u00e9 sup\u00e9rieure Rosa Gres et pour b\u00e9n\u00e9ficier des valeurs durables de son long cycle de vie.<\/p>\n<p>[\/vc_column_text][\/vc_column_inner][\/vc_row_inner][vc_empty_space height=\u00a0\u00bb12px\u00a0\u00bb][vc_btn title=\u00a0\u00bbLES AVANTAGES DU GR\u00c8S C\u00c9RAME POUR VOTRE PISCINE\u00a0\u00bb style=\u00a0\u00bbflat\u00a0\u00bb color=\u00a0\u00bbturquoise\u00a0\u00bb size=\u00a0\u00bblg\u00a0\u00bb align=\u00a0\u00bbcenter\u00a0\u00bb css=\u00a0\u00bb\u00a0\u00bb link=\u00a0\u00bburl:https%3A%2F%2Frosagres.com%2Ffr%2Fpiscines-en-gres-cerame%2F|\u00a0\u00bb el_class=\u00a0\u00bbboton-negro\u00a0\u00bb][\/vc_column][\/vc_row][vc_row full_width=\u00a0\u00bbstretch_row\u00a0\u00bb el_id=\u00a0\u00bbsysteme-s10&Prime; css=\u00a0\u00bb.vc_custom_1723819817836{background-color: #f9f9fa !important;}\u00a0\u00bb][vc_column][vc_empty_space height=\u00a0\u00bb42px\u00a0\u00bb][vc_column_text css=\u00a0\u00bb\u00a0\u00bb el_class=\u00a0\u00bbh2-destacado\u00a0\u00bb]<\/p>\n<h2 style=\"text-align: center;\">Syst\u00e8me De Construction S10<\/h2>\n<p>[\/vc_column_text][vc_empty_space height=\u00a0\u00bb12px\u00a0\u00bb]<div class=\"gem-vimeo gem-wrapbox gem-wrapbox-style-no-style rounded-corners gem-wrapbox-position-below\" style=\"width: 100%;\"><div class=\"gem-wrapbox-inner gem-ratio-style\" style=\"padding-top: 56.25%\"><iframe webkitallowfullscreen=\"true\" mozallowfullscreen=\"true\" allowfullscreen=\"true\" class=\"gem-wrapbox-element img-responsive\" frameborder=\"0\" scrolling=\"no\" marginheight=\"0\" marginwidth=\"0\" src=\"\/\/player.vimeo.com\/video\/1048697739?title=0&amp;byline=0&amp;portrait=0 \"><\/iframe><\/div><\/div>[vc_empty_space][vc_column_text css=\u00a0\u00bb\u00a0\u00bb el_class=\u00a0\u00bbh3-destacado-2&Prime;]<\/p>\n<h3 class=\"\" style=\"text-align: center; color: #00bfab;\"><strong>Qu\u2019est-ce que le Syst\u00e8me 10 ?<\/strong><\/h3>\n<p>[\/vc_column_text][vc_empty_space height=\u00a0\u00bb22px\u00a0\u00bb][vc_column_text css=\u00a0\u00bb\u00a0\u00bb el_class=\u00a0\u00bbparrafo-destacado\u00a0\u00bb]<\/p>\n<h4 class=\"p1\" style=\"text-align: center;\"><span style=\"color: #00bfab;\">LA SOLUTION POUR CONSTRUIRE DES PISCINES PR\u00c9FABRIQU\u00c9ES EN B\u00c9TON PARFAITES<br \/>\n<\/span><\/h4>\n<p><\/p>\n<p class=\"p1\" style=\"text-align: center;\">Il s\u2019agit d\u2019un syst\u00e8me de construction innovant et r\u00e9volutionnaire qui permet de r\u00e9aliser ce qui \u00e9tait impossible jusqu\u2019\u00e0 pr\u00e9sent : cr\u00e9er des\u00a0<strong>piscines \u00e0 d\u00e9bordement en b\u00e9ton<\/strong>\u00a0\u00e0 l\u2019aide de blocs pr\u00e9fabriqu\u00e9s, le tout en un temps record et avec toutes les garanties.<\/p>\n<p><\/p>\n<p class=\"p1\" style=\"text-align: center;\">Le syst\u00e8me 10 se compose d\u2019une s\u00e9rie de plaques de b\u00e9ton pr\u00e9fabriqu\u00e9es qui sont assembl\u00e9es \u00e0 l\u2019aide d\u2019une grue sur une dalle de b\u00e9ton servant \u00e0 la fois de fondation et d\u2019\u00e9l\u00e9ment de nivellement.<\/p>\n<p><\/p>\n<p class=\"p1\" style=\"text-align: center;\"><b>Il est id\u00e9al pour les piscines d\u2019h\u00f4tel et les clubs de sport.<\/b><\/p>\n<p><img class=\"size-full wp-image-414 aligncenter\" src=\"https:\/\/rosagres.com\/wp-content\/uploads\/2024\/08\/rosa-gres-sistama-constructivo-piscina-s10-eco-friendly-1-150x150-1.png\" alt=\"Sistemas Constructivos para Piscina s10\" width=\"150\" height=\"150\" \/>[\/vc_column_text][vc_empty_space el_class=\u00a0\u00bbno-mobile\u00a0\u00bb][vc_gallery interval=\u00a0\u00bb3&Prime; images=\u00a0\u00bb25824,25832&Prime; img_size=\u00a0\u00bbfull\u00a0\u00bb css=\u00a0\u00bb\u00a0\u00bb][vc_empty_space height=\u00a0\u00bb12px\u00a0\u00bb][vc_btn title=\u00a0\u00bbT\u00c9L\u00c9CHARGER LE CATALOGUE DU SYST\u00c8ME S10&Prime; style=\u00a0\u00bbflat\u00a0\u00bb color=\u00a0\u00bbturquoise\u00a0\u00bb size=\u00a0\u00bblg\u00a0\u00bb align=\u00a0\u00bbcenter\u00a0\u00bb css=\u00a0\u00bb\u00a0\u00bb link=\u00a0\u00bburl:https%3A%2F%2Frosagres.com%2Fupload%2Fcatalogos%2Fcatalogo-rosa-gres-S10-ES.pdf|\u00a0\u00bb el_class=\u00a0\u00bbboton-negro\u00a0\u00bb][\/vc_column][\/vc_row][vc_row][vc_column][vc_empty_space el_class=\u00a0\u00bbno-mobile\u00a0\u00bb][vc_column_text css=\u00a0\u00bb\u00a0\u00bb el_class=\u00a0\u00bbh2-destacado\u00a0\u00bb]<\/p>\n<h2 style=\"text-align: center;\"><span style=\"color: #00bfab;\">Avantages de la construction de piscines \u00e0 d\u00e9bordement avec le Syst\u00e8me 10<br \/>\n<\/span><\/h2>\n<p>[\/vc_column_text][vc_empty_space height=\u00a0\u00bb42px\u00a0\u00bb][vc_row_inner equal_height=\u00a0\u00bbyes\u00a0\u00bb][vc_column_inner width=\u00a0\u00bb1\/4&Prime; offset=\u00a0\u00bbvc_col-xs-6&Prime;][vc_single_image image=\u00a0\u00bb25806&Prime; img_size=\u00a0\u00bbfull\u00a0\u00bb alignment=\u00a0\u00bbcenter\u00a0\u00bb css=\u00a0\u00bb\u00a0\u00bb][vc_empty_space height=\u00a0\u00bb12px\u00a0\u00bb][vc_column_text css=\u00a0\u00bb\u00a0\u00bb]<\/p>\n<p style=\"text-align: center; font-weight: bold;\">100 % \u00c9tanche, <br class=\"no-mobile\" \/>sans Fuites. Garanti.<\/p>\n<p>[\/vc_column_text][vc_empty_space][\/vc_column_inner][vc_column_inner width=\u00a0\u00bb1\/4&Prime; offset=\u00a0\u00bbvc_col-xs-6&Prime;][vc_single_image image=\u00a0\u00bb25822&Prime; img_size=\u00a0\u00bbfull\u00a0\u00bb alignment=\u00a0\u00bbcenter\u00a0\u00bb css=\u00a0\u00bb\u00a0\u00bb][vc_empty_space height=\u00a0\u00bb12px\u00a0\u00bb][vc_column_text css=\u00a0\u00bb\u00a0\u00bb]<\/p>\n<p style=\"text-align: center;\">Devis<strong><br \/>\n\u201cSans Surprises\u201d\u00a0<\/strong><\/p>\n<p>[\/vc_column_text][vc_empty_space][\/vc_column_inner][vc_column_inner width=\u00a0\u00bb1\/4&Prime; offset=\u00a0\u00bbvc_col-xs-6&Prime;][vc_single_image image=\u00a0\u00bb25814&Prime; img_size=\u00a0\u00bbfull\u00a0\u00bb alignment=\u00a0\u00bbcenter\u00a0\u00bb css=\u00a0\u00bb\u00a0\u00bb][vc_empty_space height=\u00a0\u00bb12px\u00a0\u00bb][vc_column_text css=\u00a0\u00bb\u00a0\u00bb]<\/p>\n<p style=\"text-align: center;\"><strong>Durabilit\u00e9<\/strong><br \/>\n<strong>Maximale<\/strong><\/p>\n<p>[\/vc_column_text][vc_empty_space][\/vc_column_inner][vc_column_inner width=\u00a0\u00bb1\/4&Prime; offset=\u00a0\u00bbvc_col-xs-6&Prime;][vc_single_image image=\u00a0\u00bb25810&Prime; img_size=\u00a0\u00bbfull\u00a0\u00bb alignment=\u00a0\u00bbcenter\u00a0\u00bb css=\u00a0\u00bb\u00a0\u00bb][vc_empty_space height=\u00a0\u00bb12px\u00a0\u00bb][vc_column_text css=\u00a0\u00bb\u00a0\u00bb]<\/p>\n<p style=\"text-align: center;\"><strong>Ex\u00e9cution en un<br \/>\nTemps Record\u00a0<\/strong><\/p>\n<p>[\/vc_column_text][vc_empty_space height=\u00a0\u00bb12px\u00a0\u00bb][\/vc_column_inner][\/vc_row_inner][vc_row_inner equal_height=\u00a0\u00bbyes\u00a0\u00bb][vc_column_inner width=\u00a0\u00bb1\/4&Prime; offset=\u00a0\u00bbvc_col-xs-6&Prime;][vc_single_image image=\u00a0\u00bb25818&Prime; img_size=\u00a0\u00bbfull\u00a0\u00bb alignment=\u00a0\u00bbcenter\u00a0\u00bb css=\u00a0\u00bb\u00a0\u00bb][vc_empty_space height=\u00a0\u00bb12px\u00a0\u00bb][vc_column_text css=\u00a0\u00bb\u00a0\u00bb]<\/p>\n<p style=\"text-align: center;\"><strong>Inertie Thermique<br \/>\ntr\u00e8s Importante\u00a0<\/strong><\/p>\n<p>[\/vc_column_text][vc_empty_space][\/vc_column_inner][vc_column_inner width=\u00a0\u00bb1\/4&Prime; offset=\u00a0\u00bbvc_col-xs-6&Prime;][vc_single_image image=\u00a0\u00bb25816&Prime; img_size=\u00a0\u00bbfull\u00a0\u00bb alignment=\u00a0\u00bbcenter\u00a0\u00bb css=\u00a0\u00bb\u00a0\u00bb][vc_empty_space height=\u00a0\u00bb12px\u00a0\u00bb][vc_column_text css=\u00a0\u00bb\u00a0\u00bb]<\/p>\n<p style=\"text-align: center;\">Pr\u00e9cision<strong> Maximale<br \/>\nde l\u2019ex\u00e9cution\u00a0<\/strong><\/p>\n<p>[\/vc_column_text][vc_empty_space][\/vc_column_inner][vc_column_inner width=\u00a0\u00bb1\/4&Prime; offset=\u00a0\u00bbvc_col-xs-6&Prime;][vc_single_image image=\u00a0\u00bb25812&Prime; img_size=\u00a0\u00bbfull\u00a0\u00bb alignment=\u00a0\u00bbcenter\u00a0\u00bb css=\u00a0\u00bb\u00a0\u00bb][vc_empty_space height=\u00a0\u00bb12px\u00a0\u00bb][vc_column_text css=\u00a0\u00bb\u00a0\u00bb]<\/p>\n<p style=\"text-align: center;\"><strong>Homologation FINA<br \/>\nGarantie\u00a0<\/strong><\/p>\n<p>[\/vc_column_text][vc_empty_space][\/vc_column_inner][vc_column_inner width=\u00a0\u00bb1\/4&Prime; offset=\u00a0\u00bbvc_col-xs-6&Prime;][vc_single_image image=\u00a0\u00bb25820&Prime; img_size=\u00a0\u00bbfull\u00a0\u00bb alignment=\u00a0\u00bbcenter\u00a0\u00bb css=\u00a0\u00bb\u00a0\u00bb][vc_empty_space height=\u00a0\u00bb12px\u00a0\u00bb][vc_column_text css=\u00a0\u00bb\u00a0\u00bb]<\/p>\n<p style=\"text-align: center;\"><strong>Moins de Ressources<br \/>\net de R\u00e9sidus\u00a0<\/strong><\/p>\n<p>[\/vc_column_text][\/vc_column_inner][\/vc_row_inner][vc_gallery interval=\u00a0\u00bb3&Prime; images=\u00a0\u00bb25828,25830&Prime; img_size=\u00a0\u00bbfull\u00a0\u00bb css=\u00a0\u00bb\u00a0\u00bb][vc_empty_space][\/vc_column][\/vc_row]<\/p>\n<\/div>","protected":false},"excerpt":{"rendered":"<p>[vc_row][vc_column][vc_empty_space height=\u00a0\u00bb22px\u00a0\u00bb][\/vc_column][\/vc_row][vc_row full_width=\u00a0\u00bbstretch_row_content_no_spaces\u00a0\u00bb el_disable_desktop=\u00a0\u00bb1&Prime; el_disable_tablet=\u00a0\u00bb1&Prime;][vc_column][vc_single_image image=\u00a0\u00bb25826&Prime; img_size=\u00a0\u00bbfull\u00a0\u00bb css=\u00a0\u00bb\u00a0\u00bb][\/vc_column][\/vc_row][vc_row full_width=\u00a0\u00bbstretch_row\u00a0\u00bb el_disable_desktop=\u00a0\u00bb1&Prime; el_disable_tablet=\u00a0\u00bb1&Prime; el_disable_mobile=\u00a0\u00bb1&Prime; css=\u00a0\u00bb.vc_custom_1758019984370{margin-top: -20px !important;padding-top: 20px !important;padding-bottom: 40px !important;background-color: #00bfab&#8230;<\/p>\n","protected":false},"author":1,"featured_media":25826,"parent":0,"menu_order":0,"comment_status":"closed","ping_status":"closed","template":"","meta":{"footnotes":""},"class_list":["post-33864","page","type-page","status-publish","has-post-thumbnail"],"_links":{"self":[{"href":"https:\/\/rosagres.com\/fr\/wp-json\/wp\/v2\/pages\/33864","targetHints":{"allow":["GET"]}}],"collection":[{"href":"https:\/\/rosagres.com\/fr\/wp-json\/wp\/v2\/pages"}],"about":[{"href":"https:\/\/rosagres.com\/fr\/wp-json\/wp\/v2\/types\/page"}],"author":[{"embeddable":true,"href":"https:\/\/rosagres.com\/fr\/wp-json\/wp\/v2\/users\/1"}],"replies":[{"embeddable":true,"href":"https:\/\/rosagres.com\/fr\/wp-json\/wp\/v2\/comments?post=33864"}],"version-history":[{"count":0,"href":"https:\/\/rosagres.com\/fr\/wp-json\/wp\/v2\/pages\/33864\/revisions"}],"wp:featuredmedia":[{"embeddable":true,"href":"https:\/\/rosagres.com\/fr\/wp-json\/wp\/v2\/media\/25826"}],"wp:attachment":[{"href":"https:\/\/rosagres.com\/fr\/wp-json\/wp\/v2\/media?parent=33864"}],"curies":[{"name":"wp","href":"https:\/\/api.w.org\/{rel}","templated":true}]}}