{"id":33882,"date":"2024-08-18T13:43:49","date_gmt":"2024-08-18T11:43:49","guid":{"rendered":"https:\/\/rosagres.com\/piscine-sportive\/"},"modified":"2025-02-21T17:16:52","modified_gmt":"2025-02-21T16:16:52","slug":"piscine-sportive","status":"publish","type":"page","link":"https:\/\/rosagres.com\/fr\/piscine-sportive\/","title":{"rendered":"Piscine Sportive"},"content":{"rendered":"<div class=\"wpb-content-wrapper\"><p>[vc_row][vc_column]<style>.thegem-te-post-breadcrumbs.thegem-custom-69d55e5454dc64181 .post-breadcrumbs {justify-content: left; text-align: left;}.thegem-te-post-breadcrumbs.thegem-custom-69d55e5454dc64181 .post-breadcrumbs ul {justify-content: left; text-align: left;}<\/style><div class=\"thegem-te-post-breadcrumbs thegem-custom-69d55e5454dc64181\"> <div class=\"post-breadcrumbs\"><ul><li><a href=\"https:\/\/rosagres.com\/fr\/\">Accueil<\/a><\/li><\/ul><!-- .breadcrumbs --><\/div> <\/div>[vc_empty_space height=\u00a0\u00bb12px\u00a0\u00bb el_class=\u00a0\u00bbno-mobile\u00a0\u00bb][\/vc_column][\/vc_row][vc_row el_disable_mobile=\u00a0\u00bb1&Prime; css=\u00a0\u00bb.vc_custom_1723980557472{background-image: url(https:\/\/rosagres.com\/wp-content\/uploads\/2024\/08\/1-piscina-deportiva-rosa-gres.jpg?id=478) !important;background-position: center !important;background-repeat: no-repeat !important;background-size: cover !important;}\u00a0\u00bb][vc_column width=\u00a0\u00bb1\/6&Prime;][\/vc_column][vc_column width=\u00a0\u00bb1\/12&Prime;][\/vc_column][vc_column width=\u00a0\u00bb1\/3&Prime;][vc_empty_space height=\u00a0\u00bb500px\u00a0\u00bb][\/vc_column][vc_column width=\u00a0\u00bb1\/3&Prime; css=\u00a0\u00bb.vc_custom_1723979426263{margin-top: 30px !important;background-color: rgba(255,255,255,0.8) !important;*background-color: rgb(255,255,255) !important;}\u00a0\u00bb][vc_column_text css=\u00a0\u00bb.vc_custom_1723980638054{padding-top: 31px !important;padding-right: 30px !important;padding-bottom: 20px !important;padding-left: 30px !important;}\u00a0\u00bb]<\/p>\n<p style=\"text-align: center;\"><strong>Rosa Gres est le num\u00e9ro un des piscines publiques sur le march\u00e9 espagnol et l\u2019une des entreprises les plus importantes du secteur sur <br class=\"mobile\" \/>le plan international.<\/strong><\/p>\n<p>[\/vc_column_text][vc_empty_space height=\u00a0\u00bb12px\u00a0\u00bb][vc_btn title=\u00a0\u00bbVOIR DES PROJETS DE PISCINE SPORTIVE\u00a0\u00bb style=\u00a0\u00bbflat\u00a0\u00bb color=\u00a0\u00bbblack\u00a0\u00bb align=\u00a0\u00bbcenter\u00a0\u00bb css=\u00a0\u00bb\u00a0\u00bb link=\u00a0\u00bburl:https%3A%2F%2Frosagres.com%2Fapp%2Ffr%2Fpiscines%2Fpar_type%2Fpiscine-sportive|\u00a0\u00bb el_class=\u00a0\u00bbboton-negro\u00a0\u00bb][\/vc_column][vc_column width=\u00a0\u00bb1\/12&Prime;][\/vc_column][\/vc_row][vc_row full_width=\u00a0\u00bbstretch_row_content\u00a0\u00bb el_disable_desktop=\u00a0\u00bb1&Prime; el_disable_tablet=\u00a0\u00bb1&Prime; css=\u00a0\u00bb.vc_custom_1723980873702{margin-top: -30px !important;margin-bottom: -15px !important;background-position: center !important;background-repeat: no-repeat !important;background-size: cover !important;}\u00a0\u00bb][vc_column][vc_single_image image=\u00a0\u00bb25834&Prime; img_size=\u00a0\u00bbfull\u00a0\u00bb alignment=\u00a0\u00bbcenter\u00a0\u00bb css=\u00a0\u00bb\u00a0\u00bb][vc_column_text css=\u00a0\u00bb.vc_custom_1723981061909{padding-top: 11px !important;}\u00a0\u00bb]<\/p>\n<p style=\"text-align: center;\"><strong>Rosa Gres est le num\u00e9ro un des piscines publiques sur le march\u00e9 espagnol et l\u2019une des entreprises les plus importantes du secteur sur <br class=\"mobile\" \/>le plan international.<\/strong><\/p>\n<p>[\/vc_column_text]<div class=\"gem-button-container gem-button-position-center thegem-button-69d55e54559718251    \"  ><a class=\"gem-button gem-button-size-small gem-button-style-flat gem-button-text-weight-normal\" data-ll-effect=\"drop-right-without-wrap\" style=\"border-radius: 3px;\" onmouseleave=\"\" onmouseenter=\"\" href=\"https:\/\/rosagres.com\/app\/es\/piscinas\/por_tipo\/piscina-deportiva\" target=\"_self\">VOIR DES PROJETS DE PISCINE SPORTIVE<\/a><\/div> [\/vc_column][\/vc_row][vc_row][vc_column width=\u00a0\u00bb1\/3&Prime;][vc_single_image image=\u00a0\u00bb25836&Prime; img_size=\u00a0\u00bbfull\u00a0\u00bb css=\u00a0\u00bb\u00a0\u00bb][vc_empty_space][vc_column_text css=\u00a0\u00bb\u00a0\u00bb]<\/p>\n<p style=\"text-align: center;\"><strong>EVALUATION TECHNIQUE ET RESSOURCES<br \/>\nEN LIGNE POUR LES PROFESSIONNELS<\/strong><\/p>\n<p style=\"text-align: center;\">Notre \u00e9quipe technique propose aux professionnels une \u00e9valuation pour les aider \u00e0 s\u00e9lectionner la meilleure solution pour chaque phase du projet. Vous pouvez t\u00e9l\u00e9charger des ressources <br class=\"mobile\" \/>pour votre projet dans l&rsquo;<a href=\"https:\/\/rosagres.com\/fr\/espace-professionnel\/\" target=\"_blank\"><strong>ESPACE PROFESSIONNEL.<\/strong><\/a> Acc\u00e9dez-y pour d\u00e9couvrir nos <a href=\"https:\/\/rosagres.com\/fr\/espace-professionnel\/\" target=\"_blank\"><strong>RESSOURCES EN LIGNE<\/strong>.<\/a><\/p>\n<p>[\/vc_column_text][vc_empty_space height=\u00a0\u00bb12px\u00a0\u00bb][vc_btn title=\u00a0\u00bbACCEDER A L\u2019ESPACE PROFESSIONNEL\u00a0\u00bb style=\u00a0\u00bbflat\u00a0\u00bb color=\u00a0\u00bbblack\u00a0\u00bb align=\u00a0\u00bbcenter\u00a0\u00bb css=\u00a0\u00bb\u00a0\u00bb link=\u00a0\u00bburl:https%3A%2F%2Frosagres.com%2Ffr%2Fespace-professionnel%2F|\u00a0\u00bb el_class=\u00a0\u00bbboton-negro\u00a0\u00bb][vc_empty_space el_class=\u00a0\u00bbno-mobile\u00a0\u00bb][\/vc_column][vc_column width=\u00a0\u00bb1\/3&Prime;][vc_single_image image=\u00a0\u00bb25838&Prime; img_size=\u00a0\u00bbfull\u00a0\u00bb css=\u00a0\u00bb\u00a0\u00bb][vc_empty_space][vc_column_text css=\u00a0\u00bb\u00a0\u00bb]<\/p>\n<p style=\"text-align: center;\"><strong>CREEZ VOS PROJETS AVEC LES OBJETS BIM DE ROSA GRES POUR LES PISCINES SPORTIVES<\/strong><\/p>\n<p style=\"text-align: center;\">Pour t\u00e9l\u00e9charger les Objets BIM de\u00a0<strong>Rosa Gres<\/strong>, il vous suffit de vous inscrire dans notre\u00a0<a href=\"https:\/\/rosagres.com\/fr\/espace-professionnel\/\" target=\"_blank\"><strong>ESPACE PROFESSIONNEL<\/strong><\/a>\u00a0Si vous le souhaitez, notre \u00e9quipe technique peut vous aider \u00e0 recr\u00e9er vos designs avec nos\u00a0<a href=\"https:\/\/rosagres.com\/fr\/espace-professionnel\/\" target=\"_blank\"><strong>OBJETS BIM<\/strong><\/a>\u00a0: consultez-nous.<\/p>\n<p>[\/vc_column_text][vc_empty_space height=\u00a0\u00bb12px\u00a0\u00bb][vc_btn title=\u00a0\u00bbACCEDER A L\u2019ESPACE PROFESSIONNEL\u00a0\u00bb style=\u00a0\u00bbflat\u00a0\u00bb color=\u00a0\u00bbblack\u00a0\u00bb align=\u00a0\u00bbcenter\u00a0\u00bb css=\u00a0\u00bb\u00a0\u00bb link=\u00a0\u00bburl:https%3A%2F%2Frosagres.com%2Ffr%2Fespace-professionnel%2F|\u00a0\u00bb el_class=\u00a0\u00bbboton-negro\u00a0\u00bb][vc_empty_space el_class=\u00a0\u00bbno-mobile\u00a0\u00bb][\/vc_column][vc_column width=\u00a0\u00bb1\/3&Prime;][vc_single_image image=\u00a0\u00bb25866&Prime; img_size=\u00a0\u00bbfull\u00a0\u00bb css=\u00a0\u00bb\u00a0\u00bb][vc_empty_space][vc_column_text css=\u00a0\u00bb\u00a0\u00bb]<\/p>\n<p style=\"text-align: center;\"><strong>CATALOGUE ROSA POOLS : TOUTES NOS<br \/>\nSOLUTIONS POUR LES PISCINES<\/strong><\/p>\n<p style=\"text-align: center;\">Dans notre\u00a0<a href=\"https:\/\/rosagres.com\/upload\/catalogos\/catalogo-rosa-gres-sport-pools-fr.pdf\" target=\"_blank\" rel=\"noopener\">catalogue\u00a0<strong>Unique Pools \u2013 Sports Pools<\/strong><\/a>, vous trouverez l\u2019ensemble des solutions et des\u00a0<a href=\"https:\/\/rosagres.com\/fr\/sols-gres-cerame\/couleurs\/\" target=\"_blank\">coloris des gr\u00e8s c\u00e9rame\u00a0<strong>Rosa Gres<\/strong>\u00a0pour piscines<\/a>. Le catalogue comprend des explications d\u00e9taill\u00e9es, des sch\u00e9mas et de nombreux exemples visuels.<\/p>\n<p>[\/vc_column_text][vc_empty_space height=\u00a0\u00bb30px\u00a0\u00bb][vc_btn title=\u00a0\u00bbT\u00c9L\u00c9CHARGEZ ROSA POOLS\u00a0\u00bb style=\u00a0\u00bbflat\u00a0\u00bb color=\u00a0\u00bbblack\u00a0\u00bb align=\u00a0\u00bbcenter\u00a0\u00bb css=\u00a0\u00bb\u00a0\u00bb link=\u00a0\u00bburl:https%3A%2F%2Frosagres.com%2Fupload%2Fcatalogos%2Fcatalogo-rosa-gres-sport-pools-fr.pdf|\u00a0\u00bb el_class=\u00a0\u00bbboton-negro\u00a0\u00bb][vc_empty_space el_class=\u00a0\u00bbno-mobile\u00a0\u00bb][\/vc_column][\/vc_row][vc_row full_width=\u00a0\u00bbstretch_row\u00a0\u00bb css=\u00a0\u00bb.vc_custom_1723978321641{background-color: #f9f9f9 !important;}\u00a0\u00bb][vc_column][vc_empty_space height=\u00a0\u00bb42px\u00a0\u00bb el_class=\u00a0\u00bbno-mobile\u00a0\u00bb][vc_empty_space height=\u00a0\u00bb12px\u00a0\u00bb el_class=\u00a0\u00bbmobile\u00a0\u00bb][vc_column_text css=\u00a0\u00bb\u00a0\u00bb]<\/p>\n<h2 style=\"text-align: center;\">AQUA : LA COLLECTION CON\u00c7UE POUR LES PISCINES SPORTIVES ET DE COMPETITION<\/h2>\n<p>[\/vc_column_text][vc_empty_space height=\u00a0\u00bb12px\u00a0\u00bb][vc_row_inner el_disable_mobile=\u00a0\u00bb1&Prime; css=\u00a0\u00bb.vc_custom_1723980984037{background-image: url(https:\/\/rosagres.com\/wp-content\/uploads\/2024\/08\/5-piscina-deportiva-portada-aqua-rosa-gres.jpg?id=481) !important;background-position: center !important;background-repeat: no-repeat !important;background-size: cover !important;}\u00a0\u00bb][vc_column_inner width=\u00a0\u00bb1\/6&Prime;][\/vc_column_inner][vc_column_inner width=\u00a0\u00bb1\/12&Prime;][\/vc_column_inner][vc_column_inner width=\u00a0\u00bb1\/3&Prime;][vc_empty_space height=\u00a0\u00bb400px\u00a0\u00bb][\/vc_column_inner][vc_column_inner width=\u00a0\u00bb1\/3&Prime; css=\u00a0\u00bb.vc_custom_1723979417328{margin-top: 30px !important;background-color: rgba(255,255,255,0.81) !important;*background-color: rgb(255,255,255) !important;}\u00a0\u00bb][vc_column_text css=\u00a0\u00bb.vc_custom_1734549329038{padding-top: 31px !important;padding-right: 20px !important;padding-bottom: 31px !important;padding-left: 20px !important;}\u00a0\u00bb]<\/p>\n<p style=\"text-align: center;\"><strong>Aqua est la solution Rosa Gres con\u00e7ue pour le rev\u00eatement total des piscines de comp\u00e9tition. Elle comprend tous les \u00e9l\u00e9ments n\u00e9cessaires pour r\u00e9aliser toute la piscine, depuis son pourtour jusqu\u2019\u00e0 son bassin. Sa conception et sa fabrication sont conformes aux <br class=\"mobile\" \/>normes les plus strictes en vigueur <br class=\"mobile\" \/>dans notre secteur.<\/strong><\/p>\n<p>[\/vc_column_text][vc_btn title=\u00a0\u00bbVOIR LES PROJETS\u00a0\u00bb style=\u00a0\u00bbflat\u00a0\u00bb color=\u00a0\u00bbblack\u00a0\u00bb align=\u00a0\u00bbcenter\u00a0\u00bb css=\u00a0\u00bb\u00a0\u00bb link=\u00a0\u00bburl:https%3A%2F%2Frosagres.com%2Fapp%2Ffr%2Fpiscines%2Fpar_type%2Fpiscine-sportive|\u00a0\u00bb el_class=\u00a0\u00bbboton-negro\u00a0\u00bb][\/vc_column_inner][vc_column_inner width=\u00a0\u00bb1\/12&Prime;][\/vc_column_inner][\/vc_row_inner][vc_row_inner el_disable_desktop=\u00a0\u00bb1&Prime; el_disable_tablet=\u00a0\u00bb1&Prime; css=\u00a0\u00bb.vc_custom_1723980997725{background-position: center !important;background-repeat: no-repeat !important;background-size: cover !important;}\u00a0\u00bb][vc_column_inner][vc_single_image image=\u00a0\u00bb25840&Prime; img_size=\u00a0\u00bbfull\u00a0\u00bb css=\u00a0\u00bb\u00a0\u00bb][vc_column_text css=\u00a0\u00bb.vc_custom_1723981047280{padding-top: 11px !important;padding-bottom: 11px !important;}\u00a0\u00bb]<\/p>\n<p style=\"text-align: center;\"><strong>Aqua est la solution Rosa Gres con\u00e7ue pour le rev\u00eatement total des piscines de comp\u00e9tition. Elle comprend tous les \u00e9l\u00e9ments n\u00e9cessaires pour r\u00e9aliser toute la piscine, depuis son pourtour jusqu\u2019\u00e0 son bassin. Sa conception et sa fabrication sont conformes aux <br class=\"mobile\" \/>normes les plus strictes en vigueur <br class=\"mobile\" \/>dans notre secteur.<\/strong><\/p>\n<p>[\/vc_column_text][vc_empty_space height=\u00a0\u00bb22px\u00a0\u00bb][vc_btn title=\u00a0\u00bbVOIR LES PROJETS\u00a0\u00bb style=\u00a0\u00bbflat\u00a0\u00bb color=\u00a0\u00bbblack\u00a0\u00bb align=\u00a0\u00bbcenter\u00a0\u00bb css=\u00a0\u00bb\u00a0\u00bb link=\u00a0\u00bburl:https%3A%2F%2Frosagres.com%2Fapp%2Ffr%2Fpiscines%2Fpar_type%2Fpiscine-sportive|\u00a0\u00bb el_class=\u00a0\u00bbboton-negro\u00a0\u00bb][\/vc_column_inner][\/vc_row_inner][vc_empty_space][vc_column_text css=\u00a0\u00bb\u00a0\u00bb]<\/p>\n<h3 style=\"text-align: center;\">SYSTEMES A DEBORDEMENT POUR LES PISCINES PUBLIQUES<\/h3>\n<p>[\/vc_column_text][vc_empty_space height=\u00a0\u00bb22px\u00a0\u00bb][vc_row_inner equal_height=\u00a0\u00bbyes\u00a0\u00bb][vc_column_inner width=\u00a0\u00bb1\/3&Prime;][vc_single_image image=\u00a0\u00bb25842&Prime; img_size=\u00a0\u00bbfull\u00a0\u00bb alignment=\u00a0\u00bbcenter\u00a0\u00bb css=\u00a0\u00bb\u00a0\u00bb][vc_empty_space el_class=\u00a0\u00bbno-mobile\u00a0\u00bb][vc_empty_space height=\u00a0\u00bb12px\u00a0\u00bb el_class=\u00a0\u00bbmobile\u00a0\u00bb][vc_column_text css=\u00a0\u00bb\u00a0\u00bb]<\/p>\n<h3 style=\"text-align: center;\">FINLANDAIS<\/h3>\n<p style=\"text-align: center;\">Syst\u00e8me classique d\u2019avant-plage descendante. Les blocs S9 offrent la pente n\u00e9cessaire et servent d\u2019appui pour la grille.<\/p>\n<p>[\/vc_column_text][vc_empty_space][\/vc_column_inner][vc_column_inner width=\u00a0\u00bb1\/3&Prime;][vc_single_image image=\u00a0\u00bb25844&Prime; img_size=\u00a0\u00bbfull\u00a0\u00bb alignment=\u00a0\u00bbcenter\u00a0\u00bb css=\u00a0\u00bb\u00a0\u00bb][vc_empty_space el_class=\u00a0\u00bbno-mobile\u00a0\u00bb][vc_empty_space height=\u00a0\u00bb12px\u00a0\u00bb el_class=\u00a0\u00bbmobile\u00a0\u00bb][vc_column_text css=\u00a0\u00bb\u00a0\u00bb]<\/p>\n<h3 style=\"text-align: center;\">HORYZON<\/h3>\n<p style=\"text-align: center;\">Deux pi\u00e8ces c\u00e9ramiques de grand format qui forment une pente douce et facilitent l\u2019adh\u00e9rence de l\u2019utilisateur.<\/p>\n<p>[\/vc_column_text][vc_empty_space][\/vc_column_inner][vc_column_inner width=\u00a0\u00bb1\/3&Prime;][vc_single_image image=\u00a0\u00bb25846&Prime; img_size=\u00a0\u00bbfull\u00a0\u00bb alignment=\u00a0\u00bbcenter\u00a0\u00bb css=\u00a0\u00bb\u00a0\u00bb][vc_empty_space el_class=\u00a0\u00bbno-mobile\u00a0\u00bb][vc_empty_space height=\u00a0\u00bb12px\u00a0\u00bb el_class=\u00a0\u00bbmobile\u00a0\u00bb][vc_column_text css=\u00a0\u00bb\u00a0\u00bb]<\/p>\n<h3 style=\"text-align: center;\">ERGO<\/h3>\n<p style=\"text-align: center;\">Syst\u00e8me d\u2019avant-plage descendante constitu\u00e9 de 2 pi\u00e8ces. Le bord donne la pente de l\u2019avant-plage et sert de support pour la grille. La pi\u00e8ce arri\u00e8re c\u00f4t\u00e9 plage sert aussi de suport pour la grille.<\/p>\n<p>[\/vc_column_text][vc_empty_space height=\u00a0\u00bb12px\u00a0\u00bb][\/vc_column_inner][\/vc_row_inner][vc_row_inner equal_height=\u00a0\u00bbyes\u00a0\u00bb][vc_column_inner width=\u00a0\u00bb1\/3&Prime;][vc_single_image image=\u00a0\u00bb25848&Prime; img_size=\u00a0\u00bbfull\u00a0\u00bb alignment=\u00a0\u00bbcenter\u00a0\u00bb css=\u00a0\u00bb\u00a0\u00bb][vc_empty_space el_class=\u00a0\u00bbno-mobile\u00a0\u00bb][vc_empty_space height=\u00a0\u00bb12px\u00a0\u00bb el_class=\u00a0\u00bbmobile\u00a0\u00bb][vc_column_text css=\u00a0\u00bb\u00a0\u00bb]<\/p>\n<h3 style=\"text-align: center;\">WIESBADEN<\/h3>\n<p style=\"text-align: center;\">Id\u00e9al lorsque l\u2019on dispose de peu d\u2019espace pour la plage. Parmi les nombreux avantages: co\u00fbt r\u00e9duit, garantie d\u2019\u00e9tanch\u00e9it\u00e9, grande capacit\u00e9 de canal, pose facile et large<br class=\"mobile\" \/>gamme de couleurs.<\/p>\n<p>[\/vc_column_text][vc_empty_space][\/vc_column_inner][vc_column_inner width=\u00a0\u00bb1\/3&Prime;][vc_single_image image=\u00a0\u00bb25850&Prime; img_size=\u00a0\u00bbfull\u00a0\u00bb alignment=\u00a0\u00bbcenter\u00a0\u00bb css=\u00a0\u00bb\u00a0\u00bb][vc_empty_space el_class=\u00a0\u00bbno-mobile\u00a0\u00bb][vc_empty_space height=\u00a0\u00bb12px\u00a0\u00bb el_class=\u00a0\u00bbmobile\u00a0\u00bb][vc_column_text css=\u00a0\u00bb\u00a0\u00bb]<\/p>\n<h3 style=\"text-align: center;\">ZURICH<\/h3>\n<p style=\"text-align: center;\">Pi\u00e8ce a bord arrondi pour s\u2019accrocher facilement. Le plan d\u2019eau obtenu \u00e0 2 cm au dessus de la plage environnante, est tr\u00e8s esth\u00e9tique.<\/p>\n<p>[\/vc_column_text][vc_empty_space][\/vc_column_inner][vc_column_inner width=\u00a0\u00bb1\/3&Prime;][vc_single_image image=\u00a0\u00bb25852&Prime; img_size=\u00a0\u00bbfull\u00a0\u00bb css=\u00a0\u00bb\u00a0\u00bb][vc_empty_space el_class=\u00a0\u00bbno-mobile\u00a0\u00bb][vc_empty_space height=\u00a0\u00bb12px\u00a0\u00bb el_class=\u00a0\u00bbmobile\u00a0\u00bb][vc_column_text css=\u00a0\u00bb\u00a0\u00bb]<\/p>\n<h3 style=\"text-align: center;\">AUSTRALIA A<\/h3>\n<p>[\/vc_column_text][vc_empty_space][\/vc_column_inner][\/vc_row_inner][vc_row_inner equal_height=\u00a0\u00bbyes\u00a0\u00bb][vc_column_inner width=\u00a0\u00bb1\/3&Prime;][vc_single_image image=\u00a0\u00bb25854&Prime; img_size=\u00a0\u00bbfull\u00a0\u00bb alignment=\u00a0\u00bbcenter\u00a0\u00bb css=\u00a0\u00bb\u00a0\u00bb][vc_empty_space el_class=\u00a0\u00bbno-mobile\u00a0\u00bb][vc_empty_space height=\u00a0\u00bb12px\u00a0\u00bb el_class=\u00a0\u00bbmobile\u00a0\u00bb][vc_column_text css=\u00a0\u00bb\u00a0\u00bb]<\/p>\n<h3 style=\"text-align: center;\">AUSTRALIA B<\/h3>\n<p>[\/vc_column_text][vc_empty_space][\/vc_column_inner][vc_column_inner width=\u00a0\u00bb1\/3&Prime;][vc_single_image image=\u00a0\u00bb25856&Prime; img_size=\u00a0\u00bbfull\u00a0\u00bb alignment=\u00a0\u00bbcenter\u00a0\u00bb css=\u00a0\u00bb\u00a0\u00bb][vc_empty_space el_class=\u00a0\u00bbno-mobile\u00a0\u00bb][vc_empty_space height=\u00a0\u00bb12px\u00a0\u00bb el_class=\u00a0\u00bbmobile\u00a0\u00bb][vc_column_text css=\u00a0\u00bb\u00a0\u00bb]<\/p>\n<h3 style=\"text-align: center;\">MUNICH<\/h3>\n<p>[\/vc_column_text][vc_empty_space][\/vc_column_inner][vc_column_inner width=\u00a0\u00bb1\/3&Prime;][vc_single_image image=\u00a0\u00bb25858&Prime; img_size=\u00a0\u00bbfull\u00a0\u00bb alignment=\u00a0\u00bbcenter\u00a0\u00bb css=\u00a0\u00bb\u00a0\u00bb][vc_empty_space el_class=\u00a0\u00bbno-mobile\u00a0\u00bb][vc_empty_space height=\u00a0\u00bb12px\u00a0\u00bb el_class=\u00a0\u00bbmobile\u00a0\u00bb][vc_column_text css=\u00a0\u00bb\u00a0\u00bb]<\/p>\n<h3 style=\"text-align: center;\">WIESBADEN B<\/h3>\n<p>[\/vc_column_text][vc_empty_space][\/vc_column_inner][\/vc_row_inner][\/vc_column][\/vc_row][vc_row][vc_column][vc_column_text css=\u00a0\u00bb\u00a0\u00bb el_class=\u00a0\u00bbtitulo-destacado\u00a0\u00bb]<\/p>\n<p style=\"text-align: center;\"><span style=\"color: #808080;\">D\u2019autres sujets qui peuvent aussi vous int\u00e9resser<\/span><\/p>\n<p>[\/vc_column_text][vc_empty_space][vc_row_inner][vc_column_inner width=\u00a0\u00bb1\/3&Prime;][vc_single_image image=\u00a0\u00bb25860&Prime; img_size=\u00a0\u00bbfull\u00a0\u00bb alignment=\u00a0\u00bbcenter\u00a0\u00bb onclick=\u00a0\u00bbcustom_link\u00a0\u00bb css=\u00a0\u00bb\u00a0\u00bb link=\u00a0\u00bbhttps:\/\/rosagres.com\/fr\/piscines-darcachon-france\/\u00a0\u00bb][vc_empty_space height=\u00a0\u00bb12px\u00a0\u00bb el_class=\u00a0\u00bbmobile\u00a0\u00bb][vc_empty_space el_class=\u00a0\u00bbno-mobile\u00a0\u00bb][vc_column_text css=\u00a0\u00bb\u00a0\u00bb]<\/p>\n<p style=\"text-align: center;\"><span style=\"color: #808080;\"><strong>PROJETS EN PROFONDEUR<br \/>\nPISCINES D\u2019ARCACHON, FRANCE<\/strong><\/span><\/p>\n<p>[\/vc_column_text][vc_empty_space][\/vc_column_inner][vc_column_inner width=\u00a0\u00bb1\/3&Prime;][vc_single_image image=\u00a0\u00bb25862&Prime; img_size=\u00a0\u00bbfull\u00a0\u00bb alignment=\u00a0\u00bbcenter\u00a0\u00bb onclick=\u00a0\u00bbcustom_link\u00a0\u00bb css=\u00a0\u00bb\u00a0\u00bb link=\u00a0\u00bbhttps:\/\/rosagres.com\/fr\/le-systeme-10-fait-peau-neuve\/\u00a0\u00bb][vc_empty_space height=\u00a0\u00bb12px\u00a0\u00bb el_class=\u00a0\u00bbmobile\u00a0\u00bb][vc_empty_space el_class=\u00a0\u00bbno-mobile\u00a0\u00bb][vc_column_text css=\u00a0\u00bb\u00a0\u00bb]<\/p>\n<p style=\"text-align: center;\"><span style=\"color: #808080;\"><strong>SYSTEME CONSTRUCTIF S10<br \/>\nLE SYST\u00c8ME DE CONSTRUCTION DES PISCINES PR\u00c9FABRIQU\u00c9ES EN B\u00c9TON<\/strong><\/span><\/p>\n<p>[\/vc_column_text][vc_empty_space][\/vc_column_inner][vc_column_inner width=\u00a0\u00bb1\/3&Prime;][vc_single_image image=\u00a0\u00bb25864&Prime; img_size=\u00a0\u00bbfull\u00a0\u00bb alignment=\u00a0\u00bbcenter\u00a0\u00bb onclick=\u00a0\u00bbcustom_link\u00a0\u00bb css=\u00a0\u00bb\u00a0\u00bb link=\u00a0\u00bbhttps:\/\/rosagres.com\/fr\/biostop-la-ceramique-qui-elimine-les-bacteries\/\u00a0\u00bb][vc_empty_space height=\u00a0\u00bb12px\u00a0\u00bb el_class=\u00a0\u00bbmobile\u00a0\u00bb][vc_empty_space el_class=\u00a0\u00bbno-mobile\u00a0\u00bb][vc_column_text css=\u00a0\u00bb\u00a0\u00bb]<\/p>\n<p style=\"text-align: center;\"><span style=\"color: #808080;\"><strong>BIOSTOP: LA C\u00c9RAMIQUE<br \/>\nQUI \u00c9LIMINE LES BACT\u00c9RIES<\/strong><\/span><\/p>\n<p>[\/vc_column_text][vc_empty_space][\/vc_column_inner][\/vc_row_inner][\/vc_column][\/vc_row][vc_row][vc_column][vc_empty_space][\/vc_column][\/vc_row]<\/p>\n<\/div>","protected":false},"excerpt":{"rendered":"<p>[vc_row][vc_column][vc_empty_space height=\u00a0\u00bb12px\u00a0\u00bb el_class=\u00a0\u00bbno-mobile\u00a0\u00bb][\/vc_column][\/vc_row][vc_row el_disable_mobile=\u00a0\u00bb1&Prime; css=\u00a0\u00bb.vc_custom_1723980557472{background-image: url(https:\/\/rosagres.com\/wp-content\/uploads\/2024\/08\/1-piscina-deportiva-rosa-gres.jpg?id=478) !important;background-position: center !important;background-repeat: no-repeat !important;background-size: cover !important;}\u00a0\u00bb][vc_column width=\u00a0\u00bb1\/6&Prime;][\/vc_column][vc_column width=\u00a0\u00bb1\/12&Prime;][\/vc_column][vc_column width=\u00a0\u00bb1\/3&Prime;][vc_empty_space height=\u00a0\u00bb500px\u00a0\u00bb][\/vc_column][vc_column width=\u00a0\u00bb1\/3&Prime; css=\u00a0\u00bb.vc_custom_1723979426263{margin-top: 30px&#8230;<\/p>\n","protected":false},"author":1,"featured_media":25834,"parent":0,"menu_order":0,"comment_status":"closed","ping_status":"closed","template":"","meta":{"footnotes":""},"class_list":["post-33882","page","type-page","status-publish","has-post-thumbnail"],"_links":{"self":[{"href":"https:\/\/rosagres.com\/fr\/wp-json\/wp\/v2\/pages\/33882","targetHints":{"allow":["GET"]}}],"collection":[{"href":"https:\/\/rosagres.com\/fr\/wp-json\/wp\/v2\/pages"}],"about":[{"href":"https:\/\/rosagres.com\/fr\/wp-json\/wp\/v2\/types\/page"}],"author":[{"embeddable":true,"href":"https:\/\/rosagres.com\/fr\/wp-json\/wp\/v2\/users\/1"}],"replies":[{"embeddable":true,"href":"https:\/\/rosagres.com\/fr\/wp-json\/wp\/v2\/comments?post=33882"}],"version-history":[{"count":0,"href":"https:\/\/rosagres.com\/fr\/wp-json\/wp\/v2\/pages\/33882\/revisions"}],"wp:featuredmedia":[{"embeddable":true,"href":"https:\/\/rosagres.com\/fr\/wp-json\/wp\/v2\/media\/25834"}],"wp:attachment":[{"href":"https:\/\/rosagres.com\/fr\/wp-json\/wp\/v2\/media?parent=33882"}],"curies":[{"name":"wp","href":"https:\/\/api.w.org\/{rel}","templated":true}]}}