{"id":33940,"date":"2024-08-18T17:44:02","date_gmt":"2024-08-18T15:44:02","guid":{"rendered":"https:\/\/rosagres.com\/revetements-de-sol-antiderapants-en-gres-cerame\/"},"modified":"2025-02-21T18:08:17","modified_gmt":"2025-02-21T17:08:17","slug":"revetements-de-sol-antiderapants-en-gres-cerame","status":"publish","type":"page","link":"https:\/\/rosagres.com\/fr\/revetements-de-sol-antiderapants-en-gres-cerame\/","title":{"rendered":"Rev\u00eatements de sol antid\u00e9rapants en gr\u00e8s c\u00e9rame"},"content":{"rendered":"<div class=\"wpb-content-wrapper\"><p>[vc_row][vc_column]<style>.thegem-te-post-breadcrumbs.thegem-custom-69de7ad9a38cb36 .post-breadcrumbs {justify-content: left; text-align: left;}.thegem-te-post-breadcrumbs.thegem-custom-69de7ad9a38cb36 .post-breadcrumbs ul {justify-content: left; text-align: left;}<\/style><div class=\"thegem-te-post-breadcrumbs thegem-custom-69de7ad9a38cb36\"> <div class=\"post-breadcrumbs\"><ul><li><a href=\"https:\/\/rosagres.com\/fr\/\">Accueil<\/a><\/li><\/ul><!-- .breadcrumbs --><\/div> <\/div>[vc_empty_space height=\u00a0\u00bb12px\u00a0\u00bb][\/vc_column][\/vc_row][vc_row][vc_column][vc_column_text css=\u00a0\u00bb\u00a0\u00bb el_class=\u00a0\u00bbh2-destacado titulo-destacado\u00a0\u00bb]<\/p>\n<h2 style=\"text-align: center;\"><span style=\"color: #4cbfb9;\">Plus de 40 ans d\u2019exp\u00e9rience dans <br class=\"mobile\">les sols ext\u00e9rieurs<\/span><\/h2>\n<p class=\"p1\" style=\"text-align: center;\">Rosa Gres fabrique l\u2019un des rev\u00eatements de sol <br class=\"no-mobile\" \/>antid\u00e9rapants en\u00a0<strong><a href=\"https:\/\/rosagres.com\/fr\/gres-cerame\/\" target=\"_blank\">gr\u00e8s c\u00e9rame<\/a><\/strong>\u00a0les plus s\u00fbrs du march\u00e9. <br class=\"no-mobile\" \/>C\u2019est un mat\u00e9riau agr\u00e9able au toucher et <br class=\"mobile\">facile \u00e0 nettoyer.<\/p>\n<p>[\/vc_column_text][vc_empty_space][vc_btn title=\u00a0\u00bbTrouvez votre revendeur\u00a0\u00bb style=\u00a0\u00bbflat\u00a0\u00bb color=\u00a0\u00bbblack\u00a0\u00bb size=\u00a0\u00bblg\u00a0\u00bb align=\u00a0\u00bbcenter\u00a0\u00bb css=\u00a0\u00bb\u00a0\u00bb link=\u00a0\u00bburl:https%3A%2F%2Frosagres.com%2Ffr%2Fcontact%2Ftrouvez-votre-revendeur%2F|\u00a0\u00bb el_class=\u00a0\u00bbboton-negro\u00a0\u00bb][\/vc_column][\/vc_row][vc_row full_width=\u00a0\u00bbstretch_row_content_no_spaces\u00a0\u00bb][vc_column][vc_single_image image=\u00a0\u00bb25986&Prime; img_size=\u00a0\u00bbfull\u00a0\u00bb css=\u00a0\u00bb\u00a0\u00bb][\/vc_column][\/vc_row][vc_row][vc_column][vc_empty_space][vc_column_text css=\u00a0\u00bb\u00a0\u00bb el_class=\u00a0\u00bbh2-destacado titulo-destacado\u00a0\u00bb]<\/p>\n<h2 style=\"text-align: center;\"><span style=\"color: #4cbfb9;\">Comment fonctionne la finition antid\u00e9rapante de Rosa Gres ?<\/span><\/h2>\n<p class=\"p1\" style=\"text-align: center;\">Lorsque vous marchez sur le rev\u00eatement mouill\u00e9, <br class=\"no-mobile\" \/>il se produit un effet de succion et d\u2019adh\u00e9rence <br class=\"no-mobile\" \/>au sol qui vous emp\u00eache <br class=\"mobile\">de glisser.<\/p>\n<p>[\/vc_column_text][vc_empty_space][\/vc_column][\/vc_row][vc_row full_width=\u00a0\u00bbstretch_row_content_no_spaces\u00a0\u00bb][vc_column][vc_single_image image=\u00a0\u00bb25972&Prime; img_size=\u00a0\u00bbfull\u00a0\u00bb css=\u00a0\u00bb\u00a0\u00bb][\/vc_column][\/vc_row][vc_row][vc_column][vc_empty_space][vc_column_text css=\u00a0\u00bb\u00a0\u00bb el_class=\u00a0\u00bbh2-destacado titulo-destacado\u00a0\u00bb]<\/p>\n<h2 style=\"text-align: center;\"><span style=\"color: #4cbfb9;\">Le rev\u00eatement de sol antid\u00e9rapant pour les piscines<\/span><\/h2>\n<p class=\"p1\" style=\"text-align: center;\">Pour une s\u00e9curit\u00e9 maximale lorsque vous marchez sur des sols <br class=\"no-mobile\" \/>mouill\u00e9s, il est indispensable de pr\u00e9voir une finition antid\u00e9rapante <br class=\"no-mobile\" \/>sur le bord de la piscine et ses zones environnantes.\u00a0 Tous les coloris\u00a0<br class=\"no-mobile\" \/>de Rosa Gres sont id\u00e9aux pour un\u00a0<strong><a href=\"https:\/\/rosagres.com\/fr\/piscines-gres-cerame\/\" target=\"_blank\">rev\u00eatement de piscine<\/a> <\/strong>et sont <br class=\"no-mobile\" \/>\u00a0fabriqu\u00e9es avec notre finition antid\u00e9rapante confortable.<\/p>\n<p>[\/vc_column_text][vc_empty_space][\/vc_column][\/vc_row][vc_row full_width=\u00a0\u00bbstretch_row_content_no_spaces\u00a0\u00bb][vc_column][vc_single_image image=\u00a0\u00bb25974&Prime; img_size=\u00a0\u00bbfull\u00a0\u00bb css=\u00a0\u00bb\u00a0\u00bb][\/vc_column][\/vc_row][vc_row][vc_column][vc_empty_space][vc_column_text css=\u00a0\u00bb\u00a0\u00bb el_class=\u00a0\u00bbh2-destacado titulo-destacado\u00a0\u00bb]<\/p>\n<h2 style=\"text-align: center;\"><span style=\"color: #4cbfb9;\">Escaliers : le mariage de la s\u00e9curit\u00e9 et de la beaut\u00e9<\/span><\/h2>\n<p class=\"p1\" style=\"text-align: center;\">Chez Rosa Gres, vous <br class=\"mobile\">trouverez diff\u00e9rents mod\u00e8les de <strong><a href=\"https:\/\/rosagres.com\/fr\/sols-gres-cerame\/pieces-de-finition\/\" target=\"_blank\">marches<\/a><\/strong>, toujours avec notre finition antid\u00e9rapante exclusive. <br class=\"no-mobile\" \/>Les marches sont d\u00e9clin\u00e9es dans toutes les couleurs et textures.<\/p>\n<p>[\/vc_column_text][vc_empty_space][\/vc_column][\/vc_row][vc_row full_width=\u00a0\u00bbstretch_row_content_no_spaces\u00a0\u00bb][vc_column][vc_single_image image=\u00a0\u00bb25976&Prime; img_size=\u00a0\u00bbfull\u00a0\u00bb css=\u00a0\u00bb\u00a0\u00bb][\/vc_column][\/vc_row][vc_row full_width=\u00a0\u00bbstretch_row\u00a0\u00bb css=\u00a0\u00bb.vc_custom_1723995704971{margin-top: -20px !important;margin-bottom: 0px !important;padding-top: 20px !important;padding-bottom: 40px !important;background-color: #00bfab !important;}\u00a0\u00bb][vc_column][vc_column_text css=\u00a0\u00bb\u00a0\u00bb el_class=\u00a0\u00bbh2-destacado\u00a0\u00bb]<\/p>\n<h2 class=\"p1\" style=\"text-align: center;\"><span class=\"s1\" style=\"color: #ffffff;\"><b>Conseils pour choisir un sol antid\u00e9rapant<\/b><\/span><\/h2>\n<p>[\/vc_column_text][\/vc_column][\/vc_row][vc_row full_width=\u00a0\u00bbstretch_row_content_no_spaces\u00a0\u00bb][vc_column][vc_single_image image=\u00a0\u00bb25978&Prime; img_size=\u00a0\u00bbfull\u00a0\u00bb css=\u00a0\u00bb\u00a0\u00bb][\/vc_column][\/vc_row][vc_row][vc_column][vc_empty_space][vc_column_text css=\u00a0\u00bb\u00a0\u00bb el_class=\u00a0\u00bbh2-destacado parrafo-principal\u00a0\u00bb]<\/p>\n<h2 style=\"text-align: center;\">O\u00f9 installer une finition antid\u00e9rapante et pourquoi ?<\/h2>\n<p class=\"p1\" style=\"text-align: center;\">Nous recommandons un rev\u00eatement de sol antid\u00e9rapant pour les\u00a0<a href=\"https:\/\/rosagres.com\/fr\/piscines-gres-cerame\/\" target=\"_blank\"><strong>piscines<\/strong><\/a>, <br class=\"no-mobile\" \/>les\u00a0<a href=\"https:\/\/rosagres.com\/fr\/terrasses-et-revetements-de-sol-exterieurs\/\" target=\"_blank\"><strong>terrasses<\/strong><\/a> et les\u00a0<a href=\"https:\/\/rosagres.com\/fr\/categorie-produit\/pieces-finition\/\" target=\"_blank\"><strong>escaliers<\/strong><\/a>. <br class=\"mobile\"><br class=\"mobile\">\u00c0 l\u2019ext\u00e9rieur, la pluie, la neige, le gel et l\u2019eau de la\u00a0<br class=\"no-mobile\" \/>piscine ou des arrosages mouillent le sol et peuvent provoquer des glissades. La finition antid\u00e9rapante s\u00e9curise vos d\u00e9placements et vous prot\u00e8ge contre les chutes \u00e9ventuelles.<\/p>\n<p>[\/vc_column_text][vc_empty_space][\/vc_column][\/vc_row][vc_row full_width=\u00a0\u00bbstretch_row_content_no_spaces\u00a0\u00bb][vc_column][vc_single_image image=\u00a0\u00bb25980&Prime; img_size=\u00a0\u00bbfull\u00a0\u00bb css=\u00a0\u00bb\u00a0\u00bb][\/vc_column][\/vc_row][vc_row][vc_column][vc_empty_space][vc_column_text css=\u00a0\u00bb\u00a0\u00bb el_class=\u00a0\u00bbh2-destacado parrafo-principal\u00a0\u00bb]<\/p>\n<h2 style=\"text-align: center;\">Dois-je installer un rev\u00eatement antid\u00e9rapant dans une zone couverte ?<\/h2>\n<p class=\"p1\" style=\"text-align: center;\">Sur les terrasses couvertes o\u00f9 le sol est g\u00e9n\u00e9ralement maintenu au sec et <br class=\"no-mobile\" \/>o\u00f9 l\u2019on ne peut pas acc\u00e9der avec les pieds mouill\u00e9s, un sol \u00e0 finition lisse peut <br class=\"no-mobile\" \/>\u00eatre install\u00e9. Si vous renversez des liquides ou toute autre substance glissante, <br class=\"no-mobile\" \/>nettoyez et s\u00e9chez imm\u00e9diatement le sol pour \u00e9viter tout d\u00e9rapage.<\/p>\n<p>[\/vc_column_text][vc_empty_space][\/vc_column][\/vc_row][vc_row full_width=\u00a0\u00bbstretch_row\u00a0\u00bb css=\u00a0\u00bb.vc_custom_1723995724031{margin-top: -20px !important;margin-bottom: 0px !important;padding-top: 20px !important;padding-bottom: 40px !important;background-color: #00bfab !important;}\u00a0\u00bb][vc_column][vc_column_text css=\u00a0\u00bb\u00a0\u00bb el_class=\u00a0\u00bbh2-destacado\u00a0\u00bb]<\/p>\n<h2 class=\"p1\" style=\"text-align: center;\"><span class=\"s1\" style=\"color: #ffffff;\"><b>Tendances : un design \u00e0 la coordination totale<br \/>\nCombinez les finitions lisses et antid\u00e9rapantes<br \/>\net cr\u00e9ez un style 100 % personnalis\u00e9.<\/b><\/span><\/h2>\n<p>[\/vc_column_text][\/vc_column][\/vc_row][vc_row full_width=\u00a0\u00bbstretch_row_content_no_spaces\u00a0\u00bb][vc_column][vc_single_image image=\u00a0\u00bb25982&Prime; img_size=\u00a0\u00bbfull\u00a0\u00bb css=\u00a0\u00bb\u00a0\u00bb][\/vc_column][\/vc_row][vc_row full_width=\u00a0\u00bbstretch_row\u00a0\u00bb css=\u00a0\u00bb.vc_custom_1723995739874{margin-top: -20px !important;margin-bottom: 0px !important;padding-top: 20px !important;padding-bottom: 40px !important;background-color: #00bfab !important;}\u00a0\u00bb][vc_column][vc_column_text css=\u00a0\u00bb\u00a0\u00bb el_class=\u00a0\u00bbh2-destacado\u00a0\u00bb]<\/p>\n<h2 class=\"p1\" style=\"text-align: center;\"><span class=\"s1\" style=\"color: #ffffff;\"><b>D\u00c9COUVREZ LE DESIGN <br class=\"mobile\">IN ET OUT<\/b><\/span><\/h2>\n<p>[\/vc_column_text][vc_empty_space height=\u00a0\u00bb22px\u00a0\u00bb][vc_btn title=\u00a0\u00bbEN SAVOIR PLUS\u00a0\u00bb style=\u00a0\u00bbflat\u00a0\u00bb color=\u00a0\u00bbwhite\u00a0\u00bb size=\u00a0\u00bblg\u00a0\u00bb align=\u00a0\u00bbcenter\u00a0\u00bb css=\u00a0\u00bb\u00a0\u00bb link=\u00a0\u00bburl:https%3A%2F%2Frosagres.com%2Ffr%2Fin-out-design-coordination-de-linterieur-et-de-lexterieur-interieurs-et-escaliers%2F|\u00a0\u00bb el_class=\u00a0\u00bbboton-negro\u00a0\u00bb][\/vc_column][\/vc_row][vc_row full_width=\u00a0\u00bbstretch_row_content_no_spaces\u00a0\u00bb][vc_column][vc_single_image image=\u00a0\u00bb25984&Prime; img_size=\u00a0\u00bbfull\u00a0\u00bb css=\u00a0\u00bb\u00a0\u00bb][\/vc_column][\/vc_row][vc_row full_width=\u00a0\u00bbstretch_row\u00a0\u00bb css=\u00a0\u00bb.vc_custom_1723995731627{margin-top: -20px !important;margin-bottom: 0px !important;padding-top: 20px !important;padding-bottom: 40px !important;background-color: #00bfab !important;}\u00a0\u00bb][vc_column][vc_column_text css=\u00a0\u00bb\u00a0\u00bb el_class=\u00a0\u00bbh2-destacado\u00a0\u00bb]<\/p>\n<h2 class=\"p1\" style=\"text-align: center;\"><span class=\"s1\" style=\"color: #ffffff;\"><b>La gamme de <br class=\"mobile\">couleurs antid\u00e9rapantes <br class=\"no-mobile\">de Rosa Gres pour votre maison, votre piscine et votre terrasse<\/b><\/span><\/h2>\n<p>[\/vc_column_text][vc_empty_space height=\u00a0\u00bb22px\u00a0\u00bb][vc_btn title=\u00a0\u00bbVOIR LES COLORIS ANTID\u00c9RAPANTS DE ROSA GRES\u00a0\u00bb style=\u00a0\u00bbflat\u00a0\u00bb color=\u00a0\u00bbwhite\u00a0\u00bb size=\u00a0\u00bblg\u00a0\u00bb align=\u00a0\u00bbcenter\u00a0\u00bb css=\u00a0\u00bb\u00a0\u00bb link=\u00a0\u00bburl:https%3A%2F%2Frosagres.com%2Ffr%2Fsols-gres-cerame%2Fcouleurs%2F|\u00a0\u00bb el_class=\u00a0\u00bbboton-negro\u00a0\u00bb][\/vc_column][\/vc_row][vc_row text_source=\u00a0\u00bbcustom_text\u00a0\u00bb text=\u00a0\u00bbENCUENTRA TU POOL PARTNER\u00a0\u00bb post_type=\u00a0\u00bbpost\u00a0\u00bb link_type=\u00a0\u00bbcustom\u00a0\u00bb link_dynamic=\u00a0\u00bbcustom_fields\u00a0\u00bb link_target=\u00a0\u00bb\u00a0\u00bb link_nofollow=\u00a0\u00bb\u00a0\u00bb position=\u00a0\u00bbcenter\u00a0\u00bb style=\u00a0\u00bbflat\u00a0\u00bb corner=\u00a0\u00bb3&Prime; size=\u00a0\u00bbmedium\u00a0\u00bb size_tablet=\u00a0\u00bb\u00a0\u00bb size_mobile=\u00a0\u00bb\u00a0\u00bb text_style=\u00a0\u00bb\u00a0\u00bb text_weight=\u00a0\u00bbnormal\u00a0\u00bb text_transform=\u00a0\u00bb\u00a0\u00bb no_uppercase=\u00a0\u00bb\u00a0\u00bb border=\u00a0\u00bb2&Prime; gradient_backgound=\u00a0\u00bb\u00a0\u00bb gradient_backgound_style=\u00a0\u00bblinear\u00a0\u00bb gradient_radial_backgound_position=\u00a0\u00bbat top\u00a0\u00bb gradient_radial_swap_colors=\u00a0\u00bb\u00a0\u00bb gradient_backgound_angle=\u00a0\u00bbto bottom\u00a0\u00bb separator=\u00a0\u00bb\u00a0\u00bb icon_source=\u00a0\u00bb\u00a0\u00bb icon_pack=\u00a0\u00bbelegant\u00a0\u00bb icon_position=\u00a0\u00bbleft\u00a0\u00bb effects_enabled=\u00a0\u00bb\u00a0\u00bb effects_enabled_name=\u00a0\u00bbdefault\u00a0\u00bb link=\u00a0\u00bburl:https%3A%2F%2Frosagres.com%2Fcontacto%2Fencuentra-tu-pool-partner%2F\u00a0\u00bb manual_input_select_field=\u00a0\u00bb\u00a0\u00bb manual_input_link_select=\u00a0\u00bb\u00a0\u00bb size_head=\u00a0\u00bb\u00a0\u00bb text_head=\u00a0\u00bb\u00a0\u00bb letter_spacing=\u00a0\u00bb\u00a0\u00bb text_size_head=\u00a0\u00bb\u00a0\u00bb text_size=\u00a0\u00bb\u00a0\u00bb text_size_tablet=\u00a0\u00bb\u00a0\u00bb text_size_mobile=\u00a0\u00bb\u00a0\u00bb colors_head=\u00a0\u00bb\u00a0\u00bb text_color=\u00a0\u00bb\u00a0\u00bb background_color=\u00a0\u00bb\u00a0\u00bb border_color=\u00a0\u00bb\u00a0\u00bb hover_colors_head=\u00a0\u00bb\u00a0\u00bb hover_text_color=\u00a0\u00bb\u00a0\u00bb hover_background_color=\u00a0\u00bb\u00a0\u00bb hover_border_color=\u00a0\u00bb\u00a0\u00bb gradient_colors_head=\u00a0\u00bb\u00a0\u00bb gradient_backgound_from=\u00a0\u00bb\u00a0\u00bb gradient_backgound_to=\u00a0\u00bb\u00a0\u00bb gradient_backgound_hover_from=\u00a0\u00bb\u00a0\u00bb gradient_backgound_hover_to=\u00a0\u00bb\u00a0\u00bb gradient_backgound_cusotom_deg=\u00a0\u00bb\u00a0\u00bb separator_weight=\u00a0\u00bb\u00a0\u00bb extra_class=\u00a0\u00bb\u00a0\u00bb id=\u00a0\u00bb\u00a0\u00bb icon_image_file=\u00a0\u00bb\u00a0\u00bb icon_elegant=\u00a0\u00bb\u00a0\u00bb icon_material=\u00a0\u00bb\u00a0\u00bb icon_fontawesome=\u00a0\u00bb\u00a0\u00bb icon_thegem_header=\u00a0\u00bb\u00a0\u00bb padding_head=\u00a0\u00bb\u00a0\u00bb padding_left_head=\u00a0\u00bb\u00a0\u00bb padding_left=\u00a0\u00bb\u00a0\u00bb padding_left_tablet=\u00a0\u00bb\u00a0\u00bb padding_left_mobile=\u00a0\u00bb\u00a0\u00bb padding_right_head=\u00a0\u00bb\u00a0\u00bb padding_right=\u00a0\u00bb\u00a0\u00bb padding_right_tablet=\u00a0\u00bb\u00a0\u00bb padding_right_mobile=\u00a0\u00bb\u00a0\u00bb margin_head=\u00a0\u00bb\u00a0\u00bb margin_desktop_head=\u00a0\u00bb\u00a0\u00bb margin_left=\u00a0\u00bb\u00a0\u00bb margin_right=\u00a0\u00bb\u00a0\u00bb margin_top=\u00a0\u00bb\u00a0\u00bb margin_bottom=\u00a0\u00bb\u00a0\u00bb margin_tablet_head=\u00a0\u00bb\u00a0\u00bb margin_left_tablet=\u00a0\u00bb\u00a0\u00bb margin_right_tablet=\u00a0\u00bb\u00a0\u00bb margin_top_tablet=\u00a0\u00bb\u00a0\u00bb margin_bottom_tablet=\u00a0\u00bb\u00a0\u00bb margin_mobile_head=\u00a0\u00bb\u00a0\u00bb margin_left_mobile=\u00a0\u00bb\u00a0\u00bb margin_right_mobile=\u00a0\u00bb\u00a0\u00bb margin_top_mobile=\u00a0\u00bb\u00a0\u00bb margin_bottom_mobile=\u00a0\u00bb\u00a0\u00bb effects_enabled_duration=\u00a0\u00bb\u00a0\u00bb effects_enabled_timing_function=\u00a0\u00bb\u00a0\u00bb][vc_column][vc_empty_space][vc_btn title=\u00a0\u00bbTrouvez votre revendeur\u00a0\u00bb style=\u00a0\u00bbflat\u00a0\u00bb color=\u00a0\u00bbblack\u00a0\u00bb size=\u00a0\u00bblg\u00a0\u00bb align=\u00a0\u00bbcenter\u00a0\u00bb css=\u00a0\u00bb\u00a0\u00bb link=\u00a0\u00bburl:https%3A%2F%2Frosagres.com%2Ffr%2Fcontact%2Ftrouvez-votre-revendeur%2F|\u00a0\u00bb el_class=\u00a0\u00bbboton-negro\u00a0\u00bb][vc_empty_space][\/vc_column][\/vc_row]<\/p>\n<\/div>","protected":false},"excerpt":{"rendered":"<p>[vc_row][vc_column][vc_empty_space height=\u00a0\u00bb12px\u00a0\u00bb][\/vc_column][\/vc_row][vc_row][vc_column][vc_column_text css=\u00a0\u00bb\u00a0\u00bb el_class=\u00a0\u00bbh2-destacado titulo-destacado\u00a0\u00bb] Plus de 40 ans d\u2019exp\u00e9rience dans les sols ext\u00e9rieurs Rosa Gres fabrique l\u2019un des rev\u00eatements&#8230;<\/p>\n","protected":false},"author":1,"featured_media":25972,"parent":0,"menu_order":0,"comment_status":"closed","ping_status":"closed","template":"","meta":{"footnotes":""},"class_list":["post-33940","page","type-page","status-publish","has-post-thumbnail"],"_links":{"self":[{"href":"https:\/\/rosagres.com\/fr\/wp-json\/wp\/v2\/pages\/33940","targetHints":{"allow":["GET"]}}],"collection":[{"href":"https:\/\/rosagres.com\/fr\/wp-json\/wp\/v2\/pages"}],"about":[{"href":"https:\/\/rosagres.com\/fr\/wp-json\/wp\/v2\/types\/page"}],"author":[{"embeddable":true,"href":"https:\/\/rosagres.com\/fr\/wp-json\/wp\/v2\/users\/1"}],"replies":[{"embeddable":true,"href":"https:\/\/rosagres.com\/fr\/wp-json\/wp\/v2\/comments?post=33940"}],"version-history":[{"count":0,"href":"https:\/\/rosagres.com\/fr\/wp-json\/wp\/v2\/pages\/33940\/revisions"}],"wp:featuredmedia":[{"embeddable":true,"href":"https:\/\/rosagres.com\/fr\/wp-json\/wp\/v2\/media\/25972"}],"wp:attachment":[{"href":"https:\/\/rosagres.com\/fr\/wp-json\/wp\/v2\/media?parent=33940"}],"curies":[{"name":"wp","href":"https:\/\/api.w.org\/{rel}","templated":true}]}}