{"id":33989,"date":"2024-08-18T22:09:38","date_gmt":"2024-08-18T20:09:38","guid":{"rendered":"https:\/\/rosagres.com\/goulotte-de-drainage-en-gres-cerame\/"},"modified":"2025-02-21T19:14:46","modified_gmt":"2025-02-21T18:14:46","slug":"goulotte-de-drainage-en-gres-cerame","status":"publish","type":"page","link":"https:\/\/rosagres.com\/fr\/goulotte-de-drainage-en-gres-cerame\/","title":{"rendered":"Goulotte de drainage en gr\u00e8s c\u00e9rame"},"content":{"rendered":"<div class=\"wpb-content-wrapper\"><p>[vc_row][vc_column][vc_column_text]&lt;br class=\u00a0\u00bbmobile\u00a0\u00bb&gt;[\/vc_column_text][\/vc_column][\/vc_row][vc_row][vc_column]<style>.thegem-te-post-breadcrumbs.thegem-custom-69e3ad9d7cd974176 .post-breadcrumbs {justify-content: left; text-align: left;}.thegem-te-post-breadcrumbs.thegem-custom-69e3ad9d7cd974176 .post-breadcrumbs ul {justify-content: left; text-align: left;}<\/style><div class=\"thegem-te-post-breadcrumbs thegem-custom-69e3ad9d7cd974176\"> <div class=\"post-breadcrumbs\"><ul><li><a href=\"https:\/\/rosagres.com\/fr\/\">Accueil<\/a><\/li><\/ul><!-- .breadcrumbs --><\/div> <\/div>[vc_empty_space][\/vc_column][\/vc_row][vc_row][vc_column][vc_column_text css=\u00a0\u00bb\u00a0\u00bb el_class=\u00a0\u00bbh2-destacado\u00a0\u00bb]<\/p>\n<h2 style=\"text-align: center; color: #df7a90;\">La goulotte de drainage id\u00e9ale pour les terrasses et les ext\u00e9rieurs<\/h2>\n<p>[\/vc_column_text][\/vc_column][\/vc_row][vc_row][vc_column][vc_single_image image=\u00a0\u00bb25996&Prime; img_size=\u00a0\u00bbfull\u00a0\u00bb alignment=\u00a0\u00bbcenter\u00a0\u00bb css=\u00a0\u00bb\u00a0\u00bb][vc_empty_space height=\u00a0\u00bb42px\u00a0\u00bb][\/vc_column][\/vc_row][vc_row full_width=\u00a0\u00bbstretch_row\u00a0\u00bb css=\u00a0\u00bb.vc_custom_1724010033466{margin-top: -20px !important;padding-top: 20px !important;padding-bottom: 40px !important;background-color: #df7a90 !important;}\u00a0\u00bb][vc_column][vc_column_text css=\u00a0\u00bb\u00a0\u00bb el_class=\u00a0\u00bbh2-destacado-3&Prime;]<\/p>\n<p class=\"p1\" style=\"text-align: center;\"><span class=\"s1\" style=\"color: #ffffff;\">Un syst\u00e8me de drainage id\u00e9al pour les <a style=\"color: #ffffff;\" href=\"https:\/\/rosagres.com\/fr\/terrasses-et-revetements-de-sol-exterieurs\/\" target=\"_blank\"><span style=\"color: #ffffff;\">sols ext\u00e9rieurs<\/span><\/a><\/span><\/p>\n<p class=\"p1\" style=\"text-align: center;\"><span class=\"s1\" style=\"color: #ffffff;\">Assure une \u00e9vacuation de l\u2019eau r\u00e9guli\u00e8re et s\u00fbre<\/span><\/p>\n<p class=\"p1\" style=\"text-align: center;\"><span class=\"s1\" style=\"color: #ffffff;\">Il s&rsquo;int\u00e8gre parfaitement au rev\u00eatement de sol de la m\u00eame couleur<\/span><\/p>\n<p>[\/vc_column_text][vc_empty_space][vc_btn title=\u00a0\u00bbTrouvez votre revendeur\u00a0\u00bb style=\u00a0\u00bbflat\u00a0\u00bb color=\u00a0\u00bbwhite\u00a0\u00bb size=\u00a0\u00bblg\u00a0\u00bb align=\u00a0\u00bbcenter\u00a0\u00bb css=\u00a0\u00bb\u00a0\u00bb link=\u00a0\u00bburl:https%3A%2F%2Frosagres.com%2Ffr%2Fcontact%2Ftrouvez-votre-revendeur%2F|\u00a0\u00bb el_class=\u00a0\u00bbboton-negro\u00a0\u00bb][\/vc_column][\/vc_row][vc_row gap=\u00a0\u00bb1&Prime;][vc_column][vc_column_text css=\u00a0\u00bb\u00a0\u00bb el_class=\u00a0\u00bbh2-destacado\u00a0\u00bb]<\/p>\n<h2 style=\"text-align: center; color: #df7a90;\">Pourquoi choisir la goulotte en gr\u00e8s c\u00e9rame de Rosa Gres ?<\/h2>\n<p>[\/vc_column_text][vc_empty_space el_class=\u00a0\u00bbno-mobile\u00a0\u00bb][vc_empty_space height=\u00a0\u00bb12px\u00a0\u00bb el_class=\u00a0\u00bbmobile\u00a0\u00bb][vc_row_inner equal_height=\u00a0\u00bbyes\u00a0\u00bb content_placement=\u00a0\u00bbtop\u00a0\u00bb gap=\u00a0\u00bb15&Prime;][vc_column_inner width=\u00a0\u00bb1\/3&Prime; css=\u00a0\u00bb.vc_custom_1724010391589{background-color: #f9f9fa !important;}\u00a0\u00bb][vc_column_text css=\u00a0\u00bb.vc_custom_1724010245327{padding-top: 40px !important;padding-right: 20px !important;padding-bottom: 40px !important;padding-left: 20px !important;background-color: #f9f9fa !important;}\u00a0\u00bb]<\/p>\n<h3 class=\"p1\" style=\"text-align: center;\"><span style=\"color: #df7a90;\">S\u00e9curit\u00e9 et protection<\/span><\/h3>\n<p class=\"p1\" style=\"text-align: center;\">L\u2019efficacit\u00e9 du syst\u00e8me de drainage et la r\u00e9sistance du\u00a0<strong><span style=\"color: #000000;\"><a style=\"color: #000000;\" href=\"https:\/\/rosagres.com\/fr\/gres-cerame\/\" target=\"_blank\">gr\u00e8s c\u00e9rame<\/a><\/span><\/strong>\u00a0sont une v\u00e9ritable garantie de protection pour les\u00a0<span style=\"color: #000000;\"><a style=\"color: #000000;\" href=\"https:\/\/rosagres.com\/fr\/terrasses-et-revetements-de-sol-exterieurs\/\" target=\"_blank\">sols des terrasses et des espaces ext\u00e9rieurs<\/a><\/span>.<\/p>\n<p>[\/vc_column_text][vc_empty_space][\/vc_column_inner][vc_column_inner width=\u00a0\u00bb1\/3&Prime; css=\u00a0\u00bb.vc_custom_1724010399177{background-color: #f9f9fa !important;}\u00a0\u00bb][vc_column_text css=\u00a0\u00bb.vc_custom_1724010263641{padding-top: 40px !important;padding-right: 20px !important;padding-bottom: 40px !important;padding-left: 20px !important;background-color: #f9f9fa !important;}\u00a0\u00bb]<\/p>\n<h3 class=\"p1\" style=\"text-align: center;\"><span style=\"color: #df7a90;\">Esth\u00e9tique am\u00e9lior\u00e9e<\/span><\/h3>\n<p class=\"p1\" style=\"text-align: center;\">La goulotte de drainage est dissimul\u00e9e par la pi\u00e8ce\u00a0<strong>en gr\u00e8s c\u00e9rame 121 CM<\/strong>. Une fois install\u00e9e, la goulotte s\u2019int\u00e8gre si bien au rev\u00eatement qu\u2019on la remarque \u00e0 peine.<\/p>\n<p>[\/vc_column_text][vc_empty_space][\/vc_column_inner][vc_column_inner width=\u00a0\u00bb1\/3&Prime; css=\u00a0\u00bb.vc_custom_1724010405623{background-color: #f9f9fa !important;}\u00a0\u00bb][vc_column_text css=\u00a0\u00bb.vc_custom_1724010276676{padding-top: 40px !important;padding-right: 20px !important;padding-bottom: 40px !important;padding-left: 20px !important;background-color: #f9f9fa !important;}\u00a0\u00bb]<\/p>\n<h3 class=\"p1\" style=\"text-align: center;\"><span style=\"color: #df7a90;\">Grande capacit\u00e9 <br class=\"mobile\" \/>de drainage<\/span><\/h3>\n<p class=\"p1\" style=\"text-align: center;\">Le drainage de l\u2019eau est longitudinal pour \u00e9viter l\u2019accumulation des d\u00e9bris et favoriser leur \u00e9vacuation.<\/p>\n<p>[\/vc_column_text][vc_empty_space height=\u00a0\u00bb15px\u00a0\u00bb el_class=\u00a0\u00bbmobile\u00a0\u00bb][\/vc_column_inner][\/vc_row_inner][vc_row_inner equal_height=\u00a0\u00bbyes\u00a0\u00bb content_placement=\u00a0\u00bbtop\u00a0\u00bb gap=\u00a0\u00bb15&Prime; css=\u00a0\u00bb.vc_custom_1724010609016{margin-top: -15px !important;}\u00a0\u00bb][vc_column_inner width=\u00a0\u00bb1\/3&Prime; css=\u00a0\u00bb.vc_custom_1724010412161{background-color: #f9f9fa !important;}\u00a0\u00bb][vc_column_text css=\u00a0\u00bb.vc_custom_1724010290393{padding-top: 40px !important;padding-right: 20px !important;padding-bottom: 65px !important;padding-left: 20px !important;background-color: #f9f9fa !important;}\u00a0\u00bb]<\/p>\n<h3 class=\"p1\" style=\"text-align: center;\"><span style=\"color: #df7a90;\">Nettoyage facile<\/span><\/h3>\n<p class=\"p2\" style=\"text-align: center;\">La goulotte de drainage a un design qui permet d\u2019y acc\u00e9der commod\u00e9ment et de faciliter le retrait des feuilles et des d\u00e9bris pour la nettoyer r\u00e9guli\u00e8rement.<\/p>\n<p>[\/vc_column_text][vc_empty_space][\/vc_column_inner][vc_column_inner width=\u00a0\u00bb1\/3&Prime; css=\u00a0\u00bb.vc_custom_1724010423153{background-color: #f9f9fa !important;}\u00a0\u00bb][vc_column_text css=\u00a0\u00bb.vc_custom_1740161019072{padding-top: 40px !important;padding-right: 20px !important;padding-bottom: 40px !important;padding-left: 20px !important;background-color: #f9f9fa !important;}\u00a0\u00bb]<\/p>\n<h3 class=\"p1\" style=\"text-align: center;\"><span style=\"color: #df7a90;\">Tr\u00e8s r\u00e9sistante et antid\u00e9rapante<\/span><\/h3>\n<p class=\"p1\" style=\"text-align: center;\"><strong>Design monobloc<\/strong>\u00a0: la goulotte\u00a0<strong>121 CM<\/strong>\u00a0est une pi\u00e8ce compacte, sans joint, colle ou d\u00e9coupes. La 121 CM est fabriqu\u00e9 avec la\u00a0<a href=\"https:\/\/rosagres.com\/fr\/revetements-de-sol-antiderapants-en-gres-cerame\/\" target=\"_blank\"><strong>finition antid\u00e9rapante Rosa Gres<\/strong><\/a>, l\u2019une des plus <br class=\"mobile\">s\u00fbres du march\u00e9.<\/p>\n<p>[\/vc_column_text][vc_empty_space][\/vc_column_inner][vc_column_inner width=\u00a0\u00bb1\/3&Prime; css=\u00a0\u00bb.vc_custom_1724010429591{background-color: #f9f9fa !important;}\u00a0\u00bb][vc_column_text css=\u00a0\u00bb.vc_custom_1724010338507{padding-top: 40px !important;padding-right: 20px !important;padding-bottom: 65px !important;padding-left: 20px !important;background-color: #f9f9fa !important;}\u00a0\u00bb]<\/p>\n<h3 class=\"p1\" style=\"text-align: center;\"><span style=\"color: #df7a90;\">Solution compl\u00e8te<\/span><\/h3>\n<p class=\"p1\" style=\"text-align: center;\">Un\u00a0<strong>syst\u00e8me de goulotte complet<\/strong>\u00a0qui comprend toutes les pi\u00e8ces et tous les compl\u00e9ments. Disponible dans tous les coloris de Rosa Gres et compatible avec tous les formats.<\/p>\n<p>[\/vc_column_text][vc_empty_space height=\u00a0\u00bb15px\u00a0\u00bb][\/vc_column_inner][\/vc_row_inner][vc_empty_space][\/vc_column][\/vc_row][vc_row full_width=\u00a0\u00bbstretch_row\u00a0\u00bb css=\u00a0\u00bb.vc_custom_1724010033466{margin-top: -20px !important;padding-top: 20px !important;padding-bottom: 40px !important;background-color: #df7a90 !important;}\u00a0\u00bb][vc_column][vc_column_text css=\u00a0\u00bb\u00a0\u00bb el_class=\u00a0\u00bbh2-destacado-3&Prime;]<\/p>\n<p class=\"p1\" style=\"text-align: center;\"><span class=\"s1\" style=\"color: #ffffff; line-height: 40px;\">Le syst\u00e8me de canalisation utilisant la 121 CM comprend tous les \u00e9l\u00e9ments pour sa construction : gr\u00e8s c\u00e9rame, goulotte et pi\u00e8ces pour cr\u00e9er les jonctions et les angles.<br \/>\n<\/span><\/p>\n<p>[\/vc_column_text][\/vc_column][\/vc_row][vc_row][vc_column][vc_empty_space][vc_single_image image=\u00a0\u00bb25994&Prime; img_size=\u00a0\u00bbfull\u00a0\u00bb css=\u00a0\u00bb\u00a0\u00bb][vc_empty_space][\/vc_column][\/vc_row][vc_row full_width=\u00a0\u00bbstretch_row\u00a0\u00bb css=\u00a0\u00bb.vc_custom_1724010033466{margin-top: -20px !important;padding-top: 20px !important;padding-bottom: 40px !important;background-color: #df7a90 !important;}\u00a0\u00bb][vc_column][vc_column_text css=\u00a0\u00bb\u00a0\u00bb el_class=\u00a0\u00bbh2-destacado-3&Prime;]<\/p>\n<p class=\"p1\" style=\"text-align: center;\"><span class=\"s1\" style=\"color: #ffffff; line-height: 40px;\">Design am\u00e9lior\u00e9<br \/>\nLe nouveau support de mise en place de la 121 CM augmente sa stabilit\u00e9 <br class=\"no-mobile\" \/>et sa capacit\u00e9 \u00e0 drainer l\u2019eau par ses parties lat\u00e9rales.<\/span><\/p>\n<p>[\/vc_column_text][\/vc_column][\/vc_row][vc_row][vc_column][vc_empty_space][vc_single_image image=\u00a0\u00bb25998&Prime; img_size=\u00a0\u00bbfull\u00a0\u00bb css=\u00a0\u00bb\u00a0\u00bb][vc_empty_space][\/vc_column][\/vc_row][vc_row full_width=\u00a0\u00bbstretch_row\u00a0\u00bb css=\u00a0\u00bb.vc_custom_1724010799981{background-color: #f2f2f2 !important;}\u00a0\u00bb][vc_column][vc_empty_space][vc_column_text css=\u00a0\u00bb\u00a0\u00bb]<\/p>\n<h2 class=\"p1\" style=\"text-align: center;\"><span style=\"color: #df7a90;\"> Regardez la vid\u00e9o de l\u2019Installation \u00c9TAPE PAR \u00c9TAPE<\/span><\/h2>\n<p>[\/vc_column_text][vc_empty_space]<div class=\"gem-vimeo gem-wrapbox gem-wrapbox-style-no-style rounded-corners gem-wrapbox-position-below\" style=\"width: 100%;\"><div class=\"gem-wrapbox-inner gem-ratio-style\" style=\"padding-top: 56.25%\"><iframe webkitallowfullscreen=\"true\" mozallowfullscreen=\"true\" allowfullscreen=\"true\" class=\"gem-wrapbox-element img-responsive\" frameborder=\"0\" scrolling=\"no\" marginheight=\"0\" marginwidth=\"0\" src=\"\/\/player.vimeo.com\/video\/635173986?title=0&amp;byline=0&amp;portrait=0 \"><\/iframe><\/div><\/div>[vc_empty_space][\/vc_column][\/vc_row]<\/p>\n<\/div>","protected":false},"excerpt":{"rendered":"<p>[vc_row][vc_column][vc_column_text]&lt;br class=\u00a0\u00bbmobile\u00a0\u00bb&gt;[\/vc_column_text][\/vc_column][\/vc_row][vc_row][vc_column][vc_empty_space][\/vc_column][\/vc_row][vc_row][vc_column][vc_column_text css=\u00a0\u00bb\u00a0\u00bb el_class=\u00a0\u00bbh2-destacado\u00a0\u00bb] La goulotte de drainage id\u00e9ale pour les terrasses et les ext\u00e9rieurs [\/vc_column_text][\/vc_column][\/vc_row][vc_row][vc_column][vc_single_image image=\u00a0\u00bb25996&Prime; img_size=\u00a0\u00bbfull\u00a0\u00bb alignment=\u00a0\u00bbcenter\u00a0\u00bb css=\u00a0\u00bb\u00a0\u00bb][vc_empty_space&#8230;<\/p>\n","protected":false},"author":1,"featured_media":25996,"parent":0,"menu_order":0,"comment_status":"closed","ping_status":"closed","template":"","meta":{"footnotes":""},"class_list":["post-33989","page","type-page","status-publish","has-post-thumbnail"],"_links":{"self":[{"href":"https:\/\/rosagres.com\/fr\/wp-json\/wp\/v2\/pages\/33989","targetHints":{"allow":["GET"]}}],"collection":[{"href":"https:\/\/rosagres.com\/fr\/wp-json\/wp\/v2\/pages"}],"about":[{"href":"https:\/\/rosagres.com\/fr\/wp-json\/wp\/v2\/types\/page"}],"author":[{"embeddable":true,"href":"https:\/\/rosagres.com\/fr\/wp-json\/wp\/v2\/users\/1"}],"replies":[{"embeddable":true,"href":"https:\/\/rosagres.com\/fr\/wp-json\/wp\/v2\/comments?post=33989"}],"version-history":[{"count":0,"href":"https:\/\/rosagres.com\/fr\/wp-json\/wp\/v2\/pages\/33989\/revisions"}],"wp:featuredmedia":[{"embeddable":true,"href":"https:\/\/rosagres.com\/fr\/wp-json\/wp\/v2\/media\/25996"}],"wp:attachment":[{"href":"https:\/\/rosagres.com\/fr\/wp-json\/wp\/v2\/media?parent=33989"}],"curies":[{"name":"wp","href":"https:\/\/api.w.org\/{rel}","templated":true}]}}