{"id":34010,"date":"2024-08-18T22:21:52","date_gmt":"2024-08-18T20:21:52","guid":{"rendered":"https:\/\/rosagres.com\/cuisine-industrielle\/"},"modified":"2024-12-30T03:51:26","modified_gmt":"2024-12-30T02:51:26","slug":"cuisine-industrielle","status":"publish","type":"page","link":"https:\/\/rosagres.com\/fr\/cuisine-industrielle\/","title":{"rendered":"Cuisine Industrielle"},"content":{"rendered":"<div class=\"wpb-content-wrapper\"><p>[vc_row][vc_column]<style>.thegem-te-post-breadcrumbs.thegem-custom-69e616dc956be7107 .post-breadcrumbs {justify-content: left; text-align: left;}.thegem-te-post-breadcrumbs.thegem-custom-69e616dc956be7107 .post-breadcrumbs ul {justify-content: left; text-align: left;}<\/style><div class=\"thegem-te-post-breadcrumbs thegem-custom-69e616dc956be7107\"> <div class=\"post-breadcrumbs\"><ul><li><a href=\"https:\/\/rosagres.com\/fr\/\">Accueil<\/a><\/li><\/ul><!-- .breadcrumbs --><\/div> <\/div>[\/vc_column][\/vc_row][vc_row full_width=\u00a0\u00bbstretch_row\u00a0\u00bb css=\u00a0\u00bb.vc_custom_1724012227340{padding-top: 21px !important;padding-bottom: 21px !important;background-color: #f9f9fa !important;}\u00a0\u00bb el_class=\u00a0\u00bbaumenta\u00a0\u00bb][vc_column][vc_row_inner][vc_column_inner width=\u00a0\u00bb1\/3&Prime;][vc_single_image image=\u00a0\u00bb26006&Prime; img_size=\u00a0\u00bb363&#215;310&Prime; css=\u00a0\u00bb\u00a0\u00bb][vc_empty_space height=\u00a0\u00bb12px\u00a0\u00bb][vc_column_text css=\u00a0\u00bb\u00a0\u00bb]<\/p>\n<h3 class=\"team-member-name\">Solutions sp\u00e9cifiques \u00e0 la cuisine industrielle<\/h3>\n<p>Le quotidien d\u2019une cuisine industrielle est marqu\u00e9 par des d\u00e9fis de taille :<\/p>\n<ol>\n<li>Compter sur une s\u00e9curit\u00e9 maximale afin d\u2019\u00e9viter les chutes.<\/li>\n<li>Maintenir un niveau de propret\u00e9 \u00e9lev\u00e9 dans un environnement sain.<\/li>\n<li>Conserver les installations en bon \u00e9tat et ce, malgr\u00e9 l\u2019usure quotidienne \u00e0 laquelle elles sont expos\u00e9es.<\/li>\n<\/ol>\n<p>Indugres, le rev\u00eatement industriel, et Biostop, la c\u00e9ramique antibact\u00e9rienne, sont les solutions Rosa Gres vous permettant d\u2019am\u00e9liorer la s\u00e9curit\u00e9 et le niveau de propret\u00e9 d\u2019une cuisine industrielle.<br \/>\n[\/vc_column_text][vc_empty_space height=\u00a0\u00bb12px\u00a0\u00bb][vc_empty_space el_class=\u00a0\u00bbmobile\u00a0\u00bb][\/vc_column_inner][vc_column_inner width=\u00a0\u00bb1\/3&Prime;][vc_single_image image=\u00a0\u00bb26000&Prime; img_size=\u00a0\u00bb361&#215;310&Prime; css=\u00a0\u00bb\u00a0\u00bb][vc_empty_space height=\u00a0\u00bb12px\u00a0\u00bb][vc_column_text css=\u00a0\u00bb\u00a0\u00bb]<\/p>\n<h3 class=\"team-member-name\">Antid\u00e9rapants exclusifs = s\u00e9curit\u00e9 optimale<\/h3>\n<p class=\"team-member-position\">Le personnel qui entre et sort d\u2019une cuisine industrielle ne porte pas forc\u00e9ment des chaussures \u00ab\u00a0s\u00e9curis\u00e9es\u00a0\u00bb. Il est donc essentiel que le degr\u00e9 antid\u00e9rapant couvre toutes les options. Indugres et Biostop offrent diff\u00e9rents degr\u00e9s antid\u00e9rapants permettant de r\u00e9pondre aux exigences de chaque espace. Dans les zones pr\u00e9sentant un fort taux d\u2019humidit\u00e9 et ou le risque de glissades est \u00e9lev\u00e9, nous recommandons un degr\u00e9 antid\u00e9rapant R12. Pour les zones moins exigeantes, un degr\u00e9 R10 ou R9 suffit. Les finitions antid\u00e9rapantes d\u2019Indugres et Biostop sont faciles \u00e0 nettoyer car elles sont d\u00e9velopp\u00e9es conform\u00e9ment \u00e0 notre technologie et fabriqu\u00e9es sans composants abrasifs.<\/p>\n<p>[\/vc_column_text][vc_empty_space height=\u00a0\u00bb12px\u00a0\u00bb][vc_empty_space el_class=\u00a0\u00bbmobile\u00a0\u00bb][\/vc_column_inner][vc_column_inner width=\u00a0\u00bb1\/3&Prime;][vc_single_image image=\u00a0\u00bb26002&Prime; img_size=\u00a0\u00bb361&#215;310&Prime; css=\u00a0\u00bb\u00a0\u00bb][vc_empty_space height=\u00a0\u00bb12px\u00a0\u00bb][vc_column_text css=\u00a0\u00bb\u00a0\u00bb]<\/p>\n<h3 class=\"team-member-name\">Une hygi\u00e8ne continue sans efforts suppl\u00e9mentaires<\/h3>\n<p>Indugres et Biostop pr\u00e9sentent une absorption superficielle nulle qui emp\u00eache la p\u00e9n\u00e9tration de liquides et la formation de salet\u00e9s sur le rev\u00eatement. Cette imperm\u00e9abilit\u00e9 facilite le nettoyage et aide \u00e0 diminuer le temps pass\u00e9 \u00e0 l\u2019entretien.<\/p>\n<p>La solution Biostop s\u2019av\u00e8re particuli\u00e8rement efficace dans la cuisine. Son action antibact\u00e9rienne contribue \u00e0 am\u00e9liorer le niveau de propret\u00e9 et renforce la s\u00e9curit\u00e9 sanitaire sans efforts suppl\u00e9mentaires.<br \/>\n[\/vc_column_text][vc_empty_space height=\u00a0\u00bb12px\u00a0\u00bb][vc_empty_space height=\u00a0\u00bb12px\u00a0\u00bb el_class=\u00a0\u00bbmobile\u00a0\u00bb][\/vc_column_inner][\/vc_row_inner][vc_empty_space height=\u00a0\u00bb12px\u00a0\u00bb el_class=\u00a0\u00bbno-mobile\u00a0\u00bb][vc_row_inner][vc_column_inner width=\u00a0\u00bb1\/3&Prime;][vc_single_image image=\u00a0\u00bb26008&Prime; img_size=\u00a0\u00bb363&#215;310&Prime; css=\u00a0\u00bb\u00a0\u00bb][vc_empty_space height=\u00a0\u00bb12px\u00a0\u00bb][vc_column_text css=\u00a0\u00bb\u00a0\u00bb]<\/p>\n<h3>Comment concevoir des espaces compacts et plus propres ?<\/h3>\n<p>Indugres et Biostop disposent d\u2019une large gamme de pi\u00e8ces de finition permettant de carreler la cuisine dans son int\u00e9gralit\u00e9. Recouvrir le maximum d\u2019espace permet de supprimer les coins et de faciliter le nettoyage<\/p>\n<p><span style=\"color: #000000;\"><a style=\"color: #000000;\" href=\"https:\/\/rosagres.com\/fr\/sols-gres-cerame\/pieces-de-finition-revetements-industriels\/\" target=\"_blank\"><strong> Voir toutes les pi\u00e8ces de finition <\/strong><\/a><\/span><br \/>\n[\/vc_column_text][vc_empty_space height=\u00a0\u00bb12px\u00a0\u00bb][vc_empty_space el_class=\u00a0\u00bbmobile\u00a0\u00bb][\/vc_column_inner][vc_column_inner width=\u00a0\u00bb1\/3&Prime;][vc_single_image image=\u00a0\u00bb26010&Prime; img_size=\u00a0\u00bb361&#215;310&Prime; css=\u00a0\u00bb\u00a0\u00bb][vc_empty_space height=\u00a0\u00bb12px\u00a0\u00bb][vc_column_text css=\u00a0\u00bb\u00a0\u00bb]<\/p>\n<h3 class=\"team-member-name\">La solution pour dire adieu aux secousses<\/h3>\n<p class=\"team-member-position\">Les rev\u00eatements Indugres et Biostop peuvent \u00eatre pos\u00e9s \u00e0 l\u2019aide d\u2019un joint de 2 mm. Cette solution permet d\u2019obtenir une surface plus uniforme qui emp\u00eache les secousses des chariots.<\/p>\n<p>[\/vc_column_text][vc_empty_space height=\u00a0\u00bb12px\u00a0\u00bb][vc_empty_space el_class=\u00a0\u00bbmobile\u00a0\u00bb][\/vc_column_inner][vc_column_inner width=\u00a0\u00bb1\/3&Prime;][vc_single_image image=\u00a0\u00bb26004&Prime; img_size=\u00a0\u00bb361&#215;310&Prime; css=\u00a0\u00bb\u00a0\u00bb][vc_empty_space height=\u00a0\u00bb12px\u00a0\u00bb][vc_column_text css=\u00a0\u00bb\u00a0\u00bb]<\/p>\n<h3 class=\"team-member-name\">Haute r\u00e9sistance = moins de d\u00e9fauts + propret\u00e9<\/h3>\n<p class=\"team-member-position\">Indugres et Biostop sont des rev\u00eatements dot\u00e9s d\u2019une forte densit\u00e9 et d\u2019un compactage \u00e9lev\u00e9. Leur composition permet d\u2019offrir une grande r\u00e9sistance au poids et \u00e0 l\u2019impact des objets. Par cons\u00e9quent, les surfaces de travail ne se d\u00e9t\u00e9riorent pas, la formation de salet\u00e9s est \u00e9vit\u00e9e et le temps pass\u00e9 \u00e0 nettoyer est moindre.<\/p>\n<p>[\/vc_column_text][vc_empty_space height=\u00a0\u00bb12px\u00a0\u00bb][vc_empty_space height=\u00a0\u00bb12px\u00a0\u00bb el_class=\u00a0\u00bbmobile\u00a0\u00bb][\/vc_column_inner][\/vc_row_inner][\/vc_column][\/vc_row]<\/p>\n<\/div>","protected":false},"excerpt":{"rendered":"<p>[vc_row][vc_column][\/vc_column][\/vc_row][vc_row full_width=\u00a0\u00bbstretch_row\u00a0\u00bb css=\u00a0\u00bb.vc_custom_1724012227340{padding-top: 21px !important;padding-bottom: 21px !important;background-color: #f9f9fa !important;}\u00a0\u00bb el_class=\u00a0\u00bbaumenta\u00a0\u00bb][vc_column][vc_row_inner][vc_column_inner width=\u00a0\u00bb1\/3&Prime;][vc_single_image image=\u00a0\u00bb26006&Prime; img_size=\u00a0\u00bb363&#215;310&Prime; css=\u00a0\u00bb\u00a0\u00bb][vc_empty_space height=\u00a0\u00bb12px\u00a0\u00bb][vc_column_text css=\u00a0\u00bb\u00a0\u00bb] Solutions sp\u00e9cifiques \u00e0 la&#8230;<\/p>\n","protected":false},"author":1,"featured_media":26008,"parent":0,"menu_order":0,"comment_status":"closed","ping_status":"closed","template":"","meta":{"footnotes":""},"class_list":["post-34010","page","type-page","status-publish","has-post-thumbnail"],"_links":{"self":[{"href":"https:\/\/rosagres.com\/fr\/wp-json\/wp\/v2\/pages\/34010","targetHints":{"allow":["GET"]}}],"collection":[{"href":"https:\/\/rosagres.com\/fr\/wp-json\/wp\/v2\/pages"}],"about":[{"href":"https:\/\/rosagres.com\/fr\/wp-json\/wp\/v2\/types\/page"}],"author":[{"embeddable":true,"href":"https:\/\/rosagres.com\/fr\/wp-json\/wp\/v2\/users\/1"}],"replies":[{"embeddable":true,"href":"https:\/\/rosagres.com\/fr\/wp-json\/wp\/v2\/comments?post=34010"}],"version-history":[{"count":0,"href":"https:\/\/rosagres.com\/fr\/wp-json\/wp\/v2\/pages\/34010\/revisions"}],"wp:featuredmedia":[{"embeddable":true,"href":"https:\/\/rosagres.com\/fr\/wp-json\/wp\/v2\/media\/26008"}],"wp:attachment":[{"href":"https:\/\/rosagres.com\/fr\/wp-json\/wp\/v2\/media?parent=34010"}],"curies":[{"name":"wp","href":"https:\/\/api.w.org\/{rel}","templated":true}]}}