{"id":34023,"date":"2024-08-18T22:33:29","date_gmt":"2024-08-18T20:33:29","guid":{"rendered":"https:\/\/rosagres.com\/revetements-industriels\/"},"modified":"2024-12-30T04:43:33","modified_gmt":"2024-12-30T03:43:33","slug":"revetements-industriels","status":"publish","type":"page","link":"https:\/\/rosagres.com\/fr\/revetements-industriels\/","title":{"rendered":"Rev\u00eatements Industriels"},"content":{"rendered":"<div class=\"wpb-content-wrapper\"><p>[vc_row][vc_column]<style>.thegem-te-post-breadcrumbs.thegem-custom-69f68520d70b91737 .post-breadcrumbs {justify-content: left; text-align: left;}.thegem-te-post-breadcrumbs.thegem-custom-69f68520d70b91737 .post-breadcrumbs ul {justify-content: left; text-align: left;}<\/style><div class=\"thegem-te-post-breadcrumbs thegem-custom-69f68520d70b91737\"> <div class=\"post-breadcrumbs\"><ul><li><a href=\"https:\/\/rosagres.com\/fr\/\">Accueil<\/a><\/li><\/ul><!-- .breadcrumbs --><\/div> <\/div>[\/vc_column][\/vc_row][vc_row full_width=\u00a0\u00bbstretch_row\u00a0\u00bb css=\u00a0\u00bb.vc_custom_1723639640190{padding-top: 21px !important;padding-bottom: 21px !important;background-color: #f9f9fa !important;}\u00a0\u00bb el_class=\u00a0\u00bbaumenta\u00a0\u00bb][vc_column][vc_row_inner][vc_column_inner width=\u00a0\u00bb1\/3&Prime;][vc_single_image image=\u00a0\u00bb26016&Prime; img_size=\u00a0\u00bb363&#215;310&Prime; css=\u00a0\u00bb\u00a0\u00bb][vc_empty_space height=\u00a0\u00bb12px\u00a0\u00bb][vc_column_text css=\u00a0\u00bb\u00a0\u00bb]<\/p>\n<h3 class=\"team-member-name\">Comment am\u00e9liorer les conditions des espaces industriels ?<\/h3>\n<p>Indugres est la solution de gr\u00e8s c\u00e9rame de Rosa Gres d\u00e9di\u00e9e \u00e0 l\u2019industrie. Elle permet de r\u00e9soudre 3 points fondamentaux qui touchent la majorit\u00e9 des installations industrielles :<\/p>\n<ol>\n<li>Elle augmente le niveau de s\u00e9curit\u00e9 quant au risque de chutes et de glissades.<\/li>\n<li>Elle pr\u00e9sente une r\u00e9sistance maximale \u00e0 l\u2019usure, \u00e0 l\u2019abrasion et aux impacts.<\/li>\n<li>Elle facilite l\u2019entretien et le nettoyage sans effort suppl\u00e9mentaire tout en respectant la norme d\u2019hygi\u00e8ne et de s\u00e9curit\u00e9 en vigueur.<\/li>\n<\/ol>\n<p>[\/vc_column_text][vc_empty_space height=\u00a0\u00bb12px\u00a0\u00bb][vc_empty_space el_class=\u00a0\u00bbmobile\u00a0\u00bb][\/vc_column_inner][vc_column_inner width=\u00a0\u00bb1\/3&Prime;][vc_single_image image=\u00a0\u00bb26028&Prime; img_size=\u00a0\u00bb361&#215;310&Prime; css=\u00a0\u00bb\u00a0\u00bb][vc_empty_space height=\u00a0\u00bb12px\u00a0\u00bb][vc_column_text css=\u00a0\u00bb\u00a0\u00bb]<\/p>\n<h3 class=\"team-member-name\">S\u00e9curit\u00e9 maximale : antid\u00e9rapants exclusifs<\/h3>\n<p class=\"team-member-position\">Les 4 degr\u00e9s antid\u00e9rapants d\u2019Indugres permettent de concevoir chaque espace en tenant compte de leur fonctionnalit\u00e9. De cette mani\u00e8re, sans modifier la couleur du rev\u00eatement, le degr\u00e9 antid\u00e9rapant le plus adapt\u00e9 peut \u00eatre pos\u00e9 sur chaque espace en fonction du niveau d\u2019humidit\u00e9 plus ou moins \u00e9lev\u00e9. Ce caract\u00e8re antid\u00e9rapant est essentiel pour augmenter la s\u00e9curit\u00e9 des personnes au sein d\u2019environnements de travail pr\u00e9sentant des risques de chutes dus \u00e0 des glissades.<\/p>\n<p>[\/vc_column_text][vc_empty_space height=\u00a0\u00bb12px\u00a0\u00bb][vc_empty_space el_class=\u00a0\u00bbmobile\u00a0\u00bb][\/vc_column_inner][vc_column_inner width=\u00a0\u00bb1\/3&Prime;][vc_single_image image=\u00a0\u00bb26024&Prime; img_size=\u00a0\u00bb361&#215;310&Prime; css=\u00a0\u00bb\u00a0\u00bb][vc_empty_space height=\u00a0\u00bb12px\u00a0\u00bb][vc_column_text css=\u00a0\u00bb\u00a0\u00bb]<\/p>\n<h3 class=\"team-member-name\">Absorption superficielle nulle pour une surface propre<\/h3>\n<p class=\"team-member-position\">La tr\u00e8s forte densit\u00e9 d\u2019Indugres permet d\u2019\u00e9viter la p\u00e9n\u00e9tration des liquides sur la surface du carreau. La porosit\u00e9 quasi NULLE emp\u00eache la salet\u00e9 de se fixer au rev\u00eatement. Il s\u2019agit d\u2019une solution id\u00e9ale pour minimiser les taches et maintenir la propret\u00e9 \u00e0 moindre effort.<\/p>\n<p>[\/vc_column_text][vc_empty_space height=\u00a0\u00bb12px\u00a0\u00bb][vc_empty_space height=\u00a0\u00bb12px\u00a0\u00bb el_class=\u00a0\u00bbmobile\u00a0\u00bb][\/vc_column_inner][\/vc_row_inner][vc_empty_space height=\u00a0\u00bb12px\u00a0\u00bb el_class=\u00a0\u00bbno-mobile\u00a0\u00bb][vc_row_inner][vc_column_inner width=\u00a0\u00bb1\/3&Prime;][vc_single_image image=\u00a0\u00bb26022&Prime; img_size=\u00a0\u00bb363&#215;310&Prime; css=\u00a0\u00bb\u00a0\u00bb][vc_empty_space height=\u00a0\u00bb12px\u00a0\u00bb][vc_column_text css=\u00a0\u00bb\u00a0\u00bb]<\/p>\n<h3 class=\"team-member-name\">Facile \u00e0 entretenir avec finition lisse et antid\u00e9rapante<\/h3>\n<p class=\"team-member-position\">Le degr\u00e9 antid\u00e9rapant n\u2019affecte en rien la facilit\u00e9 d\u2019entretien car Indugres a \u00e9t\u00e9 con\u00e7ue conform\u00e9ment \u00e0 notre technologie qui n\u2019utilise aucun composants abrasifs.<\/p>\n<p>[\/vc_column_text][vc_empty_space height=\u00a0\u00bb12px\u00a0\u00bb][vc_empty_space el_class=\u00a0\u00bbmobile\u00a0\u00bb][\/vc_column_inner][vc_column_inner width=\u00a0\u00bb1\/3&Prime;][vc_single_image image=\u00a0\u00bb26030&Prime; img_size=\u00a0\u00bb361&#215;310&Prime; css=\u00a0\u00bb\u00a0\u00bb][vc_empty_space height=\u00a0\u00bb12px\u00a0\u00bb][vc_column_text css=\u00a0\u00bb\u00a0\u00bb]<\/p>\n<h3 class=\"team-member-name\">Solutions pour concevoir des espaces plus propres<\/h3>\n<p class=\"team-member-position\">Indugres ofrece una completa variedad de piezas especiales que permiten revestir un espacio de forma integral: medias ca\u00f1as, z\u00f3calos higi\u00e9nicos, canaletas, platos de ducha, pelda\u00f1os. Como resultado todos los rincones son accesibles y se facilitan las tareas de limpieza.<\/p>\n<p><a href=\"https:\/\/rosagres.com\/fr\/sols-gres-cerame\/pieces-de-finition-revetements-industriels\/\" target=\"_blank\"><strong><u> Voir toutes les pi\u00e8ces de finition Indugres <\/u><\/strong><\/a><br \/>\n[\/vc_column_text][vc_empty_space height=\u00a0\u00bb12px\u00a0\u00bb][vc_empty_space el_class=\u00a0\u00bbmobile\u00a0\u00bb][\/vc_column_inner][vc_column_inner width=\u00a0\u00bb1\/3&Prime;][vc_single_image image=\u00a0\u00bb26014&Prime; img_size=\u00a0\u00bb361&#215;310&Prime; css=\u00a0\u00bb\u00a0\u00bb][vc_empty_space height=\u00a0\u00bb12px\u00a0\u00bb][vc_column_text css=\u00a0\u00bb\u00a0\u00bb]<\/p>\n<h3 class=\"team-member-name\">Haute densit\u00e9 et compactage : grande r\u00e9sistance<\/h3>\n<p class=\"team-member-position\">Gr\u00e2ce au compactage haute pression d\u2019Indugres, la r\u00e9sistance \u00e0 la flexion obtenue est sup\u00e9rieure \u00e0 45 N\/mm\u00b2. La photo ci-dessus repr\u00e9sente le d\u00e9tail d\u2019une pi\u00e8ce Indugres sur laquelle on peut voir sa composition en gr\u00e8s c\u00e9rame PLEINE MASSE. Indugres ne se d\u00e9t\u00e9riore pas avec le temps et supporte le poids de charges lourdes, les impacts et l\u2019abrasion.<\/p>\n<p>[\/vc_column_text][vc_empty_space height=\u00a0\u00bb12px\u00a0\u00bb][vc_empty_space height=\u00a0\u00bb12px\u00a0\u00bb el_class=\u00a0\u00bbmobile\u00a0\u00bb][\/vc_column_inner][\/vc_row_inner][vc_empty_space height=\u00a0\u00bb12px\u00a0\u00bb el_class=\u00a0\u00bbno-mobile\u00a0\u00bb][vc_row_inner][vc_column_inner width=\u00a0\u00bb1\/3&Prime;][vc_single_image image=\u00a0\u00bb26020&Prime; img_size=\u00a0\u00bb363&#215;310&Prime; css=\u00a0\u00bb\u00a0\u00bb][vc_empty_space height=\u00a0\u00bb12px\u00a0\u00bb][vc_column_text css=\u00a0\u00bb\u00a0\u00bb]<\/p>\n<h3 class=\"team-member-name\">Indubeige une couleur unique et deux \u00e9paisseurs<\/h3>\n<p class=\"team-member-position\">Ses tons neutres et clairs font de la couleur Indubeige l\u2019une des plus pl\u00e9biscit\u00e9es par nos clients. La couleur dispose \u00e9galement de 2 \u00e9paisseurs distinctes. Une solution qui permet d\u2019optimiser chaque espace de travail en tenant compte de l\u2019usure et de maintenir l\u2019unit\u00e9 esth\u00e9tique de tout l\u2019espace.<\/p>\n<p>[\/vc_column_text][vc_empty_space height=\u00a0\u00bb12px\u00a0\u00bb][vc_empty_space el_class=\u00a0\u00bbmobile\u00a0\u00bb][\/vc_column_inner][vc_column_inner width=\u00a0\u00bb1\/3&Prime;][vc_single_image image=\u00a0\u00bb26026&Prime; img_size=\u00a0\u00bb361&#215;310&Prime; css=\u00a0\u00bb\u00a0\u00bb][vc_empty_space height=\u00a0\u00bb12px\u00a0\u00bb][vc_column_text css=\u00a0\u00bb\u00a0\u00bb]<\/p>\n<h3>Dimensions pr\u00e9cises pour une pose optimale<\/h3>\n<p>Les pi\u00e8ces Indugres ont des dimensions pr\u00e9cises et peuvent \u00eatre pos\u00e9es \u00e0 l\u2019aide d\u2019un joint de 2 mm. Ce joint de taille minimale permet d\u2019obtenir davantage d\u2019uniformit\u00e9 et d\u2019\u00e9viter les secousses. Par ailleurs, cette pose permet d\u2019acc\u00e9l\u00e9rer l\u2019installation et d\u2019\u00e9conomiser l\u2019utilisation de mat\u00e9riaux de rejointoiement \u00e9poxydique.<\/p>\n<div class=\"team-member-bio\"><\/div>\n<p>[\/vc_column_text][vc_empty_space height=\u00a0\u00bb12px\u00a0\u00bb][vc_empty_space el_class=\u00a0\u00bbmobile\u00a0\u00bb][\/vc_column_inner][vc_column_inner width=\u00a0\u00bb1\/3&Prime;][vc_single_image image=\u00a0\u00bb26018&Prime; img_size=\u00a0\u00bb361&#215;310&Prime; css=\u00a0\u00bb\u00a0\u00bb][vc_empty_space height=\u00a0\u00bb12px\u00a0\u00bb][vc_column_text css=\u00a0\u00bb\u00a0\u00bb]<\/p>\n<h3 class=\"team-member-name\">Haute densit\u00e9 et compactage : grande r\u00e9sistance<\/h3>\n<p class=\"team-member-position\">Gr\u00e2ce au compactage haute pression d\u2019Indugres, la r\u00e9sistance \u00e0 la flexion obtenue est sup\u00e9rieure \u00e0 45 N\/mm\u00b2. La photo ci-dessus repr\u00e9sente le d\u00e9tail d\u2019une pi\u00e8ce Indugres sur laquelle on peut voir sa composition en gr\u00e8s c\u00e9rame PLEINE MASSE. Indugres ne se d\u00e9t\u00e9riore pas avec le temps et supporte le poids de charges lourdes, les impacts et l\u2019abrasion.<\/p>\n<p>[\/vc_column_text][vc_empty_space height=\u00a0\u00bb12px\u00a0\u00bb][vc_empty_space height=\u00a0\u00bb12px\u00a0\u00bb el_class=\u00a0\u00bbmobile\u00a0\u00bb][\/vc_column_inner][\/vc_row_inner][vc_empty_space height=\u00a0\u00bb12px\u00a0\u00bb el_class=\u00a0\u00bbno-mobile\u00a0\u00bb][vc_row_inner][vc_column_inner width=\u00a0\u00bb1\/3&Prime;][vc_single_image image=\u00a0\u00bb26012&Prime; img_size=\u00a0\u00bb363&#215;310&Prime; css=\u00a0\u00bb\u00a0\u00bb][vc_empty_space height=\u00a0\u00bb12px\u00a0\u00bb][vc_column_text css=\u00a0\u00bb\u00a0\u00bb]<\/p>\n<h3 class=\"team-member-name\">O\u00f9 poser Indugres ?<\/h3>\n<p><a href=\"https:\/\/rosagres.com\/app\/fr\/industriel-et-cuisine\" target=\"_blank\"><strong><u>Voir les projets Indugres<\/u><\/strong><\/a><\/p>\n<p>&nbsp;<br \/>\n[\/vc_column_text][vc_empty_space height=\u00a0\u00bb12px\u00a0\u00bb][vc_empty_space el_class=\u00a0\u00bbmobile\u00a0\u00bb][\/vc_column_inner][vc_column_inner width=\u00a0\u00bb1\/3&Prime;][\/vc_column_inner][vc_column_inner width=\u00a0\u00bb1\/3&Prime;][\/vc_column_inner][\/vc_row_inner][\/vc_column][\/vc_row][vc_row][vc_column][\/vc_column][\/vc_row]<\/p>\n<\/div>","protected":false},"excerpt":{"rendered":"<p>[vc_row][vc_column][\/vc_column][\/vc_row][vc_row full_width=\u00a0\u00bbstretch_row\u00a0\u00bb css=\u00a0\u00bb.vc_custom_1723639640190{padding-top: 21px !important;padding-bottom: 21px !important;background-color: #f9f9fa !important;}\u00a0\u00bb el_class=\u00a0\u00bbaumenta\u00a0\u00bb][vc_column][vc_row_inner][vc_column_inner width=\u00a0\u00bb1\/3&Prime;][vc_single_image image=\u00a0\u00bb26016&Prime; img_size=\u00a0\u00bb363&#215;310&Prime; css=\u00a0\u00bb\u00a0\u00bb][vc_empty_space height=\u00a0\u00bb12px\u00a0\u00bb][vc_column_text css=\u00a0\u00bb\u00a0\u00bb] Comment am\u00e9liorer les conditions&#8230;<\/p>\n","protected":false},"author":1,"featured_media":26028,"parent":0,"menu_order":0,"comment_status":"closed","ping_status":"closed","template":"","meta":{"footnotes":""},"class_list":["post-34023","page","type-page","status-publish","has-post-thumbnail"],"_links":{"self":[{"href":"https:\/\/rosagres.com\/fr\/wp-json\/wp\/v2\/pages\/34023","targetHints":{"allow":["GET"]}}],"collection":[{"href":"https:\/\/rosagres.com\/fr\/wp-json\/wp\/v2\/pages"}],"about":[{"href":"https:\/\/rosagres.com\/fr\/wp-json\/wp\/v2\/types\/page"}],"author":[{"embeddable":true,"href":"https:\/\/rosagres.com\/fr\/wp-json\/wp\/v2\/users\/1"}],"replies":[{"embeddable":true,"href":"https:\/\/rosagres.com\/fr\/wp-json\/wp\/v2\/comments?post=34023"}],"version-history":[{"count":0,"href":"https:\/\/rosagres.com\/fr\/wp-json\/wp\/v2\/pages\/34023\/revisions"}],"wp:featuredmedia":[{"embeddable":true,"href":"https:\/\/rosagres.com\/fr\/wp-json\/wp\/v2\/media\/26028"}],"wp:attachment":[{"href":"https:\/\/rosagres.com\/fr\/wp-json\/wp\/v2\/media?parent=34023"}],"curies":[{"name":"wp","href":"https:\/\/api.w.org\/{rel}","templated":true}]}}