{"id":34092,"date":"2024-12-30T20:07:41","date_gmt":"2024-12-30T19:07:41","guid":{"rendered":"https:\/\/rosagres.com\/collections\/coral\/"},"modified":"2025-04-08T19:10:44","modified_gmt":"2025-04-08T17:10:44","slug":"coral","status":"publish","type":"page","link":"https:\/\/rosagres.com\/fr\/collections\/coral\/","title":{"rendered":"Coral"},"content":{"rendered":"<div class=\"wpb-content-wrapper\"><p>[vc_row][vc_column]<style>.thegem-te-post-breadcrumbs.thegem-custom-69e5ed681eabd5243 .post-breadcrumbs {justify-content: left; text-align: left;}.thegem-te-post-breadcrumbs.thegem-custom-69e5ed681eabd5243 .post-breadcrumbs ul {justify-content: left; text-align: left;}<\/style><div class=\"thegem-te-post-breadcrumbs thegem-custom-69e5ed681eabd5243\"> <div class=\"post-breadcrumbs\"><ul><li><a href=\"https:\/\/rosagres.com\/fr\/\">Accueil<\/a><\/li><\/ul><!-- .breadcrumbs --><\/div> <\/div>[\/vc_column][\/vc_row][vc_row][vc_column]<div class=\"gem-vimeo gem-wrapbox gem-wrapbox-style-no-style rounded-corners gem-wrapbox-position-below\" style=\"width: 100%;\"><div class=\"gem-wrapbox-inner gem-ratio-style\" style=\"padding-top: 56.25%\"><iframe webkitallowfullscreen=\"true\" mozallowfullscreen=\"true\" allowfullscreen=\"true\" class=\"gem-wrapbox-element img-responsive\" frameborder=\"0\" scrolling=\"no\" marginheight=\"0\" marginwidth=\"0\" src=\"\/\/player.vimeo.com\/video\/1040397207?title=0&amp;byline=0&amp;portrait=0 \"><\/iframe><\/div><\/div>[\/vc_column][\/vc_row][vc_row][vc_column width=\u00a0\u00bb2\/3&Prime;]<div class=\"preloader\"><div class=\"preloader-spin\"><\/div><\/div> <div id=\"gem-gallery-69e5ed681fd7b\" class=\"gem-gallery gem-gallery-hover-disabled\"> <div class=\"gem-gallery-item\"> <div class=\"gem-gallery-item-image\"> <a href=\"https:\/\/rosagres.com\/wp-content\/uploads\/2024\/12\/rosa-gres-coleccion-coral-sandblue-portada-thegem-gallery-fullwidth.jpg\" data-fancybox-group=\"gallery-69e5ed681fd7b\" data-full-image-url=\"https:\/\/rosagres.com\/wp-content\/uploads\/2024\/12\/rosa-gres-coleccion-coral-sandblue-portada.jpg\"> <svg width=\"20\" height=\"10\"><path d=\"M 0,10 Q 9,9 10,0 Q 11,9 20,10\" \/><\/svg> <img src=\"https:\/\/rosagres.com\/wp-content\/uploads\/2024\/12\/rosa-gres-coleccion-coral-sandblue-portada-thegem-post-thumb-small.jpg\" alt=\"\" class=\"img-responsive\"> <span class=\"gem-gallery-caption slide-info\"> <\/span> <\/a> <span class=\"gem-gallery-line\"><\/span> <\/div> <\/div> <div class=\"gem-gallery-item\"> <div class=\"gem-gallery-item-image\"> <a href=\"https:\/\/rosagres.com\/wp-content\/uploads\/2024\/12\/rosa-gres-coleccion-coral-sand-1-thegem-gallery-fullwidth.jpg\" data-fancybox-group=\"gallery-69e5ed681fd7b\" data-full-image-url=\"https:\/\/rosagres.com\/wp-content\/uploads\/2024\/12\/rosa-gres-coleccion-coral-sand-1.jpg\"> <svg width=\"20\" height=\"10\"><path d=\"M 0,10 Q 9,9 10,0 Q 11,9 20,10\" \/><\/svg> <img src=\"https:\/\/rosagres.com\/wp-content\/uploads\/2024\/12\/rosa-gres-coleccion-coral-sand-1-thegem-post-thumb-small.jpg\" alt=\"\" class=\"img-responsive\"> <span class=\"gem-gallery-caption slide-info\"> <\/span> <\/a> <span class=\"gem-gallery-line\"><\/span> <\/div> <\/div> <div class=\"gem-gallery-item\"> <div class=\"gem-gallery-item-image\"> <a href=\"https:\/\/rosagres.com\/wp-content\/uploads\/2024\/12\/rosa-gres-coleccion-mood-board-coral-thegem-gallery-fullwidth.jpg\" data-fancybox-group=\"gallery-69e5ed681fd7b\" data-full-image-url=\"https:\/\/rosagres.com\/wp-content\/uploads\/2024\/12\/rosa-gres-coleccion-mood-board-coral.jpg\"> <svg width=\"20\" height=\"10\"><path d=\"M 0,10 Q 9,9 10,0 Q 11,9 20,10\" \/><\/svg> <img src=\"https:\/\/rosagres.com\/wp-content\/uploads\/2024\/12\/rosa-gres-coleccion-mood-board-coral-thegem-post-thumb-small.jpg\" alt=\"Colecci\u00f3n Coral\" class=\"img-responsive\"> <span class=\"gem-gallery-caption slide-info\"> <\/span> <\/a> <span class=\"gem-gallery-line\"><\/span> <\/div> <\/div> <div class=\"gem-gallery-item\"> <div class=\"gem-gallery-item-image\"> <a href=\"https:\/\/rosagres.com\/wp-content\/uploads\/2025\/07\/rosa-gres-porcelanico-colleccion-coral-01-thegem-gallery-fullwidth.webp\" data-fancybox-group=\"gallery-69e5ed681fd7b\" data-full-image-url=\"https:\/\/rosagres.com\/wp-content\/uploads\/2025\/07\/rosa-gres-porcelanico-colleccion-coral-01.webp\"> <svg width=\"20\" height=\"10\"><path d=\"M 0,10 Q 9,9 10,0 Q 11,9 20,10\" \/><\/svg> <img src=\"https:\/\/rosagres.com\/wp-content\/uploads\/2025\/07\/rosa-gres-porcelanico-colleccion-coral-01-thegem-post-thumb-small.webp\" alt=\"\" class=\"img-responsive\"> <span class=\"gem-gallery-caption slide-info\"> <\/span> <\/a> <span class=\"gem-gallery-line\"><\/span> <\/div> <\/div> <div class=\"gem-gallery-item\"> <div class=\"gem-gallery-item-image\"> <a href=\"https:\/\/rosagres.com\/wp-content\/uploads\/2025\/07\/rosa-gres-porcelanico-colleccion-coral-02-thegem-gallery-fullwidth.webp\" data-fancybox-group=\"gallery-69e5ed681fd7b\" data-full-image-url=\"https:\/\/rosagres.com\/wp-content\/uploads\/2025\/07\/rosa-gres-porcelanico-colleccion-coral-02.webp\"> <svg width=\"20\" height=\"10\"><path d=\"M 0,10 Q 9,9 10,0 Q 11,9 20,10\" \/><\/svg> <img src=\"https:\/\/rosagres.com\/wp-content\/uploads\/2025\/07\/rosa-gres-porcelanico-colleccion-coral-02-thegem-post-thumb-small.webp\" alt=\"\" class=\"img-responsive\"> <span class=\"gem-gallery-caption slide-info\"> <\/span> <\/a> <span class=\"gem-gallery-line\"><\/span> <\/div> <\/div> <div class=\"gem-gallery-item\"> <div class=\"gem-gallery-item-image\"> <a href=\"https:\/\/rosagres.com\/wp-content\/uploads\/2025\/07\/rosa-gres-porcelanico-colleccion-coral-03-thegem-gallery-fullwidth.webp\" data-fancybox-group=\"gallery-69e5ed681fd7b\" data-full-image-url=\"https:\/\/rosagres.com\/wp-content\/uploads\/2025\/07\/rosa-gres-porcelanico-colleccion-coral-03.webp\"> <svg width=\"20\" height=\"10\"><path d=\"M 0,10 Q 9,9 10,0 Q 11,9 20,10\" \/><\/svg> <img src=\"https:\/\/rosagres.com\/wp-content\/uploads\/2025\/07\/rosa-gres-porcelanico-colleccion-coral-03-thegem-post-thumb-small.webp\" alt=\"\" class=\"img-responsive\"> <span class=\"gem-gallery-caption slide-info\"> <\/span> <\/a> <span class=\"gem-gallery-line\"><\/span> <\/div> <\/div> <div class=\"gem-gallery-item\"> <div class=\"gem-gallery-item-image\"> <a href=\"https:\/\/rosagres.com\/wp-content\/uploads\/2025\/07\/rosa-gres-porcelanico-colleccion-coral-04-thegem-gallery-fullwidth.webp\" data-fancybox-group=\"gallery-69e5ed681fd7b\" data-full-image-url=\"https:\/\/rosagres.com\/wp-content\/uploads\/2025\/07\/rosa-gres-porcelanico-colleccion-coral-04.webp\"> <svg width=\"20\" height=\"10\"><path d=\"M 0,10 Q 9,9 10,0 Q 11,9 20,10\" \/><\/svg> <img src=\"https:\/\/rosagres.com\/wp-content\/uploads\/2025\/07\/rosa-gres-porcelanico-colleccion-coral-04-thegem-post-thumb-small.webp\" alt=\"\" class=\"img-responsive\"> <span class=\"gem-gallery-caption slide-info\"> <\/span> <\/a> <span class=\"gem-gallery-line\"><\/span> <\/div> <\/div> <\/div>[\/vc_column][vc_column width=\u00a0\u00bb1\/3&Prime;][vc_column_text css=\u00a0\u00bb\u00a0\u00bb]<\/p>\n<h3 class=\"p1\">Style<\/h3>\n<p class=\"p1\">Un air tropical. Coral s\u2019inspire des textures oc\u00e9aniques, des sables et des fonds marins. Il propose un style frais, joyeux, lumineux. Il se d\u00e9cline en deux couleurs\u00a0:\u00a0<b>Coral Sand<\/b>, cr\u00e9\u00e9 \u00e0 partir des textures du corail, avec des d\u00e9tails de fossiles et de coquillages. Un ton sable d\u2019une grande douceur.\u00a0<b>Coral Blue<\/b>\u00a0surgit lui des profondeurs de la mer, des bleus et des verts turquoise, des roches mill\u00e9naires. Une couleur \u00e0 la nuance sauvage, merveilleuse pour rev\u00eatir les piscines.<\/p>\n<h3 class=\"p1\">Utilisations<\/h3>\n<p class=\"p1\">Ext\u00e9rieur, Piscine, Terrasse, Escaliers<\/p>\n<h3 class=\"p1\">Nouveau format de grandes dimensions<\/h3>\n<p class=\"p1\">Pi\u00e8ces de 97,9\u00a0x\u00a097,9\u00a0cm avec finition Antid\u00e9rapante rectifi\u00e9e.<\/p>\n<p style=\"text-align: right;\"><strong>T\u00e9l\u00e9charger le Catalogue<\/strong><\/p>\n<p style=\"text-align: right;\"><a href=\"https:\/\/rosagres.com\/upload\/catalogos\/catalogo-rosa-gres-CORAL.pdf\" target=\"_blank\" rel=\"noopener\"><img class=\"alignnone wp-image-37024\" src=\"https:\/\/rosagres.com\/wp-content\/uploads\/2025\/03\/rosa-gres-catalogo-coral.webp\" alt=\"Cat\u00e1logo colecci\u00f3n Coral\" width=\"120\" height=\"170\" srcset=\"https:\/\/rosagres.com\/wp-content\/uploads\/2025\/03\/rosa-gres-catalogo-coral.webp 566w, https:\/\/rosagres.com\/wp-content\/uploads\/2025\/03\/rosa-gres-catalogo-coral-212x300.webp 212w\" sizes=\"(max-width: 120px) 100vw, 120px\" \/><\/a><\/p>\n<p>[\/vc_column_text][\/vc_column][\/vc_row][vc_row][vc_column][vc_empty_space][vc_column_text css=\u00a0\u00bb\u00a0\u00bb]<\/p>\n<h3>COULEURS<\/h3>\n<p>[\/vc_column_text][vc_empty_space][vc_row_inner css=\u00a0\u00bb.vc_custom_1741122223351{padding-right: 21px !important;padding-left: 21px !important;}\u00a0\u00bb][vc_column_inner width=\u00a0\u00bb1\/5&Prime; offset=\u00a0\u00bbvc_col-xs-6&Prime; css=\u00a0\u00bb.vc_custom_1741122206664{padding-right: 0px !important;padding-left: 0px !important;}\u00a0\u00bb]<div class=\"woocommerce \">\t<div class=\"products row inline-row columns-4\">\r\n<div class=\"inline-column col-sm-3 col-xs-6 first catalog-view product type-product post-34080 status-publish instock product_cat-revetements-et-piscine has-post-thumbnail shipping-taxable product-type-simple\">\n\n\t<div class=\"product-inner centered-box\">\n\n\t\t\n\t\t<a href=\"https:\/\/rosagres.com\/fr\/sol-gres-cerame\/couleurs\/revetements-et-piscine\/coral-sand\/\" class=\"product-image\">\n\t\t\t<div class=\"product-labels\"><\/div>\n\t\t\t<span class=\"product-image-inner\"><img width=\"300\" height=\"300\" src=\"https:\/\/rosagres.com\/wp-content\/uploads\/2024\/12\/rosa-gres-coleccion-coral-sand-producto-300x300.jpg\" class=\"attachment-woocommerce_thumbnail size-woocommerce_thumbnail\" alt=\"Gr\u00e8s c\u00e9rame Coral Sand\" srcset=\"https:\/\/rosagres.com\/wp-content\/uploads\/2024\/12\/rosa-gres-coleccion-coral-sand-producto-300x300.jpg 300w, https:\/\/rosagres.com\/wp-content\/uploads\/2024\/12\/rosa-gres-coleccion-coral-sand-producto-150x150.jpg 150w, https:\/\/rosagres.com\/wp-content\/uploads\/2024\/12\/rosa-gres-coleccion-coral-sand-producto-768x768.jpg 768w, https:\/\/rosagres.com\/wp-content\/uploads\/2024\/12\/rosa-gres-coleccion-coral-sand-producto-256x256.jpg 256w, https:\/\/rosagres.com\/wp-content\/uploads\/2024\/12\/rosa-gres-coleccion-coral-sand-producto-600x600.jpg 600w, https:\/\/rosagres.com\/wp-content\/uploads\/2024\/12\/rosa-gres-coleccion-coral-sand-producto-180x180.jpg 180w, https:\/\/rosagres.com\/wp-content\/uploads\/2024\/12\/rosa-gres-coleccion-coral-sand-producto.jpg 1000w\" sizes=\"(max-width: 300px) 100vw, 300px\" \/><img width=\"300\" height=\"300\" src=\"https:\/\/rosagres.com\/wp-content\/uploads\/2024\/12\/rosa-gres-coleccion-coral-sandblue-portada-300x300.jpg\" class=\"attachment woo-product-hover\" alt=\"Collection Coral\" srcset=\"https:\/\/rosagres.com\/wp-content\/uploads\/2024\/12\/rosa-gres-coleccion-coral-sandblue-portada-300x300.jpg 300w, https:\/\/rosagres.com\/wp-content\/uploads\/2024\/12\/rosa-gres-coleccion-coral-sandblue-portada-150x150.jpg 150w, https:\/\/rosagres.com\/wp-content\/uploads\/2024\/12\/rosa-gres-coleccion-coral-sandblue-portada-768x768.jpg 768w, https:\/\/rosagres.com\/wp-content\/uploads\/2024\/12\/rosa-gres-coleccion-coral-sandblue-portada-256x256.jpg 256w, https:\/\/rosagres.com\/wp-content\/uploads\/2024\/12\/rosa-gres-coleccion-coral-sandblue-portada-600x600.jpg 600w, https:\/\/rosagres.com\/wp-content\/uploads\/2024\/12\/rosa-gres-coleccion-coral-sandblue-portada-180x180.jpg 180w, https:\/\/rosagres.com\/wp-content\/uploads\/2024\/12\/rosa-gres-coleccion-coral-sandblue-portada.jpg 800w\" sizes=\"(max-width: 300px) 100vw, 300px\" \/><\/span>\n\t\t<\/a>\n\n\t\t<div class=\"product-info clearfix\">\n\t\t\t\t\t\t<div class=\"product-title title-h6\"><a href=\"https:\/\/rosagres.com\/fr\/sol-gres-cerame\/couleurs\/revetements-et-piscine\/coral-sand\/\">Coral Sand<\/a><\/div>\n\t\t\t\t\t<\/div>\n\n\t\t\n\t<\/div>\n<\/div>\n    <\/div>\r\n<\/div>[\/vc_column_inner][vc_column_inner width=\u00a0\u00bb1\/5&Prime; offset=\u00a0\u00bbvc_col-xs-6&Prime; css=\u00a0\u00bb.vc_custom_1741122211364{padding-right: 0px !important;padding-left: 0px !important;}\u00a0\u00bb]<div class=\"woocommerce \">\t<div class=\"products row inline-row columns-4\">\r\n<div class=\"inline-column col-sm-3 col-xs-6 first catalog-view product type-product post-34083 status-publish instock product_cat-revetements-et-piscine has-post-thumbnail shipping-taxable product-type-simple\">\n\n\t<div class=\"product-inner centered-box\">\n\n\t\t\n\t\t<a href=\"https:\/\/rosagres.com\/fr\/sol-gres-cerame\/couleurs\/revetements-et-piscine\/coral-blue\/\" class=\"product-image\">\n\t\t\t<div class=\"product-labels\"><\/div>\n\t\t\t<span class=\"product-image-inner\"><img width=\"300\" height=\"300\" src=\"https:\/\/rosagres.com\/wp-content\/uploads\/2024\/12\/rosa-gres-coleccion-coral-blue-producto-300x300.jpg\" class=\"attachment-woocommerce_thumbnail size-woocommerce_thumbnail\" alt=\"Gr\u00e8s c\u00e9rame Coral Blue\" srcset=\"https:\/\/rosagres.com\/wp-content\/uploads\/2024\/12\/rosa-gres-coleccion-coral-blue-producto-300x300.jpg 300w, https:\/\/rosagres.com\/wp-content\/uploads\/2024\/12\/rosa-gres-coleccion-coral-blue-producto-150x150.jpg 150w, https:\/\/rosagres.com\/wp-content\/uploads\/2024\/12\/rosa-gres-coleccion-coral-blue-producto-768x768.jpg 768w, https:\/\/rosagres.com\/wp-content\/uploads\/2024\/12\/rosa-gres-coleccion-coral-blue-producto-256x256.jpg 256w, https:\/\/rosagres.com\/wp-content\/uploads\/2024\/12\/rosa-gres-coleccion-coral-blue-producto-600x600.jpg 600w, https:\/\/rosagres.com\/wp-content\/uploads\/2024\/12\/rosa-gres-coleccion-coral-blue-producto-180x180.jpg 180w, https:\/\/rosagres.com\/wp-content\/uploads\/2024\/12\/rosa-gres-coleccion-coral-blue-producto.jpg 1000w\" sizes=\"(max-width: 300px) 100vw, 300px\" \/><img width=\"300\" height=\"300\" src=\"https:\/\/rosagres.com\/wp-content\/uploads\/2024\/12\/rosa-gres-coleccion-mood-board-coral-300x300.jpg\" class=\"attachment woo-product-hover\" alt=\"Collection Coral\" srcset=\"https:\/\/rosagres.com\/wp-content\/uploads\/2024\/12\/rosa-gres-coleccion-mood-board-coral-300x300.jpg 300w, https:\/\/rosagres.com\/wp-content\/uploads\/2024\/12\/rosa-gres-coleccion-mood-board-coral-150x150.jpg 150w, https:\/\/rosagres.com\/wp-content\/uploads\/2024\/12\/rosa-gres-coleccion-mood-board-coral-768x768.jpg 768w, https:\/\/rosagres.com\/wp-content\/uploads\/2024\/12\/rosa-gres-coleccion-mood-board-coral-256x256.jpg 256w, https:\/\/rosagres.com\/wp-content\/uploads\/2024\/12\/rosa-gres-coleccion-mood-board-coral-600x600.jpg 600w, https:\/\/rosagres.com\/wp-content\/uploads\/2024\/12\/rosa-gres-coleccion-mood-board-coral-180x180.jpg 180w, https:\/\/rosagres.com\/wp-content\/uploads\/2024\/12\/rosa-gres-coleccion-mood-board-coral.jpg 800w\" sizes=\"(max-width: 300px) 100vw, 300px\" \/><\/span>\n\t\t<\/a>\n\n\t\t<div class=\"product-info clearfix\">\n\t\t\t\t\t\t<div class=\"product-title title-h6\"><a href=\"https:\/\/rosagres.com\/fr\/sol-gres-cerame\/couleurs\/revetements-et-piscine\/coral-blue\/\">Coral Blue<\/a><\/div>\n\t\t\t\t\t<\/div>\n\n\t\t\n\t<\/div>\n<\/div>\n    <\/div>\r\n<\/div>[\/vc_column_inner][vc_column_inner width=\u00a0\u00bb1\/5&Prime; offset=\u00a0\u00bbvc_hidden-xs\u00a0\u00bb][\/vc_column_inner][vc_column_inner width=\u00a0\u00bb1\/5&Prime; offset=\u00a0\u00bbvc_hidden-xs\u00a0\u00bb][\/vc_column_inner][vc_column_inner width=\u00a0\u00bb1\/5&Prime; offset=\u00a0\u00bbvc_hidden-xs\u00a0\u00bb][\/vc_column_inner][\/vc_row_inner][vc_empty_space height=\u00a0\u00bb12px\u00a0\u00bb][\/vc_column][\/vc_row][vc_row][vc_column][vc_column_text css=\u00a0\u00bb\u00a0\u00bb]<\/p>\n<section class=\"row \">\n<div class=\"spb_content_element col-sm-12 spb_text_column\">\n<div class=\"spb-asset-content\">\n<h3>FORMATS ET FINITIONS<\/h3>\n<\/div>\n<\/div>\n<\/section>\n<section class=\"row \">\n<div class=\"spb_content_element spb_image noframe col-sm-2 thumbnail-default\">\n<div class=\"spb-asset-content\"><\/div>\n<\/div>\n<\/section>\n<p>[\/vc_column_text][vc_empty_space height=\u00a0\u00bb5px\u00a0\u00bb][vc_column_text css=\u00a0\u00bb\u00a0\u00bb]<\/p>\n<section class=\"row \">\n<div class=\"spb_content_element col-sm-12 spb_text_column\">\n<div class=\"spb-asset-content\">\n<h4>Coral Sand<\/h4>\n<\/div>\n<\/div>\n<\/section>\n<section class=\"row \">\n<div class=\"spb_content_element spb_image noframe col-sm-2 thumbnail-default\">\n<div class=\"spb-asset-content\"><\/div>\n<\/div>\n<\/section>\n<p>[\/vc_column_text][vc_row_inner equal_height=\u00a0\u00bbyes\u00a0\u00bb content_placement=\u00a0\u00bbbottom\u00a0\u00bb gap=\u00a0\u00bb15&Prime; el_class=\u00a0\u00bbfuente-chiquita\u00a0\u00bb css=\u00a0\u00bb.vc_custom_1735591873831{padding-right: 21px !important;padding-left: 21px !important;}\u00a0\u00bb][vc_column_inner width=\u00a0\u00bb1\/6&Prime; css=\u00a0\u00bb.vc_custom_1735591869012{padding-right: 0px !important;padding-left: 0px !important;}\u00a0\u00bb offset=\u00a0\u00bbvc_col-xs-6&Prime;][vc_single_image image=\u00a0\u00bb34064&Prime; img_size=\u00a0\u00bb\u00a0\u00bb css=\u00a0\u00bb\u00a0\u00bb][vc_empty_space height=\u00a0\u00bb12px\u00a0\u00bb][vc_column_text css=\u00a0\u00bb\u00a0\u00bb]<b>Antid\u00e9rapant \u2013 Rectification<br \/>\n<\/b><strong>97,9 x 97,9 x 1 cm<\/strong><br \/>\n38\u201d x 38\u201d[\/vc_column_text][\/vc_column_inner][vc_column_inner width=\u00a0\u00bb1\/6&Prime; css=\u00a0\u00bb.vc_custom_1735591833587{padding-right: 0px !important;padding-left: 0px !important;}\u00a0\u00bb offset=\u00a0\u00bbvc_col-xs-6&Prime;][vc_single_image image=\u00a0\u00bb27496&Prime; img_size=\u00a0\u00bb\u00a0\u00bb css=\u00a0\u00bb\u00a0\u00bb][vc_empty_space height=\u00a0\u00bb12px\u00a0\u00bb][vc_column_text css=\u00a0\u00bb\u00a0\u00bb]<strong>Antid\u00e9rapant<\/strong><br \/>\n<strong>48,8 x 97,9 x 1 cm<\/strong><br \/>\n19\u201d x 38\u201d[\/vc_column_text][\/vc_column_inner][vc_column_inner width=\u00a0\u00bb1\/6&Prime; css=\u00a0\u00bb.vc_custom_1735591841470{padding-right: 0px !important;padding-left: 0px !important;}\u00a0\u00bb offset=\u00a0\u00bbvc_col-xs-6&Prime;][vc_single_image image=\u00a0\u00bb27494&Prime; img_size=\u00a0\u00bb\u00a0\u00bb css=\u00a0\u00bb\u00a0\u00bb][vc_empty_space height=\u00a0\u00bb12px\u00a0\u00bb][vc_column_text css=\u00a0\u00bb\u00a0\u00bb]<strong>Antid\u00e9rapant<\/strong><br \/>\n<strong>31 x 62,6 x O,9 cm<\/strong><br \/>\n12\u201d x 24\u201d[\/vc_column_text][\/vc_column_inner][vc_column_inner width=\u00a0\u00bb1\/6&Prime; css=\u00a0\u00bb.vc_custom_1725456032390{padding-right: 0px !important;padding-left: 0px !important;}\u00a0\u00bb][\/vc_column_inner][vc_column_inner width=\u00a0\u00bb1\/6&Prime; css=\u00a0\u00bb.vc_custom_1725456039411{padding-right: 0px !important;padding-left: 0px !important;}\u00a0\u00bb][\/vc_column_inner][vc_column_inner width=\u00a0\u00bb1\/6&Prime; css=\u00a0\u00bb.vc_custom_1725456046941{padding-right: 0px !important;padding-left: 0px !important;}\u00a0\u00bb][\/vc_column_inner][\/vc_row_inner][vc_column_text css=\u00a0\u00bb\u00a0\u00bb]<\/p>\n<section class=\"row \">\n<div class=\"spb_content_element col-sm-12 spb_text_column\">\n<div class=\"spb-asset-content\">\n<h4>Coral Blue<\/h4>\n<\/div>\n<\/div>\n<\/section>\n<section class=\"row \">\n<div class=\"spb_content_element spb_image noframe col-sm-2 thumbnail-default\">\n<div class=\"spb-asset-content\"><\/div>\n<\/div>\n<\/section>\n<p>[\/vc_column_text][vc_row_inner equal_height=\u00a0\u00bbyes\u00a0\u00bb content_placement=\u00a0\u00bbbottom\u00a0\u00bb gap=\u00a0\u00bb15&Prime; el_class=\u00a0\u00bbfuente-chiquita\u00a0\u00bb css=\u00a0\u00bb.vc_custom_1735591880929{padding-right: 21px !important;padding-left: 21px !important;}\u00a0\u00bb][vc_column_inner width=\u00a0\u00bb1\/6&Prime; css=\u00a0\u00bb.vc_custom_1735591898010{padding-right: 0px !important;padding-left: 0px !important;}\u00a0\u00bb offset=\u00a0\u00bbvc_col-xs-6&Prime;][vc_single_image image=\u00a0\u00bb27494&Prime; img_size=\u00a0\u00bb\u00a0\u00bb css=\u00a0\u00bb\u00a0\u00bb][vc_empty_space height=\u00a0\u00bb12px\u00a0\u00bb][vc_column_text css=\u00a0\u00bb\u00a0\u00bb]<strong>Antid\u00e9rapant<\/strong><br \/>\n<strong>31 x 62,6 x O,9 cm<\/strong><br \/>\n12\u201d x 24\u201d[\/vc_column_text][\/vc_column_inner][vc_column_inner width=\u00a0\u00bb1\/6&Prime; css=\u00a0\u00bb.vc_custom_1735591912871{padding-right: 0px !important;padding-left: 0px !important;}\u00a0\u00bb offset=\u00a0\u00bbvc_col-xs-6&Prime;][vc_single_image image=\u00a0\u00bb34067&Prime; img_size=\u00a0\u00bb162&#215;81&Prime; css=\u00a0\u00bb\u00a0\u00bb][vc_empty_space height=\u00a0\u00bb12px\u00a0\u00bb][vc_column_text css=\u00a0\u00bb\u00a0\u00bb]<b>Mosaic <strong>Antid\u00e9rapant<\/strong> <\/b><br \/>\n<strong>31,3 x 31,3<\/strong><br \/>\n12\u201d x 12\u201d[\/vc_column_text][\/vc_column_inner][vc_column_inner width=\u00a0\u00bb1\/6&Prime; css=\u00a0\u00bb.vc_custom_1725456024925{padding-right: 0px !important;padding-left: 0px !important;}\u00a0\u00bb][\/vc_column_inner][vc_column_inner width=\u00a0\u00bb1\/6&Prime; css=\u00a0\u00bb.vc_custom_1725456032390{padding-right: 0px !important;padding-left: 0px !important;}\u00a0\u00bb][\/vc_column_inner][vc_column_inner width=\u00a0\u00bb1\/6&Prime; css=\u00a0\u00bb.vc_custom_1725456039411{padding-right: 0px !important;padding-left: 0px !important;}\u00a0\u00bb][\/vc_column_inner][vc_column_inner width=\u00a0\u00bb1\/6&Prime; css=\u00a0\u00bb.vc_custom_1725456046941{padding-right: 0px !important;padding-left: 0px !important;}\u00a0\u00bb][\/vc_column_inner][\/vc_row_inner][vc_empty_space height=\u00a0\u00bb12px\u00a0\u00bb el_class=\u00a0\u00bbno-mobile\u00a0\u00bb][vc_column_text css=\u00a0\u00bb\u00a0\u00bb el_class=\u00a0\u00bbfuente-chiquita\u00a0\u00bb]<\/p>\n<section class=\"row \">\n<div class=\"spb_content_element col-sm-12 spb_text_column\">\n<div class=\"spb-asset-content\">\n<p>Mesure approximative en pouces<\/p>\n<\/div>\n<\/div>\n<\/section>\n<section class=\"row \">\n<div class=\"spb_content_element spb_image noframe col-sm-2 thumbnail-default\">\n<div class=\"spb-asset-content\"><\/div>\n<\/div>\n<\/section>\n<p>[\/vc_column_text][\/vc_column][\/vc_row]<\/p>\n<\/div>","protected":false},"excerpt":{"rendered":"<p>[vc_row][vc_column][\/vc_column][\/vc_row][vc_row][vc_column][\/vc_column][\/vc_row][vc_row][vc_column width=\u00a0\u00bb2\/3&Prime;][\/vc_column][vc_column width=\u00a0\u00bb1\/3&Prime;][vc_column_text css=\u00a0\u00bb\u00a0\u00bb] Style Un air tropical. Coral s\u2019inspire des textures oc\u00e9aniques, des sables et des fonds marins. Il&#8230;<\/p>\n","protected":false},"author":1,"featured_media":34054,"parent":33446,"menu_order":0,"comment_status":"closed","ping_status":"closed","template":"","meta":{"footnotes":""},"class_list":["post-34092","page","type-page","status-publish","has-post-thumbnail"],"_links":{"self":[{"href":"https:\/\/rosagres.com\/fr\/wp-json\/wp\/v2\/pages\/34092","targetHints":{"allow":["GET"]}}],"collection":[{"href":"https:\/\/rosagres.com\/fr\/wp-json\/wp\/v2\/pages"}],"about":[{"href":"https:\/\/rosagres.com\/fr\/wp-json\/wp\/v2\/types\/page"}],"author":[{"embeddable":true,"href":"https:\/\/rosagres.com\/fr\/wp-json\/wp\/v2\/users\/1"}],"replies":[{"embeddable":true,"href":"https:\/\/rosagres.com\/fr\/wp-json\/wp\/v2\/comments?post=34092"}],"version-history":[{"count":0,"href":"https:\/\/rosagres.com\/fr\/wp-json\/wp\/v2\/pages\/34092\/revisions"}],"up":[{"embeddable":true,"href":"https:\/\/rosagres.com\/fr\/wp-json\/wp\/v2\/pages\/33446"}],"wp:featuredmedia":[{"embeddable":true,"href":"https:\/\/rosagres.com\/fr\/wp-json\/wp\/v2\/media\/34054"}],"wp:attachment":[{"href":"https:\/\/rosagres.com\/fr\/wp-json\/wp\/v2\/media?parent=34092"}],"curies":[{"name":"wp","href":"https:\/\/api.w.org\/{rel}","templated":true}]}}