{"id":34174,"date":"2024-12-30T21:39:18","date_gmt":"2024-12-30T20:39:18","guid":{"rendered":"https:\/\/rosagres.com\/collections\/sophy\/"},"modified":"2025-03-04T22:33:03","modified_gmt":"2025-03-04T21:33:03","slug":"sophy","status":"publish","type":"page","link":"https:\/\/rosagres.com\/fr\/collections\/sophy\/","title":{"rendered":"Sophy"},"content":{"rendered":"<div class=\"wpb-content-wrapper\"><p>[vc_row][vc_column]<style>.thegem-te-post-breadcrumbs.thegem-custom-69dea14c5005d5471 .post-breadcrumbs {justify-content: left; text-align: left;}.thegem-te-post-breadcrumbs.thegem-custom-69dea14c5005d5471 .post-breadcrumbs ul {justify-content: left; text-align: left;}<\/style><div class=\"thegem-te-post-breadcrumbs thegem-custom-69dea14c5005d5471\"> <div class=\"post-breadcrumbs\"><ul><li><a href=\"https:\/\/rosagres.com\/fr\/\">Accueil<\/a><\/li><\/ul><!-- .breadcrumbs --><\/div> <\/div>[\/vc_column][\/vc_row][vc_row][vc_column]<div class=\"gem-vimeo gem-wrapbox gem-wrapbox-style-no-style rounded-corners gem-wrapbox-position-below\" style=\"width: 100%;\"><div class=\"gem-wrapbox-inner gem-ratio-style\" style=\"padding-top: 56.25%\"><iframe webkitallowfullscreen=\"true\" mozallowfullscreen=\"true\" allowfullscreen=\"true\" class=\"gem-wrapbox-element img-responsive\" frameborder=\"0\" scrolling=\"no\" marginheight=\"0\" marginwidth=\"0\" src=\"\/\/player.vimeo.com\/video\/1040397428?title=0&amp;byline=0&amp;portrait=0 \"><\/iframe><\/div><\/div>[\/vc_column][\/vc_row][vc_row][vc_column width=\u00a0\u00bb2\/3&Prime;]<div class=\"preloader\"><div class=\"preloader-spin\"><\/div><\/div> <div id=\"gem-gallery-69dea14c5139b\" class=\"gem-gallery gem-gallery-hover-disabled\"> <div class=\"gem-gallery-item\"> <div class=\"gem-gallery-item-image\"> <a href=\"https:\/\/rosagres.com\/wp-content\/uploads\/2024\/12\/rosa-gres-coleccion-sophy-white-portada-thegem-gallery-fullwidth.jpg\" data-fancybox-group=\"gallery-69dea14c5139b\" data-full-image-url=\"https:\/\/rosagres.com\/wp-content\/uploads\/2024\/12\/rosa-gres-coleccion-sophy-white-portada.jpg\"> <svg width=\"20\" height=\"10\"><path d=\"M 0,10 Q 9,9 10,0 Q 11,9 20,10\" \/><\/svg> <img src=\"https:\/\/rosagres.com\/wp-content\/uploads\/2024\/12\/rosa-gres-coleccion-sophy-white-portada-thegem-post-thumb-small.jpg\" alt=\"\" class=\"img-responsive\"> <span class=\"gem-gallery-caption slide-info\"> <\/span> <\/a> <span class=\"gem-gallery-line\"><\/span> <\/div> <\/div> <div class=\"gem-gallery-item\"> <div class=\"gem-gallery-item-image\"> <a href=\"https:\/\/rosagres.com\/wp-content\/uploads\/2024\/12\/rosa-gres-coleccion-sophy-white-in-out-thegem-gallery-fullwidth.jpg\" data-fancybox-group=\"gallery-69dea14c5139b\" data-full-image-url=\"https:\/\/rosagres.com\/wp-content\/uploads\/2024\/12\/rosa-gres-coleccion-sophy-white-in-out.jpg\"> <svg width=\"20\" height=\"10\"><path d=\"M 0,10 Q 9,9 10,0 Q 11,9 20,10\" \/><\/svg> <img src=\"https:\/\/rosagres.com\/wp-content\/uploads\/2024\/12\/rosa-gres-coleccion-sophy-white-in-out-thegem-post-thumb-small.jpg\" alt=\"\" class=\"img-responsive\"> <span class=\"gem-gallery-caption slide-info\"> <\/span> <\/a> <span class=\"gem-gallery-line\"><\/span> <\/div> <\/div> <div class=\"gem-gallery-item\"> <div class=\"gem-gallery-item-image\"> <a href=\"https:\/\/rosagres.com\/wp-content\/uploads\/2024\/12\/rosa-gres-coleccion-sophy-grey-in-out-thegem-gallery-fullwidth.jpg\" data-fancybox-group=\"gallery-69dea14c5139b\" data-full-image-url=\"https:\/\/rosagres.com\/wp-content\/uploads\/2024\/12\/rosa-gres-coleccion-sophy-grey-in-out.jpg\"> <svg width=\"20\" height=\"10\"><path d=\"M 0,10 Q 9,9 10,0 Q 11,9 20,10\" \/><\/svg> <img src=\"https:\/\/rosagres.com\/wp-content\/uploads\/2024\/12\/rosa-gres-coleccion-sophy-grey-in-out-thegem-post-thumb-small.jpg\" alt=\"\" class=\"img-responsive\"> <span class=\"gem-gallery-caption slide-info\"> <\/span> <\/a> <span class=\"gem-gallery-line\"><\/span> <\/div> <\/div> <div class=\"gem-gallery-item\"> <div class=\"gem-gallery-item-image\"> <a href=\"https:\/\/rosagres.com\/wp-content\/uploads\/2024\/12\/rosa-gres-coleccion-sophy-beige-in-out-thegem-gallery-fullwidth.jpg\" data-fancybox-group=\"gallery-69dea14c5139b\" data-full-image-url=\"https:\/\/rosagres.com\/wp-content\/uploads\/2024\/12\/rosa-gres-coleccion-sophy-beige-in-out.jpg\"> <svg width=\"20\" height=\"10\"><path d=\"M 0,10 Q 9,9 10,0 Q 11,9 20,10\" \/><\/svg> <img src=\"https:\/\/rosagres.com\/wp-content\/uploads\/2024\/12\/rosa-gres-coleccion-sophy-beige-in-out-thegem-post-thumb-small.jpg\" alt=\"\" class=\"img-responsive\"> <span class=\"gem-gallery-caption slide-info\"> <\/span> <\/a> <span class=\"gem-gallery-line\"><\/span> <\/div> <\/div> <div class=\"gem-gallery-item\"> <div class=\"gem-gallery-item-image\"> <a href=\"https:\/\/rosagres.com\/wp-content\/uploads\/2024\/12\/rosa-gres-coleccion-mood-board-sophy-thegem-gallery-fullwidth.jpg\" data-fancybox-group=\"gallery-69dea14c5139b\" data-full-image-url=\"https:\/\/rosagres.com\/wp-content\/uploads\/2024\/12\/rosa-gres-coleccion-mood-board-sophy.jpg\"> <svg width=\"20\" height=\"10\"><path d=\"M 0,10 Q 9,9 10,0 Q 11,9 20,10\" \/><\/svg> <img src=\"https:\/\/rosagres.com\/wp-content\/uploads\/2024\/12\/rosa-gres-coleccion-mood-board-sophy-thegem-post-thumb-small.jpg\" alt=\"\" class=\"img-responsive\"> <span class=\"gem-gallery-caption slide-info\"> <\/span> <\/a> <span class=\"gem-gallery-line\"><\/span> <\/div> <\/div> <\/div>[\/vc_column][vc_column width=\u00a0\u00bb1\/3&Prime;][vc_column_text css=\u00a0\u00bb\u00a0\u00bb]<\/p>\n<div>\n<h3>Style<\/h3>\n<\/div>\n<p class=\"p1\">Trois couleurs essentielles. Les classiques indispensables, \u00e9l\u00e9gants, minimalistes. Trois tons intemporels qui ne se d\u00e9modent pas.\u00a0<b>Sophy White<\/b>, un blanc pur et raffin\u00e9 qui apporte beaucoup de clart\u00e9.\u00a0<b>Sophy Beige<\/b>, un ocre d\u2019aspect pierre au graphisme d\u00e9licat et subtil. Une couleur qui va toujours bien avec tout.\u00a0<b>Sophy Grey<\/b>, un gris clair, l\u00e9ger, lumineux, sophistiqu\u00e9.\u00a0<b>Sophy\u00a0<\/b>est la collection id\u00e9ale pour cr\u00e9er des espaces\u00a0<b>In&amp;Out<\/b>\u00a0qui respirent l\u2019harmonie.<\/p>\n<h3 class=\"p1\">Utilisations<\/h3>\n<p class=\"p1\">Int\u00e9rieur, Ext\u00e9rieur, In&amp;Out, Piscine, Terrasse, Escaliers<\/p>\n<h3 class=\"p1\">Nouveau format de grandes dimensions<\/h3>\n<p class=\"p1\">Pi\u00e8ces de 97,9\u00a0x\u00a097,9\u00a0cm avec finition Lisse rectifi\u00e9e et Antid\u00e9rapante rectifi\u00e9e.<\/p>\n<p style=\"text-align: right;\"><strong>T\u00e9l\u00e9charger le Catalogue<\/strong><\/p>\n<p style=\"text-align: right;\"><a href=\"https:\/\/rosagres.com\/upload\/catalogos\/catalogo-rosa-gres-SOPHY.pdf\" target=\"_blank\" rel=\"noopener\"><img class=\"alignnone wp-image-37015\" src=\"https:\/\/rosagres.com\/wp-content\/uploads\/2025\/03\/rosa-gres-catalogo-sophy.webp\" alt=\"Cat\u00e1logo colecci\u00f3n Sophy\" width=\"120\" height=\"170\" srcset=\"https:\/\/rosagres.com\/wp-content\/uploads\/2025\/03\/rosa-gres-catalogo-sophy.webp 566w, https:\/\/rosagres.com\/wp-content\/uploads\/2025\/03\/rosa-gres-catalogo-sophy-212x300.webp 212w\" sizes=\"(max-width: 120px) 100vw, 120px\" \/><\/a><\/p>\n<p>[\/vc_column_text][\/vc_column][\/vc_row][vc_row][vc_column][vc_empty_space][vc_column_text css=\u00a0\u00bb\u00a0\u00bb]<\/p>\n<h3>COULEURS<\/h3>\n<p>[\/vc_column_text][vc_empty_space height=\u00a0\u00bb12px\u00a0\u00bb][vc_row_inner css=\u00a0\u00bb.vc_custom_1735590758161{padding-right: 21px !important;padding-left: 21px !important;}\u00a0\u00bb][vc_column_inner width=\u00a0\u00bb1\/5&Prime; offset=\u00a0\u00bbvc_col-xs-6&Prime; css=\u00a0\u00bb.vc_custom_1735590722959{padding-right: 0px !important;padding-left: 0px !important;}\u00a0\u00bb]<div class=\"woocommerce \">\t<div class=\"products row inline-row columns-4\">\r\n<div class=\"inline-column col-sm-3 col-xs-6 first catalog-view product type-product post-34158 status-publish instock product_cat-revetements-et-piscine has-post-thumbnail shipping-taxable product-type-simple\">\n\n\t<div class=\"product-inner centered-box\">\n\n\t\t\n\t\t<a href=\"https:\/\/rosagres.com\/fr\/sol-gres-cerame\/couleurs\/revetements-et-piscine\/sophy-white\/\" class=\"product-image\">\n\t\t\t<div class=\"product-labels\"><\/div>\n\t\t\t<span class=\"product-image-inner\"><img width=\"300\" height=\"300\" src=\"https:\/\/rosagres.com\/wp-content\/uploads\/2024\/12\/rosa-gres-coleccion-sophy-white-producto-300x300.jpg\" class=\"attachment-woocommerce_thumbnail size-woocommerce_thumbnail\" alt=\"Gr\u00e8s c\u00e9rame Sophy White\" srcset=\"https:\/\/rosagres.com\/wp-content\/uploads\/2024\/12\/rosa-gres-coleccion-sophy-white-producto-300x300.jpg 300w, https:\/\/rosagres.com\/wp-content\/uploads\/2024\/12\/rosa-gres-coleccion-sophy-white-producto-150x150.jpg 150w, https:\/\/rosagres.com\/wp-content\/uploads\/2024\/12\/rosa-gres-coleccion-sophy-white-producto-768x768.jpg 768w, https:\/\/rosagres.com\/wp-content\/uploads\/2024\/12\/rosa-gres-coleccion-sophy-white-producto-256x256.jpg 256w, https:\/\/rosagres.com\/wp-content\/uploads\/2024\/12\/rosa-gres-coleccion-sophy-white-producto-600x600.jpg 600w, https:\/\/rosagres.com\/wp-content\/uploads\/2024\/12\/rosa-gres-coleccion-sophy-white-producto-180x180.jpg 180w, https:\/\/rosagres.com\/wp-content\/uploads\/2024\/12\/rosa-gres-coleccion-sophy-white-producto.jpg 1000w\" sizes=\"(max-width: 300px) 100vw, 300px\" \/><img width=\"300\" height=\"300\" src=\"https:\/\/rosagres.com\/wp-content\/uploads\/2024\/12\/rosa-gres-coleccion-sophy-white-portada-300x300.jpg\" class=\"attachment woo-product-hover\" alt=\"Gr\u00e8s c\u00e9rame Sophy White\" srcset=\"https:\/\/rosagres.com\/wp-content\/uploads\/2024\/12\/rosa-gres-coleccion-sophy-white-portada-300x300.jpg 300w, https:\/\/rosagres.com\/wp-content\/uploads\/2024\/12\/rosa-gres-coleccion-sophy-white-portada-150x150.jpg 150w, https:\/\/rosagres.com\/wp-content\/uploads\/2024\/12\/rosa-gres-coleccion-sophy-white-portada-768x768.jpg 768w, https:\/\/rosagres.com\/wp-content\/uploads\/2024\/12\/rosa-gres-coleccion-sophy-white-portada-256x256.jpg 256w, https:\/\/rosagres.com\/wp-content\/uploads\/2024\/12\/rosa-gres-coleccion-sophy-white-portada-600x600.jpg 600w, https:\/\/rosagres.com\/wp-content\/uploads\/2024\/12\/rosa-gres-coleccion-sophy-white-portada-180x180.jpg 180w, https:\/\/rosagres.com\/wp-content\/uploads\/2024\/12\/rosa-gres-coleccion-sophy-white-portada.jpg 800w\" sizes=\"(max-width: 300px) 100vw, 300px\" \/><\/span>\n\t\t<\/a>\n\n\t\t<div class=\"product-info clearfix\">\n\t\t\t\t\t\t<div class=\"product-title title-h6\"><a href=\"https:\/\/rosagres.com\/fr\/sol-gres-cerame\/couleurs\/revetements-et-piscine\/sophy-white\/\">Sophy White<\/a><\/div>\n\t\t\t\t\t<\/div>\n\n\t\t\n\t<\/div>\n<\/div>\n    <\/div>\r\n<\/div>[\/vc_column_inner][vc_column_inner width=\u00a0\u00bb1\/5&Prime; offset=\u00a0\u00bbvc_col-xs-6&Prime; css=\u00a0\u00bb.vc_custom_1735590729691{padding-right: 0px !important;padding-left: 0px !important;}\u00a0\u00bb]<div class=\"woocommerce \">\t<div class=\"products row inline-row columns-4\">\r\n<div class=\"inline-column col-sm-3 col-xs-6 first catalog-view product type-product post-34155 status-publish instock product_cat-revetements-et-piscine has-post-thumbnail shipping-taxable product-type-simple\">\n\n\t<div class=\"product-inner centered-box\">\n\n\t\t\n\t\t<a href=\"https:\/\/rosagres.com\/fr\/sol-gres-cerame\/couleurs\/revetements-et-piscine\/sophy-beige\/\" class=\"product-image\">\n\t\t\t<div class=\"product-labels\"><\/div>\n\t\t\t<span class=\"product-image-inner\"><img width=\"300\" height=\"300\" src=\"https:\/\/rosagres.com\/wp-content\/uploads\/2024\/12\/rosa-gres-coleccion-sophy-beige-producto-300x300.jpg\" class=\"attachment-woocommerce_thumbnail size-woocommerce_thumbnail\" alt=\"Gr\u00e8s c\u00e9rame Sophy Beige\" srcset=\"https:\/\/rosagres.com\/wp-content\/uploads\/2024\/12\/rosa-gres-coleccion-sophy-beige-producto-300x300.jpg 300w, https:\/\/rosagres.com\/wp-content\/uploads\/2024\/12\/rosa-gres-coleccion-sophy-beige-producto-150x150.jpg 150w, https:\/\/rosagres.com\/wp-content\/uploads\/2024\/12\/rosa-gres-coleccion-sophy-beige-producto-768x768.jpg 768w, https:\/\/rosagres.com\/wp-content\/uploads\/2024\/12\/rosa-gres-coleccion-sophy-beige-producto-256x256.jpg 256w, https:\/\/rosagres.com\/wp-content\/uploads\/2024\/12\/rosa-gres-coleccion-sophy-beige-producto-600x600.jpg 600w, https:\/\/rosagres.com\/wp-content\/uploads\/2024\/12\/rosa-gres-coleccion-sophy-beige-producto-180x180.jpg 180w, https:\/\/rosagres.com\/wp-content\/uploads\/2024\/12\/rosa-gres-coleccion-sophy-beige-producto.jpg 1000w\" sizes=\"(max-width: 300px) 100vw, 300px\" \/><img width=\"300\" height=\"300\" src=\"https:\/\/rosagres.com\/wp-content\/uploads\/2024\/12\/rosa-gres-coleccion-sophy-beige-in-out-300x300.jpg\" class=\"attachment woo-product-hover\" alt=\"Gr\u00e8s c\u00e9rame Sophy Beige int\u00e9rieur et ext\u00e9rieur\" srcset=\"https:\/\/rosagres.com\/wp-content\/uploads\/2024\/12\/rosa-gres-coleccion-sophy-beige-in-out-300x300.jpg 300w, https:\/\/rosagres.com\/wp-content\/uploads\/2024\/12\/rosa-gres-coleccion-sophy-beige-in-out-150x150.jpg 150w, https:\/\/rosagres.com\/wp-content\/uploads\/2024\/12\/rosa-gres-coleccion-sophy-beige-in-out-768x768.jpg 768w, https:\/\/rosagres.com\/wp-content\/uploads\/2024\/12\/rosa-gres-coleccion-sophy-beige-in-out-256x256.jpg 256w, https:\/\/rosagres.com\/wp-content\/uploads\/2024\/12\/rosa-gres-coleccion-sophy-beige-in-out-600x600.jpg 600w, https:\/\/rosagres.com\/wp-content\/uploads\/2024\/12\/rosa-gres-coleccion-sophy-beige-in-out-180x180.jpg 180w, https:\/\/rosagres.com\/wp-content\/uploads\/2024\/12\/rosa-gres-coleccion-sophy-beige-in-out.jpg 800w\" sizes=\"(max-width: 300px) 100vw, 300px\" \/><\/span>\n\t\t<\/a>\n\n\t\t<div class=\"product-info clearfix\">\n\t\t\t\t\t\t<div class=\"product-title title-h6\"><a href=\"https:\/\/rosagres.com\/fr\/sol-gres-cerame\/couleurs\/revetements-et-piscine\/sophy-beige\/\">Sophy Beige<\/a><\/div>\n\t\t\t\t\t<\/div>\n\n\t\t\n\t<\/div>\n<\/div>\n    <\/div>\r\n<\/div>[\/vc_column_inner][vc_column_inner width=\u00a0\u00bb1\/5&Prime; offset=\u00a0\u00bbvc_col-xs-6&Prime; css=\u00a0\u00bb.vc_custom_1735590736427{padding-right: 0px !important;padding-left: 0px !important;}\u00a0\u00bb]<div class=\"woocommerce \">\t<div class=\"products row inline-row columns-4\">\r\n<div class=\"inline-column col-sm-3 col-xs-6 first catalog-view product type-product post-34152 status-publish instock product_cat-revetements-et-piscine has-post-thumbnail shipping-taxable product-type-simple\">\n\n\t<div class=\"product-inner centered-box\">\n\n\t\t\n\t\t<a href=\"https:\/\/rosagres.com\/fr\/sol-gres-cerame\/couleurs\/revetements-et-piscine\/sophy-grey\/\" class=\"product-image\">\n\t\t\t<div class=\"product-labels\"><\/div>\n\t\t\t<span class=\"product-image-inner\"><img width=\"300\" height=\"300\" src=\"https:\/\/rosagres.com\/wp-content\/uploads\/2024\/12\/rosa-gres-coleccion-sophy-grey-producto-300x300.jpg\" class=\"attachment-woocommerce_thumbnail size-woocommerce_thumbnail\" alt=\"Gr\u00e8s c\u00e9rame Sophy Grey\" srcset=\"https:\/\/rosagres.com\/wp-content\/uploads\/2024\/12\/rosa-gres-coleccion-sophy-grey-producto-300x300.jpg 300w, https:\/\/rosagres.com\/wp-content\/uploads\/2024\/12\/rosa-gres-coleccion-sophy-grey-producto-150x150.jpg 150w, https:\/\/rosagres.com\/wp-content\/uploads\/2024\/12\/rosa-gres-coleccion-sophy-grey-producto-768x768.jpg 768w, https:\/\/rosagres.com\/wp-content\/uploads\/2024\/12\/rosa-gres-coleccion-sophy-grey-producto-256x256.jpg 256w, https:\/\/rosagres.com\/wp-content\/uploads\/2024\/12\/rosa-gres-coleccion-sophy-grey-producto-600x600.jpg 600w, https:\/\/rosagres.com\/wp-content\/uploads\/2024\/12\/rosa-gres-coleccion-sophy-grey-producto-180x180.jpg 180w, https:\/\/rosagres.com\/wp-content\/uploads\/2024\/12\/rosa-gres-coleccion-sophy-grey-producto.jpg 1000w\" sizes=\"(max-width: 300px) 100vw, 300px\" \/><img width=\"300\" height=\"300\" src=\"https:\/\/rosagres.com\/wp-content\/uploads\/2024\/12\/rosa-gres-coleccion-sophy-grey-in-out-300x300.jpg\" class=\"attachment woo-product-hover\" alt=\"Gr\u00e8s c\u00e9rame Sophy Grey In and Out\" srcset=\"https:\/\/rosagres.com\/wp-content\/uploads\/2024\/12\/rosa-gres-coleccion-sophy-grey-in-out-300x300.jpg 300w, https:\/\/rosagres.com\/wp-content\/uploads\/2024\/12\/rosa-gres-coleccion-sophy-grey-in-out-150x150.jpg 150w, https:\/\/rosagres.com\/wp-content\/uploads\/2024\/12\/rosa-gres-coleccion-sophy-grey-in-out-768x768.jpg 768w, https:\/\/rosagres.com\/wp-content\/uploads\/2024\/12\/rosa-gres-coleccion-sophy-grey-in-out-256x256.jpg 256w, https:\/\/rosagres.com\/wp-content\/uploads\/2024\/12\/rosa-gres-coleccion-sophy-grey-in-out-600x600.jpg 600w, https:\/\/rosagres.com\/wp-content\/uploads\/2024\/12\/rosa-gres-coleccion-sophy-grey-in-out-180x180.jpg 180w, https:\/\/rosagres.com\/wp-content\/uploads\/2024\/12\/rosa-gres-coleccion-sophy-grey-in-out.jpg 800w\" sizes=\"(max-width: 300px) 100vw, 300px\" \/><\/span>\n\t\t<\/a>\n\n\t\t<div class=\"product-info clearfix\">\n\t\t\t\t\t\t<div class=\"product-title title-h6\"><a href=\"https:\/\/rosagres.com\/fr\/sol-gres-cerame\/couleurs\/revetements-et-piscine\/sophy-grey\/\">Sophy Grey<\/a><\/div>\n\t\t\t\t\t<\/div>\n\n\t\t\n\t<\/div>\n<\/div>\n    <\/div>\r\n<\/div>[\/vc_column_inner][vc_column_inner width=\u00a0\u00bb1\/5&Prime; offset=\u00a0\u00bbvc_hidden-xs\u00a0\u00bb][\/vc_column_inner][vc_column_inner width=\u00a0\u00bb1\/5&Prime; offset=\u00a0\u00bbvc_hidden-xs\u00a0\u00bb][\/vc_column_inner][\/vc_row_inner][\/vc_column][\/vc_row][vc_row][vc_column][vc_empty_space][vc_column_text css=\u00a0\u00bb\u00a0\u00bb]<\/p>\n<h3>FORMATS ET FINITIONS<\/h3>\n<p>[\/vc_column_text][vc_empty_space height=\u00a0\u00bb5px\u00a0\u00bb][vc_row_inner equal_height=\u00a0\u00bbyes\u00a0\u00bb content_placement=\u00a0\u00bbbottom\u00a0\u00bb gap=\u00a0\u00bb15&Prime; el_class=\u00a0\u00bbfuente-chiquita\u00a0\u00bb css=\u00a0\u00bb.vc_custom_1735592357450{padding-right: 21px !important;padding-left: 21px !important;}\u00a0\u00bb][vc_column_inner width=\u00a0\u00bb1\/6&Prime; css=\u00a0\u00bb.vc_custom_1735592269536{padding-right: 0px !important;padding-left: 0px !important;}\u00a0\u00bb offset=\u00a0\u00bbvc_col-xs-6&Prime;][vc_single_image image=\u00a0\u00bb34064&Prime; img_size=\u00a0\u00bb\u00a0\u00bb css=\u00a0\u00bb\u00a0\u00bb][vc_empty_space height=\u00a0\u00bb12px\u00a0\u00bb][vc_column_text css=\u00a0\u00bb\u00a0\u00bb]<b>Lisse \u2013 Rectification<br \/>\n<\/b><strong>97,9 x 97,9 x 1 cm<\/strong><br \/>\n38\u201d x 38\u201d[\/vc_column_text][\/vc_column_inner][vc_column_inner width=\u00a0\u00bb1\/6&Prime; css=\u00a0\u00bb.vc_custom_1725456012890{padding-right: 0px !important;padding-left: 0px !important;}\u00a0\u00bb offset=\u00a0\u00bbvc_col-xs-6&Prime;][vc_single_image image=\u00a0\u00bb34064&Prime; img_size=\u00a0\u00bb\u00a0\u00bb css=\u00a0\u00bb\u00a0\u00bb][vc_empty_space height=\u00a0\u00bb12px\u00a0\u00bb][vc_column_text css=\u00a0\u00bb\u00a0\u00bb]<strong><b>Lisse \u2013 Rectification<\/b><br \/>\n<\/strong><strong>48,8 x 97,9 x 1 cm<\/strong><br \/>\n19\u201d x 38\u201d[\/vc_column_text][\/vc_column_inner][vc_column_inner width=\u00a0\u00bb1\/6&Prime; css=\u00a0\u00bb.vc_custom_1725456024925{padding-right: 0px !important;padding-left: 0px !important;}\u00a0\u00bb offset=\u00a0\u00bbvc_col-xs-6&Prime;][vc_single_image image=\u00a0\u00bb27496&Prime; img_size=\u00a0\u00bb\u00a0\u00bb css=\u00a0\u00bb\u00a0\u00bb][vc_empty_space height=\u00a0\u00bb12px\u00a0\u00bb][vc_column_text css=\u00a0\u00bb\u00a0\u00bb]<strong>Liso &#8211; Rectificado<br \/>\n<\/strong><strong>48,8 x 97,9 x 1 cm<\/strong><br \/>\n19\u201d x 38\u201d[\/vc_column_text][\/vc_column_inner][vc_column_inner width=\u00a0\u00bb1\/6&Prime; css=\u00a0\u00bb.vc_custom_1725456032390{padding-right: 0px !important;padding-left: 0px !important;}\u00a0\u00bb offset=\u00a0\u00bbvc_col-xs-6&Prime;][vc_single_image image=\u00a0\u00bb27496&Prime; img_size=\u00a0\u00bb\u00a0\u00bb css=\u00a0\u00bb\u00a0\u00bb][vc_empty_space height=\u00a0\u00bb12px\u00a0\u00bb][vc_column_text css=\u00a0\u00bb\u00a0\u00bb]<b>Antid\u00e9rapant<\/b><br \/>\n<strong>48,8 x 97,9 x 1 cm<\/strong><br \/>\n19\u201d x 38\u201d[\/vc_column_text][\/vc_column_inner][vc_column_inner width=\u00a0\u00bb1\/6&Prime; css=\u00a0\u00bb.vc_custom_1725456039411{padding-right: 0px !important;padding-left: 0px !important;}\u00a0\u00bb offset=\u00a0\u00bbvc_col-xs-6&Prime;][vc_single_image image=\u00a0\u00bb27494&Prime; img_size=\u00a0\u00bb\u00a0\u00bb css=\u00a0\u00bb\u00a0\u00bb][vc_empty_space height=\u00a0\u00bb12px\u00a0\u00bb][vc_column_text css=\u00a0\u00bb\u00a0\u00bb]<b>Antid\u00e9rapant<\/b><br \/>\n<strong>31 x 62,6 x O,9 cm<\/strong><br \/>\n12\u201d x 24\u201d[\/vc_column_text][\/vc_column_inner][vc_column_inner width=\u00a0\u00bb1\/6&Prime; css=\u00a0\u00bb.vc_custom_1725456046941{padding-right: 0px !important;padding-left: 0px !important;}\u00a0\u00bb offset=\u00a0\u00bbvc_col-xs-6&Prime;][vc_empty_space height=\u00a0\u00bb12px\u00a0\u00bb][\/vc_column_inner][\/vc_row_inner][vc_empty_space height=\u00a0\u00bb12px\u00a0\u00bb][vc_column_text css=\u00a0\u00bb\u00a0\u00bb el_class=\u00a0\u00bbfuente-chiquita\u00a0\u00bb]Dimension approximative en pouces[\/vc_column_text][\/vc_column][\/vc_row]<\/p>\n<\/div>","protected":false},"excerpt":{"rendered":"<p>[vc_row][vc_column][\/vc_column][\/vc_row][vc_row][vc_column][\/vc_column][\/vc_row][vc_row][vc_column width=\u00a0\u00bb2\/3&Prime;][\/vc_column][vc_column width=\u00a0\u00bb1\/3&Prime;][vc_column_text css=\u00a0\u00bb\u00a0\u00bb] Style Trois couleurs essentielles. Les classiques indispensables, \u00e9l\u00e9gants, minimalistes. Trois tons intemporels qui ne se d\u00e9modent&#8230;<\/p>\n","protected":false},"author":1,"featured_media":34141,"parent":33446,"menu_order":0,"comment_status":"closed","ping_status":"closed","template":"","meta":{"footnotes":""},"class_list":["post-34174","page","type-page","status-publish","has-post-thumbnail"],"_links":{"self":[{"href":"https:\/\/rosagres.com\/fr\/wp-json\/wp\/v2\/pages\/34174","targetHints":{"allow":["GET"]}}],"collection":[{"href":"https:\/\/rosagres.com\/fr\/wp-json\/wp\/v2\/pages"}],"about":[{"href":"https:\/\/rosagres.com\/fr\/wp-json\/wp\/v2\/types\/page"}],"author":[{"embeddable":true,"href":"https:\/\/rosagres.com\/fr\/wp-json\/wp\/v2\/users\/1"}],"replies":[{"embeddable":true,"href":"https:\/\/rosagres.com\/fr\/wp-json\/wp\/v2\/comments?post=34174"}],"version-history":[{"count":0,"href":"https:\/\/rosagres.com\/fr\/wp-json\/wp\/v2\/pages\/34174\/revisions"}],"up":[{"embeddable":true,"href":"https:\/\/rosagres.com\/fr\/wp-json\/wp\/v2\/pages\/33446"}],"wp:featuredmedia":[{"embeddable":true,"href":"https:\/\/rosagres.com\/fr\/wp-json\/wp\/v2\/media\/34141"}],"wp:attachment":[{"href":"https:\/\/rosagres.com\/fr\/wp-json\/wp\/v2\/media?parent=34174"}],"curies":[{"name":"wp","href":"https:\/\/api.w.org\/{rel}","templated":true}]}}