{"id":34351,"date":"2024-09-04T20:12:36","date_gmt":"2024-09-04T18:12:36","guid":{"rendered":"https:\/\/rosagres.com\/collections\/iconic\/"},"modified":"2025-03-04T22:31:49","modified_gmt":"2025-03-04T21:31:49","slug":"iconic","status":"publish","type":"page","link":"https:\/\/rosagres.com\/fr\/collections\/iconic\/","title":{"rendered":"Iconic"},"content":{"rendered":"<div class=\"wpb-content-wrapper\"><p>[vc_row][vc_column]<style>.thegem-te-post-breadcrumbs.thegem-custom-69d366c63331e7954 .post-breadcrumbs {justify-content: left; text-align: left;}.thegem-te-post-breadcrumbs.thegem-custom-69d366c63331e7954 .post-breadcrumbs ul {justify-content: left; text-align: left;}<\/style><div class=\"thegem-te-post-breadcrumbs thegem-custom-69d366c63331e7954\"> <div class=\"post-breadcrumbs\"><ul><li><a href=\"https:\/\/rosagres.com\/fr\/\">Accueil<\/a><\/li><\/ul><!-- .breadcrumbs --><\/div> <\/div>[\/vc_column][\/vc_row][vc_row][vc_column]<div class=\"gem-vimeo gem-wrapbox gem-wrapbox-style-no-style rounded-corners gem-wrapbox-position-below\" style=\"width: 100%;\"><div class=\"gem-wrapbox-inner gem-ratio-style\" style=\"padding-top: 56.25%\"><iframe webkitallowfullscreen=\"true\" mozallowfullscreen=\"true\" allowfullscreen=\"true\" class=\"gem-wrapbox-element img-responsive\" frameborder=\"0\" scrolling=\"no\" marginheight=\"0\" marginwidth=\"0\" src=\"\/\/player.vimeo.com\/video\/679111971?title=0&amp;byline=0&amp;portrait=0 \"><\/iframe><\/div><\/div>[\/vc_column][\/vc_row][vc_row][vc_column width=\u00a0\u00bb2\/3&Prime;]<div class=\"preloader\"><div class=\"preloader-spin\"><\/div><\/div> <div id=\"gem-gallery-69d366c634692\" class=\"gem-gallery gem-gallery-hover-disabled\"> <div class=\"gem-gallery-item\"> <div class=\"gem-gallery-item-image\"> <a href=\"https:\/\/rosagres.com\/wp-content\/uploads\/2024\/09\/rosa-gres-porcelanico-coleccion-iconic-05-thegem-gallery-fullwidth.jpg\" data-fancybox-group=\"gallery-69d366c634692\" data-full-image-url=\"https:\/\/rosagres.com\/wp-content\/uploads\/2024\/09\/rosa-gres-porcelanico-coleccion-iconic-05.jpg\"> <svg width=\"20\" height=\"10\"><path d=\"M 0,10 Q 9,9 10,0 Q 11,9 20,10\" \/><\/svg> <img src=\"https:\/\/rosagres.com\/wp-content\/uploads\/2024\/09\/rosa-gres-porcelanico-coleccion-iconic-05-thegem-post-thumb-small.jpg\" alt=\"Suelo de gres porcel\u00e1nico. Colecci\u00f3n Iconic\" class=\"img-responsive\"> <span class=\"gem-gallery-caption slide-info\"> <\/span> <\/a> <span class=\"gem-gallery-line\"><\/span> <\/div> <\/div> <div class=\"gem-gallery-item\"> <div class=\"gem-gallery-item-image\"> <a href=\"https:\/\/rosagres.com\/wp-content\/uploads\/2024\/09\/rosa-gres-porcelanico-coleccion-iconic-06-thegem-gallery-fullwidth.jpg\" data-fancybox-group=\"gallery-69d366c634692\" data-full-image-url=\"https:\/\/rosagres.com\/wp-content\/uploads\/2024\/09\/rosa-gres-porcelanico-coleccion-iconic-06.jpg\"> <svg width=\"20\" height=\"10\"><path d=\"M 0,10 Q 9,9 10,0 Q 11,9 20,10\" \/><\/svg> <img src=\"https:\/\/rosagres.com\/wp-content\/uploads\/2024\/09\/rosa-gres-porcelanico-coleccion-iconic-06-thegem-post-thumb-small.jpg\" alt=\"Suelo de gres porcel\u00e1nico. Colecci\u00f3n Iconic\" class=\"img-responsive\"> <span class=\"gem-gallery-caption slide-info\"> <\/span> <\/a> <span class=\"gem-gallery-line\"><\/span> <\/div> <\/div> <div class=\"gem-gallery-item\"> <div class=\"gem-gallery-item-image\"> <a href=\"https:\/\/rosagres.com\/wp-content\/uploads\/2024\/09\/rosa-gres-porcelanico-coleccion-iconic-03-thegem-gallery-fullwidth.jpg\" data-fancybox-group=\"gallery-69d366c634692\" data-full-image-url=\"https:\/\/rosagres.com\/wp-content\/uploads\/2024\/09\/rosa-gres-porcelanico-coleccion-iconic-03.jpg\"> <svg width=\"20\" height=\"10\"><path d=\"M 0,10 Q 9,9 10,0 Q 11,9 20,10\" \/><\/svg> <img src=\"https:\/\/rosagres.com\/wp-content\/uploads\/2024\/09\/rosa-gres-porcelanico-coleccion-iconic-03-thegem-post-thumb-small.jpg\" alt=\"Suelo de gres porcel\u00e1nico. Colecci\u00f3n Iconic\" class=\"img-responsive\"> <span class=\"gem-gallery-caption slide-info\"> <\/span> <\/a> <span class=\"gem-gallery-line\"><\/span> <\/div> <\/div> <div class=\"gem-gallery-item\"> <div class=\"gem-gallery-item-image\"> <a href=\"https:\/\/rosagres.com\/wp-content\/uploads\/2024\/09\/rosa-gres-porcelanico-coleccion-iconic-01-thegem-gallery-fullwidth.jpg\" data-fancybox-group=\"gallery-69d366c634692\" data-full-image-url=\"https:\/\/rosagres.com\/wp-content\/uploads\/2024\/09\/rosa-gres-porcelanico-coleccion-iconic-01.jpg\"> <svg width=\"20\" height=\"10\"><path d=\"M 0,10 Q 9,9 10,0 Q 11,9 20,10\" \/><\/svg> <img src=\"https:\/\/rosagres.com\/wp-content\/uploads\/2024\/09\/rosa-gres-porcelanico-coleccion-iconic-01-thegem-post-thumb-small.jpg\" alt=\"Suelo de gres porcel\u00e1nico. Colecci\u00f3n Iconic\" class=\"img-responsive\"> <span class=\"gem-gallery-caption slide-info\"> <\/span> <\/a> <span class=\"gem-gallery-line\"><\/span> <\/div> <\/div> <div class=\"gem-gallery-item\"> <div class=\"gem-gallery-item-image\"> <a href=\"https:\/\/rosagres.com\/wp-content\/uploads\/2024\/09\/rosa-gres-porcelanico-coleccion-iconic-02-thegem-gallery-fullwidth.jpg\" data-fancybox-group=\"gallery-69d366c634692\" data-full-image-url=\"https:\/\/rosagres.com\/wp-content\/uploads\/2024\/09\/rosa-gres-porcelanico-coleccion-iconic-02.jpg\"> <svg width=\"20\" height=\"10\"><path d=\"M 0,10 Q 9,9 10,0 Q 11,9 20,10\" \/><\/svg> <img src=\"https:\/\/rosagres.com\/wp-content\/uploads\/2024\/09\/rosa-gres-porcelanico-coleccion-iconic-02-thegem-post-thumb-small.jpg\" alt=\"Suelo de gres porcel\u00e1nico. Colecci\u00f3n Iconic\" class=\"img-responsive\"> <span class=\"gem-gallery-caption slide-info\"> <\/span> <\/a> <span class=\"gem-gallery-line\"><\/span> <\/div> <\/div> <\/div>[\/vc_column][vc_column width=\u00a0\u00bb1\/3&Prime;][vc_column_text css=\u00a0\u00bb\u00a0\u00bb]La collection la plus Pr\u00eat-\u00e0-porter de Rosa Gres : minimaliste, fonctionnelle, intemporelle et combinable.<\/p>\n<p>Trois coloris essentiels, Iconic White, Iconic Grey et Iconic Dark. Trois tons de base qui s\u2019adaptent \u00e0 tous les styles : urbain, contemporain, industriel, sophistiqu\u00e9, cool, chaleureux, chic ou d\u00e9contract\u00e9.<\/p>\n<p>Qualit\u00e9s \u00e9voqu\u00e9es : polyvalence, l\u00e9g\u00e8ret\u00e9, \u00e9l\u00e9gance, avant-garde, confort et design.<\/p>\n<p>Une collection id\u00e9ale pour l\u2019int\u00e9rieur et l\u2019ext\u00e9rieur. Avec des solutions sp\u00e9ciales pour les piscines de tous types, les terrasses, les escaliers et les goulottes. Parfait pour les projets destin\u00e9s aux h\u00f4tels, aux spas de bien-\u00eatre et aux r\u00e9sidences priv\u00e9es.<\/p>\n<p style=\"text-align: right;\"><strong>T\u00e9l\u00e9charger le catalogue<\/strong><\/p>\n<p><a href=\"https:\/\/rosagres.com\/upload\/catalogos\/catalogo-rosa-gres-ICONIC.pdf\" target=\"_blank\" rel=\"noopener\"><img class=\"alignnone wp-image-2131 size-full alignright\" src=\"https:\/\/rosagres.com\/wp-content\/uploads\/2024\/09\/rosa-gres-catalogo-iconic-coleccion.jpg\" alt=\"Suelo de gres porcel\u00e1nico. Colecci\u00f3n Iconic\" width=\"120\" height=\"170\" \/><\/a>[\/vc_column_text][\/vc_column][\/vc_row][vc_row][vc_column][vc_empty_space][vc_column_text css=\u00a0\u00bb\u00a0\u00bb]<\/p>\n<h3>COULEURS<\/h3>\n<p>[\/vc_column_text][vc_empty_space height=\u00a0\u00bb12px\u00a0\u00bb][vc_row_inner css=\u00a0\u00bb.vc_custom_1735591764096{padding-right: 21px !important;padding-left: 21px !important;}\u00a0\u00bb][vc_column_inner width=\u00a0\u00bb1\/5&Prime; css=\u00a0\u00bb.vc_custom_1735591790311{padding-right: 0px !important;padding-left: 0px !important;}\u00a0\u00bb offset=\u00a0\u00bbvc_col-xs-6&Prime;]<div class=\"woocommerce \">\t<div class=\"products row inline-row columns-4\">\r\n<div class=\"inline-column col-sm-3 col-xs-6 first catalog-view product type-product post-33461 status-publish instock product_cat-revetements-et-piscine has-post-thumbnail shipping-taxable product-type-simple\">\n\n\t<div class=\"product-inner centered-box\">\n\n\t\t\n\t\t<a href=\"https:\/\/rosagres.com\/fr\/sol-gres-cerame\/couleurs\/revetements-et-piscine\/iconic-white\/\" class=\"product-image\">\n\t\t\t<div class=\"product-labels\"><\/div>\n\t\t\t<span class=\"product-image-inner\"><img width=\"300\" height=\"300\" src=\"https:\/\/rosagres.com\/wp-content\/uploads\/2024\/09\/rosa-gres-porcelanico-iconic-white-300x300.jpg\" class=\"attachment-woocommerce_thumbnail size-woocommerce_thumbnail\" alt=\"Sol en porcelaine Iconic White\" srcset=\"https:\/\/rosagres.com\/wp-content\/uploads\/2024\/09\/rosa-gres-porcelanico-iconic-white-300x300.jpg 300w, https:\/\/rosagres.com\/wp-content\/uploads\/2024\/09\/rosa-gres-porcelanico-iconic-white-150x150.jpg 150w, https:\/\/rosagres.com\/wp-content\/uploads\/2024\/09\/rosa-gres-porcelanico-iconic-white-768x768.jpg 768w, https:\/\/rosagres.com\/wp-content\/uploads\/2024\/09\/rosa-gres-porcelanico-iconic-white-256x256.jpg 256w, https:\/\/rosagres.com\/wp-content\/uploads\/2024\/09\/rosa-gres-porcelanico-iconic-white-160x160.jpg 160w, https:\/\/rosagres.com\/wp-content\/uploads\/2024\/09\/rosa-gres-porcelanico-iconic-white-600x600.jpg 600w, https:\/\/rosagres.com\/wp-content\/uploads\/2024\/09\/rosa-gres-porcelanico-iconic-white-180x180.jpg 180w, https:\/\/rosagres.com\/wp-content\/uploads\/2024\/09\/rosa-gres-porcelanico-iconic-white.jpg 800w\" sizes=\"(max-width: 300px) 100vw, 300px\" \/><img width=\"300\" height=\"300\" src=\"https:\/\/rosagres.com\/wp-content\/uploads\/2024\/09\/rosa-gres-porcelanico-coleccion-iconic-iconic-white-piscina-producto-300x300.jpg\" class=\"attachment woo-product-hover\" alt=\"Sol en porcelaine Iconic White\" srcset=\"https:\/\/rosagres.com\/wp-content\/uploads\/2024\/09\/rosa-gres-porcelanico-coleccion-iconic-iconic-white-piscina-producto-300x300.jpg 300w, https:\/\/rosagres.com\/wp-content\/uploads\/2024\/09\/rosa-gres-porcelanico-coleccion-iconic-iconic-white-piscina-producto-150x150.jpg 150w, https:\/\/rosagres.com\/wp-content\/uploads\/2024\/09\/rosa-gres-porcelanico-coleccion-iconic-iconic-white-piscina-producto-768x768.jpg 768w, https:\/\/rosagres.com\/wp-content\/uploads\/2024\/09\/rosa-gres-porcelanico-coleccion-iconic-iconic-white-piscina-producto-256x256.jpg 256w, https:\/\/rosagres.com\/wp-content\/uploads\/2024\/09\/rosa-gres-porcelanico-coleccion-iconic-iconic-white-piscina-producto-160x160.jpg 160w, https:\/\/rosagres.com\/wp-content\/uploads\/2024\/09\/rosa-gres-porcelanico-coleccion-iconic-iconic-white-piscina-producto-600x600.jpg 600w, https:\/\/rosagres.com\/wp-content\/uploads\/2024\/09\/rosa-gres-porcelanico-coleccion-iconic-iconic-white-piscina-producto-180x180.jpg 180w, https:\/\/rosagres.com\/wp-content\/uploads\/2024\/09\/rosa-gres-porcelanico-coleccion-iconic-iconic-white-piscina-producto.jpg 800w\" sizes=\"(max-width: 300px) 100vw, 300px\" \/><\/span>\n\t\t<\/a>\n\n\t\t<div class=\"product-info clearfix\">\n\t\t\t\t\t\t<div class=\"product-title title-h6\"><a href=\"https:\/\/rosagres.com\/fr\/sol-gres-cerame\/couleurs\/revetements-et-piscine\/iconic-white\/\">Iconic White<\/a><\/div>\n\t\t\t\t\t<\/div>\n\n\t\t\n\t<\/div>\n<\/div>\n    <\/div>\r\n<\/div>[\/vc_column_inner][vc_column_inner width=\u00a0\u00bb1\/5&Prime; css=\u00a0\u00bb.vc_custom_1735591798120{padding-right: 0px !important;padding-left: 0px !important;}\u00a0\u00bb offset=\u00a0\u00bbvc_col-xs-6&Prime;]<div class=\"woocommerce \">\t<div class=\"products row inline-row columns-4\">\r\n<div class=\"inline-column col-sm-3 col-xs-6 first catalog-view product type-product post-33463 status-publish instock product_cat-revetements-et-piscine has-post-thumbnail shipping-taxable product-type-simple\">\n\n\t<div class=\"product-inner centered-box\">\n\n\t\t\n\t\t<a href=\"https:\/\/rosagres.com\/fr\/sol-gres-cerame\/couleurs\/revetements-et-piscine\/33463\/\" class=\"product-image\">\n\t\t\t<div class=\"product-labels\"><\/div>\n\t\t\t<span class=\"product-image-inner\"><img width=\"300\" height=\"300\" src=\"https:\/\/rosagres.com\/wp-content\/uploads\/2024\/09\/rosa-gres-porcelanico-iconic-grey-300x300.jpg\" class=\"attachment-woocommerce_thumbnail size-woocommerce_thumbnail\" alt=\"Sol en porcelaine Iconic Grey \" srcset=\"https:\/\/rosagres.com\/wp-content\/uploads\/2024\/09\/rosa-gres-porcelanico-iconic-grey-300x300.jpg 300w, https:\/\/rosagres.com\/wp-content\/uploads\/2024\/09\/rosa-gres-porcelanico-iconic-grey-150x150.jpg 150w, https:\/\/rosagres.com\/wp-content\/uploads\/2024\/09\/rosa-gres-porcelanico-iconic-grey-768x768.jpg 768w, https:\/\/rosagres.com\/wp-content\/uploads\/2024\/09\/rosa-gres-porcelanico-iconic-grey-256x256.jpg 256w, https:\/\/rosagres.com\/wp-content\/uploads\/2024\/09\/rosa-gres-porcelanico-iconic-grey-160x160.jpg 160w, https:\/\/rosagres.com\/wp-content\/uploads\/2024\/09\/rosa-gres-porcelanico-iconic-grey-600x600.jpg 600w, https:\/\/rosagres.com\/wp-content\/uploads\/2024\/09\/rosa-gres-porcelanico-iconic-grey-180x180.jpg 180w, https:\/\/rosagres.com\/wp-content\/uploads\/2024\/09\/rosa-gres-porcelanico-iconic-grey.jpg 800w\" sizes=\"(max-width: 300px) 100vw, 300px\" \/><img width=\"300\" height=\"300\" src=\"https:\/\/rosagres.com\/wp-content\/uploads\/2024\/09\/rosa-gres-porcelanico-coleccion-iconic-iconic-grey-piscina-producto-300x300.jpg\" class=\"attachment woo-product-hover\" alt=\"Sol en porcelaine Iconic Grey\" srcset=\"https:\/\/rosagres.com\/wp-content\/uploads\/2024\/09\/rosa-gres-porcelanico-coleccion-iconic-iconic-grey-piscina-producto-300x300.jpg 300w, https:\/\/rosagres.com\/wp-content\/uploads\/2024\/09\/rosa-gres-porcelanico-coleccion-iconic-iconic-grey-piscina-producto-150x150.jpg 150w, https:\/\/rosagres.com\/wp-content\/uploads\/2024\/09\/rosa-gres-porcelanico-coleccion-iconic-iconic-grey-piscina-producto-768x768.jpg 768w, https:\/\/rosagres.com\/wp-content\/uploads\/2024\/09\/rosa-gres-porcelanico-coleccion-iconic-iconic-grey-piscina-producto-256x256.jpg 256w, https:\/\/rosagres.com\/wp-content\/uploads\/2024\/09\/rosa-gres-porcelanico-coleccion-iconic-iconic-grey-piscina-producto-160x160.jpg 160w, https:\/\/rosagres.com\/wp-content\/uploads\/2024\/09\/rosa-gres-porcelanico-coleccion-iconic-iconic-grey-piscina-producto-600x600.jpg 600w, https:\/\/rosagres.com\/wp-content\/uploads\/2024\/09\/rosa-gres-porcelanico-coleccion-iconic-iconic-grey-piscina-producto-180x180.jpg 180w, https:\/\/rosagres.com\/wp-content\/uploads\/2024\/09\/rosa-gres-porcelanico-coleccion-iconic-iconic-grey-piscina-producto.jpg 800w\" sizes=\"(max-width: 300px) 100vw, 300px\" \/><\/span>\n\t\t<\/a>\n\n\t\t<div class=\"product-info clearfix\">\n\t\t\t\t\t\t<div class=\"product-title title-h6\"><a href=\"https:\/\/rosagres.com\/fr\/sol-gres-cerame\/couleurs\/revetements-et-piscine\/33463\/\">Iconic Grey<\/a><\/div>\n\t\t\t\t\t<\/div>\n\n\t\t\n\t<\/div>\n<\/div>\n    <\/div>\r\n<\/div>[\/vc_column_inner][vc_column_inner width=\u00a0\u00bb1\/5&Prime; css=\u00a0\u00bb.vc_custom_1737564508432{padding-right: 0px !important;padding-left: 0px !important;}\u00a0\u00bb offset=\u00a0\u00bbvc_col-xs-6&Prime;]<div class=\"woocommerce \"><\/div>[\/vc_column_inner][vc_column_inner width=\u00a0\u00bb1\/5&Prime; offset=\u00a0\u00bbvc_hidden-xs\u00a0\u00bb][\/vc_column_inner][vc_column_inner width=\u00a0\u00bb1\/5&Prime; offset=\u00a0\u00bbvc_hidden-xs\u00a0\u00bb][\/vc_column_inner][\/vc_row_inner][\/vc_column][\/vc_row][vc_row][vc_column][vc_empty_space][vc_column_text css=\u00a0\u00bb\u00a0\u00bb]<\/p>\n<h3>FORMATS ET FINITIONS<\/h3>\n<p>&nbsp;[\/vc_column_text][vc_empty_space height=\u00a0\u00bb5px\u00a0\u00bb][vc_row_inner equal_height=\u00a0\u00bbyes\u00a0\u00bb gap=\u00a0\u00bb15&Prime; el_disable_mobile=\u00a0\u00bb1&Prime; el_class=\u00a0\u00bbfuente-chiquita\u00a0\u00bb][vc_column_inner width=\u00a0\u00bb1\/6&Prime; css=\u00a0\u00bb.vc_custom_1725456164627{padding-right: 0px !important;}\u00a0\u00bb][vc_single_image image=\u00a0\u00bb27496&Prime; img_size=\u00a0\u00bb163&#215;81&Prime; css=\u00a0\u00bb\u00a0\u00bb][vc_empty_space height=\u00a0\u00bb12px\u00a0\u00bb][vc_column_text css=\u00a0\u00bb\u00a0\u00bb]<b>Lisse \u2013 Rectification<\/b><br \/>\n<strong>48,8 x 97,9 x 1 cm<\/strong><br \/>\n19\u201d x 38\u201d[\/vc_column_text][\/vc_column_inner][vc_column_inner width=\u00a0\u00bb1\/6&Prime; css=\u00a0\u00bb.vc_custom_1725456012890{padding-right: 0px !important;padding-left: 0px !important;}\u00a0\u00bb][vc_single_image image=\u00a0\u00bb27496&Prime; img_size=\u00a0\u00bb163&#215;81&Prime; css=\u00a0\u00bb\u00a0\u00bb][vc_empty_space height=\u00a0\u00bb12px\u00a0\u00bb][vc_column_text css=\u00a0\u00bb\u00a0\u00bb]<strong><b>Antid\u00e9rapant<\/b><br \/>\n48,8 x 97,9 x 1 cm<\/strong><br \/>\n19\u201d x 38\u201d[\/vc_column_text][\/vc_column_inner][vc_column_inner width=\u00a0\u00bb1\/6&Prime; css=\u00a0\u00bb.vc_custom_1725456024925{padding-right: 0px !important;padding-left: 0px !important;}\u00a0\u00bb][vc_single_image image=\u00a0\u00bb27494&Prime; img_size=\u00a0\u00bb163&#215;81&Prime; css=\u00a0\u00bb\u00a0\u00bb][vc_empty_space height=\u00a0\u00bb12px\u00a0\u00bb][vc_column_text css=\u00a0\u00bb\u00a0\u00bb]<b>Antid\u00e9rapant\u00a0<\/b><br \/>\n<strong>31 x 62,6 x O,9 cm<\/strong><br \/>\n12\u201d x 24\u201d[\/vc_column_text][\/vc_column_inner][vc_column_inner width=\u00a0\u00bb1\/6&Prime; css=\u00a0\u00bb.vc_custom_1725456032390{padding-right: 0px !important;padding-left: 0px !important;}\u00a0\u00bb][vc_single_image image=\u00a0\u00bb27498&Prime; img_size=\u00a0\u00bb163&#215;81&Prime; css=\u00a0\u00bb\u00a0\u00bb][vc_empty_space height=\u00a0\u00bb12px\u00a0\u00bb][vc_column_text css=\u00a0\u00bb\u00a0\u00bb]<b>Pastilla\u00a0<\/b><br \/>\n<strong>31 x 62,6 x O,9 cm<\/strong><br \/>\n12\u201d x 24\u201d[\/vc_column_text][\/vc_column_inner][vc_column_inner width=\u00a0\u00bb1\/6&Prime; css=\u00a0\u00bb.vc_custom_1725456039411{padding-right: 0px !important;padding-left: 0px !important;}\u00a0\u00bb][\/vc_column_inner][vc_column_inner width=\u00a0\u00bb1\/6&Prime; css=\u00a0\u00bb.vc_custom_1725456046941{padding-right: 0px !important;padding-left: 0px !important;}\u00a0\u00bb][\/vc_column_inner][\/vc_row_inner][vc_row_inner equal_height=\u00a0\u00bbyes\u00a0\u00bb gap=\u00a0\u00bb15&Prime; el_disable_desktop=\u00a0\u00bb1&Prime; el_disable_tablet=\u00a0\u00bb1&Prime; el_class=\u00a0\u00bbfuente-chiquita\u00a0\u00bb][vc_column_inner width=\u00a0\u00bb1\/6&Prime; offset=\u00a0\u00bbvc_col-xs-6&Prime;][vc_single_image image=\u00a0\u00bb27396&Prime; img_size=\u00a0\u00bb\u00a0\u00bb css=\u00a0\u00bb\u00a0\u00bb][vc_empty_space height=\u00a0\u00bb12px\u00a0\u00bb][vc_column_text css=\u00a0\u00bb\u00a0\u00bb]<b>Lisse \u2013 Rectification<\/b><br \/>\n<strong>48,8 x 97,9 x 1 cm<\/strong><br \/>\n19\u201d x 38\u201d[\/vc_column_text][\/vc_column_inner][vc_column_inner width=\u00a0\u00bb1\/6&Prime; offset=\u00a0\u00bbvc_col-xs-6&Prime;][vc_single_image image=\u00a0\u00bb27396&Prime; img_size=\u00a0\u00bb\u00a0\u00bb css=\u00a0\u00bb\u00a0\u00bb][vc_empty_space height=\u00a0\u00bb12px\u00a0\u00bb][vc_column_text css=\u00a0\u00bb\u00a0\u00bb]<strong><b>Antid\u00e9rapant<\/b><br \/>\n48,8 x 97,9 x 1 cm<\/strong><br \/>\n19\u201d x 38\u201d[\/vc_column_text][\/vc_column_inner][vc_column_inner width=\u00a0\u00bb1\/6&Prime; offset=\u00a0\u00bbvc_col-xs-6&Prime;][vc_single_image image=\u00a0\u00bb27398&Prime; img_size=\u00a0\u00bb\u00a0\u00bb css=\u00a0\u00bb\u00a0\u00bb][vc_empty_space height=\u00a0\u00bb12px\u00a0\u00bb][vc_column_text css=\u00a0\u00bb\u00a0\u00bb]<b>Antid\u00e9rapant\u00a0<\/b><br \/>\n<strong>31 x 62,6 x O,9 cm<\/strong><br \/>\n12\u201d x 24\u201d[\/vc_column_text][\/vc_column_inner][vc_column_inner width=\u00a0\u00bb1\/6&Prime; offset=\u00a0\u00bbvc_col-xs-6&Prime;][vc_single_image image=\u00a0\u00bb27498&Prime; img_size=\u00a0\u00bb\u00a0\u00bb css=\u00a0\u00bb\u00a0\u00bb][vc_empty_space height=\u00a0\u00bb12px\u00a0\u00bb][vc_column_text css=\u00a0\u00bb\u00a0\u00bb]<b>Pastilla\u00a0<\/b><br \/>\n<strong>31 x 62,6 x O,9 cm<\/strong><br \/>\n12\u201d x 24\u201d[\/vc_column_text][\/vc_column_inner][vc_column_inner width=\u00a0\u00bb1\/6&Prime; offset=\u00a0\u00bbvc_col-xs-6&Prime;][\/vc_column_inner][vc_column_inner width=\u00a0\u00bb1\/6&Prime; offset=\u00a0\u00bbvc_col-xs-6&Prime;][\/vc_column_inner][\/vc_row_inner][vc_empty_space height=\u00a0\u00bb12px\u00a0\u00bb][vc_column_text css=\u00a0\u00bb\u00a0\u00bb el_class=\u00a0\u00bbfuente-chiquita\u00a0\u00bb]Dimension approximative en pouces[\/vc_column_text][\/vc_column][\/vc_row][vc_row][vc_column][vc_empty_space height=\u00a0\u00bb12px\u00a0\u00bb][vc_column_text css=\u00a0\u00bb\u00a0\u00bb]<\/p>\n<h3>PI\u00c8CES DE FINITION<\/h3>\n<p>[\/vc_column_text][vc_empty_space][vc_row_inner equal_height=\u00a0\u00bbyes\u00a0\u00bb][vc_column_inner width=\u00a0\u00bb1\/4&Prime;][vc_gallery interval=\u00a0\u00bb3&Prime; images=\u00a0\u00bb34311,34314&Prime; img_size=\u00a0\u00bbfull\u00a0\u00bb css=\u00a0\u00bb\u00a0\u00bb][vc_empty_space height=\u00a0\u00bb15px\u00a0\u00bb][vc_column_text css=\u00a0\u00bb\u00a0\u00bb]Marches et plinthes[\/vc_column_text][vc_empty_space height=\u00a0\u00bb15px\u00a0\u00bb][\/vc_column_inner][vc_column_inner width=\u00a0\u00bb1\/4&Prime;][vc_gallery interval=\u00a0\u00bb3&Prime; images=\u00a0\u00bb34317,34320&Prime; img_size=\u00a0\u00bbfull\u00a0\u00bb css=\u00a0\u00bb\u00a0\u00bb][vc_empty_space height=\u00a0\u00bb15px\u00a0\u00bb][vc_column_text css=\u00a0\u00bb\u00a0\u00bb]Demi &#8211; Cannes[\/vc_column_text][vc_empty_space height=\u00a0\u00bb15px\u00a0\u00bb][\/vc_column_inner][vc_column_inner width=\u00a0\u00bb1\/4&Prime;][vc_single_image image=\u00a0\u00bb34323&Prime; img_size=\u00a0\u00bbfull\u00a0\u00bb onclick=\u00a0\u00bblink_image\u00a0\u00bb css=\u00a0\u00bb\u00a0\u00bb][vc_empty_space height=\u00a0\u00bb15px\u00a0\u00bb][vc_column_text css=\u00a0\u00bb\u00a0\u00bb]Goulottes[\/vc_column_text][vc_empty_space height=\u00a0\u00bb15px\u00a0\u00bb][\/vc_column_inner][vc_column_inner width=\u00a0\u00bb1\/4&Prime;][vc_gallery interval=\u00a0\u00bb3&Prime; images=\u00a0\u00bb34326,27162&Prime; img_size=\u00a0\u00bbfull\u00a0\u00bb css=\u00a0\u00bb\u00a0\u00bb][vc_empty_space height=\u00a0\u00bb15px\u00a0\u00bb][vc_column_text css=\u00a0\u00bb\u00a0\u00bb]Syst\u00e8me de canalisation 121 CM[\/vc_column_text][\/vc_column_inner][\/vc_row_inner][vc_row_inner][vc_column_inner width=\u00a0\u00bb1\/4&Prime;][vc_single_image image=\u00a0\u00bb34329&Prime; img_size=\u00a0\u00bbfull\u00a0\u00bb onclick=\u00a0\u00bblink_image\u00a0\u00bb css=\u00a0\u00bb\u00a0\u00bb][vc_empty_space height=\u00a0\u00bb15px\u00a0\u00bb][vc_column_text css=\u00a0\u00bb\u00a0\u00bb]Piscine Skimmer \/ Solution L[\/vc_column_text][vc_empty_space height=\u00a0\u00bb15px\u00a0\u00bb][\/vc_column_inner][vc_column_inner width=\u00a0\u00bb1\/4&Prime;][vc_single_image image=\u00a0\u00bb34332&Prime; img_size=\u00a0\u00bbfull\u00a0\u00bb onclick=\u00a0\u00bblink_image\u00a0\u00bb css=\u00a0\u00bb\u00a0\u00bb][vc_empty_space height=\u00a0\u00bb15px\u00a0\u00bb][vc_column_text css=\u00a0\u00bb\u00a0\u00bb]Piscine Skimmer \/ Solution S[\/vc_column_text][vc_empty_space height=\u00a0\u00bb15px\u00a0\u00bb][\/vc_column_inner][vc_column_inner width=\u00a0\u00bb1\/4&Prime;][\/vc_column_inner][vc_column_inner width=\u00a0\u00bb1\/4&Prime;][\/vc_column_inner][\/vc_row_inner][vc_row_inner][vc_column_inner width=\u00a0\u00bb1\/4&Prime;][vc_gallery interval=\u00a0\u00bb3&Prime; images=\u00a0\u00bb27166,27164&Prime; img_size=\u00a0\u00bbfull\u00a0\u00bb css=\u00a0\u00bb\u00a0\u00bb][vc_empty_space height=\u00a0\u00bb15px\u00a0\u00bb][vc_column_text css=\u00a0\u00bb\u00a0\u00bb]Syst\u00e8me Prestige[\/vc_column_text][vc_empty_space height=\u00a0\u00bb15px\u00a0\u00bb][\/vc_column_inner][vc_column_inner width=\u00a0\u00bb1\/4&Prime;][vc_single_image image=\u00a0\u00bb34335&Prime; img_size=\u00a0\u00bbfull\u00a0\u00bb onclick=\u00a0\u00bblink_image\u00a0\u00bb css=\u00a0\u00bb\u00a0\u00bb][vc_empty_space height=\u00a0\u00bb15px\u00a0\u00bb][vc_column_text css=\u00a0\u00bb\u00a0\u00bb]Piscine Infinity[\/vc_column_text][vc_empty_space height=\u00a0\u00bb15px\u00a0\u00bb][\/vc_column_inner][vc_column_inner width=\u00a0\u00bb1\/4&Prime;][vc_single_image image=\u00a0\u00bb34338&Prime; img_size=\u00a0\u00bbfull\u00a0\u00bb onclick=\u00a0\u00bblink_image\u00a0\u00bb css=\u00a0\u00bb\u00a0\u00bb][vc_empty_space height=\u00a0\u00bb15px\u00a0\u00bb][vc_column_text css=\u00a0\u00bb\u00a0\u00bb]Syst\u00e8me Smart[\/vc_column_text][vc_empty_space height=\u00a0\u00bb15px\u00a0\u00bb][\/vc_column_inner][vc_column_inner width=\u00a0\u00bb1\/4&Prime;][vc_single_image image=\u00a0\u00bb34341&Prime; img_size=\u00a0\u00bbfull\u00a0\u00bb onclick=\u00a0\u00bblink_image\u00a0\u00bb css=\u00a0\u00bb\u00a0\u00bb][vc_empty_space height=\u00a0\u00bb15px\u00a0\u00bb][vc_column_text css=\u00a0\u00bb\u00a0\u00bb]Syst\u00e8me Zen[\/vc_column_text][vc_empty_space height=\u00a0\u00bb15px\u00a0\u00bb][\/vc_column_inner][\/vc_row_inner][\/vc_column][\/vc_row]<\/p>\n<\/div>","protected":false},"excerpt":{"rendered":"<p>[vc_row][vc_column][\/vc_column][\/vc_row][vc_row][vc_column][\/vc_column][\/vc_row][vc_row][vc_column width=\u00a0\u00bb2\/3&Prime;][\/vc_column][vc_column width=\u00a0\u00bb1\/3&Prime;][vc_column_text css=\u00a0\u00bb\u00a0\u00bb]La collection la plus Pr\u00eat-\u00e0-porter de Rosa Gres : minimaliste, fonctionnelle, intemporelle et combinable. Trois coloris essentiels,&#8230;<\/p>\n","protected":false},"author":1,"featured_media":27504,"parent":33446,"menu_order":0,"comment_status":"closed","ping_status":"closed","template":"","meta":{"footnotes":""},"class_list":["post-34351","page","type-page","status-publish","has-post-thumbnail"],"_links":{"self":[{"href":"https:\/\/rosagres.com\/fr\/wp-json\/wp\/v2\/pages\/34351","targetHints":{"allow":["GET"]}}],"collection":[{"href":"https:\/\/rosagres.com\/fr\/wp-json\/wp\/v2\/pages"}],"about":[{"href":"https:\/\/rosagres.com\/fr\/wp-json\/wp\/v2\/types\/page"}],"author":[{"embeddable":true,"href":"https:\/\/rosagres.com\/fr\/wp-json\/wp\/v2\/users\/1"}],"replies":[{"embeddable":true,"href":"https:\/\/rosagres.com\/fr\/wp-json\/wp\/v2\/comments?post=34351"}],"version-history":[{"count":0,"href":"https:\/\/rosagres.com\/fr\/wp-json\/wp\/v2\/pages\/34351\/revisions"}],"up":[{"embeddable":true,"href":"https:\/\/rosagres.com\/fr\/wp-json\/wp\/v2\/pages\/33446"}],"wp:featuredmedia":[{"embeddable":true,"href":"https:\/\/rosagres.com\/fr\/wp-json\/wp\/v2\/media\/27504"}],"wp:attachment":[{"href":"https:\/\/rosagres.com\/fr\/wp-json\/wp\/v2\/media?parent=34351"}],"curies":[{"name":"wp","href":"https:\/\/api.w.org\/{rel}","templated":true}]}}