{"id":35151,"date":"2024-09-04T19:40:39","date_gmt":"2024-09-04T17:40:39","guid":{"rendered":"https:\/\/rosagres.com\/collections\/tresor\/"},"modified":"2025-03-04T22:30:28","modified_gmt":"2025-03-04T21:30:28","slug":"tresor","status":"publish","type":"page","link":"https:\/\/rosagres.com\/fr\/collections\/tresor\/","title":{"rendered":"Tr\u00e9sor"},"content":{"rendered":"<div class=\"wpb-content-wrapper\"><p>[vc_row][vc_column]<style>.thegem-te-post-breadcrumbs.thegem-custom-69ea01a05cea73162 .post-breadcrumbs {justify-content: left; text-align: left;}.thegem-te-post-breadcrumbs.thegem-custom-69ea01a05cea73162 .post-breadcrumbs ul {justify-content: left; text-align: left;}<\/style><div class=\"thegem-te-post-breadcrumbs thegem-custom-69ea01a05cea73162\"> <div class=\"post-breadcrumbs\"><ul><li><a href=\"https:\/\/rosagres.com\/fr\/\">Accueil<\/a><\/li><\/ul><!-- .breadcrumbs --><\/div> <\/div>[\/vc_column][\/vc_row][vc_row][vc_column]<div class=\"gem-vimeo gem-wrapbox gem-wrapbox-style-no-style rounded-corners gem-wrapbox-position-below\" style=\"width: 100%;\"><div class=\"gem-wrapbox-inner gem-ratio-style\" style=\"padding-top: 56.25%\"><iframe webkitallowfullscreen=\"true\" mozallowfullscreen=\"true\" allowfullscreen=\"true\" class=\"gem-wrapbox-element img-responsive\" frameborder=\"0\" scrolling=\"no\" marginheight=\"0\" marginwidth=\"0\" src=\"\/\/player.vimeo.com\/video\/467143652?title=0&amp;byline=0&amp;portrait=0 \"><\/iframe><\/div><\/div>[\/vc_column][\/vc_row][vc_row][vc_column width=\u00a0\u00bb2\/3&Prime;]<div class=\"preloader\"><div class=\"preloader-spin\"><\/div><\/div> <div id=\"gem-gallery-69ea01a05e6c5\" class=\"gem-gallery gem-gallery-hover-disabled\"> <div class=\"gem-gallery-item\"> <div class=\"gem-gallery-item-image\"> <a href=\"https:\/\/rosagres.com\/wp-content\/uploads\/2024\/09\/rosa-gres-porcelanico-coleccion-tresor-01.jpg\" data-fancybox-group=\"gallery-69ea01a05e6c5\" data-full-image-url=\"https:\/\/rosagres.com\/wp-content\/uploads\/2024\/09\/rosa-gres-porcelanico-coleccion-tresor-01.jpg\"> <svg width=\"20\" height=\"10\"><path d=\"M 0,10 Q 9,9 10,0 Q 11,9 20,10\" \/><\/svg> <img src=\"https:\/\/rosagres.com\/wp-content\/uploads\/2024\/09\/rosa-gres-porcelanico-coleccion-tresor-01-thegem-post-thumb-small.jpg\" alt=\"Suelo porcel\u00e1nico efecto piedra. Colecci\u00f3n Tr\u00e9sor\" class=\"img-responsive\"> <span class=\"gem-gallery-caption slide-info\"> <\/span> <\/a> <span class=\"gem-gallery-line\"><\/span> <\/div> <\/div> <div class=\"gem-gallery-item\"> <div class=\"gem-gallery-item-image\"> <a href=\"https:\/\/rosagres.com\/wp-content\/uploads\/2024\/09\/rosa-gres-porcelanico-coleccion-tresor-02.jpg\" data-fancybox-group=\"gallery-69ea01a05e6c5\" data-full-image-url=\"https:\/\/rosagres.com\/wp-content\/uploads\/2024\/09\/rosa-gres-porcelanico-coleccion-tresor-02.jpg\"> <svg width=\"20\" height=\"10\"><path d=\"M 0,10 Q 9,9 10,0 Q 11,9 20,10\" \/><\/svg> <img src=\"https:\/\/rosagres.com\/wp-content\/uploads\/2024\/09\/rosa-gres-porcelanico-coleccion-tresor-02-thegem-post-thumb-small.jpg\" alt=\"Suelo porcel\u00e1nico efecto piedra. Colecci\u00f3n Tr\u00e9sor\" class=\"img-responsive\"> <span class=\"gem-gallery-caption slide-info\"> <\/span> <\/a> <span class=\"gem-gallery-line\"><\/span> <\/div> <\/div> <div class=\"gem-gallery-item\"> <div class=\"gem-gallery-item-image\"> <a href=\"https:\/\/rosagres.com\/wp-content\/uploads\/2024\/09\/rosa-gres-porcelanico-coleccion-tresor-03.jpg\" data-fancybox-group=\"gallery-69ea01a05e6c5\" data-full-image-url=\"https:\/\/rosagres.com\/wp-content\/uploads\/2024\/09\/rosa-gres-porcelanico-coleccion-tresor-03.jpg\"> <svg width=\"20\" height=\"10\"><path d=\"M 0,10 Q 9,9 10,0 Q 11,9 20,10\" \/><\/svg> <img src=\"https:\/\/rosagres.com\/wp-content\/uploads\/2024\/09\/rosa-gres-porcelanico-coleccion-tresor-03-thegem-post-thumb-small.jpg\" alt=\"Suelo porcel\u00e1nico efecto piedra. Colecci\u00f3n Tr\u00e9sor\" class=\"img-responsive\"> <span class=\"gem-gallery-caption slide-info\"> <\/span> <\/a> <span class=\"gem-gallery-line\"><\/span> <\/div> <\/div> <div class=\"gem-gallery-item\"> <div class=\"gem-gallery-item-image\"> <a href=\"https:\/\/rosagres.com\/wp-content\/uploads\/2024\/09\/rosa-gres-porcelanico-coleccion-tresor-04.jpg\" data-fancybox-group=\"gallery-69ea01a05e6c5\" data-full-image-url=\"https:\/\/rosagres.com\/wp-content\/uploads\/2024\/09\/rosa-gres-porcelanico-coleccion-tresor-04.jpg\"> <svg width=\"20\" height=\"10\"><path d=\"M 0,10 Q 9,9 10,0 Q 11,9 20,10\" \/><\/svg> <img src=\"https:\/\/rosagres.com\/wp-content\/uploads\/2024\/09\/rosa-gres-porcelanico-coleccion-tresor-04-thegem-post-thumb-small.jpg\" alt=\"Suelo porcel\u00e1nico efecto piedra. Colecci\u00f3n Tr\u00e9sor\" class=\"img-responsive\"> <span class=\"gem-gallery-caption slide-info\"> <\/span> <\/a> <span class=\"gem-gallery-line\"><\/span> <\/div> <\/div> <div class=\"gem-gallery-item\"> <div class=\"gem-gallery-item-image\"> <a href=\"https:\/\/rosagres.com\/wp-content\/uploads\/2024\/09\/rosa-gres-porcelanico-coleccion-tresor-05.jpg\" data-fancybox-group=\"gallery-69ea01a05e6c5\" data-full-image-url=\"https:\/\/rosagres.com\/wp-content\/uploads\/2024\/09\/rosa-gres-porcelanico-coleccion-tresor-05.jpg\"> <svg width=\"20\" height=\"10\"><path d=\"M 0,10 Q 9,9 10,0 Q 11,9 20,10\" \/><\/svg> <img src=\"https:\/\/rosagres.com\/wp-content\/uploads\/2024\/09\/rosa-gres-porcelanico-coleccion-tresor-05-thegem-post-thumb-small.jpg\" alt=\"Suelo porcel\u00e1nico efecto piedra. Colecci\u00f3n Tr\u00e9sor\" class=\"img-responsive\"> <span class=\"gem-gallery-caption slide-info\"> <\/span> <\/a> <span class=\"gem-gallery-line\"><\/span> <\/div> <\/div> <\/div>[\/vc_column][vc_column width=\u00a0\u00bb1\/3&Prime;][vc_column_text css=\u00a0\u00bb\u00a0\u00bb]Avec la nouvelle collection\u00a0<b>Tr\u00e9sor<\/b>, nous partons vers un voyage \u00e0 travers le monde pour y trouver les tr\u00e9sors de votre\u00a0futur projet: ce sont les nouvelles couleurs de\u00a0<b>Rosa Gr\u00e8s\u00a0<\/b>\u00e0 d\u00e9couvrir ensemble \u00e0 travers des cultures et paysages\u00a0fascinants.\u00a0<b>Choisissez un tr\u00e9sor pour votre piscine.\u00a0\u00a0<\/b><\/p>\n<p><b>Tr\u00e9sor Bali<\/b>\u00a0est la couleur la plus exotique de la gamme de gr\u00e8s c\u00e9rame de\u00a0<b>Rosa Gres.<\/b>\u00a0\u00a0Tr\u00e9sor Bali est inspir\u00e9 par la pierre verte\u00a0<b>Sukabumi\u00a0<\/b>qui, une fois humide, r\u00e9v\u00e8le tout son tr\u00e9sor: une couleur turquoise\u00a0brillante et rafra\u00eechissante.<\/p>\n<p><b>Tr\u00e9sor Java<\/b>\u00a0est la couleur de\u00a0<b>Rosa Gr\u00e8s<\/b>\u00a0inspir\u00e9e des paysages asiatiques, un ton sombre apportant calme, \u00e9l\u00e9gance et\u00a0pure\u00a0s\u00e9r\u00e9nit\u00e9<\/p>\n<p>.<\/p>\n<p style=\"text-align: right;\"><strong>T\u00e9l\u00e9charger le catalogue<\/strong><\/p>\n<p><a href=\"https:\/\/rosagres.com\/upload\/catalogos\/catalogo-rosa-gres-TRESOR.pdf\" target=\"_blank\"><img class=\"alignnone wp-image-2125 size-full alignright\" src=\"https:\/\/rosagres.com\/wp-content\/uploads\/2024\/09\/rosa-gres-catalogo-tresor.jpg\" alt=\"Suelo porcel\u00e1nico efecto piedra. Cat\u00e1logo Colecci\u00f3n Tr\u00e9sor\" width=\"120\" height=\"170\" \/><\/a>[\/vc_column_text][\/vc_column][\/vc_row][vc_row][vc_column][vc_empty_space][vc_column_text css=\u00a0\u00bb\u00a0\u00bb]<\/p>\n<h3>COULEURS<\/h3>\n<p>[\/vc_column_text][vc_empty_space height=\u00a0\u00bb12px\u00a0\u00bb][vc_row_inner css=\u00a0\u00bb.vc_custom_1735591764096{padding-right: 21px !important;padding-left: 21px !important;}\u00a0\u00bb][vc_column_inner width=\u00a0\u00bb1\/5&Prime; css=\u00a0\u00bb.vc_custom_1735591790311{padding-right: 0px !important;padding-left: 0px !important;}\u00a0\u00bb offset=\u00a0\u00bbvc_col-xs-6&Prime;]<div class=\"woocommerce \">\t<div class=\"products row inline-row columns-4\">\r\n<div class=\"inline-column col-sm-3 col-xs-6 first catalog-view product type-product post-33467 status-publish instock product_cat-revetements-et-piscine has-post-thumbnail shipping-taxable product-type-simple\">\n\n\t<div class=\"product-inner centered-box\">\n\n\t\t\n\t\t<a href=\"https:\/\/rosagres.com\/fr\/sol-gres-cerame\/couleurs\/revetements-et-piscine\/tresor-bali\/\" class=\"product-image\">\n\t\t\t<div class=\"product-labels\"><\/div>\n\t\t\t<span class=\"product-image-inner\"><img width=\"300\" height=\"300\" src=\"https:\/\/rosagres.com\/wp-content\/uploads\/2024\/09\/rosa-gres-porcelanico-panel-tresor-bali-300x300.jpg\" class=\"attachment-woocommerce_thumbnail size-woocommerce_thumbnail\" alt=\"Sol en porcelaine effet pierre. Tr\u00e9sor Bali\" srcset=\"https:\/\/rosagres.com\/wp-content\/uploads\/2024\/09\/rosa-gres-porcelanico-panel-tresor-bali-300x300.jpg 300w, https:\/\/rosagres.com\/wp-content\/uploads\/2024\/09\/rosa-gres-porcelanico-panel-tresor-bali-150x150.jpg 150w, https:\/\/rosagres.com\/wp-content\/uploads\/2024\/09\/rosa-gres-porcelanico-panel-tresor-bali-768x767.jpg 768w, https:\/\/rosagres.com\/wp-content\/uploads\/2024\/09\/rosa-gres-porcelanico-panel-tresor-bali-256x256.jpg 256w, https:\/\/rosagres.com\/wp-content\/uploads\/2024\/09\/rosa-gres-porcelanico-panel-tresor-bali-160x160.jpg 160w, https:\/\/rosagres.com\/wp-content\/uploads\/2024\/09\/rosa-gres-porcelanico-panel-tresor-bali-600x599.jpg 600w, https:\/\/rosagres.com\/wp-content\/uploads\/2024\/09\/rosa-gres-porcelanico-panel-tresor-bali-180x180.jpg 180w, https:\/\/rosagres.com\/wp-content\/uploads\/2024\/09\/rosa-gres-porcelanico-panel-tresor-bali.jpg 801w\" sizes=\"(max-width: 300px) 100vw, 300px\" \/><img width=\"300\" height=\"300\" src=\"https:\/\/rosagres.com\/wp-content\/uploads\/2024\/09\/rosa-gres-porcelanico-coleccion-tresor-cover-300x300.jpg\" class=\"attachment woo-product-hover\" alt=\"Sol en porcelaine effet pierre. Tr\u00e9sor Bali\" srcset=\"https:\/\/rosagres.com\/wp-content\/uploads\/2024\/09\/rosa-gres-porcelanico-coleccion-tresor-cover-300x300.jpg 300w, https:\/\/rosagres.com\/wp-content\/uploads\/2024\/09\/rosa-gres-porcelanico-coleccion-tresor-cover-150x150.jpg 150w, https:\/\/rosagres.com\/wp-content\/uploads\/2024\/09\/rosa-gres-porcelanico-coleccion-tresor-cover-256x256.jpg 256w, https:\/\/rosagres.com\/wp-content\/uploads\/2024\/09\/rosa-gres-porcelanico-coleccion-tresor-cover-160x160.jpg 160w, https:\/\/rosagres.com\/wp-content\/uploads\/2024\/09\/rosa-gres-porcelanico-coleccion-tresor-cover-180x180.jpg 180w, https:\/\/rosagres.com\/wp-content\/uploads\/2024\/09\/rosa-gres-porcelanico-coleccion-tresor-cover.jpg 426w\" sizes=\"(max-width: 300px) 100vw, 300px\" \/><\/span>\n\t\t<\/a>\n\n\t\t<div class=\"product-info clearfix\">\n\t\t\t\t\t\t<div class=\"product-title title-h6\"><a href=\"https:\/\/rosagres.com\/fr\/sol-gres-cerame\/couleurs\/revetements-et-piscine\/tresor-bali\/\">Tr\u00e9sor Bali<\/a><\/div>\n\t\t\t\t\t<\/div>\n\n\t\t\n\t<\/div>\n<\/div>\n    <\/div>\r\n<\/div>[\/vc_column_inner][vc_column_inner width=\u00a0\u00bb1\/5&Prime; css=\u00a0\u00bb.vc_custom_1735591798120{padding-right: 0px !important;padding-left: 0px !important;}\u00a0\u00bb offset=\u00a0\u00bbvc_col-xs-6&Prime;]<div class=\"woocommerce \">\t<div class=\"products row inline-row columns-4\">\r\n<div class=\"inline-column col-sm-3 col-xs-6 first catalog-view product type-product post-33468 status-publish instock product_cat-revetements-et-piscine has-post-thumbnail shipping-taxable product-type-simple\">\n\n\t<div class=\"product-inner centered-box\">\n\n\t\t\n\t\t<a href=\"https:\/\/rosagres.com\/fr\/sol-gres-cerame\/couleurs\/revetements-et-piscine\/tresor-java\/\" class=\"product-image\">\n\t\t\t<div class=\"product-labels\"><\/div>\n\t\t\t<span class=\"product-image-inner\"><img width=\"300\" height=\"300\" src=\"https:\/\/rosagres.com\/wp-content\/uploads\/2024\/09\/rosa-gres-porcelanico-panel-tresor-java-300x300.jpg\" class=\"attachment-woocommerce_thumbnail size-woocommerce_thumbnail\" alt=\"Sol en porcelaine effet pierre. Tr\u00e9sor Java\" srcset=\"https:\/\/rosagres.com\/wp-content\/uploads\/2024\/09\/rosa-gres-porcelanico-panel-tresor-java-300x300.jpg 300w, https:\/\/rosagres.com\/wp-content\/uploads\/2024\/09\/rosa-gres-porcelanico-panel-tresor-java-150x150.jpg 150w, https:\/\/rosagres.com\/wp-content\/uploads\/2024\/09\/rosa-gres-porcelanico-panel-tresor-java-768x767.jpg 768w, https:\/\/rosagres.com\/wp-content\/uploads\/2024\/09\/rosa-gres-porcelanico-panel-tresor-java-256x256.jpg 256w, https:\/\/rosagres.com\/wp-content\/uploads\/2024\/09\/rosa-gres-porcelanico-panel-tresor-java-160x160.jpg 160w, https:\/\/rosagres.com\/wp-content\/uploads\/2024\/09\/rosa-gres-porcelanico-panel-tresor-java-600x599.jpg 600w, https:\/\/rosagres.com\/wp-content\/uploads\/2024\/09\/rosa-gres-porcelanico-panel-tresor-java-180x180.jpg 180w, https:\/\/rosagres.com\/wp-content\/uploads\/2024\/09\/rosa-gres-porcelanico-panel-tresor-java.jpg 801w\" sizes=\"(max-width: 300px) 100vw, 300px\" \/><img width=\"300\" height=\"300\" src=\"https:\/\/rosagres.com\/wp-content\/uploads\/2024\/09\/rosa-gres-porcelanico-coleccion-tresor-java-cover-300x300.jpg\" class=\"attachment woo-product-hover\" alt=\"Sol en porcelaine effet pierre. Tr\u00e9sor Java\" srcset=\"https:\/\/rosagres.com\/wp-content\/uploads\/2024\/09\/rosa-gres-porcelanico-coleccion-tresor-java-cover-300x300.jpg 300w, https:\/\/rosagres.com\/wp-content\/uploads\/2024\/09\/rosa-gres-porcelanico-coleccion-tresor-java-cover-150x150.jpg 150w, https:\/\/rosagres.com\/wp-content\/uploads\/2024\/09\/rosa-gres-porcelanico-coleccion-tresor-java-cover-256x256.jpg 256w, https:\/\/rosagres.com\/wp-content\/uploads\/2024\/09\/rosa-gres-porcelanico-coleccion-tresor-java-cover-160x160.jpg 160w, https:\/\/rosagres.com\/wp-content\/uploads\/2024\/09\/rosa-gres-porcelanico-coleccion-tresor-java-cover-180x180.jpg 180w, https:\/\/rosagres.com\/wp-content\/uploads\/2024\/09\/rosa-gres-porcelanico-coleccion-tresor-java-cover.jpg 426w\" sizes=\"(max-width: 300px) 100vw, 300px\" \/><\/span>\n\t\t<\/a>\n\n\t\t<div class=\"product-info clearfix\">\n\t\t\t\t\t\t<div class=\"product-title title-h6\"><a href=\"https:\/\/rosagres.com\/fr\/sol-gres-cerame\/couleurs\/revetements-et-piscine\/tresor-java\/\">Tr\u00e9sor Java<\/a><\/div>\n\t\t\t\t\t<\/div>\n\n\t\t\n\t<\/div>\n<\/div>\n    <\/div>\r\n<\/div>[\/vc_column_inner][vc_column_inner width=\u00a0\u00bb1\/5&Prime; css=\u00a0\u00bb.vc_custom_1741122560737{padding-right: 0px !important;padding-left: 0px !important;}\u00a0\u00bb offset=\u00a0\u00bbvc_hidden-xs\u00a0\u00bb][\/vc_column_inner][vc_column_inner width=\u00a0\u00bb1\/5&Prime; css=\u00a0\u00bb.vc_custom_1741122565689{padding-right: 0px !important;padding-left: 0px !important;}\u00a0\u00bb offset=\u00a0\u00bbvc_hidden-xs\u00a0\u00bb][\/vc_column_inner][vc_column_inner width=\u00a0\u00bb1\/5&Prime; css=\u00a0\u00bb.vc_custom_1741122570137{padding-right: 0px !important;padding-left: 0px !important;}\u00a0\u00bb offset=\u00a0\u00bbvc_hidden-xs\u00a0\u00bb][\/vc_column_inner][\/vc_row_inner][\/vc_column][\/vc_row][vc_row][vc_column][vc_empty_space][vc_column_text css=\u00a0\u00bb\u00a0\u00bb]<\/p>\n<h3>FORMATS ET FINITIONS<\/h3>\n<p>[\/vc_column_text][vc_empty_space height=\u00a0\u00bb5px\u00a0\u00bb][vc_row_inner equal_height=\u00a0\u00bbyes\u00a0\u00bb gap=\u00a0\u00bb15&Prime; el_disable_mobile=\u00a0\u00bb1&Prime; el_class=\u00a0\u00bbfuente-chiquita\u00a0\u00bb][vc_column_inner width=\u00a0\u00bb1\/6&Prime; css=\u00a0\u00bb.vc_custom_1725456164627{padding-right: 0px !important;}\u00a0\u00bb][vc_single_image image=\u00a0\u00bb27476&Prime; img_size=\u00a0\u00bb\u00a0\u00bb css=\u00a0\u00bb\u00a0\u00bb][vc_empty_space height=\u00a0\u00bb12px\u00a0\u00bb][vc_column_text css=\u00a0\u00bb\u00a0\u00bb]<b>Antid\u00e9rapant <\/b><br \/>\n<strong>31,3 x 31,3 cm<\/strong><br \/>\n12\u201d x 12\u201d[\/vc_column_text][\/vc_column_inner][vc_column_inner width=\u00a0\u00bb1\/6&Prime; css=\u00a0\u00bb.vc_custom_1725456012890{padding-right: 0px !important;padding-left: 0px !important;}\u00a0\u00bb][vc_single_image image=\u00a0\u00bb27478&Prime; img_size=\u00a0\u00bb162&#215;80&Prime; css=\u00a0\u00bb\u00a0\u00bb][vc_empty_space height=\u00a0\u00bb12px\u00a0\u00bb][vc_column_text css=\u00a0\u00bb\u00a0\u00bb]<b>Antid\u00e9rapant\u00a0<\/b><br \/>\n<strong>31,3 x 31,3 cm<\/strong><br \/>\n12\u201d x 12\u201d[\/vc_column_text][\/vc_column_inner][vc_column_inner width=\u00a0\u00bb1\/6&Prime; css=\u00a0\u00bb.vc_custom_1725456024925{padding-right: 0px !important;padding-left: 0px !important;}\u00a0\u00bb][\/vc_column_inner][vc_column_inner width=\u00a0\u00bb1\/6&Prime; css=\u00a0\u00bb.vc_custom_1725456032390{padding-right: 0px !important;padding-left: 0px !important;}\u00a0\u00bb][\/vc_column_inner][vc_column_inner width=\u00a0\u00bb1\/6&Prime; css=\u00a0\u00bb.vc_custom_1725456039411{padding-right: 0px !important;padding-left: 0px !important;}\u00a0\u00bb][\/vc_column_inner][vc_column_inner width=\u00a0\u00bb1\/6&Prime; css=\u00a0\u00bb.vc_custom_1725456046941{padding-right: 0px !important;padding-left: 0px !important;}\u00a0\u00bb][\/vc_column_inner][\/vc_row_inner][vc_row_inner equal_height=\u00a0\u00bbyes\u00a0\u00bb gap=\u00a0\u00bb15&Prime; el_disable_desktop=\u00a0\u00bb1&Prime; el_disable_tablet=\u00a0\u00bb1&Prime; el_class=\u00a0\u00bbfuente-chiquita\u00a0\u00bb][vc_column_inner width=\u00a0\u00bb1\/6&Prime; offset=\u00a0\u00bbvc_col-xs-6&Prime;][vc_single_image image=\u00a0\u00bb27476&Prime; img_size=\u00a0\u00bb\u00a0\u00bb css=\u00a0\u00bb\u00a0\u00bb][vc_empty_space height=\u00a0\u00bb12px\u00a0\u00bb][vc_column_text css=\u00a0\u00bb\u00a0\u00bb]<b>Antid\u00e9rapant <\/b><br \/>\n<strong>31,3 x 31,3 cm<\/strong><br \/>\n12\u201d x 12\u201d[\/vc_column_text][\/vc_column_inner][vc_column_inner width=\u00a0\u00bb1\/6&Prime; offset=\u00a0\u00bbvc_col-xs-6&Prime;][vc_single_image image=\u00a0\u00bb27478&Prime; img_size=\u00a0\u00bb\u00a0\u00bb css=\u00a0\u00bb\u00a0\u00bb][vc_empty_space height=\u00a0\u00bb12px\u00a0\u00bb][vc_column_text css=\u00a0\u00bb\u00a0\u00bb]<b>Antid\u00e9rapant\u00a0<\/b><br \/>\n<strong>31,3 x 31,3 cm<\/strong><br \/>\n12\u201d x 12\u201d[\/vc_column_text][\/vc_column_inner][vc_column_inner width=\u00a0\u00bb1\/6&Prime; offset=\u00a0\u00bbvc_col-xs-6&Prime;][\/vc_column_inner][vc_column_inner width=\u00a0\u00bb1\/6&Prime; offset=\u00a0\u00bbvc_col-xs-6&Prime;][\/vc_column_inner][vc_column_inner width=\u00a0\u00bb1\/6&Prime; offset=\u00a0\u00bbvc_col-xs-6&Prime;][\/vc_column_inner][vc_column_inner width=\u00a0\u00bb1\/6&Prime; offset=\u00a0\u00bbvc_col-xs-6&Prime;][\/vc_column_inner][\/vc_row_inner][vc_empty_space height=\u00a0\u00bb12px\u00a0\u00bb][vc_column_text css=\u00a0\u00bb\u00a0\u00bb el_class=\u00a0\u00bbfuente-chiquita\u00a0\u00bb]Mesure approximative en pouces[\/vc_column_text][\/vc_column][\/vc_row][vc_row][vc_column][vc_empty_space height=\u00a0\u00bb12px\u00a0\u00bb][vc_column_text css=\u00a0\u00bb\u00a0\u00bb]<\/p>\n<h3>PI\u00c8CES DE FINITION<\/h3>\n<p>[\/vc_column_text][vc_empty_space][vc_row_inner equal_height=\u00a0\u00bbyes\u00a0\u00bb][vc_column_inner width=\u00a0\u00bb1\/4&Prime;][vc_single_image image=\u00a0\u00bb27106&Prime; img_size=\u00a0\u00bbfull\u00a0\u00bb onclick=\u00a0\u00bblink_image\u00a0\u00bb css=\u00a0\u00bb\u00a0\u00bb][vc_empty_space height=\u00a0\u00bb15px\u00a0\u00bb][vc_column_text css=\u00a0\u00bb\u00a0\u00bb]Escaliers et plinthes[\/vc_column_text][vc_empty_space height=\u00a0\u00bb15px\u00a0\u00bb][\/vc_column_inner][vc_column_inner width=\u00a0\u00bb1\/4&Prime;][vc_single_image image=\u00a0\u00bb27116&Prime; img_size=\u00a0\u00bbfull\u00a0\u00bb onclick=\u00a0\u00bblink_image\u00a0\u00bb css=\u00a0\u00bb\u00a0\u00bb][vc_empty_space height=\u00a0\u00bb15px\u00a0\u00bb][vc_column_text css=\u00a0\u00bb\u00a0\u00bb]Goulottes[\/vc_column_text][vc_empty_space height=\u00a0\u00bb15px\u00a0\u00bb][\/vc_column_inner][vc_column_inner width=\u00a0\u00bb1\/4&Prime;][vc_single_image image=\u00a0\u00bb27104&Prime; img_size=\u00a0\u00bbfull\u00a0\u00bb onclick=\u00a0\u00bblink_image\u00a0\u00bb css=\u00a0\u00bb\u00a0\u00bb][vc_empty_space height=\u00a0\u00bb15px\u00a0\u00bb][vc_column_text css=\u00a0\u00bb\u00a0\u00bb]Goulottes[\/vc_column_text][vc_empty_space height=\u00a0\u00bb15px\u00a0\u00bb][\/vc_column_inner][vc_column_inner width=\u00a0\u00bb1\/4&Prime;][vc_empty_space height=\u00a0\u00bb15px\u00a0\u00bb][\/vc_column_inner][\/vc_row_inner][vc_row_inner][vc_column_inner width=\u00a0\u00bb1\/4&Prime;][vc_single_image image=\u00a0\u00bb27108&Prime; img_size=\u00a0\u00bbfull\u00a0\u00bb onclick=\u00a0\u00bblink_image\u00a0\u00bb css=\u00a0\u00bb\u00a0\u00bb][vc_empty_space height=\u00a0\u00bb15px\u00a0\u00bb][vc_column_text css=\u00a0\u00bb\u00a0\u00bb]Syst\u00e8me Prestige[\/vc_column_text][vc_empty_space height=\u00a0\u00bb15px\u00a0\u00bb][\/vc_column_inner][vc_column_inner width=\u00a0\u00bb1\/4&Prime;][vc_single_image image=\u00a0\u00bb27126&Prime; img_size=\u00a0\u00bbfull\u00a0\u00bb onclick=\u00a0\u00bblink_image\u00a0\u00bb css=\u00a0\u00bb\u00a0\u00bb][vc_empty_space height=\u00a0\u00bb15px\u00a0\u00bb][vc_column_text css=\u00a0\u00bb\u00a0\u00bb]Syst\u00e8me Slim[\/vc_column_text][vc_empty_space height=\u00a0\u00bb15px\u00a0\u00bb][\/vc_column_inner][vc_column_inner width=\u00a0\u00bb1\/4&Prime;][vc_single_image image=\u00a0\u00bb27110&Prime; img_size=\u00a0\u00bbfull\u00a0\u00bb onclick=\u00a0\u00bblink_image\u00a0\u00bb css=\u00a0\u00bb\u00a0\u00bb][vc_empty_space height=\u00a0\u00bb15px\u00a0\u00bb][vc_column_text css=\u00a0\u00bb\u00a0\u00bb]Syst\u00e8me Smart[\/vc_column_text][vc_empty_space height=\u00a0\u00bb15px\u00a0\u00bb][\/vc_column_inner][vc_column_inner width=\u00a0\u00bb1\/4&Prime;][vc_single_image image=\u00a0\u00bb27128&Prime; img_size=\u00a0\u00bbfull\u00a0\u00bb onclick=\u00a0\u00bblink_image\u00a0\u00bb css=\u00a0\u00bb\u00a0\u00bb][vc_empty_space height=\u00a0\u00bb15px\u00a0\u00bb][vc_column_text css=\u00a0\u00bb\u00a0\u00bb]Syst\u00e8me Zen[\/vc_column_text][vc_empty_space height=\u00a0\u00bb15px\u00a0\u00bb][\/vc_column_inner][\/vc_row_inner][vc_row_inner][vc_column_inner width=\u00a0\u00bb1\/4&Prime;][vc_single_image image=\u00a0\u00bb27114&Prime; img_size=\u00a0\u00bbfull\u00a0\u00bb onclick=\u00a0\u00bblink_image\u00a0\u00bb css=\u00a0\u00bb\u00a0\u00bb][vc_empty_space height=\u00a0\u00bb15px\u00a0\u00bb][vc_column_text css=\u00a0\u00bb\u00a0\u00bb]Piscine traditionnelle solution \u00ab L \u00bb[\/vc_column_text][vc_empty_space height=\u00a0\u00bb15px\u00a0\u00bb][\/vc_column_inner][vc_column_inner width=\u00a0\u00bb1\/4&Prime;][vc_single_image image=\u00a0\u00bb27112&Prime; img_size=\u00a0\u00bbfull\u00a0\u00bb onclick=\u00a0\u00bblink_image\u00a0\u00bb css=\u00a0\u00bb\u00a0\u00bb][vc_empty_space height=\u00a0\u00bb15px\u00a0\u00bb][vc_column_text css=\u00a0\u00bb\u00a0\u00bb]Piscine Infinity[\/vc_column_text][vc_empty_space height=\u00a0\u00bb15px\u00a0\u00bb][\/vc_column_inner][vc_column_inner width=\u00a0\u00bb1\/4&Prime;][\/vc_column_inner][vc_column_inner width=\u00a0\u00bb1\/4&Prime;][\/vc_column_inner][\/vc_row_inner][\/vc_column][\/vc_row]<\/p>\n<\/div>","protected":false},"excerpt":{"rendered":"<p>[vc_row][vc_column][\/vc_column][\/vc_row][vc_row][vc_column][\/vc_column][\/vc_row][vc_row][vc_column width=\u00a0\u00bb2\/3&Prime;][\/vc_column][vc_column width=\u00a0\u00bb1\/3&Prime;][vc_column_text css=\u00a0\u00bb\u00a0\u00bb]Avec la nouvelle collection\u00a0Tr\u00e9sor, nous partons vers un voyage \u00e0 travers le monde pour y trouver les&#8230;<\/p>\n","protected":false},"author":1,"featured_media":27480,"parent":33446,"menu_order":0,"comment_status":"closed","ping_status":"closed","template":"","meta":{"footnotes":""},"class_list":["post-35151","page","type-page","status-publish","has-post-thumbnail"],"_links":{"self":[{"href":"https:\/\/rosagres.com\/fr\/wp-json\/wp\/v2\/pages\/35151","targetHints":{"allow":["GET"]}}],"collection":[{"href":"https:\/\/rosagres.com\/fr\/wp-json\/wp\/v2\/pages"}],"about":[{"href":"https:\/\/rosagres.com\/fr\/wp-json\/wp\/v2\/types\/page"}],"author":[{"embeddable":true,"href":"https:\/\/rosagres.com\/fr\/wp-json\/wp\/v2\/users\/1"}],"replies":[{"embeddable":true,"href":"https:\/\/rosagres.com\/fr\/wp-json\/wp\/v2\/comments?post=35151"}],"version-history":[{"count":0,"href":"https:\/\/rosagres.com\/fr\/wp-json\/wp\/v2\/pages\/35151\/revisions"}],"up":[{"embeddable":true,"href":"https:\/\/rosagres.com\/fr\/wp-json\/wp\/v2\/pages\/33446"}],"wp:featuredmedia":[{"embeddable":true,"href":"https:\/\/rosagres.com\/fr\/wp-json\/wp\/v2\/media\/27480"}],"wp:attachment":[{"href":"https:\/\/rosagres.com\/fr\/wp-json\/wp\/v2\/media?parent=35151"}],"curies":[{"name":"wp","href":"https:\/\/api.w.org\/{rel}","templated":true}]}}