{"id":35264,"date":"2024-08-23T19:55:43","date_gmt":"2024-08-23T17:55:43","guid":{"rendered":"https:\/\/rosagres.com\/gres-cerame\/"},"modified":"2025-05-02T14:54:08","modified_gmt":"2025-05-02T12:54:08","slug":"gres-cerame","status":"publish","type":"page","link":"https:\/\/rosagres.com\/fr\/gres-cerame\/","title":{"rendered":"Gr\u00e8s C\u00e9rame"},"content":{"rendered":"<div class=\"wpb-content-wrapper\"><p>[vc_row][vc_column]<style>.thegem-te-post-breadcrumbs.thegem-custom-69e97b5b879511529 .post-breadcrumbs {justify-content: left; text-align: left;}.thegem-te-post-breadcrumbs.thegem-custom-69e97b5b879511529 .post-breadcrumbs ul {justify-content: left; text-align: left;}<\/style><div class=\"thegem-te-post-breadcrumbs thegem-custom-69e97b5b879511529\"> <div class=\"post-breadcrumbs\"><ul><li><a href=\"https:\/\/rosagres.com\/fr\/\">Accueil<\/a><\/li><\/ul><!-- .breadcrumbs --><\/div> <\/div>[\/vc_column][\/vc_row][vc_row][vc_column][vc_column_text css=\u00a0\u00bb\u00a0\u00bb el_class=\u00a0\u00bbaqua\u00a0\u00bb]<\/p>\n<h2 style=\"text-align: center;\">Qu\u2019est-ce que le gr\u00e8s c\u00e9rame ?<\/h2>\n<p>[\/vc_column_text][vc_empty_space][\/vc_column][\/vc_row][vc_row full_width=\u00a0\u00bbstretch_row\u00a0\u00bb css=\u00a0\u00bb.vc_custom_1723640150824{margin-top: -20px !important;padding-top: 20px !important;padding-bottom: 40px !important;background-color: #00bfab !important;}\u00a0\u00bb][vc_column][vc_empty_space height=\u00a0\u00bb22px\u00a0\u00bb el_class=\u00a0\u00bbno-mobile\u00a0\u00bb][vc_column_text css=\u00a0\u00bb\u00a0\u00bb el_class=\u00a0\u00bbtitulo-destacado\u00a0\u00bb]<\/p>\n<p class=\"p1\" style=\"text-align: center;\"><span class=\"s1\" style=\"color: #ffffff;\">Le gr\u00e8s c\u00e9rame est un type de rev\u00eatement de sol compact cr\u00e9\u00e9 \u00e0 partir de mati\u00e8res premi\u00e8res naturelles d\u2019origine min\u00e9rale, telles que les argiles et les feldspaths. Sa cuisson \u00e0 plus de 1200\u00baC lui conf\u00e8re une porosit\u00e9 quasi nulle et une r\u00e9sistance spectaculaire qui en font un rev\u00eatement unique pour l\u2019architecture et la construction.<\/span><\/p>\n<p>[\/vc_column_text][vc_empty_space height=\u00a0\u00bb22px\u00a0\u00bb el_class=\u00a0\u00bbno-mobile\u00a0\u00bb][\/vc_column][\/vc_row][vc_row css=\u00a0\u00bb.vc_custom_1724408325018{margin-top: -30px !important;}\u00a0\u00bb][vc_column][vc_btn title=\u00a0\u00bbDIFF\u00c9RENCES ENTRE LE GR\u00c8S C\u00c9RAME ET LE GR\u00c8S NON C\u00c9RAME\u00a0\u00bb style=\u00a0\u00bbflat\u00a0\u00bb color=\u00a0\u00bbturquoise\u00a0\u00bb align=\u00a0\u00bbcenter\u00a0\u00bb css=\u00a0\u00bb\u00a0\u00bb link=\u00a0\u00bburl:https%3A%2F%2Frosagres.com%2Ffr%2Fdifference-entre-gres-cerame-et-gres-non-cerame%2F|\u00a0\u00bb el_class=\u00a0\u00bbboton-negro\u00a0\u00bb][\/vc_column][\/vc_row][vc_row][vc_column][vc_single_image image=\u00a0\u00bb35179&Prime; img_size=\u00a0\u00bbfull\u00a0\u00bb alignment=\u00a0\u00bbcenter\u00a0\u00bb css=\u00a0\u00bb\u00a0\u00bb][\/vc_column][\/vc_row][vc_row full_width=\u00a0\u00bbstretch_row\u00a0\u00bb css=\u00a0\u00bb.vc_custom_1723640150824{margin-top: -20px !important;padding-top: 20px !important;padding-bottom: 40px !important;background-color: #00bfab !important;}\u00a0\u00bb][vc_column][vc_empty_space][vc_column_text css=\u00a0\u00bb\u00a0\u00bb el_class=\u00a0\u00bbtitulo-destacado\u00a0\u00bb]<\/p>\n<p class=\"p1\" style=\"text-align: center;\"><span class=\"s1\" style=\"color: #ffffff;\">On consid\u00e8re comme du gr\u00e8s c\u00e9rame tout mat\u00e9riau c\u00e9ramique <br class=\"no-mobile\" \/>dont le coefficient d\u2019absorption d\u2019eau<br class=\"no-mobile\" \/> est \u00e9gal ou inf\u00e9rieur \u00e0 0,5 %.<\/span><\/p>\n<p>[\/vc_column_text][vc_empty_space height=\u00a0\u00bb12px\u00a0\u00bb][vc_column_text css=\u00a0\u00bb\u00a0\u00bb el_class=\u00a0\u00bbparrafo-principal\u00a0\u00bb]<\/p>\n<p class=\"p1\" style=\"text-align: center;\"><span style=\"color: #ffffff;\">Le coefficient d\u2019absorption est tr\u00e8s important car il affecte <br class=\"no-mobile\" \/>toutes les propri\u00e9t\u00e9s physiques du produit : plus le pourcentage d\u2019absorption <br class=\"no-mobile\" \/>est faible, plus la r\u00e9sistance du mat\u00e9riau est \u00e9lev\u00e9e. <\/span><\/p>\n<p>[\/vc_column_text][vc_empty_space height=\u00a0\u00bb12px\u00a0\u00bb][vc_empty_space][vc_column_text css=\u00a0\u00bb\u00a0\u00bb el_class=\u00a0\u00bbtitulo-destacado\u00a0\u00bb]<\/p>\n<p class=\"p1\" style=\"text-align: center;\"><span class=\"s1\" style=\"color: #ffffff;\"> Tous les produits de Rosa Gres sont fabriqu\u00e9s en gr\u00e8s c\u00e9rame <br class=\"no-mobile\" \/>ayant un coefficient d\u2019absorption inf\u00e9rieur \u00e0 0,1 %.<\/span><\/p>\n<p>[\/vc_column_text][vc_empty_space height=\u00a0\u00bb12px\u00a0\u00bb][vc_column_text css=\u00a0\u00bb\u00a0\u00bb el_class=\u00a0\u00bbparrafo-principal\u00a0\u00bb]<\/p>\n<p class=\"p1\" style=\"text-align: center;\"><span style=\"color: #ffffff;\"> Dans la cat\u00e9gorie du gr\u00e8s c\u00e9rame, le produit de Rosa Gres pr\u00e9sente un <br class=\"no-mobile\" \/>coefficient d\u2019absorption inf\u00e9rieur \u00e0 celui pr\u00e9vu par la norme. <br class=\"no-mobile\" \/>Il est donc l\u2019un des plus r\u00e9sistants du march\u00e9.<\/span><\/p>\n<p>[\/vc_column_text][vc_empty_space][\/vc_column][\/vc_row][vc_row css=\u00a0\u00bb.vc_custom_1739463253223{margin-top: 0px !important;}\u00a0\u00bb][vc_column][vc_empty_space height=\u00a0\u00bb21px\u00a0\u00bb el_class=\u00a0\u00bbno-mobile\u00a0\u00bb][vc_column_text css=\u00a0\u00bb\u00a0\u00bb el_class=\u00a0\u00bbh3-destacado\u00a0\u00bb]<\/p>\n<h3 class=\"line-h-35\" style=\"text-align: center;\">Toutes les propri\u00e9t\u00e9s du gr\u00e8s c\u00e9rame : des avantages pour vous<\/h3>\n<p><\/p>\n<p class=\"h3-destacado-2\" style=\"text-align: center; font-weight: 600;\"><strong><span style=\"color: #00bfab;\">Le gr\u00e8s c\u00e9rame est \u00e0 la mode. D\u00e9couvrez pourquoi<\/span><\/strong><\/p>\n<p>[\/vc_column_text][vc_empty_space height=\u00a0\u00bb21px\u00a0\u00bb el_class=\u00a0\u00bbno-mobile\u00a0\u00bb][\/vc_column][\/vc_row][vc_row full_width=\u00a0\u00bbstretch_row\u00a0\u00bb css=\u00a0\u00bb.vc_custom_1724438305757{margin-bottom: 0px !important;background-color: #f9f9fa !important;}\u00a0\u00bb][vc_column][vc_empty_space height=\u00a0\u00bb21px\u00a0\u00bb el_class=\u00a0\u00bbno-mobile\u00a0\u00bb][vc_row_inner equal_height=\u00a0\u00bbyes\u00a0\u00bb gap=\u00a0\u00bb20&Prime; css=\u00a0\u00bb.vc_custom_1724438221256{margin-bottom: 0px !important;}\u00a0\u00bb][vc_column_inner width=\u00a0\u00bb1\/3&Prime; css=\u00a0\u00bb.vc_custom_1724408110455{padding-top: 15px !important;padding-right: 15px !important;padding-left: 15px !important;background-color: #ffffff !important;}\u00a0\u00bb][vc_single_image image=\u00a0\u00bb35182&Prime; img_size=\u00a0\u00bb97&#215;97&Prime; alignment=\u00a0\u00bbcenter\u00a0\u00bb css=\u00a0\u00bb\u00a0\u00bb][vc_empty_space height=\u00a0\u00bb12px\u00a0\u00bb el_class=\u00a0\u00bbno-mobile\u00a0\u00bb][vc_empty_space height=\u00a0\u00bb12px\u00a0\u00bb][vc_column_text css=\u00a0\u00bb\u00a0\u00bb]<\/p>\n<h3 class=\"aqua\" style=\"text-align: center;\"><span style=\"color: #00bfab;\">POLYVALENT ET D\u00c9CORATIF<\/span><\/h3>\n<p><\/p>\n<p class=\"p1\" style=\"text-align: center;\">La palette des couleurs et des textures du gr\u00e8s c\u00e9rame n\u2019a pas de limites. Elle nous permet d\u2019explorer tous les styles et de cr\u00e9er des finitions esth\u00e9tiques d\u2019une grande perfection visuelle.<\/p>\n<p>[\/vc_column_text][vc_empty_space height=\u00a0\u00bb12px\u00a0\u00bb][vc_empty_space el_class=\u00a0\u00bbmobile\u00a0\u00bb][\/vc_column_inner][vc_column_inner width=\u00a0\u00bb1\/3&Prime; css=\u00a0\u00bb.vc_custom_1724408104759{padding-top: 15px !important;padding-right: 15px !important;padding-left: 15px !important;background-color: #ffffff !important;}\u00a0\u00bb][vc_single_image image=\u00a0\u00bb35185&Prime; img_size=\u00a0\u00bb97&#215;97&Prime; alignment=\u00a0\u00bbcenter\u00a0\u00bb css=\u00a0\u00bb\u00a0\u00bb][vc_empty_space height=\u00a0\u00bb12px\u00a0\u00bb el_class=\u00a0\u00bbno-mobile\u00a0\u00bb][vc_empty_space height=\u00a0\u00bb12px\u00a0\u00bb][vc_column_text css=\u00a0\u00bb\u00a0\u00bb]<\/p>\n<h3 class=\"aqua\" style=\"text-align: center;\"><span style=\"color: #00bfab;\">IMPERM\u00c9ABLE<\/span><\/h3>\n<p><\/p>\n<p class=\"p1\" style=\"text-align: center;\">Avec une porosit\u00e9 et un coefficient d\u2019absorption d\u2019eau pratiquement nuls, le gr\u00e8s c\u00e9rame est l\u2019un des rev\u00eatements les plus r\u00e9sistants et les plus durables.<\/p>\n<p>[\/vc_column_text][vc_empty_space height=\u00a0\u00bb12px\u00a0\u00bb][vc_empty_space el_class=\u00a0\u00bbmobile\u00a0\u00bb][\/vc_column_inner][vc_column_inner width=\u00a0\u00bb1\/3&Prime; css=\u00a0\u00bb.vc_custom_1724408118955{padding-top: 15px !important;padding-right: 15px !important;padding-left: 15px !important;background-color: #ffffff !important;}\u00a0\u00bb][vc_single_image image=\u00a0\u00bb35188&Prime; img_size=\u00a0\u00bb97&#215;97&Prime; alignment=\u00a0\u00bbcenter\u00a0\u00bb css=\u00a0\u00bb\u00a0\u00bb][vc_empty_space height=\u00a0\u00bb12px\u00a0\u00bb el_class=\u00a0\u00bbno-mobile\u00a0\u00bb][vc_empty_space height=\u00a0\u00bb12px\u00a0\u00bb][vc_column_text css=\u00a0\u00bb\u00a0\u00bb]<\/p>\n<h3 class=\"aqua\" style=\"text-align: center;\"><span style=\"color: #00bfab;\">R\u00c9SISTANCE EXTR\u00caME<\/span><\/h3>\n<p><\/p>\n<p class=\"p1\" style=\"text-align: center;\">Sa r\u00e9sistance \u00e0 l\u2019abrasion est extr\u00eamement \u00e9lev\u00e9e. Le gr\u00e8s c\u00e9rame ne se casse pas et ne se raye pas. Il pr\u00e9sente une r\u00e9sistance maximale \u00e0 la flexion et r\u00e9siste aux chocs. C\u2019est l\u2019un des mat\u00e9riaux les plus durs existants.<\/p>\n<p>[\/vc_column_text][vc_empty_space height=\u00a0\u00bb12px\u00a0\u00bb][\/vc_column_inner][\/vc_row_inner][vc_row_inner equal_height=\u00a0\u00bbyes\u00a0\u00bb gap=\u00a0\u00bb20&Prime; css=\u00a0\u00bb.vc_custom_1724438242527{margin-bottom: 0px !important;}\u00a0\u00bb][vc_column_inner width=\u00a0\u00bb1\/3&Prime; css=\u00a0\u00bb.vc_custom_1724408110455{padding-top: 15px !important;padding-right: 15px !important;padding-left: 15px !important;background-color: #ffffff !important;}\u00a0\u00bb][vc_single_image image=\u00a0\u00bb35191&Prime; img_size=\u00a0\u00bb97&#215;97&Prime; alignment=\u00a0\u00bbcenter\u00a0\u00bb css=\u00a0\u00bb\u00a0\u00bb][vc_empty_space height=\u00a0\u00bb12px\u00a0\u00bb el_class=\u00a0\u00bbno-mobile\u00a0\u00bb][vc_empty_space height=\u00a0\u00bb12px\u00a0\u00bb][vc_column_text css=\u00a0\u00bb\u00a0\u00bb]<\/p>\n<h3 class=\"p1\" style=\"text-align: center;\"><span style=\"color: #00bfab;\">INALT\u00c9RABLE AUX INTEMP\u00c9RIES<\/span><\/h3>\n<p><\/p>\n<p class=\"p1\" style=\"text-align: center;\">Le gr\u00e8s c\u00e9rame n\u2019est pas affect\u00e9 par les changements radicaux de temp\u00e9rature, l\u2019exposition au soleil, le froid extr\u00eame, le gel ou la neige.<\/p>\n<p>[\/vc_column_text][vc_empty_space height=\u00a0\u00bb12px\u00a0\u00bb][vc_empty_space el_class=\u00a0\u00bbmobile\u00a0\u00bb][\/vc_column_inner][vc_column_inner width=\u00a0\u00bb1\/3&Prime; css=\u00a0\u00bb.vc_custom_1724408104759{padding-top: 15px !important;padding-right: 15px !important;padding-left: 15px !important;background-color: #ffffff !important;}\u00a0\u00bb][vc_single_image image=\u00a0\u00bb26298&Prime; img_size=\u00a0\u00bb97&#215;97&Prime; alignment=\u00a0\u00bbcenter\u00a0\u00bb css=\u00a0\u00bb\u00a0\u00bb][vc_empty_space height=\u00a0\u00bb12px\u00a0\u00bb el_class=\u00a0\u00bbno-mobile\u00a0\u00bb][vc_empty_space height=\u00a0\u00bb12px\u00a0\u00bb][vc_column_text css=\u00a0\u00bb\u00a0\u00bb]<\/p>\n<h3 class=\"p1\" style=\"text-align: center;\"><span style=\"color: #00bfab;\">R\u00c9SISTANT AUX ACIDES<\/span><\/h3>\n<p><\/p>\n<p class=\"p1\" style=\"text-align: center;\">Il supporte sans probl\u00e8me les produits chimiques de nettoyage. C\u2019est un atout essentiel pour les rev\u00eatements de piscines et le traitement ult\u00e9rieur de l\u2019eau.<\/p>\n<p>[\/vc_column_text][vc_empty_space height=\u00a0\u00bb12px\u00a0\u00bb][vc_empty_space el_class=\u00a0\u00bbmobile\u00a0\u00bb][\/vc_column_inner][vc_column_inner width=\u00a0\u00bb1\/3&Prime; css=\u00a0\u00bb.vc_custom_1724408118955{padding-top: 15px !important;padding-right: 15px !important;padding-left: 15px !important;background-color: #ffffff !important;}\u00a0\u00bb][vc_single_image image=\u00a0\u00bb35197&Prime; img_size=\u00a0\u00bb97&#215;97&Prime; alignment=\u00a0\u00bbcenter\u00a0\u00bb css=\u00a0\u00bb\u00a0\u00bb][vc_empty_space height=\u00a0\u00bb12px\u00a0\u00bb el_class=\u00a0\u00bbno-mobile\u00a0\u00bb][vc_empty_space height=\u00a0\u00bb12px\u00a0\u00bb][vc_column_text css=\u00a0\u00bb\u00a0\u00bb]<\/p>\n<h3 class=\"p1\" style=\"text-align: center;\"><span style=\"color: #00bfab;\">SUPER-HYGI\u00c9NIQUE<\/span><\/h3>\n<p><\/p>\n<p class=\"p1\" style=\"text-align: center;\">Mat\u00e9riau inerte et non poreux, il emp\u00eache l\u2019humidit\u00e9 et le d\u00e9veloppement de colonies microbiennes ou de germes.<\/p>\n<p>[\/vc_column_text][vc_empty_space height=\u00a0\u00bb12px\u00a0\u00bb][\/vc_column_inner][\/vc_row_inner][vc_row_inner equal_height=\u00a0\u00bbyes\u00a0\u00bb gap=\u00a0\u00bb20&Prime; css=\u00a0\u00bb.vc_custom_1724438298946{margin-bottom: 0px !important;}\u00a0\u00bb][vc_column_inner width=\u00a0\u00bb1\/3&Prime; css=\u00a0\u00bb.vc_custom_1724408110455{padding-top: 15px !important;padding-right: 15px !important;padding-left: 15px !important;background-color: #ffffff !important;}\u00a0\u00bb][vc_single_image image=\u00a0\u00bb35200&Prime; img_size=\u00a0\u00bb97&#215;97&Prime; alignment=\u00a0\u00bbcenter\u00a0\u00bb css=\u00a0\u00bb\u00a0\u00bb][vc_empty_space height=\u00a0\u00bb12px\u00a0\u00bb el_class=\u00a0\u00bbno-mobile\u00a0\u00bb][vc_empty_space height=\u00a0\u00bb12px\u00a0\u00bb][vc_column_text css=\u00a0\u00bb\u00a0\u00bb]<\/p>\n<h3 class=\"p1\" style=\"text-align: center;\"><span style=\"color: #00bfab;\">R\u00c9SISTANT AUX TACHES<\/span><\/h3>\n<p><\/p>\n<p class=\"p1\" style=\"text-align: center;\">Contrairement au bois, au marbre et \u00e0 d\u2019autres mat\u00e9riaux poreux, le gr\u00e8s c\u00e9rame n\u2019absorbe pas les liquides ni les huiles et ne retient pas la salet\u00e9.<\/p>\n<p>[\/vc_column_text][vc_empty_space height=\u00a0\u00bb12px\u00a0\u00bb][vc_empty_space el_class=\u00a0\u00bbmobile\u00a0\u00bb][\/vc_column_inner][vc_column_inner width=\u00a0\u00bb1\/3&Prime; css=\u00a0\u00bb.vc_custom_1724408104759{padding-top: 15px !important;padding-right: 15px !important;padding-left: 15px !important;background-color: #ffffff !important;}\u00a0\u00bb][vc_single_image image=\u00a0\u00bb35203&Prime; img_size=\u00a0\u00bb97&#215;97&Prime; alignment=\u00a0\u00bbcenter\u00a0\u00bb css=\u00a0\u00bb\u00a0\u00bb][vc_empty_space height=\u00a0\u00bb12px\u00a0\u00bb el_class=\u00a0\u00bbno-mobile\u00a0\u00bb][vc_empty_space height=\u00a0\u00bb12px\u00a0\u00bb][vc_column_text css=\u00a0\u00bb\u00a0\u00bb]<\/p>\n<h3 class=\"p1\" style=\"text-align: center;\"><span style=\"color: #00bfab;\">FACILE \u00c0 NETTOYER<\/span><\/h3>\n<p><\/p>\n<p class=\"p1\" style=\"text-align: center;\">De l\u2019eau chaude, du savon neutre et un minimum d\u2019effort suffisent pour conserver au gr\u00e8s c\u00e9rame un aspect toujours neuf.<\/p>\n<p>[\/vc_column_text][vc_empty_space height=\u00a0\u00bb12px\u00a0\u00bb][vc_empty_space el_class=\u00a0\u00bbmobile\u00a0\u00bb][\/vc_column_inner][vc_column_inner width=\u00a0\u00bb1\/3&Prime; css=\u00a0\u00bb.vc_custom_1724408118955{padding-top: 15px !important;padding-right: 15px !important;padding-left: 15px !important;background-color: #ffffff !important;}\u00a0\u00bb][vc_single_image image=\u00a0\u00bb35206&Prime; img_size=\u00a0\u00bb97&#215;97&Prime; alignment=\u00a0\u00bbcenter\u00a0\u00bb css=\u00a0\u00bb\u00a0\u00bb][vc_empty_space height=\u00a0\u00bb12px\u00a0\u00bb el_class=\u00a0\u00bbno-mobile\u00a0\u00bb][vc_empty_space height=\u00a0\u00bb12px\u00a0\u00bb][vc_column_text css=\u00a0\u00bb\u00a0\u00bb]<\/p>\n<h3 class=\"p1\" style=\"text-align: center;\"><span style=\"color: #00bfab;\">UN MAT\u00c9RIAU QUI NE VIEILLIT PAS<\/span><\/h3>\n<p><\/p>\n<p class=\"p1\" style=\"text-align: center;\">Le gr\u00e8s c\u00e9rame ne change pas de couleur avec le temps et n\u2019est pas affect\u00e9 par une exposition continue aux rayons du soleil.<\/p>\n<p>[\/vc_column_text][vc_empty_space height=\u00a0\u00bb12px\u00a0\u00bb][vc_empty_space height=\u00a0\u00bb12px\u00a0\u00bb el_class=\u00a0\u00bbmobile\u00a0\u00bb][\/vc_column_inner][\/vc_row_inner][vc_empty_space][\/vc_column][\/vc_row][vc_row full_width=\u00a0\u00bbstretch_row\u00a0\u00bb css=\u00a0\u00bb.vc_custom_1724438280907{margin-top: 0px !important;margin-bottom: 0px !important;padding-top: 20px !important;padding-bottom: 40px !important;background-color: #00bfab !important;}\u00a0\u00bb][vc_column][vc_column_text css=\u00a0\u00bb\u00a0\u00bb el_class=\u00a0\u00bbtitulo-destacado\u00a0\u00bb]<\/p>\n<p class=\"p1\" style=\"text-align: center;\"><span class=\"s1\" style=\"color: #ffffff;\">Le gr\u00e8s c\u00e9rame de Rosa Gres est fabriqu\u00e9 \u00e0 100 % <br class=\"no-mobile\" \/> dans notre usine de Vallmoll, \u00e0 Tarragone.<\/span><\/p>\n<p>[\/vc_column_text][\/vc_column][\/vc_row][vc_row full_width=\u00a0\u00bbstretch_row_content\u00a0\u00bb css=\u00a0\u00bb.vc_custom_1724411218179{margin-top: 0px !important;padding-top: 0px !important;}\u00a0\u00bb][vc_column css=\u00a0\u00bb.vc_custom_1724411089477{padding-top: 0px !important;padding-right: 0px !important;padding-left: 0px !important;}\u00a0\u00bb][vc_single_image image=\u00a0\u00bb42842&Prime; img_size=\u00a0\u00bbfull\u00a0\u00bb alignment=\u00a0\u00bbcenter\u00a0\u00bb css=\u00a0\u00bb\u00a0\u00bb][\/vc_column][\/vc_row][vc_row][vc_column][vc_empty_space][vc_column_text css=\u00a0\u00bb\u00a0\u00bb el_class=\u00a0\u00bbh2-destacado parrafo-principal\u00a0\u00bb]<\/p>\n<h2 class=\"p1\" style=\"text-align: center;\"><span style=\"color: #00bfab;\">Un syst\u00e8me de fabrication int\u00e9gr\u00e9<\/span><\/h2>\n<p><\/p>\n<p style=\"text-align: center;\">Nous fabriquons toutes les pi\u00e8ces de base de Rosa Gres avec la m\u00e9thode de pressage pour obtenir une taille et un calibre parfaits. Gr\u00e2ce \u00e0 ce syst\u00e8me, la pi\u00e8ce de base peut \u00eatre mise en place en utilisant des joints plus \u00e9troits.<\/p>\n<p><\/p>\n<p style=\"text-align: center;\">Toutes les pi\u00e8ces sp\u00e9ciales de Rosa Gres (marches, bords, goulottes, grilles et demi-cannes) sont fabriqu\u00e9es par extrusion. Ce proc\u00e9d\u00e9 nous permet d\u2019obtenir des pi\u00e8ces beaucoup plus robustes, r\u00e9sistantes et durables.<\/p>\n<p>[\/vc_column_text][vc_empty_space][vc_column_text css=\u00a0\u00bb\u00a0\u00bb el_class=\u00a0\u00bbh2-destacado parrafo-principal\u00a0\u00bb]<\/p>\n<h2 class=\"p1\" style=\"text-align: center;\"><span style=\"color: #00bfab;\">Coloris uniques + pi\u00e8ces sp\u00e9ciales parfaites<\/span><\/h2>\n<p><\/p>\n<p style=\"text-align: center;\">Chez Rosa Gres, nous aimons cr\u00e9er des couleurs esth\u00e9tiques, qui sont source d\u2019id\u00e9es et d\u2019inspiration. En m\u00eame temps, nous cherchons en priorit\u00e9 \u00e0 concevoir des solutions innovantes pour rev\u00eatir les \u00e9l\u00e9ments de construction les plus exigeants sur le plan technique. Piscines, terrasses, escaliers, canalisations, rev\u00eatements antid\u00e9rapants. Nous avons \u00e0 notre actif une exp\u00e9rience de plus de 40 ans consacr\u00e9e \u00e0 la cr\u00e9ation de syst\u00e8mes complets et fonctionnels, o\u00f9 chaque pi\u00e8ce de finition joue un r\u00f4le essentiel. Nos pi\u00e8ces sp\u00e9ciales se distinguent par leur qualit\u00e9 et leur perfection.<\/p>\n<h2 class=\"p1\" style=\"text-align: center;\"><span style=\"color: #00bfab;\">La valeur de l\u2019esth\u00e9tique de Rosa Gres<\/span><\/h2>\n<p>&nbsp;<\/p>\n<p>[\/vc_column_text][\/vc_column][\/vc_row][vc_row full_width=\u00a0\u00bbstretch_row\u00a0\u00bb css=\u00a0\u00bb.vc_custom_1724411553756{margin-top: -20px !important;margin-bottom: 0px !important;padding-top: 20px !important;padding-bottom: 40px !important;background-color: #00bfab !important;}\u00a0\u00bb][vc_column][vc_column_text css=\u00a0\u00bb\u00a0\u00bb el_class=\u00a0\u00bbparrafo-principal\u00a0\u00bb]<\/p>\n<p class=\"p1\" style=\"text-align: center;\"><span style=\"color: #ffffff;\"><strong><span class=\"s1\">Gr\u00e2ce \u00e0 notre syst\u00e8me de fabrication int\u00e9gr\u00e9 \u2013 pressage + extrusion \u2013 <br class=\"no-mobile\" \/>nous parvenons \u00e0 unifier le ton de la pi\u00e8ce de base et de la pi\u00e8ce <br class=\"no-mobile\" \/>sp\u00e9ciale. Le tout cr\u00e9e une harmonie visuelle maximale.<\/span><\/strong><\/span><\/p>\n<p>[\/vc_column_text][\/vc_column][\/vc_row][vc_row full_width=\u00a0\u00bbstretch_row_content\u00a0\u00bb css=\u00a0\u00bb.vc_custom_1724411218179{margin-top: 0px !important;padding-top: 0px !important;}\u00a0\u00bb][vc_column css=\u00a0\u00bb.vc_custom_1724411089477{padding-top: 0px !important;padding-right: 0px !important;padding-left: 0px !important;}\u00a0\u00bb][vc_single_image image=\u00a0\u00bb35212&Prime; img_size=\u00a0\u00bbfull\u00a0\u00bb css=\u00a0\u00bb\u00a0\u00bb][\/vc_column][\/vc_row][vc_row full_width=\u00a0\u00bbstretch_row\u00a0\u00bb css=\u00a0\u00bb.vc_custom_1724411565336{margin-top: -20px !important;margin-bottom: 0px !important;padding-top: 20px !important;padding-bottom: 40px !important;background-color: #00bfab !important;}\u00a0\u00bb][vc_column][vc_column_text css=\u00a0\u00bb\u00a0\u00bb el_class=\u00a0\u00bbtitulo-destacado\u00a0\u00bb]<\/p>\n<p class=\"p1\" style=\"text-align: center;\"><span style=\"color: #ffffff;\">Le gr\u00e8s c\u00e9rame Rosa Gres est id\u00e9al pour les rev\u00eatements des piscines et<br \/>\ndes terrasses et pour coordonner les sols int\u00e9rieurs et ext\u00e9rieurs.<\/span><\/p>\n<p>[\/vc_column_text][\/vc_column][\/vc_row][vc_row full_width=\u00a0\u00bbstretch_row_content\u00a0\u00bb css=\u00a0\u00bb.vc_custom_1724411218179{margin-top: 0px !important;padding-top: 0px !important;}\u00a0\u00bb][vc_column css=\u00a0\u00bb.vc_custom_1724411089477{padding-top: 0px !important;padding-right: 0px !important;padding-left: 0px !important;}\u00a0\u00bb][vc_single_image image=\u00a0\u00bb35215&Prime; img_size=\u00a0\u00bbfull\u00a0\u00bb css=\u00a0\u00bb\u00a0\u00bb][\/vc_column][\/vc_row][vc_row css=\u00a0\u00bb.vc_custom_1724408325018{margin-top: -30px !important;}\u00a0\u00bb][vc_column][vc_empty_space height=\u00a0\u00bb12px\u00a0\u00bb][vc_empty_space height=\u00a0\u00bb12px\u00a0\u00bb][vc_empty_space height=\u00a0\u00bb12px\u00a0\u00bb][vc_btn title=\u00a0\u00bbPOURQUOI CHOISIR UN SOL EN GR\u00c8S C\u00c9RAME ROSA GRES POUR VOTRE PISCINE\u00a0\u00bb style=\u00a0\u00bbflat\u00a0\u00bb color=\u00a0\u00bbturquoise\u00a0\u00bb align=\u00a0\u00bbcenter\u00a0\u00bb css=\u00a0\u00bb\u00a0\u00bb link=\u00a0\u00bburl:https%3A%2F%2Frosagres.com%2Ffr%2Fchoisir-le-gres-cerame-pour-une-piscine%2F|\u00a0\u00bb el_class=\u00a0\u00bbboton-negro\u00a0\u00bb][\/vc_column][\/vc_row][vc_row full_width=\u00a0\u00bbstretch_row_content\u00a0\u00bb css=\u00a0\u00bb.vc_custom_1724411218179{margin-top: 0px !important;padding-top: 0px !important;}\u00a0\u00bb][vc_column css=\u00a0\u00bb.vc_custom_1724411089477{padding-top: 0px !important;padding-right: 0px !important;padding-left: 0px !important;}\u00a0\u00bb][vc_single_image image=\u00a0\u00bb35218&Prime; img_size=\u00a0\u00bbfull\u00a0\u00bb css=\u00a0\u00bb\u00a0\u00bb][\/vc_column][\/vc_row][vc_row css=\u00a0\u00bb.vc_custom_1724408325018{margin-top: -30px !important;}\u00a0\u00bb][vc_column][vc_empty_space height=\u00a0\u00bb12px\u00a0\u00bb][vc_empty_space][vc_btn title=\u00a0\u00bbPOURQUOI CHOISIR UN SOL EN GR\u00c8S C\u00c9RAME ROSA GRES POUR VOTRE TERRASSE\u00a0\u00bb style=\u00a0\u00bbflat\u00a0\u00bb color=\u00a0\u00bbturquoise\u00a0\u00bb align=\u00a0\u00bbcenter\u00a0\u00bb css=\u00a0\u00bb\u00a0\u00bb link=\u00a0\u00bburl:https%3A%2F%2Frosagres.com%2Ffr%2Fterrasses-et-revetements-de-sol-exterieurs%2F|\u00a0\u00bb el_class=\u00a0\u00bbboton-negro\u00a0\u00bb][\/vc_column][\/vc_row][vc_row full_width=\u00a0\u00bbstretch_row_content\u00a0\u00bb][vc_column css=\u00a0\u00bb.vc_custom_1724411089477{padding-top: 0px !important;padding-right: 0px !important;padding-left: 0px !important;}\u00a0\u00bb][vc_single_image image=\u00a0\u00bb35221&Prime; img_size=\u00a0\u00bbfull\u00a0\u00bb css=\u00a0\u00bb\u00a0\u00bb][\/vc_column][\/vc_row][vc_row css=\u00a0\u00bb.vc_custom_1724408325018{margin-top: -30px !important;}\u00a0\u00bb][vc_column][vc_empty_space height=\u00a0\u00bb12px\u00a0\u00bb el_class=\u00a0\u00bbno-mobile\u00a0\u00bb][vc_empty_space el_class=\u00a0\u00bbno-mobile\u00a0\u00bb][vc_btn title=\u00a0\u00bbCOORDONNER LES SOLS INT\u00c9RIEURS ET EXT\u00c9RIEURS AVEC LE GR\u00c8S C\u00c9RAME ROSA GRES\u00a0\u00bb style=\u00a0\u00bbflat\u00a0\u00bb color=\u00a0\u00bbturquoise\u00a0\u00bb align=\u00a0\u00bbcenter\u00a0\u00bb css=\u00a0\u00bb\u00a0\u00bb link=\u00a0\u00bburl:https%3A%2F%2Frosagres.com%2Ffr%2Fin-out-design-coordination-de-linterieur-et-de-lexterieur-interieurs-et-escaliers%2F|\u00a0\u00bb el_class=\u00a0\u00bbboton-negro\u00a0\u00bb][\/vc_column][\/vc_row]<\/p>\n<\/div>","protected":false},"excerpt":{"rendered":"<p>[vc_row][vc_column][\/vc_column][\/vc_row][vc_row][vc_column][vc_column_text css=\u00a0\u00bb\u00a0\u00bb el_class=\u00a0\u00bbaqua\u00a0\u00bb] Qu\u2019est-ce que le gr\u00e8s c\u00e9rame ? [\/vc_column_text][vc_empty_space][\/vc_column][\/vc_row][vc_row full_width=\u00a0\u00bbstretch_row\u00a0\u00bb css=\u00a0\u00bb.vc_custom_1723640150824{margin-top: -20px !important;padding-top: 20px !important;padding-bottom: 40px !important;background-color: #00bfab !important;}\u00a0\u00bb][vc_column][vc_empty_space&#8230;<\/p>\n","protected":false},"author":1,"featured_media":35221,"parent":0,"menu_order":0,"comment_status":"closed","ping_status":"closed","template":"","meta":{"footnotes":""},"class_list":["post-35264","page","type-page","status-publish","has-post-thumbnail"],"_links":{"self":[{"href":"https:\/\/rosagres.com\/fr\/wp-json\/wp\/v2\/pages\/35264","targetHints":{"allow":["GET"]}}],"collection":[{"href":"https:\/\/rosagres.com\/fr\/wp-json\/wp\/v2\/pages"}],"about":[{"href":"https:\/\/rosagres.com\/fr\/wp-json\/wp\/v2\/types\/page"}],"author":[{"embeddable":true,"href":"https:\/\/rosagres.com\/fr\/wp-json\/wp\/v2\/users\/1"}],"replies":[{"embeddable":true,"href":"https:\/\/rosagres.com\/fr\/wp-json\/wp\/v2\/comments?post=35264"}],"version-history":[{"count":0,"href":"https:\/\/rosagres.com\/fr\/wp-json\/wp\/v2\/pages\/35264\/revisions"}],"wp:featuredmedia":[{"embeddable":true,"href":"https:\/\/rosagres.com\/fr\/wp-json\/wp\/v2\/media\/35221"}],"wp:attachment":[{"href":"https:\/\/rosagres.com\/fr\/wp-json\/wp\/v2\/media?parent=35264"}],"curies":[{"name":"wp","href":"https:\/\/api.w.org\/{rel}","templated":true}]}}