{"id":35273,"date":"2024-08-23T20:22:57","date_gmt":"2024-08-23T18:22:57","guid":{"rendered":"https:\/\/rosagres.com\/histoire-de-la-famille\/"},"modified":"2025-11-13T11:07:17","modified_gmt":"2025-11-13T10:07:17","slug":"histoire","status":"publish","type":"page","link":"https:\/\/rosagres.com\/fr\/histoire\/","title":{"rendered":"Histoire de la famille"},"content":{"rendered":"<div class=\"wpb-content-wrapper\"><p>[vc_row css=\u00a0\u00bb.vc_custom_1763027921941{margin-bottom: 0px !important;}\u00a0\u00bb][vc_column]<style>.thegem-te-post-breadcrumbs.thegem-custom-69d35602a4cf26471 .post-breadcrumbs {justify-content: left; text-align: left;}.thegem-te-post-breadcrumbs.thegem-custom-69d35602a4cf26471 .post-breadcrumbs ul {justify-content: left; text-align: left;}<\/style><div class=\"thegem-te-post-breadcrumbs thegem-custom-69d35602a4cf26471\"> <div class=\"post-breadcrumbs\"><ul><li><a href=\"https:\/\/rosagres.com\/fr\/\">Accueil<\/a><\/li><\/ul><!-- .breadcrumbs --><\/div> <\/div>[\/vc_column][\/vc_row][vc_row full_width=\u00a0\u00bbstretch_row\u00a0\u00bb css=\u00a0\u00bb.vc_custom_1724525455246{padding-top: 21px !important;padding-bottom: 21px !important;}\u00a0\u00bb el_class=\u00a0\u00bbfila-full\u00a0\u00bb][vc_column css=\u00a0\u00bb.vc_custom_1763027532053{padding-right: 0px !important;padding-left: 0px !important;}\u00a0\u00bb][vc_row_inner gap=\u00a0\u00bb15&Prime; css=\u00a0\u00bb.vc_custom_1763027848453{margin-bottom: 0px !important;padding-right: 0px !important;padding-left: 0px !important;}\u00a0\u00bb el_class=\u00a0\u00bbfila-full\u00a0\u00bb][vc_column_inner]<div class=\"gem-vimeo gem-wrapbox gem-wrapbox-style-no-style rounded-corners gem-wrapbox-position-below\" style=\"width: 100%;\"><div class=\"gem-wrapbox-inner gem-ratio-style\" style=\"padding-top: 56.25%\"><iframe webkitallowfullscreen=\"true\" mozallowfullscreen=\"true\" allowfullscreen=\"true\" class=\"gem-wrapbox-element img-responsive\" frameborder=\"0\" scrolling=\"no\" marginheight=\"0\" marginwidth=\"0\" src=\"\/\/player.vimeo.com\/video\/1136397133?title=0&amp;byline=0&amp;portrait=0 \"><\/iframe><\/div><\/div>[\/vc_column_inner][\/vc_row_inner][vc_row_inner equal_height=\u00a0\u00bbyes\u00a0\u00bb gap=\u00a0\u00bb15&Prime; el_class=\u00a0\u00bbfila-full\u00a0\u00bb][vc_column_inner width=\u00a0\u00bb1\/4&Prime;][vc_single_image image=\u00a0\u00bb26318&Prime; img_size=\u00a0\u00bb363&#215;310&Prime; css=\u00a0\u00bb.vc_custom_1724437253833{border-top-width: 1px !important;border-right-width: 1px !important;border-bottom-width: 1px !important;border-left-width: 1px !important;border-left-style: solid !important;border-right-style: solid !important;border-top-style: solid !important;border-bottom-style: solid !important;border-color: #bfbfbf !important;}\u00a0\u00bb css_animation=\u00a0\u00bbfadeIn\u00a0\u00bb][vc_empty_space height=\u00a0\u00bb12px\u00a0\u00bb][vc_column_text css=\u00a0\u00bb\u00a0\u00bb]<\/p>\n<p class=\"p1\"><b>1849<\/b><\/p>\n<p><\/p>\n<p class=\"p1\">Castellvell, Tarragone.\u00a0<b>Joseph Sugra\u00f1es<\/b>\u00a0s\u2019initie \u00e0 la fabrication manuelle de carreaux.<\/p>\n<p><\/p>\n<p class=\"p1\">\u00d3dena, Barcelone. Son fils\u00a0<b>Vicen\u00e7 Sugra\u00f1es<\/b>\u00a0lui succ\u00e8de (sur la photo).<\/p>\n<p>[\/vc_column_text][vc_empty_space height=\u00a0\u00bb12px\u00a0\u00bb][vc_empty_space el_class=\u00a0\u00bbmobile\u00a0\u00bb][\/vc_column_inner][vc_column_inner width=\u00a0\u00bb1\/4&Prime;][vc_single_image image=\u00a0\u00bb26320&Prime; img_size=\u00a0\u00bb361&#215;310&Prime; css=\u00a0\u00bb.vc_custom_1724436168815{border-top-width: 1px !important;border-right-width: 1px !important;border-bottom-width: 1px !important;border-left-width: 1px !important;border-left-style: solid !important;border-right-style: solid !important;border-top-style: solid !important;border-bottom-style: solid !important;border-color: #bfbfbf !important;}\u00a0\u00bb css_animation=\u00a0\u00bbfadeIn\u00a0\u00bb][vc_empty_space height=\u00a0\u00bb12px\u00a0\u00bb][vc_column_text css=\u00a0\u00bb\u00a0\u00bb]<\/p>\n<p class=\"p1\"><b>1935<\/b><\/p>\n<p><\/p>\n<p class=\"p1\">Calaf, Barcelone. Avec\u00a0<b>Isidre Sugra\u00f1es<\/b>\u00a0l\u2019\u00e9lectricit\u00e9 et la premi\u00e8re extrudeuse pour la production m\u00e9canique de briques et de tuiles sont install\u00e9es dans l\u2019atelier.<\/p>\n<p>[\/vc_column_text][vc_empty_space height=\u00a0\u00bb12px\u00a0\u00bb][vc_empty_space el_class=\u00a0\u00bbmobile\u00a0\u00bb][\/vc_column_inner][vc_column_inner width=\u00a0\u00bb1\/4&Prime;][vc_single_image image=\u00a0\u00bb26322&Prime; img_size=\u00a0\u00bb361&#215;310&Prime; css=\u00a0\u00bb.vc_custom_1724436162717{border: 1px solid #bfbfbf !important;}\u00a0\u00bb css_animation=\u00a0\u00bbfadeIn\u00a0\u00bb][vc_empty_space height=\u00a0\u00bb12px\u00a0\u00bb][vc_column_text css=\u00a0\u00bb\u00a0\u00bb]<\/p>\n<p class=\"p1\"><b>1952<\/b><\/p>\n<p><\/p>\n<p class=\"p1\"><b>Rosa Cardona<\/b>, apr\u00e8s la mort de son mari, Isidre Sugra\u00f1es, reprend l\u2019entreprise. Son pr\u00e9nom a inspir\u00e9 la cr\u00e9ation de la marque Rosa Gres.<\/p>\n<p>[\/vc_column_text][vc_empty_space height=\u00a0\u00bb12px\u00a0\u00bb][vc_empty_space height=\u00a0\u00bb12px\u00a0\u00bb el_class=\u00a0\u00bbmobile\u00a0\u00bb][\/vc_column_inner][vc_column_inner width=\u00a0\u00bb1\/4&Prime;][vc_single_image image=\u00a0\u00bb26324&Prime; img_size=\u00a0\u00bb361&#215;310&Prime; css=\u00a0\u00bb.vc_custom_1724436187333{border: 1px solid #bfbfbf !important;}\u00a0\u00bb css_animation=\u00a0\u00bbfadeIn\u00a0\u00bb][vc_empty_space height=\u00a0\u00bb12px\u00a0\u00bb][vc_column_text css=\u00a0\u00bb\u00a0\u00bb]<\/p>\n<p class=\"p1\"><b>1959<\/b><\/p>\n<p><\/p>\n<p class=\"p1\">Cerdanyola, Barcelone.\u00a0<b>Ram\u00f3n Sugra\u00f1es<\/b>\u00a0cr\u00e9e l\u2019entreprise\u00a0<b>Cer\u00e1mica Sugra\u00f1es<\/b><\/p>\n<p><\/p>\n<p class=\"p1\"><b>S.L.<\/b>, qui se consacre \u00e0 la fabrication de gr\u00e8s c\u00e9rame structurel. Il s\u2019agit de l\u2019actuelle entreprise Rosa Gres et de son si\u00e8ge social.<\/p>\n<p>[\/vc_column_text][vc_empty_space height=\u00a0\u00bb12px\u00a0\u00bb][vc_empty_space height=\u00a0\u00bb12px\u00a0\u00bb el_class=\u00a0\u00bbmobile\u00a0\u00bb][\/vc_column_inner][\/vc_row_inner][vc_row_inner equal_height=\u00a0\u00bbyes\u00a0\u00bb gap=\u00a0\u00bb15&Prime; el_class=\u00a0\u00bbfila-full\u00a0\u00bb][vc_column_inner width=\u00a0\u00bb1\/4&Prime;][vc_single_image image=\u00a0\u00bb26350&Prime; img_size=\u00a0\u00bb363&#215;310&Prime; css=\u00a0\u00bb.vc_custom_1724436237894{border-top-width: 1px !important;border-right-width: 1px !important;border-bottom-width: 1px !important;border-left-width: 1px !important;border-left-style: solid !important;border-right-style: solid !important;border-top-style: solid !important;border-bottom-style: solid !important;border-color: #bfbfbf !important;}\u00a0\u00bb css_animation=\u00a0\u00bbfadeIn\u00a0\u00bb][vc_empty_space height=\u00a0\u00bb12px\u00a0\u00bb][vc_column_text css=\u00a0\u00bb\u00a0\u00bb]<br \/>\n<strong>1973<\/strong><\/p>\n<p>Pionniers dans la fabrication de gr\u00e8s extrud\u00e9 sous la direction de Ram\u00f3n Sugra\u00f1es. Le gr\u00e8s est alors un mat\u00e9riau peu connu.<br \/>\n[\/vc_column_text][vc_empty_space height=\u00a0\u00bb12px\u00a0\u00bb][vc_empty_space el_class=\u00a0\u00bbmobile\u00a0\u00bb][\/vc_column_inner][vc_column_inner width=\u00a0\u00bb1\/4&Prime;][vc_single_image image=\u00a0\u00bb26314&Prime; img_size=\u00a0\u00bb361&#215;310&Prime; css=\u00a0\u00bb.vc_custom_1724436270948{border-top-width: 1px !important;border-right-width: 1px !important;border-bottom-width: 1px !important;border-left-width: 1px !important;border-left-style: solid !important;border-right-style: solid !important;border-top-style: solid !important;border-bottom-style: solid !important;border-color: #bfbfbf !important;}\u00a0\u00bb css_animation=\u00a0\u00bbfadeIn\u00a0\u00bb][vc_empty_space height=\u00a0\u00bb12px\u00a0\u00bb][vc_column_text css=\u00a0\u00bb\u00a0\u00bb]<br \/>\n<strong>1977<\/strong><\/p>\n<p>La marque se sp\u00e9cialise davantage dans les cr\u00e9ations ext\u00e9rieures, pi\u00e8ces sp\u00e9ciales et piscines. D\u00e9but de l\u2019exportation de projets dans le monde entier.<br \/>\n[\/vc_column_text][vc_empty_space height=\u00a0\u00bb12px\u00a0\u00bb][vc_empty_space el_class=\u00a0\u00bbmobile\u00a0\u00bb][\/vc_column_inner][vc_column_inner width=\u00a0\u00bb1\/4&Prime;][vc_single_image image=\u00a0\u00bb26312&Prime; img_size=\u00a0\u00bb361&#215;310&Prime; css=\u00a0\u00bb.vc_custom_1724436297292{border-top-width: 1px !important;border-right-width: 1px !important;border-bottom-width: 1px !important;border-left-width: 1px !important;border-left-style: solid !important;border-right-style: solid !important;border-top-style: solid !important;border-bottom-style: solid !important;border-color: #bfbfbf !important;}\u00a0\u00bb css_animation=\u00a0\u00bbfadeIn\u00a0\u00bb][vc_empty_space height=\u00a0\u00bb12px\u00a0\u00bb][vc_column_text css=\u00a0\u00bb\u00a0\u00bb]<br \/>\n<strong>1986<\/strong><\/p>\n<p>Cr\u00e9ation de la marque Rosa Gres, en hommage \u00e0 Rosa Cardona et son esprit d\u2019entreprise.<br \/>\n[\/vc_column_text][vc_empty_space height=\u00a0\u00bb12px\u00a0\u00bb][vc_empty_space height=\u00a0\u00bb12px\u00a0\u00bb el_class=\u00a0\u00bbmobile\u00a0\u00bb][\/vc_column_inner][vc_column_inner width=\u00a0\u00bb1\/4&Prime;][vc_single_image image=\u00a0\u00bb26346&Prime; img_size=\u00a0\u00bb361&#215;310&Prime; css=\u00a0\u00bb.vc_custom_1724436325441{border-top-width: 1px !important;border-right-width: 1px !important;border-bottom-width: 1px !important;border-left-width: 1px !important;border-left-style: solid !important;border-right-style: solid !important;border-top-style: solid !important;border-bottom-style: solid !important;border-color: #bfbfbf !important;}\u00a0\u00bb css_animation=\u00a0\u00bbfadeIn\u00a0\u00bb][vc_empty_space height=\u00a0\u00bb12px\u00a0\u00bb][vc_column_text css=\u00a0\u00bb\u00a0\u00bb]<\/p>\n<section class=\"row \">\n<div class=\"spb_content_element col-sm-12 spb_text_column\">\n<div class=\"spb-asset-content\">\n<p><strong>1999<\/strong><\/p>\n<p>Pionniers dans la fabrication de gr\u00e8s c\u00e9rame extrud\u00e9 et des premi\u00e8res s\u00e9ries de gr\u00e8s c\u00e9rame pour piscines et espaces industriels.<\/p>\n<\/div>\n<\/div>\n<\/section>\n<section class=\"row \"><\/section>\n<p>[\/vc_column_text][vc_empty_space height=\u00a0\u00bb12px\u00a0\u00bb][vc_empty_space height=\u00a0\u00bb12px\u00a0\u00bb el_class=\u00a0\u00bbmobile\u00a0\u00bb][\/vc_column_inner][\/vc_row_inner][vc_row_inner equal_height=\u00a0\u00bbyes\u00a0\u00bb gap=\u00a0\u00bb15&Prime; el_class=\u00a0\u00bbfila-full\u00a0\u00bb][vc_column_inner width=\u00a0\u00bb1\/4&Prime;][vc_single_image image=\u00a0\u00bb26342&Prime; img_size=\u00a0\u00bb363&#215;310&Prime; css=\u00a0\u00bb.vc_custom_1724436406676{border-top-width: 1px !important;border-right-width: 1px !important;border-bottom-width: 1px !important;border-left-width: 1px !important;border-left-style: solid !important;border-right-style: solid !important;border-top-style: solid !important;border-bottom-style: solid !important;border-color: #bfbfbf !important;}\u00a0\u00bb css_animation=\u00a0\u00bbfadeIn\u00a0\u00bb][vc_empty_space height=\u00a0\u00bb12px\u00a0\u00bb][vc_column_text css=\u00a0\u00bb\u00a0\u00bb]<\/p>\n<section class=\"row \">\n<div class=\"spb_content_element col-sm-12 spb_text_column\">\n<div class=\"spb-asset-content\">\n<p><strong>2000<\/strong><\/p>\n<p>Lancement de la collection Hierro, le premier gr\u00e8s naturel qui r\u00e9siste aux taches.<\/p>\n<\/div>\n<\/div>\n<\/section>\n<section class=\"row \"><\/section>\n<p>[\/vc_column_text][vc_empty_space height=\u00a0\u00bb12px\u00a0\u00bb][vc_empty_space el_class=\u00a0\u00bbmobile\u00a0\u00bb][\/vc_column_inner][vc_column_inner width=\u00a0\u00bb1\/4&Prime;][vc_single_image image=\u00a0\u00bb26326&Prime; img_size=\u00a0\u00bb361&#215;310&Prime; css=\u00a0\u00bb.vc_custom_1724436446242{border-top-width: 1px !important;border-right-width: 1px !important;border-bottom-width: 1px !important;border-left-width: 1px !important;border-left-style: solid !important;border-right-style: solid !important;border-top-style: solid !important;border-bottom-style: solid !important;border-color: #bfbfbf !important;}\u00a0\u00bb css_animation=\u00a0\u00bbfadeIn\u00a0\u00bb][vc_empty_space height=\u00a0\u00bb12px\u00a0\u00bb][vc_column_text css=\u00a0\u00bb\u00a0\u00bb]<\/p>\n<p class=\"p1\"><b>2003<\/b><\/p>\n<p><\/p>\n<p class=\"p1\">Ram\u00f3n Sugra\u00f1es, sa femme Elisa, et ses quatre enfants, Marcelino, Rosa, Marta et Montse.<\/p>\n<p><\/p>\n<p class=\"p1\">Toutes les collections adoptent le gr\u00e8s c\u00e9rame. Lancement des syst\u00e8mes de construction\u00a0<b>Prestige\u00a0<\/b>et\u00a0<b>Ergo<\/b>.<\/p>\n<p>[\/vc_column_text][vc_empty_space height=\u00a0\u00bb12px\u00a0\u00bb][vc_empty_space el_class=\u00a0\u00bbmobile\u00a0\u00bb][\/vc_column_inner][vc_column_inner width=\u00a0\u00bb1\/4&Prime;][vc_single_image image=\u00a0\u00bb26348&Prime; img_size=\u00a0\u00bb361&#215;310&Prime; css=\u00a0\u00bb.vc_custom_1724436463621{border-top-width: 1px !important;border-right-width: 1px !important;border-bottom-width: 1px !important;border-left-width: 1px !important;border-left-style: solid !important;border-right-style: solid !important;border-top-style: solid !important;border-bottom-style: solid !important;border-color: #bfbfbf !important;}\u00a0\u00bb css_animation=\u00a0\u00bbfadeIn\u00a0\u00bb][vc_empty_space height=\u00a0\u00bb12px\u00a0\u00bb][vc_column_text css=\u00a0\u00bb\u00a0\u00bb]<br \/>\n<strong>2004<\/strong><\/p>\n<p>Lancement du syst\u00e8me de construction S9 pour piscines \u00e0 d\u00e9bordement.<br \/>\n[\/vc_column_text][vc_empty_space height=\u00a0\u00bb12px\u00a0\u00bb][vc_empty_space height=\u00a0\u00bb12px\u00a0\u00bb el_class=\u00a0\u00bbmobile\u00a0\u00bb][\/vc_column_inner][vc_column_inner width=\u00a0\u00bb1\/4&Prime;][vc_single_image image=\u00a0\u00bb26328&Prime; img_size=\u00a0\u00bb361&#215;310&Prime; css=\u00a0\u00bb.vc_custom_1724436497243{border-top-width: 1px !important;border-right-width: 1px !important;border-bottom-width: 1px !important;border-left-width: 1px !important;border-left-style: solid !important;border-right-style: solid !important;border-top-style: solid !important;border-bottom-style: solid !important;border-color: #bfbfbf !important;}\u00a0\u00bb css_animation=\u00a0\u00bbfadeIn\u00a0\u00bb][vc_empty_space height=\u00a0\u00bb12px\u00a0\u00bb][vc_column_text css=\u00a0\u00bb\u00a0\u00bb]<\/p>\n<p class=\"p1\"><b>2008<\/b><\/p>\n<p><\/p>\n<p class=\"p1\">Lancement du\u00a0<b>syst\u00e8me de construction S10<\/b>\u00a0pour la construction de piscines pr\u00e9fabriqu\u00e9es en b\u00e9ton.\u00a0<b>Prix Nan d\u2019architecture 2009<\/b>.<\/p>\n<p>[\/vc_column_text][vc_empty_space height=\u00a0\u00bb12px\u00a0\u00bb][vc_empty_space height=\u00a0\u00bb12px\u00a0\u00bb el_class=\u00a0\u00bbmobile\u00a0\u00bb][\/vc_column_inner][\/vc_row_inner][vc_row_inner equal_height=\u00a0\u00bbyes\u00a0\u00bb gap=\u00a0\u00bb15&Prime; el_class=\u00a0\u00bbfila-full\u00a0\u00bb][vc_column_inner width=\u00a0\u00bb1\/4&Prime;][vc_single_image image=\u00a0\u00bb26330&Prime; img_size=\u00a0\u00bb361&#215;310&Prime; css=\u00a0\u00bb.vc_custom_1724436556385{border-top-width: 1px !important;border-right-width: 1px !important;border-bottom-width: 1px !important;border-left-width: 1px !important;border-left-style: solid !important;border-right-style: solid !important;border-top-style: solid !important;border-bottom-style: solid !important;border-color: #bfbfbf !important;}\u00a0\u00bb css_animation=\u00a0\u00bbfadeIn\u00a0\u00bb][vc_empty_space height=\u00a0\u00bb12px\u00a0\u00bb][vc_column_text css=\u00a0\u00bb\u00a0\u00bb]<\/p>\n<p class=\"p1\"><b>2009<\/b><\/p>\n<p><\/p>\n<p class=\"p1\">Inauguration\u00a0<span class=\"s1\">d\u2019une<\/span>\u00a0<b>nouvelle usine \u00e0 Vallmoll<\/b>\u00a0dot\u00e9e d\u2019une technologie de pointe et de deux types de production : presse et extrusion.<\/p>\n<p>[\/vc_column_text][vc_empty_space height=\u00a0\u00bb12px\u00a0\u00bb][vc_empty_space el_class=\u00a0\u00bbmobile\u00a0\u00bb][\/vc_column_inner][vc_column_inner width=\u00a0\u00bb1\/4&Prime;][vc_single_image image=\u00a0\u00bb26344&Prime; img_size=\u00a0\u00bb363&#215;310&Prime; css=\u00a0\u00bb.vc_custom_1724436532811{border-top-width: 1px !important;border-right-width: 1px !important;border-bottom-width: 1px !important;border-left-width: 1px !important;border-left-style: solid !important;border-right-style: solid !important;border-top-style: solid !important;border-bottom-style: solid !important;border-color: #bfbfbf !important;}\u00a0\u00bb css_animation=\u00a0\u00bbfadeIn\u00a0\u00bb][vc_empty_space height=\u00a0\u00bb12px\u00a0\u00bb][vc_column_text css=\u00a0\u00bb\u00a0\u00bb]<strong>2012<\/strong><\/p>\n<p>Int\u00e9gration de la technologie num\u00e9rique \u00e0 la fabrication de tous les produits.[\/vc_column_text][vc_empty_space height=\u00a0\u00bb12px\u00a0\u00bb][vc_empty_space el_class=\u00a0\u00bbmobile\u00a0\u00bb][\/vc_column_inner][vc_column_inner width=\u00a0\u00bb1\/4&Prime;][vc_single_image image=\u00a0\u00bb26332&Prime; img_size=\u00a0\u00bb361&#215;310&Prime; css=\u00a0\u00bb.vc_custom_1724436577263{border-top-width: 1px !important;border-right-width: 1px !important;border-bottom-width: 1px !important;border-left-width: 1px !important;border-left-style: solid !important;border-right-style: solid !important;border-top-style: solid !important;border-bottom-style: solid !important;border-color: #bfbfbf !important;}\u00a0\u00bb css_animation=\u00a0\u00bbfadeIn\u00a0\u00bb][vc_empty_space height=\u00a0\u00bb12px\u00a0\u00bb][vc_column_text css=\u00a0\u00bb\u00a0\u00bb]<\/p>\n<p class=\"p1\"><b>2015<\/b><\/p>\n<p><\/p>\n<p class=\"p1\">Lancement du gr\u00e8s c\u00e9rame antibact\u00e9rien\u00a0<b>Biostop<\/b>.<b>\u00a0Prix d\u2019honneur des Prix BTA Innova 2015.<\/b><\/p>\n<p>[\/vc_column_text][vc_empty_space height=\u00a0\u00bb12px\u00a0\u00bb][vc_empty_space height=\u00a0\u00bb12px\u00a0\u00bb el_class=\u00a0\u00bbmobile\u00a0\u00bb][\/vc_column_inner][vc_column_inner width=\u00a0\u00bb1\/4&Prime;][vc_single_image image=\u00a0\u00bb26316&Prime; img_size=\u00a0\u00bb361&#215;310&Prime; css=\u00a0\u00bb.vc_custom_1724436601028{border-top-width: 1px !important;border-right-width: 1px !important;border-bottom-width: 1px !important;border-left-width: 1px !important;border-left-style: solid !important;border-right-style: solid !important;border-top-style: solid !important;border-bottom-style: solid !important;border-color: #bfbfbf !important;}\u00a0\u00bb css_animation=\u00a0\u00bbfadeIn\u00a0\u00bb][vc_empty_space height=\u00a0\u00bb12px\u00a0\u00bb][vc_column_text css=\u00a0\u00bb\u00a0\u00bb]<br \/>\n<strong>2016<\/strong><\/p>\n<p>Lancement des nouvelles margelles pour piscines \u00e0 d\u00e9bordement. Prix Architizer A+AWARDS 2016.<br \/>\n[\/vc_column_text][vc_empty_space height=\u00a0\u00bb12px\u00a0\u00bb][vc_empty_space height=\u00a0\u00bb12px\u00a0\u00bb el_class=\u00a0\u00bbmobile\u00a0\u00bb][\/vc_column_inner][\/vc_row_inner][vc_row_inner equal_height=\u00a0\u00bbyes\u00a0\u00bb gap=\u00a0\u00bb15&Prime; el_class=\u00a0\u00bbfila-full\u00a0\u00bb][vc_column_inner width=\u00a0\u00bb1\/4&Prime;][vc_single_image image=\u00a0\u00bb26334&Prime; img_size=\u00a0\u00bb361&#215;310&Prime; css=\u00a0\u00bb.vc_custom_1724436651978{border-top-width: 1px !important;border-right-width: 1px !important;border-bottom-width: 1px !important;border-left-width: 1px !important;border-left-style: solid !important;border-right-style: solid !important;border-top-style: solid !important;border-bottom-style: solid !important;border-color: #bfbfbf !important;}\u00a0\u00bb css_animation=\u00a0\u00bbfadeIn\u00a0\u00bb][vc_empty_space height=\u00a0\u00bb12px\u00a0\u00bb][vc_column_text css=\u00a0\u00bb\u00a0\u00bb]<\/p>\n<p class=\"p1\"><b>2018<\/b><\/p>\n<p><\/p>\n<p class=\"p1\">Lancement de la\u00a0<b>Solution pour les piscines Infinity<\/b>.<\/p>\n<p>[\/vc_column_text][vc_empty_space height=\u00a0\u00bb12px\u00a0\u00bb][vc_empty_space el_class=\u00a0\u00bbmobile\u00a0\u00bb][\/vc_column_inner][vc_column_inner width=\u00a0\u00bb1\/4&Prime;][vc_single_image image=\u00a0\u00bb26336&Prime; img_size=\u00a0\u00bb363&#215;310&Prime; css=\u00a0\u00bb.vc_custom_1724436683333{border-top-width: 1px !important;border-right-width: 1px !important;border-bottom-width: 1px !important;border-left-width: 1px !important;border-left-style: solid !important;border-right-style: solid !important;border-top-style: solid !important;border-bottom-style: solid !important;border-color: #bfbfbf !important;}\u00a0\u00bb css_animation=\u00a0\u00bbfadeIn\u00a0\u00bb][vc_empty_space height=\u00a0\u00bb12px\u00a0\u00bb][vc_column_text css=\u00a0\u00bb\u00a0\u00bb]<\/p>\n<p class=\"p1\"><b>2019<\/b><\/p>\n<p><\/p>\n<p class=\"p1\">Pr\u00e9sentation de deux nouveaux syst\u00e8mes de construction pour les piscines \u00e0 d\u00e9bordement\u00a0: le\u00a0<b>Syst\u00e8me Smart<\/b>\u00a0et le\u00a0<b>Syst\u00e8me Slim<\/b>.<\/p>\n<p>[\/vc_column_text][vc_empty_space height=\u00a0\u00bb12px\u00a0\u00bb][vc_empty_space el_class=\u00a0\u00bbmobile\u00a0\u00bb][\/vc_column_inner][vc_column_inner width=\u00a0\u00bb1\/4&Prime;][vc_single_image image=\u00a0\u00bb26338&Prime; img_size=\u00a0\u00bb361&#215;310&Prime; css=\u00a0\u00bb.vc_custom_1724436709407{border-top-width: 1px !important;border-right-width: 1px !important;border-bottom-width: 1px !important;border-left-width: 1px !important;border-left-style: solid !important;border-right-style: solid !important;border-top-style: solid !important;border-bottom-style: solid !important;border-color: #bfbfbf !important;}\u00a0\u00bb css_animation=\u00a0\u00bbfadeIn\u00a0\u00bb][vc_empty_space height=\u00a0\u00bb12px\u00a0\u00bb][vc_column_text css=\u00a0\u00bb\u00a0\u00bb]<\/p>\n<p class=\"p1\"><b>2020<\/b><\/p>\n<p><\/p>\n<p class=\"p1\">Nouveau\u00a0<b>Syst\u00e8me \u00e0 d\u00e9bordement Zen\u00a0<\/b>pour les piscines sur\u00e9lev\u00e9es.<\/p>\n<p><\/p>\n<p class=\"p1\">Rosa Gres remporte le prix\u00a0<b>EUSA Award 2019<\/b>\u00a0de la meilleure piscine priv\u00e9e ext\u00e9rieure en Europe<\/p>\n<p>[\/vc_column_text][vc_empty_space height=\u00a0\u00bb12px\u00a0\u00bb][vc_empty_space height=\u00a0\u00bb12px\u00a0\u00bb el_class=\u00a0\u00bbmobile\u00a0\u00bb][\/vc_column_inner][vc_column_inner width=\u00a0\u00bb1\/4&Prime;][vc_single_image image=\u00a0\u00bb44229&Prime; img_size=\u00a0\u00bb361&#215;310&Prime; alignment=\u00a0\u00bbcenter\u00a0\u00bb css=\u00a0\u00bb.vc_custom_1763028151352{border-top-width: 1px !important;border-right-width: 1px !important;border-bottom-width: 1px !important;border-left-width: 1px !important;border-left-style: solid !important;border-right-style: solid !important;border-top-style: solid !important;border-bottom-style: solid !important;border-color: #bfbfbf !important;}\u00a0\u00bb css_animation=\u00a0\u00bbfadeIn\u00a0\u00bb][vc_empty_space height=\u00a0\u00bb12px\u00a0\u00bb][vc_column_text css=\u00a0\u00bb\u00a0\u00bb]<\/p>\n<p class=\"p1\"><b>2024<\/b><\/p>\n<p>Nous f\u00eatons nos 65 ans !<br \/>\n[\/vc_column_text][vc_empty_space height=\u00a0\u00bb12px\u00a0\u00bb][vc_empty_space height=\u00a0\u00bb12px\u00a0\u00bb el_class=\u00a0\u00bbmobile\u00a0\u00bb][\/vc_column_inner][\/vc_row_inner][\/vc_column][\/vc_row]<\/p>\n<\/div>","protected":false},"excerpt":{"rendered":"<p>[vc_row css=\u00a0\u00bb.vc_custom_1763027921941{margin-bottom: 0px !important;}\u00a0\u00bb][vc_column][\/vc_column][\/vc_row][vc_row full_width=\u00a0\u00bbstretch_row\u00a0\u00bb css=\u00a0\u00bb.vc_custom_1724525455246{padding-top: 21px !important;padding-bottom: 21px !important;}\u00a0\u00bb el_class=\u00a0\u00bbfila-full\u00a0\u00bb][vc_column css=\u00a0\u00bb.vc_custom_1763027532053{padding-right: 0px !important;padding-left: 0px !important;}\u00a0\u00bb][vc_row_inner gap=\u00a0\u00bb15&Prime; css=\u00a0\u00bb.vc_custom_1763027848453{margin-bottom: 0px !important;padding-right:&#8230;<\/p>\n","protected":false},"author":1,"featured_media":26322,"parent":0,"menu_order":0,"comment_status":"closed","ping_status":"closed","template":"","meta":{"footnotes":""},"class_list":["post-35273","page","type-page","status-publish","has-post-thumbnail"],"_links":{"self":[{"href":"https:\/\/rosagres.com\/fr\/wp-json\/wp\/v2\/pages\/35273","targetHints":{"allow":["GET"]}}],"collection":[{"href":"https:\/\/rosagres.com\/fr\/wp-json\/wp\/v2\/pages"}],"about":[{"href":"https:\/\/rosagres.com\/fr\/wp-json\/wp\/v2\/types\/page"}],"author":[{"embeddable":true,"href":"https:\/\/rosagres.com\/fr\/wp-json\/wp\/v2\/users\/1"}],"replies":[{"embeddable":true,"href":"https:\/\/rosagres.com\/fr\/wp-json\/wp\/v2\/comments?post=35273"}],"version-history":[{"count":0,"href":"https:\/\/rosagres.com\/fr\/wp-json\/wp\/v2\/pages\/35273\/revisions"}],"wp:featuredmedia":[{"embeddable":true,"href":"https:\/\/rosagres.com\/fr\/wp-json\/wp\/v2\/media\/26322"}],"wp:attachment":[{"href":"https:\/\/rosagres.com\/fr\/wp-json\/wp\/v2\/media?parent=35273"}],"curies":[{"name":"wp","href":"https:\/\/api.w.org\/{rel}","templated":true}]}}