{"id":35287,"date":"2024-08-23T21:14:18","date_gmt":"2024-08-23T19:14:18","guid":{"rendered":"https:\/\/rosagres.com\/nous\/"},"modified":"2025-02-13T18:09:56","modified_gmt":"2025-02-13T17:09:56","slug":"nous","status":"publish","type":"page","link":"https:\/\/rosagres.com\/fr\/nous\/","title":{"rendered":"Nous"},"content":{"rendered":"<div class=\"wpb-content-wrapper\"><p>[vc_row][vc_column]<style>.thegem-te-post-breadcrumbs.thegem-custom-69d776a32b7f67834 .post-breadcrumbs {justify-content: left; text-align: left;}.thegem-te-post-breadcrumbs.thegem-custom-69d776a32b7f67834 .post-breadcrumbs ul {justify-content: left; text-align: left;}<\/style><div class=\"thegem-te-post-breadcrumbs thegem-custom-69d776a32b7f67834\"> <div class=\"post-breadcrumbs\"><ul><li><a href=\"https:\/\/rosagres.com\/fr\/\">Accueil<\/a><\/li><\/ul><!-- .breadcrumbs --><\/div> <\/div>[\/vc_column][\/vc_row][vc_row][vc_column width=\u00a0\u00bb1\/2&Prime;][vc_gallery type=\u00a0\u00bbflexslider_slide\u00a0\u00bb interval=\u00a0\u00bb3&Prime; images=\u00a0\u00bb26352,26354,26356,26358,26360&Prime; img_size=\u00a0\u00bbfull\u00a0\u00bb onclick=\u00a0\u00bb\u00a0\u00bb css=\u00a0\u00bb\u00a0\u00bb][\/vc_column][vc_column width=\u00a0\u00bb1\/2&Prime;][vc_column_text css=\u00a0\u00bb\u00a0\u00bb]Forte d\u2019une exp\u00e9rience de plus de 180 ans, Rosa Gres est une entreprise familiale participant \u00e0 des projets dans plus de 70 pays. Le groupe emploie \u00e0 ce jour plus de 100 professionnels du secteur.<\/p>\n<p>Son attrait pour la c\u00e9ramique, l\u2019innovation et la sp\u00e9cialisation lui permettent aujourd\u2019hui d\u2019occuper la premi\u00e8re place en mati\u00e8re de conception et de fabrication de sols en gr\u00e8s c\u00e9rame.<\/p>\n<p>Rosa Gres collabore r\u00e9guli\u00e8rement avec les architectes et professionnels pour cr\u00e9er des solutions fonctionnelles \u00e0 forte valeur ajout\u00e9e. L\u2019entreprise a su fournir un travail de recherche et d\u00e9veloppement constant tout au long de son parcours.<\/p>\n<p>Pour Rosa Gres, la transmission de sa culture d\u2019entreprise va bien au-del\u00e0 du produit. Ses mots-cl\u00e9s : \u00e9quipe, collaboration, transparence, effort, engagement. Ses clients savent qu\u2019ils peuvent compter sur une \u00e9quipe qui les accompagne sur le projet de bout en bout.[\/vc_column_text][\/vc_column][\/vc_row]<\/p>\n<\/div>","protected":false},"excerpt":{"rendered":"<p>[vc_row][vc_column][\/vc_column][\/vc_row][vc_row][vc_column width=\u00a0\u00bb1\/2&Prime;][vc_gallery type=\u00a0\u00bbflexslider_slide\u00a0\u00bb interval=\u00a0\u00bb3&Prime; images=\u00a0\u00bb26352,26354,26356,26358,26360&Prime; img_size=\u00a0\u00bbfull\u00a0\u00bb onclick=\u00a0\u00bb\u00a0\u00bb css=\u00a0\u00bb\u00a0\u00bb][\/vc_column][vc_column width=\u00a0\u00bb1\/2&Prime;][vc_column_text css=\u00a0\u00bb\u00a0\u00bb]Forte d\u2019une exp\u00e9rience de plus de 180 ans, Rosa Gres est&#8230;<\/p>\n","protected":false},"author":1,"featured_media":26354,"parent":0,"menu_order":0,"comment_status":"closed","ping_status":"closed","template":"","meta":{"footnotes":""},"class_list":["post-35287","page","type-page","status-publish","has-post-thumbnail"],"_links":{"self":[{"href":"https:\/\/rosagres.com\/fr\/wp-json\/wp\/v2\/pages\/35287","targetHints":{"allow":["GET"]}}],"collection":[{"href":"https:\/\/rosagres.com\/fr\/wp-json\/wp\/v2\/pages"}],"about":[{"href":"https:\/\/rosagres.com\/fr\/wp-json\/wp\/v2\/types\/page"}],"author":[{"embeddable":true,"href":"https:\/\/rosagres.com\/fr\/wp-json\/wp\/v2\/users\/1"}],"replies":[{"embeddable":true,"href":"https:\/\/rosagres.com\/fr\/wp-json\/wp\/v2\/comments?post=35287"}],"version-history":[{"count":0,"href":"https:\/\/rosagres.com\/fr\/wp-json\/wp\/v2\/pages\/35287\/revisions"}],"wp:featuredmedia":[{"embeddable":true,"href":"https:\/\/rosagres.com\/fr\/wp-json\/wp\/v2\/media\/26354"}],"wp:attachment":[{"href":"https:\/\/rosagres.com\/fr\/wp-json\/wp\/v2\/media?parent=35287"}],"curies":[{"name":"wp","href":"https:\/\/api.w.org\/{rel}","templated":true}]}}