{"id":35311,"date":"2024-08-24T20:14:58","date_gmt":"2024-08-24T18:14:58","guid":{"rendered":"https:\/\/rosagres.com\/durabilite\/"},"modified":"2025-02-13T18:34:15","modified_gmt":"2025-02-13T17:34:15","slug":"durabilite","status":"publish","type":"page","link":"https:\/\/rosagres.com\/fr\/durabilite\/","title":{"rendered":"Durabilit\u00e9"},"content":{"rendered":"<div class=\"wpb-content-wrapper\"><p>[vc_row][vc_column]<style>.thegem-te-post-breadcrumbs.thegem-custom-69d5bb2875b984833 .post-breadcrumbs {justify-content: left; text-align: left;}.thegem-te-post-breadcrumbs.thegem-custom-69d5bb2875b984833 .post-breadcrumbs ul {justify-content: left; text-align: left;}<\/style><div class=\"thegem-te-post-breadcrumbs thegem-custom-69d5bb2875b984833\"> <div class=\"post-breadcrumbs\"><ul><li><a href=\"https:\/\/rosagres.com\/fr\/\">Accueil<\/a><\/li><\/ul><!-- .breadcrumbs --><\/div> <\/div>[\/vc_column][\/vc_row][vc_row css=\u00a0\u00bb.vc_custom_1724522748763{padding-right: 0px !important;padding-left: 0px !important;}\u00a0\u00bb][vc_column]<div class=\"gem-vimeo gem-wrapbox gem-wrapbox-style-no-style rounded-corners gem-wrapbox-position-below\" style=\"width: 100%;\"><div class=\"gem-wrapbox-inner gem-ratio-style\" style=\"padding-top: 56.25%\"><iframe webkitallowfullscreen=\"true\" mozallowfullscreen=\"true\" allowfullscreen=\"true\" class=\"gem-wrapbox-element img-responsive\" frameborder=\"0\" scrolling=\"no\" marginheight=\"0\" marginwidth=\"0\" src=\"\/\/player.vimeo.com\/video\/181803031?title=0&amp;byline=0&amp;portrait=0 \"><\/iframe><\/div><\/div>[\/vc_column][\/vc_row][vc_row full_width=\u00a0\u00bbstretch_row\u00a0\u00bb gap=\u00a0\u00bb15&Prime; css=\u00a0\u00bb.vc_custom_1724522966305{padding-bottom: 21px !important;background-color: #f9f9fa !important;}\u00a0\u00bb][vc_column][vc_row_inner equal_height=\u00a0\u00bbyes\u00a0\u00bb][vc_column_inner width=\u00a0\u00bb1\/3&Prime;][vc_column_text css=\u00a0\u00bb\u00a0\u00bb]<\/p>\n<h3>Durabilit\u00e9 Rosa Gres : le Projet \u00ab Zero \u00bb<\/h3>\n<p>[\/vc_column_text][vc_single_image image=\u00a0\u00bb26390&Prime; img_size=\u00a0\u00bb363&#215;310&Prime; css=\u00a0\u00bb\u00a0\u00bb][vc_empty_space height=\u00a0\u00bb12px\u00a0\u00bb][vc_column_text css=\u00a0\u00bb\u00a0\u00bb]Depuis 2010, le Projet \u00ab Zero \u00bb refl\u00e8te l\u2019engagement de Rosa Gres en faveur de la durabilit\u00e9 environnementale, partie int\u00e9grante de notre philosophie RSE. Les id\u00e9es porteuses du Projet \u00ab Zero \u00bb sont :<\/p>\n<p>Assurer une am\u00e9lioration continue, de mani\u00e8re transversale, au sein de toute l\u2019entreprise, conscients du futur \u00e0 court et \u00e0 long terme.<\/p>\n<p>Produire de mani\u00e8re efficace et contr\u00f4l\u00e9e afin de r\u00e9duire la consommation des ressources naturelles.<\/p>\n<p>Ne g\u00e9n\u00e9rer aucun d\u00e9chet au cours du processus de production : s\u00e9parer, r\u00e9utiliser, valoriser.<\/p>\n<p>Anticiper et contr\u00f4ler l\u2019impact environnemental du produit Rosa Gres une fois fini : son transfert depuis l\u2019usine, sa dur\u00e9e de vie et son recyclage en fin de vie.<\/p>\n<p><a href=\"https:\/\/rosagres.com\/upload\/catalogos\/catalogo-rosa-gres-ZEROPROJECT-EN.pdf\" target=\"_blank\" rel=\"noopener noreferrer\"><strong><u>T\u00e9l\u00e9charger le Projet \u00ab Zero \u00bb<\/u><\/strong><\/a>[\/vc_column_text][vc_empty_space height=\u00a0\u00bb12px\u00a0\u00bb][vc_empty_space el_class=\u00a0\u00bbmobile\u00a0\u00bb][\/vc_column_inner][vc_column_inner width=\u00a0\u00bb1\/3&Prime;][vc_column_text css=\u00a0\u00bb\u00a0\u00bb]<\/p>\n<h2>Gestion de l\u2019eau : nous r\u00e9utilisons \u00e0 100 % l\u2019eau du processus de production<\/h2>\n<p>[\/vc_column_text][vc_empty_space height=\u00a0\u00bb12px\u00a0\u00bb el_class=\u00a0\u00bbno-mobile\u00a0\u00bb][vc_empty_space height=\u00a0\u00bb12px\u00a0\u00bb el_class=\u00a0\u00bbno-mobile\u00a0\u00bb][vc_empty_space height=\u00a0\u00bb12px\u00a0\u00bb el_class=\u00a0\u00bbno-mobile\u00a0\u00bb][vc_empty_space height=\u00a0\u00bb12px\u00a0\u00bb]<div class=\"gem-vimeo gem-wrapbox gem-wrapbox-style-no-style rounded-corners gem-wrapbox-position-below\" style=\"width: 100%;\"><div class=\"gem-wrapbox-inner gem-ratio-style\" style=\"padding-top: 56.25%\"><iframe webkitallowfullscreen=\"true\" mozallowfullscreen=\"true\" allowfullscreen=\"true\" class=\"gem-wrapbox-element img-responsive\" frameborder=\"0\" scrolling=\"no\" marginheight=\"0\" marginwidth=\"0\" src=\"\/\/player.vimeo.com\/video\/43803910?title=0&amp;byline=0&amp;portrait=0 \"><\/iframe><\/div><\/div>[vc_empty_space height=\u00a0\u00bb12px\u00a0\u00bb][vc_empty_space height=\u00a0\u00bb12px\u00a0\u00bb el_class=\u00a0\u00bbno-mobile\u00a0\u00bb][vc_empty_space height=\u00a0\u00bb12px\u00a0\u00bb el_class=\u00a0\u00bbno-mobile\u00a0\u00bb][vc_column_text css=\u00a0\u00bb\u00a0\u00bb]Gr\u00e2ce \u00e0 la station d\u2019\u00e9puration,\u00a0<strong>nous r\u00e9utilisons \u00e0 100 % l\u2019eau du processus de production<\/strong>. Nous avons con\u00e7u un circuit complet, ferm\u00e9, et pleinement durable, qui fonctionne en 3 \u00e9tapes principales :<\/p>\n<ol>\n<li>S\u00e9paration de l\u2019eau et de la boue par le biais d\u2019un traitement physique et chimique.\/li&gt;<\/li>\n<li>R\u00e9introduction de la boue dans la p\u00e2te c\u00e9ramique.<\/li>\n<li>R\u00e9utilisation \u00e0 100 % de l\u2019eau propre et \u00e9pur\u00e9e dans le processus de production<\/li>\n<\/ol>\n<p>Ce syst\u00e8me nous permet d\u2019\u00e9conomiser 11 000 m3 d\u2019eau chaque ann\u00e9e, soit l\u2019\u00e9quivalent de 730 piscines remplies par an.[\/vc_column_text][vc_empty_space height=\u00a0\u00bb12px\u00a0\u00bb][vc_empty_space el_class=\u00a0\u00bbmobile\u00a0\u00bb][\/vc_column_inner][vc_column_inner width=\u00a0\u00bb1\/3&Prime;][vc_column_text css=\u00a0\u00bb\u00a0\u00bb]<\/p>\n<h2>Contr\u00f4le des ressources \u00e9nerg\u00e9tiques et naturelles<\/h2>\n<p>[\/vc_column_text][vc_single_image image=\u00a0\u00bb26362&Prime; img_size=\u00a0\u00bb361&#215;310&Prime; css=\u00a0\u00bb\u00a0\u00bb][vc_empty_space height=\u00a0\u00bb12px\u00a0\u00bb][vc_column_text css=\u00a0\u00bb\u00a0\u00bb]Nous utilisons un syst\u00e8me de contr\u00f4le en ligne afin de g\u00e9rer la consommation des ressources \u00e9nerg\u00e9tiques, d\u2019eau, et les \u00e9missions de CO2. Parmi les avanc\u00e9es importantes, notons :<\/p>\n<p>&gt; Baisse de 22 % des \u00e9missions de CO\u00a0<sub>2\u00a0<\/sub>.<\/p>\n<p>&gt; Baisse de 20 % de la consommation \u00e9nerg\u00e9tique g\u00e9n\u00e9rale.<\/p>\n<p>&gt; Baisse de 26 % de la consommation de gaz naturel.<\/p>\n<p>Nous contr\u00f4lons l\u2019origine des ressources \u00e9nerg\u00e9tiques n\u00e9cessaires au processus de production et l\u2019optimisons de mani\u00e8re durable.<\/p>\n<p>100 % de notre \u00e9nergie \u00e9lectrique provient de sources renouvelables. Notre production d\u2019eau chaude est issue de l\u2019\u00e9nergie solaire.[\/vc_column_text][vc_empty_space height=\u00a0\u00bb12px\u00a0\u00bb][vc_empty_space height=\u00a0\u00bb12px\u00a0\u00bb el_class=\u00a0\u00bbmobile\u00a0\u00bb][\/vc_column_inner][\/vc_row_inner][vc_row_inner][vc_column_inner width=\u00a0\u00bb1\/3&Prime;][vc_column_text css=\u00a0\u00bb\u00a0\u00bb]<\/p>\n<h2>Programme de recyclage exhaustif<\/h2>\n<p>[\/vc_column_text][vc_gallery interval=\u00a0\u00bb0&Prime; images=\u00a0\u00bb26392,26394,26396&Prime; img_size=\u00a0\u00bbfull\u00a0\u00bb css=\u00a0\u00bb\u00a0\u00bb][vc_empty_space height=\u00a0\u00bb12px\u00a0\u00bb][vc_column_text css=\u00a0\u00bb\u00a0\u00bb]Notre programme de recyclage s\u2019applique dans le cycle complet de production de la c\u00e9ramique.<\/p>\n<ul>\n<li>Nous recyclons l\u2019int\u00e9gralit\u00e9 des d\u00e9bris issus du processus de production.<\/li>\n<li>Nous broyons les d\u00e9bris secs dans un broyeur pr\u00e9vu \u00e0 cet effet (Gruber), puis nous r\u00e9introduisons les mat\u00e9riaux broy\u00e9s dans la p\u00e2te. De cette mani\u00e8re, nous \u00e9liminons les d\u00e9chets tout en \u00e9vitant leur transport.<\/li>\n<\/ul>\n<p>Nous r\u00e9utilisons les d\u00e9bris cuits pour les transformer en sous-couche de routes ou en mati\u00e8re premi\u00e8re c\u00e9ramique.[\/vc_column_text][vc_empty_space height=\u00a0\u00bb12px\u00a0\u00bb][vc_empty_space el_class=\u00a0\u00bbmobile\u00a0\u00bb][\/vc_column_inner][vc_column_inner width=\u00a0\u00bb1\/3&Prime;][vc_column_text css=\u00a0\u00bb\u00a0\u00bb]<\/p>\n<h2>Gestion des d\u00e9chets : 100 % r\u00e9utilisables<\/h2>\n<p>[\/vc_column_text][vc_gallery interval=\u00a0\u00bb0&Prime; images=\u00a0\u00bb26374,26376,26378&Prime; img_size=\u00a0\u00bbfull\u00a0\u00bb css=\u00a0\u00bb\u00a0\u00bb][vc_empty_space height=\u00a0\u00bb12px\u00a0\u00bb][vc_column_text css=\u00a0\u00bb\u00a0\u00bb]<\/p>\n<ul>\n<li>Notre usine de Vallmoll dispose de 30 points de contr\u00f4le et de collecte de d\u00e9chets parfaitement identifi\u00e9s.<\/li>\n<li>Chaque d\u00e9chet est s\u00e9par\u00e9 et collect\u00e9 de mani\u00e8re sp\u00e9cifique.<\/li>\n<li>Nous disposons de 24 classifications de d\u00e9chets distinctes.<\/li>\n<\/ul>\n<p>Nous r\u00e9utilisons tous les d\u00e9chets par le biais d\u2019entreprises homologu\u00e9es, afin de les transformer en sous-produits.[\/vc_column_text][vc_empty_space height=\u00a0\u00bb12px\u00a0\u00bb][vc_empty_space el_class=\u00a0\u00bbmobile\u00a0\u00bb][\/vc_column_inner][vc_column_inner width=\u00a0\u00bb1\/3&Prime;][vc_column_text css=\u00a0\u00bb\u00a0\u00bb]<\/p>\n<h2>Rosa Gres a particip\u00e9 \u00e0 la conception du syst\u00e8me DAPc\u00ae<\/h2>\n<p>[\/vc_column_text][vc_gallery interval=\u00a0\u00bb0&Prime; images=\u00a0\u00bb26366,26364&Prime; img_size=\u00a0\u00bbfull\u00a0\u00bb css=\u00a0\u00bb\u00a0\u00bb][vc_empty_space height=\u00a0\u00bb12px\u00a0\u00bb][vc_column_text css=\u00a0\u00bb\u00a0\u00bb]Nous participons au comit\u00e9 de conception du syst\u00e8me DAPc\u00ae (d\u00e9claration environnementale des produits de construction) pour la c\u00e9ramique, premier \u00e9colabel de type III cr\u00e9\u00e9 en Europe. Le projet a permis d\u2019analyser les 4 \u00e9tapes du cycle de vie de la c\u00e9ramique. Il s\u2019agissait avant tout d\u2019une exp\u00e9rience unique et innovante.<\/p>\n<p>Le projet a \u00e9t\u00e9 men\u00e9 en collaboration avec le Grupo de Investigaci\u00f3n de Gesti\u00f3n Ambiental (Giga \u2013 groupe de recherche sur la gestion de l\u2019environnement) de l\u2019\u00c9cole sup\u00e9rieure de Commerce international (UPF, Barcelone), et l\u2019Institut de Technologie c\u00e9ramique (ITC), de l\u2019Universit\u00e9 Jacques-Ier de Castell\u00f3n.<\/p>\n<p>L\u2019\u00e9colabel DAPc\u00ae est en vigueur en Europe depuis 2009 et tous les produits Rosa Gres sont certifi\u00e9s DAPc\u00ae.<\/p>\n<p><a href=\"https:\/\/csostenible.net\/dapcons?locale=en\" target=\"_blank\" rel=\"noopener noreferrer\"><u>En savoir plus sur DAPc\u00ae<\/u><\/a>[\/vc_column_text][vc_empty_space height=\u00a0\u00bb12px\u00a0\u00bb][vc_empty_space height=\u00a0\u00bb12px\u00a0\u00bb el_class=\u00a0\u00bbmobile\u00a0\u00bb][\/vc_column_inner][\/vc_row_inner][vc_row_inner][vc_column_inner width=\u00a0\u00bb1\/3&Prime;][vc_column_text css=\u00a0\u00bb\u00a0\u00bb]<\/p>\n<h2>Notre mode de travail est bas\u00e9 sur l\u2019\u00e9co-conception<\/h2>\n<p>[\/vc_column_text][vc_gallery interval=\u00a0\u00bb0&Prime; images=\u00a0\u00bb26370,26372,26368&Prime; img_size=\u00a0\u00bbfull\u00a0\u00bb css=\u00a0\u00bb\u00a0\u00bb][vc_empty_space height=\u00a0\u00bb12px\u00a0\u00bb][vc_column_text css=\u00a0\u00bb\u00a0\u00bb]Lorsque nous d\u00e9veloppons un produit, nous analysons son impact \u00e9ventuel sur l\u2019environnement tout au long de son cycle de vie, et le r\u00e9duisons au strict minimum. Nous \u00e9tudions et \u0153uvrons \u00e0 chaque \u00e9tape du processus :<\/p>\n<ul>\n<li><strong>Conception<\/strong>. S\u00e9lection et analyse des mati\u00e8res premi\u00e8res, teintes et \u00e9maux. Nous \u00e9vitons les mat\u00e9riaux contenant des m\u00e9taux lourds.<\/li>\n<li><strong>Gestion des achats<\/strong>. Nous nous basons sur la philosophie du \u00ab z\u00e9ro kilom\u00e8tre \u00bb pour d\u00e9terminer nos sites d\u2019achat, et r\u00e9duire ainsi les besoins li\u00e9s au transport et \u00e9missions atmosph\u00e9riques s\u2019y rapportant. Nous contr\u00f4lons la gestion environnementale de nos fournisseurs.<\/li>\n<li><strong>Fabrication<\/strong>. Emballage en papier recycl\u00e9 (sans papier blanc).<\/li>\n<\/ul>\n<p>Transport final, utilisation, entretien et d\u00e9construction.[\/vc_column_text][vc_empty_space height=\u00a0\u00bb12px\u00a0\u00bb][vc_empty_space el_class=\u00a0\u00bbmobile\u00a0\u00bb][\/vc_column_inner][vc_column_inner width=\u00a0\u00bb1\/3&Prime;][vc_column_text css=\u00a0\u00bb\u00a0\u00bb]<\/p>\n<h2>L\u2019usine: construite de mani\u00e8re durable<\/h2>\n<p>[\/vc_column_text][vc_gallery interval=\u00a0\u00bb0&Prime; images=\u00a0\u00bb26382,26380,26384,26386,26388&Prime; img_size=\u00a0\u00bbfull\u00a0\u00bb css=\u00a0\u00bb\u00a0\u00bb][vc_empty_space height=\u00a0\u00bb12px\u00a0\u00bb][vc_column_text css=\u00a0\u00bb\u00a0\u00bb]L\u2019usine Rosa Gres de Vallmoll a \u00e9t\u00e9 \u00e9rig\u00e9e selon les principes de construction durable. Ses installations sont consid\u00e9r\u00e9es comme \u00e9tant \u00e0 faibles \u00e9missions de CO<sub>2<\/sub>\u00a0(IBE).<\/p>\n<p>La ventilation de l\u2019usine s\u2019effectue de mani\u00e8re naturelle. La temp\u00e9rature reste stable tout au long de l\u2019ann\u00e9e. Pour obtenir ce r\u00e9sultat, les concepteurs ont install\u00e9 un syst\u00e8me de panneaux mobiles, dispos\u00e9s sur les parois lat\u00e9rales des murs.<\/p>\n<p>Le toit forme une structure compos\u00e9e de lucarnes qui laissent passer la lumi\u00e8re du soleil. Ce syst\u00e8me permet d\u2019\u00e9conomiser de l\u2019\u00e9nergie le tout, dans un cadre confortable.<\/p>\n<p>L\u2019usine s\u2019\u00e9tend sur une superficie totale de 32 000 m\u00b2. Nous nous d\u00e9pla\u00e7ons \u00e0 v\u00e9lo sur l\u2019ensemble du site.<\/p>\n<p>Le groupe Rosa Gres s\u2019est fix\u00e9 comme objectif d\u2019am\u00e9liorer les conditions de travail de ses employ\u00e9s et ce, de mani\u00e8re continue.[\/vc_column_text][vc_empty_space height=\u00a0\u00bb12px\u00a0\u00bb][vc_empty_space el_class=\u00a0\u00bbmobile\u00a0\u00bb][\/vc_column_inner][vc_column_inner width=\u00a0\u00bb1\/3&Prime;][\/vc_column_inner][\/vc_row_inner][\/vc_column][\/vc_row]<\/p>\n<\/div>","protected":false},"excerpt":{"rendered":"<p>[vc_row][vc_column][\/vc_column][\/vc_row][vc_row css=\u00a0\u00bb.vc_custom_1724522748763{padding-right: 0px !important;padding-left: 0px !important;}\u00a0\u00bb][vc_column][\/vc_column][\/vc_row][vc_row full_width=\u00a0\u00bbstretch_row\u00a0\u00bb gap=\u00a0\u00bb15&Prime; css=\u00a0\u00bb.vc_custom_1724522966305{padding-bottom: 21px !important;background-color: #f9f9fa !important;}\u00a0\u00bb][vc_column][vc_row_inner equal_height=\u00a0\u00bbyes\u00a0\u00bb][vc_column_inner width=\u00a0\u00bb1\/3&Prime;][vc_column_text css=\u00a0\u00bb\u00a0\u00bb] Durabilit\u00e9 Rosa Gres :&#8230;<\/p>\n","protected":false},"author":1,"featured_media":26390,"parent":0,"menu_order":0,"comment_status":"closed","ping_status":"closed","template":"","meta":{"footnotes":""},"class_list":["post-35311","page","type-page","status-publish","has-post-thumbnail"],"_links":{"self":[{"href":"https:\/\/rosagres.com\/fr\/wp-json\/wp\/v2\/pages\/35311","targetHints":{"allow":["GET"]}}],"collection":[{"href":"https:\/\/rosagres.com\/fr\/wp-json\/wp\/v2\/pages"}],"about":[{"href":"https:\/\/rosagres.com\/fr\/wp-json\/wp\/v2\/types\/page"}],"author":[{"embeddable":true,"href":"https:\/\/rosagres.com\/fr\/wp-json\/wp\/v2\/users\/1"}],"replies":[{"embeddable":true,"href":"https:\/\/rosagres.com\/fr\/wp-json\/wp\/v2\/comments?post=35311"}],"version-history":[{"count":0,"href":"https:\/\/rosagres.com\/fr\/wp-json\/wp\/v2\/pages\/35311\/revisions"}],"wp:featuredmedia":[{"embeddable":true,"href":"https:\/\/rosagres.com\/fr\/wp-json\/wp\/v2\/media\/26390"}],"wp:attachment":[{"href":"https:\/\/rosagres.com\/fr\/wp-json\/wp\/v2\/media?parent=35311"}],"curies":[{"name":"wp","href":"https:\/\/api.w.org\/{rel}","templated":true}]}}