{"id":35571,"date":"2024-08-21T17:16:02","date_gmt":"2024-08-21T15:16:02","guid":{"rendered":"https:\/\/rosagres.com\/sander-cornelius-laudy-hotel-vichy-catalan\/"},"modified":"2025-02-18T15:27:32","modified_gmt":"2025-02-18T14:27:32","slug":"sander-cornelius-laudy-hotel-vichy-catalan","status":"publish","type":"page","link":"https:\/\/rosagres.com\/fr\/architecture\/sander-cornelius-laudy-hotel-vichy-catalan\/","title":{"rendered":"SANDER CORNELIUS LAUDY &#8211; HOTEL VICHY CATAL\u00c1N"},"content":{"rendered":"<div class=\"wpb-content-wrapper\"><p>[vc_row][vc_column]<style>.thegem-te-post-breadcrumbs.thegem-custom-6a03e839be2e36120 .post-breadcrumbs {justify-content: left; text-align: left;}.thegem-te-post-breadcrumbs.thegem-custom-6a03e839be2e36120 .post-breadcrumbs ul {justify-content: left; text-align: left;}<\/style><div class=\"thegem-te-post-breadcrumbs thegem-custom-6a03e839be2e36120\"> <div class=\"post-breadcrumbs\"><ul><li><a href=\"https:\/\/rosagres.com\/fr\/\">Accueil<\/a><\/li><\/ul><!-- .breadcrumbs --><\/div> <\/div>[\/vc_column][\/vc_row][vc_row equal_height=\u00a0\u00bbyes\u00a0\u00bb css=\u00a0\u00bb.vc_custom_1724245113031{margin-bottom: 0px !important;}\u00a0\u00bb el_class=\u00a0\u00bbno-gutter\u00a0\u00bb][vc_column width=\u00a0\u00bb1\/2&Prime; css=\u00a0\u00bb.vc_custom_1724242878225{padding-top: 30px !important;padding-bottom: 50px !important;background-color: #f8f8f8 !important;}\u00a0\u00bb][vc_column_text css=\u00a0\u00bb.vc_custom_1724252385478{padding-top: 10px !important;padding-right: 40px !important;padding-bottom: 10px !important;padding-left: 40px !important;}\u00a0\u00bb]<\/p>\n<h2><a href=\"https:\/\/www.hotelbalnearivichycatalan.com\/es\/\" target=\"_blank\" rel=\"noopener\">HOTEL VICHY CATAL\u00c1N<\/a><br \/>\nCALDES DE MALAVELLA,<br \/>\nGIRONA, ESPAGNE<\/h2>\n<p>ARCHITECTE<br \/>\n<strong>SANDER CORNELIUS LAUDY<br \/>\n<a href=\"https:\/\/www.b01arquitectes.com\/?lang=es\" target=\"_blank\" rel=\"noopener\"><u>BO1 ARQUITECTES<\/u><\/a><br \/>\n<\/strong><\/p>\n<p>TRAVAIL<br \/>\n<strong>LA PISCINE ET LES TERRASSES<\/strong><\/p>\n<p>ROSE GRES COLORS<br \/>\n<strong>MISTERY SAND \u2013 LA PISCINE ET LES TERRASSES<\/strong>[\/vc_column_text][vc_empty_space height=\u00a0\u00bb12px\u00a0\u00bb el_class=\u00a0\u00bbmobile\u00a0\u00bb][vc_single_image image=\u00a0\u00bb35565&Prime; img_size=\u00a0\u00bbfull\u00a0\u00bb css=\u00a0\u00bb\u00a0\u00bb el_class=\u00a0\u00bbmobile\u00a0\u00bb][\/vc_column][vc_column width=\u00a0\u00bb1\/2&Prime; css=\u00a0\u00bb.vc_custom_1739820485147{background-image: url(https:\/\/rosagres.com\/wp-content\/uploads\/2025\/02\/rosa-gres-arquitectura-vichy-catalan-sander-laudy-1.webp?id=35563) !important;}\u00a0\u00bb offset=\u00a0\u00bbvc_hidden-sm vc_hidden-xs\u00a0\u00bb][vc_empty_space height=\u00a0\u00bb470px\u00a0\u00bb][\/vc_column][\/vc_row][vc_row equal_height=\u00a0\u00bbyes\u00a0\u00bb content_placement=\u00a0\u00bbtop\u00a0\u00bb el_class=\u00a0\u00bbno-gutter\u00a0\u00bb][vc_column width=\u00a0\u00bb1\/2&Prime; css=\u00a0\u00bb.vc_custom_1724242933729{padding-top: 15px !important;background-color: #f1eee9 !important;}\u00a0\u00bb][vc_custom_heading text=\u00a0\u00bb\u00ab\u2026Il faut construire d\u2019abord pour satisfaire des besoins et ensuite pour g\u00e9n\u00e9rer des revenus\u2026\u00bb\u00a0\u00bb font_container=\u00a0\u00bbtag:p|font_size:50px|text_align:left|color:%2376a6b4|line_height:58px\u00a0\u00bb google_fonts=\u00a0\u00bbfont_family:Alice%3Aregular|font_style:400%20regular%3A400%3Anormal\u00a0\u00bb css=\u00a0\u00bb.vc_custom_1724252900146{padding-top: 10px !important;padding-right: 40px !important;padding-bottom: 10px !important;padding-left: 40px !important;}\u00a0\u00bb el_class=\u00a0\u00bbfuente-arquitectura arquitectura-medio-2 azul\u00a0\u00bb][\/vc_column][vc_column width=\u00a0\u00bb1\/2&Prime; css=\u00a0\u00bb.vc_custom_1724242963342{background-color: #666666 !important;}\u00a0\u00bb el_class=\u00a0\u00bbbg-top-left\u00a0\u00bb][vc_column_text css=\u00a0\u00bb.vc_custom_1724252428892{padding-top: 15px !important;padding-right: 40px !important;padding-bottom: 40px !important;padding-left: 40px !important;}\u00a0\u00bb]<\/p>\n<h3>L\u2019ARCHITECTURE DANS UN SI\u00c8CLE SERA<\/h3>\n<p>Je suis optimiste en ce qui concerne l\u2019esp\u00e8ce humaine : dans un si\u00e8cle, la population mondiale aura cess\u00e9 de cro\u00eetre et, en fait, elle est d\u00e9j\u00e0 en train de diminuer. D\u00e8s lors, les architectes s\u2019occuperont principalement de la r\u00e9habilitation. Tous les b\u00e2timents int\u00e9greront la v\u00e9g\u00e9tation et la production d\u2019\u00e9nergie, tandis que les mat\u00e9riaux utilis\u00e9s auront une empreinte \u00e9cologique si faible que les \u00e9cosyst\u00e8mes de la plan\u00e8te seront en mesure d\u2019absorber l\u2019impact de la construction.<\/p>\n<h3>LE PROJET DE VOS R\u00caVES<\/h3>\n<p>La r\u00e9habilitation d\u2019un b\u00e2timent obsol\u00e8te, en le convertissant en un b\u00e2timent multifonctionnel dans un point strat\u00e9gique de la ville. Dans ce cas, le projet aurait un impact positif sur son environnement.<\/p>\n<h3>L\u2019 ME D\u2019UN PROJET POUR VOUS EST<\/h3>\n<p>Voir ce que le lieu a \u00e9t\u00e9 et ce qu\u2019il peut \u00eatre.<\/p>\n<h3>QUE CHANGERIEZ-VOUS DANS LE MONDE DE LA CONSTRUCTION ?<\/h3>\n<p>Le fait que beaucoup d\u2019entreprises du secteur n\u00e9gligent le fait que la construction a une finalit\u00e9 sociale et un impact \u00e9cologique. Il faut construire d\u2019abord pour satisfaire des besoins et ensuite pour g\u00e9n\u00e9rer des revenus. Et il faut r\u00e9duire l\u2019impact \u00e9cologique des projets, m\u00eame si cela implique des co\u00fbts plus \u00e9lev\u00e9s \u00e0 court terme.<\/p>\n<h3>CE QUE VOUS NE CHANGERIEZ JAMAIS<\/h3>\n<p>Le plaisir que nous pouvons ressentir lorsque nous sommes dans une maison, en entendant les gens discuter dans la rue, en sentant la brise, en regardant \u00e0 travers les arbres les b\u00e2timents o\u00f9 vivent nos voisins.<br \/>\n[\/vc_column_text][\/vc_column][\/vc_row][vc_row css=\u00a0\u00bb.vc_custom_1725399882105{padding-right: 0px !important;padding-left: 0px !important;}\u00a0\u00bb][vc_column css=\u00a0\u00bb.vc_custom_1724249892146{padding-right: 0px !important;padding-left: 0px !important;}\u00a0\u00bb][vc_single_image image=\u00a0\u00bb35535&Prime; img_size=\u00a0\u00bb1183&#215;790&Prime; css=\u00a0\u00bb\u00a0\u00bb el_class=\u00a0\u00bbaumenta-1180&Prime;][\/vc_column][\/vc_row][vc_row css=\u00a0\u00bb.vc_custom_1725399887333{padding-right: 0px !important;padding-left: 0px !important;}\u00a0\u00bb][vc_column css=\u00a0\u00bb.vc_custom_1724249892146{padding-right: 0px !important;padding-left: 0px !important;}\u00a0\u00bb][vc_single_image image=\u00a0\u00bb35538&Prime; img_size=\u00a0\u00bb1183&#215;790&Prime; css=\u00a0\u00bb\u00a0\u00bb el_class=\u00a0\u00bbaumenta-1180&Prime;][\/vc_column][\/vc_row][vc_row equal_height=\u00a0\u00bbyes\u00a0\u00bb css=\u00a0\u00bb.vc_custom_1724245919115{margin-bottom: 0px !important;}\u00a0\u00bb el_class=\u00a0\u00bbno-gutter\u00a0\u00bb][vc_column width=\u00a0\u00bb1\/2&Prime; css=\u00a0\u00bb.vc_custom_1724245770568{padding-top: 25px !important;padding-bottom: 50px !important;}\u00a0\u00bb][vc_empty_space height=\u00a0\u00bb22px\u00a0\u00bb][vc_column_text css=\u00a0\u00bb.vc_custom_1724252513799{padding-right: 40px !important;padding-bottom: 10px !important;padding-left: 40px !important;}\u00a0\u00bb]<\/p>\n<h3 class=\"azul\">LE CONCEPT CR\u00c9ATIF DE CETTE \u0152UVRE. UNE D\u00c9FINITION DU STYLE.<\/h3>\n<p>Maximiser l\u2019impact sain de la nature.<\/p>\n<h3 class=\"azul\">LES POINTS LES PLUS IMPORTANTS DE CE PROJET<\/h3>\n<p>Le parc, combin\u00e9 au fait que le chauffage de la piscine est exclusivement bas\u00e9 sur les \u00e9nergies renouvelables.<br \/>\n[\/vc_column_text][vc_empty_space height=\u00a0\u00bb12px\u00a0\u00bb el_class=\u00a0\u00bbmobile\u00a0\u00bb][vc_single_image image=\u00a0\u00bb35541&Prime; img_size=\u00a0\u00bbfull\u00a0\u00bb css=\u00a0\u00bb.vc_custom_1739820600580{padding-bottom: 0px !important;}\u00a0\u00bb el_class=\u00a0\u00bbmobile\u00a0\u00bb][\/vc_column][vc_column width=\u00a0\u00bb1\/2&Prime; background_position_desktop=\u00a0\u00bbcenter bottom\u00a0\u00bb css=\u00a0\u00bb.vc_custom_1739820593045{background-image: url(https:\/\/rosagres.com\/wp-content\/uploads\/2025\/02\/rosa-gres-arquitectura-vichy-catalan-03.webp?id=35539) !important;background-position: center !important;background-repeat: no-repeat !important;background-size: cover !important;}\u00a0\u00bb offset=\u00a0\u00bbvc_hidden-sm vc_hidden-xs\u00a0\u00bb][\/vc_column][\/vc_row][vc_row equal_height=\u00a0\u00bbyes\u00a0\u00bb el_class=\u00a0\u00bbno-gutter\u00a0\u00bb css=\u00a0\u00bb.vc_custom_1724245892314{margin-bottom: 0px !important;}\u00a0\u00bb][vc_column width=\u00a0\u00bb1\/2&Prime; background_position_desktop=\u00a0\u00bbcenter bottom\u00a0\u00bb css=\u00a0\u00bb.vc_custom_1739820614412{background-image: url(https:\/\/rosagres.com\/wp-content\/uploads\/2025\/02\/rosa-gres-arquitectura-vichy-catalan-04.webp?id=35542) !important;background-position: center !important;background-repeat: no-repeat !important;background-size: cover !important;}\u00a0\u00bb offset=\u00a0\u00bbvc_hidden-sm vc_hidden-xs\u00a0\u00bb][\/vc_column][vc_column width=\u00a0\u00bb1\/2&Prime; css=\u00a0\u00bb.vc_custom_1724244681035{padding-top: 25px !important;padding-bottom: 50px !important;}\u00a0\u00bb][vc_empty_space height=\u00a0\u00bb22px\u00a0\u00bb el_class=\u00a0\u00bbno-mobile\u00a0\u00bb][vc_column_text css=\u00a0\u00bb.vc_custom_1724252570856{padding-right: 40px !important;padding-bottom: 10px !important;padding-left: 40px !important;}\u00a0\u00bb el_class=\u00a0\u00bbno-gutter\u00a0\u00bb]<\/p>\n<h3 class=\"azul\">PAYSAGE, ENVIRONNEMENT ET DESIGN, COMMENT S\u2019ARTICULENT-ILS ?<\/h3>\n<p>Nous sommes partis d\u2019une situation tr\u00e8s favorable, pour \u00eatre honn\u00eate, et je pense que la dilution de la fronti\u00e8re entre le b\u00e2ti et la pierre d\u2019une part, et l\u2019herbe et les pins d\u2019autre part, a chang\u00e9 la sensation de nager dans cette piscine.<\/p>\n<h3 class=\"azul\">COMMENT CHOISISSEZ-VOUS LES COULEURS ?<\/h3>\n<p>En fonction de l\u2019environnement, absolument.<br \/>\n[\/vc_column_text][vc_empty_space height=\u00a0\u00bb12px\u00a0\u00bb el_class=\u00a0\u00bbmobile\u00a0\u00bb][vc_single_image image=\u00a0\u00bb35544&Prime; img_size=\u00a0\u00bbfull\u00a0\u00bb css=\u00a0\u00bb\u00a0\u00bb el_class=\u00a0\u00bbmobile\u00a0\u00bb][\/vc_column][\/vc_row][vc_row equal_height=\u00a0\u00bbyes\u00a0\u00bb css=\u00a0\u00bb.vc_custom_1724245919115{margin-bottom: 0px !important;}\u00a0\u00bb el_class=\u00a0\u00bbno-gutter\u00a0\u00bb][vc_column width=\u00a0\u00bb1\/2&Prime; css=\u00a0\u00bb.vc_custom_1724245770568{padding-top: 25px !important;padding-bottom: 50px !important;}\u00a0\u00bb][vc_empty_space height=\u00a0\u00bb22px\u00a0\u00bb][vc_column_text css=\u00a0\u00bb.vc_custom_1724252606236{padding-right: 40px !important;padding-bottom: 10px !important;padding-left: 40px !important;}\u00a0\u00bb]<\/p>\n<h3 class=\"azul\">QUELS SONT LES D\u00c9FIS QUE VOUS AVEZ D\u00db RELEVER DANS LE CADRE DE CE PROJET ?<\/h3>\n<p>Une r\u00e9glementation sur le recyclage de l\u2019eau qui a \u00e9t\u00e9 r\u00e9dig\u00e9e en tenant compte de toutes les r\u00e9sidences secondaires de la commune. Nous avons \u00e9t\u00e9 oblig\u00e9s de construire un r\u00e9servoir d\u2019eau en b\u00e9ton, mais nous avons pu le d\u00e9tourner et faire en sorte que l\u2019eau de pluie s\u2019accumule dans certains canaux du jardin, qui ont fini par fonctionner comme des r\u00e9servoirs \u00e0 partir desquels l\u2019eau p\u00e9n\u00e8tre dans le sous-sol. Et le d\u00e9lai de livraison des travaux (3 mois), mais ce sont des choses plus banales.<br \/>\n[\/vc_column_text][vc_empty_space height=\u00a0\u00bb12px\u00a0\u00bb el_class=\u00a0\u00bbmobile\u00a0\u00bb][vc_single_image image=\u00a0\u00bb35547&Prime; img_size=\u00a0\u00bbfull\u00a0\u00bb css=\u00a0\u00bb.vc_custom_1739820644127{padding-bottom: 0px !important;}\u00a0\u00bb el_class=\u00a0\u00bbmobile\u00a0\u00bb][\/vc_column][vc_column width=\u00a0\u00bb1\/2&Prime; background_position_desktop=\u00a0\u00bbcenter bottom\u00a0\u00bb css=\u00a0\u00bb.vc_custom_1739820637054{background-image: url(https:\/\/rosagres.com\/wp-content\/uploads\/2025\/02\/rosa-gres-arquitectura-vichy-catalan-05.webp?id=35545) !important;background-position: center !important;background-repeat: no-repeat !important;background-size: cover !important;}\u00a0\u00bb offset=\u00a0\u00bbvc_hidden-sm vc_hidden-xs\u00a0\u00bb][\/vc_column][\/vc_row][vc_row equal_height=\u00a0\u00bbyes\u00a0\u00bb el_class=\u00a0\u00bbno-gutter\u00a0\u00bb css=\u00a0\u00bb.vc_custom_1724245892314{margin-bottom: 0px !important;}\u00a0\u00bb][vc_column width=\u00a0\u00bb1\/2&Prime; background_position_desktop=\u00a0\u00bbcenter bottom\u00a0\u00bb css=\u00a0\u00bb.vc_custom_1739820660870{background-image: url(https:\/\/rosagres.com\/wp-content\/uploads\/2025\/02\/rosa-gres-arquitectura-vichy-catalan-06.webp?id=35548) !important;background-position: center !important;background-repeat: no-repeat !important;background-size: cover !important;}\u00a0\u00bb offset=\u00a0\u00bbvc_hidden-sm vc_hidden-xs\u00a0\u00bb][\/vc_column][vc_column width=\u00a0\u00bb1\/2&Prime; css=\u00a0\u00bb.vc_custom_1724244681035{padding-top: 25px !important;padding-bottom: 50px !important;}\u00a0\u00bb][vc_empty_space height=\u00a0\u00bb22px\u00a0\u00bb el_class=\u00a0\u00bbno-mobile\u00a0\u00bb][vc_column_text css=\u00a0\u00bb.vc_custom_1724252644513{padding-right: 40px !important;padding-bottom: 10px !important;padding-left: 40px !important;}\u00a0\u00bb el_class=\u00a0\u00bbno-gutter\u00a0\u00bb]<\/p>\n<h3 class=\"azul\">QUELS SONT LES D\u00c9FIS QUE VOUS RENCONTREZ LORS DE LA CONCEPTION D\u2019UNE PISCINE THERMALE ?<\/h3>\n<p>Tout d\u2019abord se connecter \u00e0 l\u2019esprit de bien-\u00eatre, mais dans ce cas pr\u00e9cis il fallait aussi soigner la relation avec le b\u00e2timent patrimonial, sur lequel il faut se positionner avec une certaine modestie.<br \/>\n[\/vc_column_text][vc_empty_space height=\u00a0\u00bb12px\u00a0\u00bb el_class=\u00a0\u00bbmobile\u00a0\u00bb][vc_single_image image=\u00a0\u00bb35550&Prime; img_size=\u00a0\u00bbfull\u00a0\u00bb css=\u00a0\u00bb\u00a0\u00bb el_class=\u00a0\u00bbmobile\u00a0\u00bb][\/vc_column][\/vc_row][vc_row equal_height=\u00a0\u00bbyes\u00a0\u00bb css=\u00a0\u00bb.vc_custom_1724245919115{margin-bottom: 0px !important;}\u00a0\u00bb el_class=\u00a0\u00bbno-gutter\u00a0\u00bb][vc_column width=\u00a0\u00bb1\/2&Prime; css=\u00a0\u00bb.vc_custom_1724245770568{padding-top: 25px !important;padding-bottom: 50px !important;}\u00a0\u00bb][vc_empty_space height=\u00a0\u00bb22px\u00a0\u00bb][vc_column_text css=\u00a0\u00bb.vc_custom_1724252693983{padding-right: 40px !important;padding-bottom: 10px !important;padding-left: 40px !important;}\u00a0\u00bb]<\/p>\n<h3 class=\"azul\">QUELS SONT LES \u00c9L\u00c9MENTS\/CONCEPTS QUE VOUS AVIEZ EN T\u00caTE LORS DE LA CONCEPTION DE LA PISCINE ?<\/h3>\n<p>Relation avec la v\u00e9g\u00e9tation, les \u00e9nergies renouvelables, le cycle de l\u2019eau et les mat\u00e9riaux durables, essentiellement.<br \/>\n[\/vc_column_text][vc_empty_space height=\u00a0\u00bb12px\u00a0\u00bb el_class=\u00a0\u00bbmobile\u00a0\u00bb][vc_single_image image=\u00a0\u00bb35553&Prime; img_size=\u00a0\u00bbfull\u00a0\u00bb css=\u00a0\u00bb.vc_custom_1739820689207{padding-bottom: 0px !important;}\u00a0\u00bb el_class=\u00a0\u00bbmobile\u00a0\u00bb][\/vc_column][vc_column width=\u00a0\u00bb1\/2&Prime; background_position_desktop=\u00a0\u00bbcenter bottom\u00a0\u00bb css=\u00a0\u00bb.vc_custom_1739820683221{background-image: url(https:\/\/rosagres.com\/wp-content\/uploads\/2025\/02\/rosa-gres-arquitectura-vichy-catalan-07.webp?id=35551) !important;background-position: center !important;background-repeat: no-repeat !important;background-size: cover !important;}\u00a0\u00bb offset=\u00a0\u00bbvc_hidden-sm vc_hidden-xs\u00a0\u00bb][\/vc_column][\/vc_row][vc_row css=\u00a0\u00bb.vc_custom_1724253163719{margin-bottom: 0px !important;background-color: #f8f8f8 !important;}\u00a0\u00bb el_class=\u00a0\u00bbno-gutter\u00a0\u00bb][vc_column][vc_custom_heading text=\u00a0\u00bb\u00ab \u2026la dilution de la fronti\u00e8re entre le b\u00e2ti et la pierre d\u2019une part, et l\u2019herbe et les pins d\u2019autre part, a chang\u00e9 la sensation de nager dans cette piscine\u2026\u00bb\u00a0\u00bb font_container=\u00a0\u00bbtag:p|font_size:38px|text_align:center|color:%235b6e74|line_height:45px\u00a0\u00bb google_fonts=\u00a0\u00bbfont_family:Alice%3Aregular|font_style:400%20regular%3A400%3Anormal\u00a0\u00bb css=\u00a0\u00bb.vc_custom_1724252757317{padding-top: 10px !important;padding-right: 40px !important;padding-bottom: 10px !important;padding-left: 40px !important;}\u00a0\u00bb el_class=\u00a0\u00bbfuente-arquitectura arquitectura-medio-2&Prime;][\/vc_column][\/vc_row][vc_row css=\u00a0\u00bb.vc_custom_1724253305485{margin-bottom: 0px !important;padding-right: 0px !important;padding-left: 0px !important;}\u00a0\u00bb][vc_column css=\u00a0\u00bb.vc_custom_1724253159300{padding-top: 0px !important;padding-right: 0px !important;padding-left: 0px !important;}\u00a0\u00bb][vc_single_image image=\u00a0\u00bb35556&Prime; img_size=\u00a0\u00bb1183&#215;790&Prime; css=\u00a0\u00bb.vc_custom_1739820704958{padding-top: 0px !important;}\u00a0\u00bb el_class=\u00a0\u00bbaumenta-1180&Prime;][\/vc_column][\/vc_row][vc_row css=\u00a0\u00bb.vc_custom_1724253319818{padding-top: 14px !important;padding-right: 0px !important;padding-bottom: 14px !important;padding-left: 0px !important;}\u00a0\u00bb][vc_column width=\u00a0\u00bb1\/2&Prime; css=\u00a0\u00bb.vc_custom_1724253264475{padding-right: 8px !important;padding-left: 0px !important;}\u00a0\u00bb][vc_single_image image=\u00a0\u00bb35559&Prime; img_size=\u00a0\u00bbfull\u00a0\u00bb css=\u00a0\u00bb.vc_custom_1739820719794{padding-right: 0px !important;padding-left: 0px !important;}\u00a0\u00bb][\/vc_column][vc_column width=\u00a0\u00bb1\/2&Prime; css=\u00a0\u00bb.vc_custom_1724253258595{padding-right: 0px !important;padding-left: 8px !important;}\u00a0\u00bb][vc_single_image image=\u00a0\u00bb35562&Prime; img_size=\u00a0\u00bbfull\u00a0\u00bb css=\u00a0\u00bb.vc_custom_1739820734517{padding-right: 0px !important;padding-left: 0px !important;}\u00a0\u00bb][\/vc_column][\/vc_row]<\/p>\n<\/div>","protected":false},"excerpt":{"rendered":"<p>[vc_row][vc_column][\/vc_column][\/vc_row][vc_row equal_height=\u00a0\u00bbyes\u00a0\u00bb css=\u00a0\u00bb.vc_custom_1724245113031{margin-bottom: 0px !important;}\u00a0\u00bb el_class=\u00a0\u00bbno-gutter\u00a0\u00bb][vc_column width=\u00a0\u00bb1\/2&Prime; css=\u00a0\u00bb.vc_custom_1724242878225{padding-top: 30px !important;padding-bottom: 50px !important;background-color: #f8f8f8 !important;}\u00a0\u00bb][vc_column_text css=\u00a0\u00bb.vc_custom_1724252385478{padding-top: 10px !important;padding-right: 40px !important;padding-bottom: 10px&#8230;<\/p>\n","protected":false},"author":1,"featured_media":35565,"parent":35847,"menu_order":0,"comment_status":"closed","ping_status":"closed","template":"","meta":{"footnotes":""},"class_list":["post-35571","page","type-page","status-publish","has-post-thumbnail"],"_links":{"self":[{"href":"https:\/\/rosagres.com\/fr\/wp-json\/wp\/v2\/pages\/35571","targetHints":{"allow":["GET"]}}],"collection":[{"href":"https:\/\/rosagres.com\/fr\/wp-json\/wp\/v2\/pages"}],"about":[{"href":"https:\/\/rosagres.com\/fr\/wp-json\/wp\/v2\/types\/page"}],"author":[{"embeddable":true,"href":"https:\/\/rosagres.com\/fr\/wp-json\/wp\/v2\/users\/1"}],"replies":[{"embeddable":true,"href":"https:\/\/rosagres.com\/fr\/wp-json\/wp\/v2\/comments?post=35571"}],"version-history":[{"count":0,"href":"https:\/\/rosagres.com\/fr\/wp-json\/wp\/v2\/pages\/35571\/revisions"}],"up":[{"embeddable":true,"href":"https:\/\/rosagres.com\/fr\/wp-json\/wp\/v2\/pages\/35847"}],"wp:featuredmedia":[{"embeddable":true,"href":"https:\/\/rosagres.com\/fr\/wp-json\/wp\/v2\/media\/35565"}],"wp:attachment":[{"href":"https:\/\/rosagres.com\/fr\/wp-json\/wp\/v2\/media?parent=35571"}],"curies":[{"name":"wp","href":"https:\/\/api.w.org\/{rel}","templated":true}]}}