{"id":35972,"date":"2025-02-18T18:22:28","date_gmt":"2025-02-18T17:22:28","guid":{"rendered":"https:\/\/rosagres.com\/avis-legal\/"},"modified":"2025-02-18T18:24:23","modified_gmt":"2025-02-18T17:24:23","slug":"avis-legal","status":"publish","type":"page","link":"https:\/\/rosagres.com\/fr\/avis-legal\/","title":{"rendered":"Avis L\u00e9gal"},"content":{"rendered":"<div class=\"wpb-content-wrapper\"><p>[vc_row][vc_column]<style>.thegem-te-post-breadcrumbs.thegem-custom-69d228038ee165773 .post-breadcrumbs {justify-content: left; text-align: left;}.thegem-te-post-breadcrumbs.thegem-custom-69d228038ee165773 .post-breadcrumbs ul {justify-content: left; text-align: left;}<\/style><div class=\"thegem-te-post-breadcrumbs thegem-custom-69d228038ee165773\"> <div class=\"post-breadcrumbs\"><ul><li><a href=\"https:\/\/rosagres.com\/fr\/\">Accueil<\/a><\/li><\/ul><!-- .breadcrumbs --><\/div> <\/div>[\/vc_column][\/vc_row][vc_row][vc_column][vc_column_text css=\u00a0\u00bb\u00a0\u00bb]<\/p>\n<div class=\"row margin-20\">\n<div class=\"col-sm-offset-1 col-sm-10 text-center\">\n<h2>AVIS L\u00c9GAL ET CONDITIONS D\u2019UTILISATION<\/h2>\n<\/div>\n<\/div>\n<div class=\"row margin-20\">\n<div class=\"col-sm-offset-1 col-sm-10\">\n<p>Le pr\u00e9sent Avis l\u00e9gal et Conditions d\u2019utilisation (ci-apr\u00e8s d\u00e9nomm\u00e9 \u00ab\u00a0l\u2019<strong>Avis l\u00e9gal<\/strong>\u00a0\u00bb) r\u00e9gissent l\u2019acc\u00e8s et l\u2019utilisation du site web accessible via le nom de domaine\u00a0<a href=\"https:\/\/www.rosagres.com\/\" target=\"_blank\">www.rosagres.com<\/a>\u00a0et ses sous-domaines (ci-apr\u00e8s d\u00e9nomm\u00e9 \u00ab\u00a0le\u00a0<strong>Site Web<\/strong>\u00a0\u00bb).<\/p>\n<p>L\u2019acc\u00e8s simple au Site Web attribue \u00e0 celui qui y acc\u00e8de la condition d\u2019Utilisateur du Site Web (ci-apr\u00e8s d\u00e9nomm\u00e9 \u00ab\u00a0l\u2019<strong>Utilisateur<\/strong>\u00a0\u00bb) et implique l\u2019acceptation de tous les termes compris dans cet Avis l\u00e9gal. En cas de d\u00e9saccord avec cet Avis l\u00e9gal, l\u2019Utilisateur doit imm\u00e9diatement quitter le Site Web sans l\u2019utiliser.<\/p>\n<p>En acceptant le pr\u00e9sent Avis l\u00e9gal, l\u2019Utilisateur d\u00e9clare\u00a0:<\/p>\n<ol>\n<li>Avoir lu, compris et accept\u00e9 les dispositions expos\u00e9es ci-apr\u00e8s.<\/li>\n<li>Assumer les obligations contract\u00e9es par le pr\u00e9sent.<\/li>\n<\/ol>\n<p>L\u2019Utilisateur doit lire attentivement le pr\u00e9sent Avis l\u00e9gal d\u00e8s qu\u2019il acc\u00e8de au Site Web, car celui-ci et l\u2019Avis l\u00e9gal peuvent \u00eatre assujetis \u00e0 des modifications.<\/p>\n<p>Le titulaire du Site Web se r\u00e9serve la facult\u00e9 de r\u00e9aliser, \u00e0 tout moment et sans avertissement pr\u00e9alable, une modification ou actualisation des contenus et services du pr\u00e9sent Avis l\u00e9gal et, de mani\u00e8re g\u00e9n\u00e9rale, de tous les \u00e9l\u00e9ments faisant partie de la conception et de la configuration du Site Web.<\/p>\n<ol>\n<li><strong>Informations g\u00e9n\u00e9rales du Site Web<\/strong><\/li>\n<\/ol>\n<p>Conform\u00e9ment aux dispositions de l\u2019article\u00a010 de la Loi\u00a034\/2002 du 11\u00a0juillet relative aux services de la soci\u00e9t\u00e9 de l\u2019information et du commerce \u00e9lectronique, figurent ci-dessous les informations g\u00e9n\u00e9rales du Site Web\u00a0:<\/p>\n<ul>\n<li><strong>Titulaire\u00a0:\u00a0<\/strong>ROSA GRES, S.L.U. (ci-apr\u00e8s d\u00e9nomm\u00e9e \u00ab\u00a0ROSA GRES\u00a0\u00bb).<\/li>\n<li><strong>Adresse\u00a0:<\/strong>\u00a0Carretera de Sant Cugat, km\u00a03, 08290 Cerdanyola del Vall\u00e8s, Barcelona.<\/li>\n<li><strong>CIF\u00a0:<\/strong>\u00a0B-65571101<\/li>\n<li><strong>E-mail\u00a0:\u00a0<\/strong><a href=\"mailto:info@rosagres.com\" target=\"_blank\">infopd@a-csn.com<\/a><\/li>\n<li><strong>T\u00e9l\u00e9phone\u00a0:\u00a0<\/strong>935\u00a086\u00a030\u00a060<\/li>\n<li><strong>Donn\u00e9es d\u2019immatriculation\u00a0:\u00a0<\/strong>Registre du Commerce de Barcelone, volume 42670, feuille 165, page B413774, inscription 1\u00aa<\/li>\n<\/ul>\n<ol start=\"2\">\n<li><strong>Conditions d\u2019utilisation<\/strong><\/li>\n<\/ol>\n<p><strong>2.1. Acc\u00e8s au Site Web<\/strong><\/p>\n<p>L\u2019acc\u00e8s \u00e0 ce Site Web est gratuit, \u00e0 l\u2019exception du co\u00fbt de la connexion via le r\u00e9seau de t\u00e9l\u00e9communications fourni par le fournisseur d\u2019acc\u00e8s contract\u00e9 par l\u2019Utilisateur.<\/p>\n<p><strong>2.2. R\u00e8gles d\u2019utilisation du Site Web<\/strong><\/p>\n<p>L\u2019Utilisateur s\u2019engage \u00e0 utiliser le Site Web et tout son contenu et services conform\u00e9ment \u00e0 la loi, la morale, l\u2019ordre public et avec ce que stipule le pr\u00e9sent Avis l\u00e9gal. Il s\u2019engage \u00e9galement \u00e0 utiliser de mani\u00e8re appropri\u00e9e les services et\/ou contenus du Site Web et \u00e0 ne pas les utiliser pour exercer des activit\u00e9s illicites ou constitutives d\u2019un d\u00e9lit, qui porteraient atteinte aux droits de tiers et\/ou qui enfreindraient la r\u00e8glementation sur la propri\u00e9t\u00e9 intellectuelle et industrielle ou toute autre r\u00e8gle du syst\u00e8me juridique applicable.<\/p>\n<p>L\u2019Utilisateur s\u2019engage \u00e0 ne pas transmettre, introduire, diffuser ou mettre \u00e0 disposition de tiers tout type de mat\u00e9riel et information (donn\u00e9es, contenus, messages, dessins, fichiers audio et images, photographies, logiciels, etc.) qui sont contraires \u00e0 la loi, la morale, l\u2019ordre public et au pr\u00e9sent Avis l\u00e9gal. \u00c0 titre indicatif, y compris mais de fa\u00e7on non limitative, l\u2019Utilisateur s\u2019engage \u00e0\u00a0:<\/p>\n<ol>\n<li>\u2014\u00a0Ne pas introduire ou diffuser de contenus ou de la propagande \u00e0 caract\u00e8re raciste, x\u00e9nophobe, pornographique, faisant l\u2019apologie du terrorisme ou portant atteinte aux droits de l\u2019homme.<\/li>\n<li>\u2014\u00a0Ne pas introduire ou diffuser sur le r\u00e9seau des programmes de donn\u00e9es (virus et logiciels nuisibles) susceptibles d\u2019endommager les syst\u00e8mes informatiques du fournisseur d\u2019acc\u00e8s, de ses fournisseurs ou des tiers usagers du r\u00e9seau Internet.<\/li>\n<\/ol>\n<p>III. \u2014\u00a0Ne pas diffuser, transmettre ou mettre \u00e0 la disposition de tiers tout type d\u2019informations, \u00e9l\u00e9ments et contenus qui portent atteinte aux droits fondamentaux et aux libert\u00e9s publiques reconnus par la Constitution et dans les trait\u00e9s internationaux.<\/p>\n<ol>\n<li>\u2014\u00a0Ne pas diffuser, transmettre ou mettre \u00e0 la disposition de tiers tout type d\u2019informations, \u00e9l\u00e9ments ou contenus qui constituent une publicit\u00e9 illicite ou d\u00e9loyale.<\/li>\n<li>\u2014\u00a0Ne pas transmettre de publicit\u00e9 non demand\u00e9e ou autoris\u00e9e, mat\u00e9riel publicitaire, courrier d\u00e9chet, cha\u00eenes de lettres\u00a0,\u00a0structures pyramidales ou toute autre forme de sollicitation, hormis dans les zones (par exemple les espaces commerciaux) ayant \u00e9t\u00e9 exclusivement pr\u00e9vues \u00e0 cet effet.<\/li>\n<li>\u2014\u00a0Ne pas introduire ou diffuser tout type d\u2019informations et de contenus faux, ambigus ou inexacts pouvant induire en erreur les destinataires de l\u2019information.<\/li>\n<\/ol>\n<p>VII. \u2014\u00a0Ne pas diffuser, transmettre ou mettre \u00e0 la disposition de tiers tout type d\u2019informations, \u00e9l\u00e9ments ou contenus qui constituent une violation des droits de propri\u00e9t\u00e9 intellectuelle et industrielle, des brevets, des marques d\u00e9pos\u00e9es ou du copyright correspondant aux titulaires du Site Web ou \u00e0 des tiers.<\/p>\n<p>VIII. \u2014\u00a0Ne pas diffuser, transmettre ou mettre \u00e0 la disposition de tiers tout type d\u2019informations, \u00e9l\u00e9ments ou contenus qui constituent une violation du secret des correspondances et de la l\u00e9gislation relative aux donn\u00e9es \u00e0 caract\u00e8re personnel.<\/p>\n<p>L\u2019Utilisateur s\u2019engage \u00e0 d\u00e9gager ROSA\u00a0GRES de toute responsabilit\u00e9 concernant toute r\u00e9clamation, amende, condamnation ou sanction qui pourrait lui incomber \u00e0 la suite du non-respect par l\u2019Utilisateur des r\u00e8gles d\u2019utilisation indiqu\u00e9es ci-dessus. Par ailleurs, ROSA\u00a0GRES se r\u00e9serve le droit de demander r\u00e9paration pour les dommages et int\u00e9r\u00eats correspondants.<\/p>\n<p><strong>2.3. Exclusion de responsabilit\u00e9<\/strong><\/p>\n<p>ROSA\u00a0GRES\u00a0n\u2019assume aucune responsabilit\u00e9 concernant la mise \u00e0 jour de ce Site Web et ne garantit pas non plus que les informations publi\u00e9es soient pr\u00e9cises ou compl\u00e8tes. Par cons\u00e9quent, l\u2019Utilisateur doit confirmer que les informations publi\u00e9es sont pr\u00e9cises et compl\u00e8tes avant de prendre toute d\u00e9cision concernant les services ou contenus d\u00e9crits dans ce Site Web.<\/p>\n<p>L\u2019acc\u00e8s de l\u2019Utilisateur au Site Web n\u2019implique pas, pour ROSA\u00a0GRES, l\u2019obligation de contr\u00f4ler l\u2019absence de virus, de ver informatique ou de tout autre \u00e9l\u00e9ment informatique nuisible. Il appartient \u00e0 l\u2019Utilisateur, dans tous les cas, de se munir des outils appropri\u00e9s permettant de d\u00e9tecter et de d\u00e9sinfecter les programmes informatiques malveillants.<\/p>\n<p>ROSA\u00a0GRES\u00a0n\u2019assume aucune responsabilit\u00e9 pour les dommages caus\u00e9s au logiciel et aux \u00e9quipements informatiques des Utilisateurs ou de tiers au cours de l\u2019utilisation des services fournis par le Site Web.<\/p>\n<p>ROSA GRES n\u2019assume aucune responsabilit\u00e9 pour les dommages ou pr\u00e9judices de quelque nature que ce soit \u00e0 l\u2019Utilisateur pouvant r\u00e9sulter des pannes ou d\u00e9connexions dans le fonctionnement des r\u00e9seaux de t\u00e9l\u00e9communications qui produisent la suspension, l\u2019annulation ou l\u2019interruption du service du Site Web pendant ou avant son utilisation.<\/p>\n<p><strong>2.4. Contenus et services li\u00e9s au Site Web<\/strong><\/p>\n<p>Le service d\u2019acc\u00e8s au Site Web peut inclure des dispositifs techniques de liens, de r\u00e9pertoires et d\u2019outils de recherche permettant \u00e0 l\u2019Utilisateur d\u2019acc\u00e9der \u00e0 d\u2019autres pages et sites Internet (ci-apr\u00e8s d\u00e9nomm\u00e9s \u00ab\u00a0Sites Li\u00e9s\u00a0\u00bb). Dans ces cas-l\u00e0, ROSA\u00a0GRES ne sera responsable des contenus et services fournis par les Sites Li\u00e9s que dans la mesure o\u00f9, ayant connaissance effective de l\u2019ill\u00e9galit\u00e9 de ceux-l\u00e0, la d\u00e9connexion de l\u2019hyperlien avec le site en question ne se soit pas r\u00e9alis\u00e9e avec la diligence requise. Dans l\u2019hypoth\u00e8se o\u00f9 l\u2019Utilisateur consid\u00e8rerait qu\u2019il existe un Site Li\u00e9 pr\u00e9sentant des contenus illicites ou inappropri\u00e9s, il pourra informer ROSA\u00a0GRES de cette circomstance sans que cette communication comporte, en aucun cas, l\u2019obligation de supprimer l\u2019hyperlien correspondant.<\/p>\n<p>L\u2019existence de Sites Li\u00e9s ne doit, en aucun cas, pr\u00e9supposer l\u2019officialisation d\u2019accords avec les responsables ou titulaires de ceux-ci ni la recommandation, promotion ou identification de ROSA\u00a0GRES par le biais des \u00e9v\u00e9nements, contenus ou services fournis.<\/p>\n<p>ROSA\u00a0GRES ne conna\u00eet pas les contenus et services des Sites Li\u00e9s et, par cons\u00e9quent, n\u2019est pas responsable des dommages produits du fait de l\u2019ill\u00e9galit\u00e9, qualit\u00e9, obsolescence, indisponibilit\u00e9, erreur et inutilit\u00e9 des contenus et\/ou services des Sites Li\u00e9s, ni de tout autre dommage qui ne soit pas directement imputable \u00e0 ROSA\u00a0GRES.<\/p>\n<p><strong>2.5. Propri\u00e9t\u00e9 intellectuelle et industrielle<\/strong><\/p>\n<p>Tous les contenus du Site Web, \u00e9tant entendus comme tels, \u00e0 titre purement \u00e9nonciatif, les textes, photographies, graphiques, images, ic\u00f4nes, technologies, logiciels, liens et autres contenus audiovisuels ou sonores, ainsi que leur conception graphique et code source, sont de la propri\u00e9t\u00e9 intellectuelle de ROSA\u00a0GRES ou de tiers, sans que leurs droits d\u2019exploitation, reconnus par la l\u00e9gislation actuelle en vigueur en mati\u00e8re de propri\u00e9t\u00e9 intellectuelle sur ceux-ci, puissent \u00eatre c\u00e9d\u00e9s \u00e0 l\u2019Utilisateur.<\/p>\n<p>Las marcas, nombres comerciales o signos distintivos son titularidad de ROSA GRES\u00a0o terceros, sin que pueda entenderse que el acceso al Sitio Web atribuye alg\u00fan derecho sobre los mismos.<\/p>\n<p>Toutes les marques, noms commerciaux ou signes distinctifs sont de la propri\u00e9t\u00e9 de ROSA\u00a0GRES\u00a0ou de tiers, \u00e9tant bien entendu que l\u2019acc\u00e8s au Site Web n\u2019accorde \u00e0 l\u2019utilisateur aucun droit sur lesdites marques, noms commerciaux ou signes distinctifs.<\/p>\n<ol start=\"3\">\n<li><strong>Nullit\u00e9 ou inefficacit\u00e9 des clauses<\/strong><\/li>\n<\/ol>\n<p>Si une clause incluse dans le pr\u00e9sent Avis l\u00e9gal est d\u00e9clar\u00e9e, totalement ou partiellement, nulle ou inefficace, cette nullit\u00e9 ou inefficacit\u00e9 n\u2019affectera que cette clause ou la partie qui en r\u00e9sulterait nulle ou inefficace. Le reste du pr\u00e9sent Avis l\u00e9gal restera inalt\u00e9r\u00e9, et cette disposition ou la partie qui en r\u00e9sulterait affect\u00e9e \u00e9tant alors consid\u00e9r\u00e9e comme non incluse.<\/p>\n<ol start=\"4\">\n<li><strong>L\u00e9gislation applicable et juridiction comp\u00e9tente<\/strong><\/li>\n<\/ol>\n<p>Le pr\u00e9sent Avis l\u00e9gal sera r\u00e9gi et interpr\u00e9t\u00e9 conform\u00e9ment \u00e0 la l\u00e9gislation espagnole. ROSA\u00a0GRES\u00a0et l\u2019Utilisateur d\u00e9cident de soumettre tout diff\u00e9rend concernant la prestation de services faisant l\u2019objet du pr\u00e9sent Avis l\u00e9gal aux Tribunaux de la ville de Cerdanyola del Vall\u00e8s, Espagne, sauf stipulation contraire des lois en vigueur.<\/p>\n<\/div>\n<\/div>\n<p>[\/vc_column_text][\/vc_column][\/vc_row]<\/p>\n<\/div>","protected":false},"excerpt":{"rendered":"<p>[vc_row][vc_column][\/vc_column][\/vc_row][vc_row][vc_column][vc_column_text css=\u00a0\u00bb\u00a0\u00bb] AVIS L\u00c9GAL ET CONDITIONS D\u2019UTILISATION Le pr\u00e9sent Avis l\u00e9gal et Conditions d\u2019utilisation (ci-apr\u00e8s d\u00e9nomm\u00e9 \u00ab\u00a0l\u2019Avis l\u00e9gal\u00a0\u00bb) r\u00e9gissent l\u2019acc\u00e8s&#8230;<\/p>\n","protected":false},"author":1,"featured_media":0,"parent":0,"menu_order":0,"comment_status":"closed","ping_status":"closed","template":"","meta":{"footnotes":""},"class_list":["post-35972","page","type-page","status-publish"],"_links":{"self":[{"href":"https:\/\/rosagres.com\/fr\/wp-json\/wp\/v2\/pages\/35972","targetHints":{"allow":["GET"]}}],"collection":[{"href":"https:\/\/rosagres.com\/fr\/wp-json\/wp\/v2\/pages"}],"about":[{"href":"https:\/\/rosagres.com\/fr\/wp-json\/wp\/v2\/types\/page"}],"author":[{"embeddable":true,"href":"https:\/\/rosagres.com\/fr\/wp-json\/wp\/v2\/users\/1"}],"replies":[{"embeddable":true,"href":"https:\/\/rosagres.com\/fr\/wp-json\/wp\/v2\/comments?post=35972"}],"version-history":[{"count":0,"href":"https:\/\/rosagres.com\/fr\/wp-json\/wp\/v2\/pages\/35972\/revisions"}],"wp:attachment":[{"href":"https:\/\/rosagres.com\/fr\/wp-json\/wp\/v2\/media?parent=35972"}],"curies":[{"name":"wp","href":"https:\/\/api.w.org\/{rel}","templated":true}]}}