{"id":35980,"date":"2025-02-18T18:25:22","date_gmt":"2025-02-18T17:25:22","guid":{"rendered":"https:\/\/rosagres.com\/gestion-des-cookies\/"},"modified":"2025-02-18T18:27:43","modified_gmt":"2025-02-18T17:27:43","slug":"gestion-des-cookies","status":"publish","type":"page","link":"https:\/\/rosagres.com\/fr\/gestion-des-cookies\/","title":{"rendered":"Gestion des Cookies"},"content":{"rendered":"<div class=\"wpb-content-wrapper\"><p>[vc_row][vc_column]<style>.thegem-te-post-breadcrumbs.thegem-custom-69e43474df2316677 .post-breadcrumbs {justify-content: left; text-align: left;}.thegem-te-post-breadcrumbs.thegem-custom-69e43474df2316677 .post-breadcrumbs ul {justify-content: left; text-align: left;}<\/style><div class=\"thegem-te-post-breadcrumbs thegem-custom-69e43474df2316677\"> <div class=\"post-breadcrumbs\"><ul><li><a href=\"https:\/\/rosagres.com\/fr\/\">Accueil<\/a><\/li><\/ul><!-- .breadcrumbs --><\/div> <\/div>[\/vc_column][\/vc_row][vc_row][vc_column][vc_column_text css=\u00a0\u00bb\u00a0\u00bb]<\/p>\n<div class=\"row margin-20\">\n<div class=\"col-sm-offset-1 col-sm-10 text-center\">\n<h2 class=\"title-6 gris-1 uppercase\">GESTION DES COOKIES<\/h2>\n<\/div>\n<\/div>\n<div class=\"row margin-20\">\n<div class=\"col-sm-offset-1 col-sm-10\">\n<p><strong><u>Premier niveau\u00a0:<\/u><\/strong><\/p>\n<p>Nous utilisons des cookies dont nous en sommes les propri\u00e9taires et des cookies appartenant \u00e0 des tiers pour am\u00e9liorer nos services et analyser vos habitudes de navigation. Si vous continuez \u00e0 naviguer sur notre Site Web, nous consid\u00e9rons que vous acceptez lesdites conditions d\u2019utilisation. Vous pouvez modifier la configuration et obtenir plus d\u2019informations\u00a0<strong><u>ici<\/u><\/strong>.<\/p>\n<p><strong><u>Second niveau\u00a0:<\/u><\/strong><\/p>\n<p>Afin de satisfaire aux dispositions de l\u2019article\u00a022 de la Loi\u00a034\/2002 du 11\u00a0juillet relative aux services de la soci\u00e9t\u00e9 de l\u2019information et du commerce \u00e9lectronique, ROSA\u00a0GRES, S.L.U. (ci-apr\u00e8s mentionn\u00e9e par son nom commercial \u00ab\u00a0ROSA\u00a0GRES\u00a0\u00bb) vous informe que notre Site Web\u00a0<a href=\"https:\/\/www.rosagres.com\/\" target=\"_blank\">www.rosagres.com<\/a>\u00a0utilise des cookies.<\/p>\n<p>La pr\u00e9sente Politique a pour objectif d\u2019informer l\u2019Utilisateur, de mani\u00e8re claire et compl\u00e8te, du fonctionnement et des finalit\u00e9s des cookies utilis\u00e9s sur notre Site Web.<\/p>\n<p>En cliquant sur n\u2019importe quel bouton, case \u00e0 cocher ou lien contenu sur le Site Web, en remplissant un formulaire, en se connectant, en t\u00e9l\u00e9chargeant du contenu ou en faisant d\u00e9filer une page, l\u2019Utilisateur d\u00e9clare accepter l\u2019utilisation des cookies sur le Site Web et l\u2019installation de ces cookies sur l\u2019ordinateur utilis\u00e9 pour acc\u00e9der et naviguer sur le Site Web (y compris les dispositifs mobiles et les navigateurs), ainsi que la collecte et le traitement des donn\u00e9es \u00e0 caract\u00e8re personnel de l\u2019Utilisateur de la mani\u00e8re et aux fins d\u00e9crites dans cette Politique d\u2019utilisation des cookies.<\/p>\n<p>La pr\u00e9sente Politique d\u2019utilisation des Cookies peut \u00eatre assujettie \u00e0 modification. Par cons\u00e9quent, nous recommandons \u00e0 l\u2019Utilisateur de relire cette politique d\u00e8s qu\u2019il acc\u00e8de \u00e0 notre Site Web pour rester inform\u00e9 des modifications \u00e9ventuelles apport\u00e9es \u00e0 la politique qui seraient applicables. En cas de d\u00e9saccord avec cette Politique d\u2019utilisation des Cookies, l\u2019Utilisateur doit s\u2019abstenir d\u2019utiliser le Site Web et quitter le site imm\u00e9diatement.<\/p>\n<p><strong>Qu\u2019est-ce qu\u2019un cookie\u00a0?<\/strong><\/p>\n<p>Un cookie est un fichier qui se t\u00e9l\u00e9charge sur le terminal (par exemple, un ordinateur, un t\u00e9l\u00e9phone portable, une tablette, etc.) de l\u2019Utilisateur lorsque celui-ci acc\u00e8de \u00e0 certaines pages web comme la n\u00f4tre, par exemple. Les cookies permettent \u00e0 ces pages web, entre autres choses, de contr\u00f4ler, rassembler et r\u00e9cup\u00e9rer des informations concernant les habitudes de navigation de l\u2019Utilisateur (par exemple, les pr\u00e9f\u00e9rences, le profil, les mots de passe, etc.), mais aussi d\u2019obtenir des informations techniques en lien avec la navigabilit\u00e9 des pages web. Les cookies contribuent \u00e9galement \u00e0 la fonctionnalit\u00e9, l\u2019utilisabilit\u00e9 et l\u2019accessibilit\u00e9 des pages web.<\/p>\n<p>Il existe plusieurs types de cookies selon leur fonction et leur finalit\u00e9\u00a0:<\/p>\n<p><strong>Analytiques. \u2013<\/strong>\u00a0Ces cookies recueillent des informations dans le but de permettre aux sites web d\u2019\u00e9valuer l\u2019utilisation et l\u2019activit\u00e9 g\u00e9n\u00e9rale des Utilisateurs et de compiler des donn\u00e9es statistiques. Les cookies analytiques mesurent et collectent les donn\u00e9es du Site Web (visites, param\u00e8tres de trafic, nombre de clics, pages visit\u00e9es, etc.) pour comprendre et optimiser la page web.<\/p>\n<p><strong>Cookies de r\u00e9seaux sociaux. \u2013<\/strong>\u00a0Ils sont essentiels pour les r\u00e9seaux sociaux externes (Facebook, Google, Twitter, Pinterest, etc.). Leur fonction est de contr\u00f4ler l\u2019interaction avec les widgets sociaux au sein d\u2019une page web.<\/p>\n<p><strong>Cookies comportementaux et de publicit\u00e9. \u2013<\/strong>\u00a0Ils collectent des informations concernant les habitudes de navigation de l\u2019Utilisateur et son comportement afin d\u2019identifier les pr\u00e9f\u00e9rences, les go\u00fbts et les habitudes sur un Site Web sp\u00e9cifique. Ces cookies permettent d\u2019adapter le contenu de la publicit\u00e9 en se basant sur l\u2019analyse des habitudes de navigation de l\u2019Utilisateur et en d\u00e9duisant des caract\u00e9ristiques telles que la localisation, la tranche d\u2019\u00e2ge ou le genre.<\/p>\n<p><strong>Techniques. \u2013<\/strong>\u00a0Ils sont essentiels pour la fonctionnalit\u00e9 et la navigabilit\u00e9 d\u2019une page web. Ils permettent \u00e0 l\u2019Utilisateur de naviguer sur une page ou une application et d\u2019utiliser ses diff\u00e9rentes options et services.<\/p>\n<p><strong>Cookies de personnalisation. \u2013<\/strong>\u00a0Ces cookies permettent aux sites web de conserver des pr\u00e9f\u00e9rences d\u00e9termin\u00e9es (par exemple, langue, pays, configuration r\u00e9gionale, etc.) pr\u00e9d\u00e9finies par l\u2019Utilisateur lors de sa premi\u00e8re visite (et les suivantes) du Site Web.<\/p>\n<p><strong>Cookies tiers. \u2013<\/strong>\u00a0Les cookies tiers sont cookies dont la propri\u00e9t\u00e9 appartient \u00e0 un tiers. Ils sont utilis\u00e9s par les sites web afin de g\u00e9rer et d\u2019am\u00e9liorer le contenu et les services fournis.<br \/>\nPour obtenir plus d\u2019informations concernant les cookies, l\u2019Utilisateur peut visiter la page web AllAboutCookies.org, accessible via le lien suivant\u00a0<a href=\"http:\/\/www.allaboutcookies.org\/fr\/\" target=\"_blank\" rel=\"noopener\">http:\/\/www.allaboutcookies.org\/fr\/<\/a>.<\/p>\n<p><strong>Quels types de cookies sont utilis\u00e9s par ce Site Web\u00a0?<\/strong><\/p>\n<p><strong><u>Cookies propri\u00e9taires<\/u><\/strong><\/p>\n<p>Ils sont envoy\u00e9s vers votre ordinateur et g\u00e9r\u00e9s exclusivement par nos soins pour assurer un meilleur fonctionnement du Site Web. Ces cookies sont conserv\u00e9s dans votre navigateur pour nous permettre de vous identifier en tant qu\u2019Utilisateur fr\u00e9quent du Site Web, d\u2019am\u00e9liorer la navigation et de personnaliser le contenu pour vous offrir des contenus adapt\u00e9s \u00e0 vos pr\u00e9f\u00e9rences.<\/p>\n<p><strong><em>\u00a0<\/em><\/strong><\/p>\n<p><strong><u>Cookies tiers<\/u><\/strong><\/p>\n<p><strong>Google Analytics<\/strong><\/p>\n<p>Le Site Web utilise Google Analytics, un service d\u2019analyse de sites Internet fourni par Google, Inc. (ci-apr\u00e8s d\u00e9nomm\u00e9 \u00ab\u00a0Google\u00a0\u00bb), une entreprise situ\u00e9e aux \u00c9tats-Unis. Par cons\u00e9quent, les donn\u00e9es collect\u00e9es et trait\u00e9es par Google Analytics (y compris l\u2019adresse\u00a0IP de l\u2019Utilisateur) peuvent \u00eatre transf\u00e9r\u00e9es aux \u00c9tats-Unis et rassembl\u00e9es sur les serveurs de Google h\u00e9berg\u00e9s aux \u00c9tats-Unis.<\/p>\n<p>Gr\u00e2ce aux cookies de Google Analytics, ROSA\u00a0GRES analyse l\u2019interaction de l\u2019Utilisateur avec le Site Web, suit les habitudes de navigation de celui-ci et collecte les donn\u00e9es de son activit\u00e9 pour que ROSA\u00a0GRES puisse mesurer la productivit\u00e9 du Site.<\/p>\n<p>L\u2019Utilisateur peut g\u00e9rer et bloquer le traitement de ses donn\u00e9es \u00e0 caract\u00e8re personnel par le biais de Google Analytics gr\u00e2ce \u00e0 la configuration du navigateur utilis\u00e9 pour acc\u00e9der au Site Web.<\/p>\n<p>L\u2019Utilisateur peut d\u00e9velopper les informations contenues ici \u00e0 propos de Google Analytics via\u00a0<a href=\"https:\/\/www.google.com\/analytics\/learn\/privacy.html?hl=es\" target=\"_blank\" rel=\"noopener\">https:\/\/www.google.com\/analytics\/learn\/privacy.html?hl=es<\/a><\/p>\n<p>Par ailleurs, l\u2019Utilisateur peut d\u00e9sactiver Google Analytics en installant un module compl\u00e9mentaire. L\u2019Utilisateur peut obtenir de plus larges informations sur ledit module compl\u00e9mentaire via\u00a0<a href=\"https:\/\/tools.google.com\/dlpage\/gaoptout?hl=fr\" target=\"_blank\" rel=\"noopener\">https:\/\/tools.google.com\/dlpage\/gaoptout?hl=fr<\/a><\/p>\n<p><strong>Comment bloquer ou \u00e9liminer les cookies\u00a0?<\/strong><\/p>\n<p>Pour bloquer ou \u00e9liminer les cookies install\u00e9es, l\u2019Utilisateur doit configurer les options du navigateur utilis\u00e9. Ainsi, si vous ne souhaitez pas installer de cookies sur votre disque dur, vous devez configurer votre navigateur pour ne pas les recevoir.<\/p>\n<p>Voici les liens d\u2019information sur l\u2019utilisation des cookies des principaux navigateurs\u00a0:<\/p>\n<p>NAVIGATEURS PC<\/p>\n<ul>\n<li>Firefox\u00a0:\u00a0<a href=\"https:\/\/support.mozilla.org\/fr\/kb\/activer-desactiver-cookies-preferences\" target=\"_blank\" rel=\"noopener\">https:\/\/support.mozilla.org\/fr\/kb\/activer-desactiver-cookies-preferences<\/a><\/li>\n<li>Chrome\u00a0:\u00a0<a href=\"https:\/\/support.google.com\/chrome\/answer\/95647?hl=fr\" target=\"_blank\" rel=\"noopener\">https:\/\/support.google.com\/chrome\/answer\/95647?hl=fr<\/a><\/li>\n<li>Explorer\u00a0:\u00a0<a href=\"https:\/\/support.microsoft.com\/fr-fr\/help\/17442\/windows-internet-explorer-delete-manage-cookies\" target=\"_blank\" rel=\"noopener\">https:\/\/support.microsoft.com\/fr-fr\/help\/17442\/windows-internet-explorer-delete-manage-cookies<\/a><\/li>\n<li>Edge\u00a0:\u00a0<a href=\"https:\/\/support.microsoft.com\/fr-fr\/help\/17442\/windows-internet-explorer-delete-manage-cookies\" target=\"_blank\" rel=\"noopener\">https:\/\/support.microsoft.com\/fr-fr\/help\/17442\/windows-internet-explorer-delete-manage-cookies<\/a><\/li>\n<li>Safari\u00a0:\u00a0<a href=\"https:\/\/support.apple.com\/kb\/PH19214?locale=es_ES&amp;viewlocale=fr_FR\" target=\"_blank\" rel=\"noopener\">https:\/\/support.apple.com\/kb\/PH19214?locale=es_ES&amp;viewlocale=fr_FR<\/a><\/li>\n<li>Opera\u00a0:\u00a0<a href=\"https:\/\/www.opera.com\/help\/tutorials\/security\/privacy\/\" target=\"_blank\" rel=\"noopener\">https:\/\/www.opera.com\/help\/tutorials\/security\/privacy\/<\/a><\/li>\n<\/ul>\n<p>NAVIGATEURS MOBILES<\/p>\n<ul>\n<li>iOS\u00a0: L\u2019Utilisateur peut obtenir des informations sur le blocage de l\u2019utilisation des cookies et l\u2019\u00e9limination de ceux-ci via\u00a0:\n<ul>\n<li>Opera\u00a0<a href=\"https:\/\/www.opera.com\/fr\/o\/ie-simple\" target=\"_blank\" rel=\"noopener\">https:\/\/www.opera.com\/fr\/o\/ie-simple<\/a><\/li>\n<li>Safari\u00a0<a href=\"https:\/\/support.apple.com\/fr-fr\/HT201265\" target=\"_blank\" rel=\"noopener\">https:\/\/support.apple.com\/fr-fr\/HT201265<\/a><\/li>\n<li>Google Chrome\u00a0<a href=\"https:\/\/support.google.com\/chrome\/answer\/2392709?hl=fr\" target=\"_blank\" rel=\"noopener\">https:\/\/support.google.com\/chrome\/answer\/2392709?hl=fr<\/a><\/li>\n<\/ul>\n<\/li>\n<\/ul>\n<ul>\n<li>Android\u00a0: L\u2019Utilisateur peut obtenir des informations sur le blocage de l\u2019utilisation des cookies et l\u2019\u00e9limination de ceux-ci via\u00a0:\n<ul>\n<li>Mozilla Firefox\u00a0<a href=\"https:\/\/support.mozilla.org\/fr\/kb\/activer-ou-desactiver-les-cookies-sur-firefox-pour-android\" target=\"_blank\" rel=\"noopener\">https:\/\/support.mozilla.org\/fr\/kb\/activer-ou-desactiver-les-cookies-sur-firefox-pour-android<\/a><\/li>\n<li>Google Chrome\u00a0<a href=\"https:\/\/support.google.com\/chrome\/answer\/2392709?hl=fr\" target=\"_blank\" rel=\"noopener\">https:\/\/support.google.com\/chrome\/answer\/2392709?hl=fr<\/a><\/li>\n<\/ul>\n<\/li>\n<\/ul>\n<ul>\n<li>Windows Phone\u00a07\u00a0: L\u2019Utilisateur peut obtenir des informations sur le blocage de l\u2019utilisation des cookies et l\u2019\u00e9limination de ceux-ci via\u00a0:\u00a0<a href=\"https:\/\/support.microsoft.com\/fr-fr\/help\/11696\/windows-phone-7\" target=\"_blank\" rel=\"noopener\">https:\/\/support.microsoft.com\/fr-fr\/help\/11696\/windows-phone-7<\/a><\/li>\n<\/ul>\n<p>Le blocage, la d\u00e9shabilitation et l\u2019\u00e9limination des cookies utilis\u00e9s par ROSA\u00a0GRES sur le Site Web peuvent affecter la fonctionnalit\u00e9 totale de celui-ci, car ils peuvent rendre indisponibles certains services et fonctions du Site Web.<\/p>\n<p>Si vous souhaitez r\u00e9voquer votre consentement en ce qui concerne l\u2019utilisation des cookies, contactez-nous via l\u2019adresse \u00e9lectronique\u00a0<a href=\"mailto:info@rosagres.com\" target=\"_blank\">infopd@a-csn.com<\/a><\/p>\n<\/div>\n<\/div>\n<p>[\/vc_column_text][\/vc_column][\/vc_row]<\/p>\n<\/div>","protected":false},"excerpt":{"rendered":"<p>[vc_row][vc_column][\/vc_column][\/vc_row][vc_row][vc_column][vc_column_text css=\u00a0\u00bb\u00a0\u00bb] GESTION DES COOKIES Premier niveau\u00a0: Nous utilisons des cookies dont nous en sommes les propri\u00e9taires et des cookies&#8230;<\/p>\n","protected":false},"author":1,"featured_media":0,"parent":0,"menu_order":0,"comment_status":"closed","ping_status":"closed","template":"","meta":{"footnotes":""},"class_list":["post-35980","page","type-page","status-publish"],"_links":{"self":[{"href":"https:\/\/rosagres.com\/fr\/wp-json\/wp\/v2\/pages\/35980","targetHints":{"allow":["GET"]}}],"collection":[{"href":"https:\/\/rosagres.com\/fr\/wp-json\/wp\/v2\/pages"}],"about":[{"href":"https:\/\/rosagres.com\/fr\/wp-json\/wp\/v2\/types\/page"}],"author":[{"embeddable":true,"href":"https:\/\/rosagres.com\/fr\/wp-json\/wp\/v2\/users\/1"}],"replies":[{"embeddable":true,"href":"https:\/\/rosagres.com\/fr\/wp-json\/wp\/v2\/comments?post=35980"}],"version-history":[{"count":0,"href":"https:\/\/rosagres.com\/fr\/wp-json\/wp\/v2\/pages\/35980\/revisions"}],"wp:attachment":[{"href":"https:\/\/rosagres.com\/fr\/wp-json\/wp\/v2\/media?parent=35980"}],"curies":[{"name":"wp","href":"https:\/\/api.w.org\/{rel}","templated":true}]}}