{"id":35994,"date":"2024-08-13T20:13:41","date_gmt":"2024-08-13T18:13:41","guid":{"rendered":"https:\/\/rosagres.com\/politique-confidentialite\/"},"modified":"2025-02-18T18:35:54","modified_gmt":"2025-02-18T17:35:54","slug":"politique-confidentialite","status":"publish","type":"page","link":"https:\/\/rosagres.com\/fr\/politique-confidentialite\/","title":{"rendered":"POLITIQUE CONFIDENTIALIT\u00c9"},"content":{"rendered":"<div class=\"wpb-content-wrapper\"><p>[vc_row][vc_column]<style>.thegem-te-post-breadcrumbs.thegem-custom-69d4a59e07f943874 .post-breadcrumbs {justify-content: left; text-align: left;}.thegem-te-post-breadcrumbs.thegem-custom-69d4a59e07f943874 .post-breadcrumbs ul {justify-content: left; text-align: left;}<\/style><div class=\"thegem-te-post-breadcrumbs thegem-custom-69d4a59e07f943874\"> <div class=\"post-breadcrumbs\"><ul><li><a href=\"https:\/\/rosagres.com\/fr\/\">Accueil<\/a><\/li><\/ul><!-- .breadcrumbs --><\/div> <\/div>[\/vc_column][\/vc_row][vc_row][vc_column][vc_column_text css=\u00a0\u00bb\u00a0\u00bb]<\/p>\n<div class=\"row margin-20\">\n<div class=\"col-sm-offset-1 col-sm-10 text-center\">\n<h2 class=\"title-6 gris-1 uppercase\">POLITIQUE CONFIDENTIALIT\u00c9<\/h2>\n<\/div>\n<\/div>\n<div class=\"row margin-20\">\n<div class=\"col-sm-offset-1 col-sm-10\">\n<p>La pr\u00e9sente Politique de Confidentialit\u00e9 a pour objectif d\u2019informer toutes les personnes ayant acc\u00e8s et visitant le Site Web (ci-apr\u00e8s d\u00e9nomm\u00e9es \u00ab\u00a0l\u2019Utilisateur\u00a0\u00bb) accessible via le nom de domaine\u00a0<a href=\"https:\/\/www.rosagres.com\/\" target=\"_blank\">www.rosagres.com<\/a>\u00a0et ses sous-domaines (ci-apr\u00e8s d\u00e9nomm\u00e9 \u00ab\u00a0le Site Web\u00a0\u00bb), et toutes les personnes ayant fourni des donn\u00e9es personnelles, par tout autre moyen, aux traitements de donn\u00e9es r\u00e9alis\u00e9s par ROSA\u00a0GRES, S.L.U., \u00e0 travers ce Site Web et par tout autre moyen.<\/p>\n<p>L\u2019acc\u00e8s \u00e0 notre Site Web ne vous oblige pas \u00e0 vous enregistrer en tant qu\u2019Utilisateur au pr\u00e9alable. Cependant, l\u2019acc\u00e8s au Site et la navigation sur celui-ci supposent que l\u2019Utilisateur accepte int\u00e9gralement la pr\u00e9sente Politique de Confidentialit\u00e9 et la Politique d\u2019utilisation des cookies, ainsi que l\u2019Avis l\u00e9gal du Site Web.<\/p>\n<h2>1.\u00a0\u00a0 Identification du Responsable\u00a0:<\/h2>\n<p>ROSA\u00a0GRES, S.L.U. (ci-apr\u00e8s, \u00ab\u00a0<strong>ROSA\u00a0GRES<\/strong>\u00a0\u00bb), en sa qualit\u00e9 de Responsable du Traitement, consid\u00e8re que la confidentialit\u00e9 des informations personnelles de ses Utilisateurs est essentielle et s\u2019engage \u00e0 d\u00e9ployer tous les efforts pour la respecter.<\/p>\n<p>Les donn\u00e9es d\u2019identification de ROSA\u00a0GRES sont les suivantes\u00a0:<\/p>\n<ul>\n<li>Identit\u00e9\u00a0: ROSA\u00a0GRES, S.L.U.<\/li>\n<li>Adresse postale\u00a0: Carretera de Sant Cugat, km\u00a03, 08290 Cerdanyola del Vall\u00e8s, Barcelona.<\/li>\n<li>T\u00e9l\u00e9phone\u00a0: 935\u00a086\u00a030\u00a060<\/li>\n<li>E-mail\u00a0:\u00a0<a href=\"mailto:info@rosagres.com\" target=\"_blank\">infopd@a-csn.com<\/a><\/li>\n<\/ul>\n<h2>2.\u00a0\u00a0 Donn\u00e9es personnelles trait\u00e9es<\/h2>\n<p>Nous collectons les donn\u00e9es personnelles de la mani\u00e8re suivante\u00a0:<\/p>\n<ol>\n<li><strong>Donn\u00e9es personnelles fournies par l\u2019Utilisateur\u00a0:\u00a0<\/strong>lorsque l\u2019Utilisateur remplit l\u2019un des formulaires \u00e0 sa disposition sur le Site Web ou tout formulaire physique, ou lorsque l\u2019Utilisateur s\u2019abonne \u00e0 l\u2019un de nos services.<\/li>\n<li><strong>Par l\u2019interm\u00e9diaire des Cookies et technologies similaires\u00a0:<\/strong>\u00a0lorsque l\u2019Utilisateur visite notre page web, nous utilisons plusieurs technologies pour collecter et rassembler des informations. Cela peut inclure l\u2019utilisation de cookies ou de technologies similaires pour identifier le navigateur ou le dispositif de l\u2019Utilisateur. Obtenez plus d\u2019informations sur le traitement de vos donn\u00e9es personnelles obtenues par l\u2019interm\u00e9diaire des cookies dans notre\u00a0<a href=\"https:\/\/rosagres.com\/fr\/gestion-des-cookies\/\" target=\"_blank\">Politique d\u2019utilisation des Cookies<\/a>.<\/li>\n<\/ol>\n<p>De mani\u00e8re g\u00e9n\u00e9rale, lesdites donn\u00e9es personnelles peuvent \u00eatre regroup\u00e9es dans les cat\u00e9gories suivantes\u00a0:<\/p>\n<p><strong>Donn\u00e9es d\u2019identification\u00a0:\u00a0<\/strong>pr\u00e9noms, noms, adresse physique et \u00e9lectronique, t\u00e9l\u00e9phone.<\/p>\n<p><strong>Donn\u00e9es de connexion d\u2019identification\u00a0:<\/strong>\u00a0adresse\u00a0IP, donn\u00e9es de connexion.<\/p>\n<h2>3.\u00a0\u00a0 Finalit\u00e9s du traitement, Base juridique et Dur\u00e9e de conservation des donn\u00e9es personnelles<\/h2>\n<p>Comme nous l\u2019avons indiqu\u00e9 pr\u00e9c\u00e9demment, nous traitons les donn\u00e9es personnelles obtenues par l\u2019interm\u00e9diaire de divers canaux. De m\u00eame, nous appliquons \u00e0 ces donn\u00e9es personnelles des traitements aux finalit\u00e9s distinctes\u00a0:<\/p>\n<ol>\n<li>R\u00e9pondre aux demandes d\u2019informations et\/ou aux demandes formul\u00e9es par l\u2019Utilisateur.<\/li>\n<\/ol>\n<p><strong>Dur\u00e9e de conservation\u00a0:\u00a0<\/strong>jusqu\u2019au moment o\u00f9 l\u2019int\u00e9ress\u00e9 retire son consentement pour la r\u00e9ception desdites communications.<\/p>\n<p><strong>Base juridique\u00a0:\u00a0<\/strong>le consentement implicite de l\u2019Utilisateur au moment de la demande afin que ROSA\u00a0GRES puisse y r\u00e9pondre.<\/p>\n<ol start=\"2\">\n<li>G\u00e9rer la zone Professionnels conform\u00e9ment aux Conditions g\u00e9n\u00e9rales d\u2019utilisation de ladite zone.<\/li>\n<\/ol>\n<p><strong>Dur\u00e9e de conservation\u00a0:\u00a0<\/strong>tout au long de la relation contractuelle et\/ou entrepreneuriale entre l\u2019Utilisateur et ROSA\u00a0GRES. Une fois termin\u00e9e, selon la dur\u00e9e n\u00e9cessaire pour respecter les obligations l\u00e9gales applicables.<\/p>\n<p><strong>Base juridique\u00a0:<\/strong>\u00a0respect des obligations contractuelles et\/ou entrepreneuriales assum\u00e9es par l\u2019Utilisateur et ROSA\u00a0GRES dans la zone Professionnels.<\/p>\n<ol start=\"3\">\n<li>Permettre l\u2019utilisation des fonctionnalit\u00e9s mises \u00e0 votre disposition sur le Site Web, y compris l\u2019inscription de l\u2019Utilisateur \u00e0 des services offerts sur le Site.<\/li>\n<\/ol>\n<p><strong>Dur\u00e9e de conservation\u00a0:<\/strong>\u00a0tout au long de la relation contractuelle et\/ou entrepreneuriale entre l\u2019Utilisateur et ROSA\u00a0GRES. Une fois termin\u00e9e, selon la dur\u00e9e n\u00e9cessaire pour respecter les obligations l\u00e9gales applicables.<\/p>\n<p><strong>Base juridique\u00a0:<\/strong>\u00a0respect des obligations contractuelles et\/ou entrepreneuriales assum\u00e9es par l\u2019Utilisateur et ROSA\u00a0GRES concernant le Site Web.<\/p>\n<ol start=\"4\">\n<li>Tenir l\u2019Utilisateur inform\u00e9 (s\u2019il est d\u00e9j\u00e0 client de ROSA\u00a0GRES), y compris par voie \u00e9lectronique, des produits, services et nouveaut\u00e9s de ROSA\u00a0GRES en lien avec les produits et services similaires \u00e0 ceux contract\u00e9s par l\u2019Utilisateur.<\/li>\n<\/ol>\n<p><strong>Dur\u00e9e de conservation\u00a0:<\/strong>\u00a0jusqu\u2019au moment o\u00f9 l\u2019int\u00e9ress\u00e9 retire son consentement pour la r\u00e9ception desdites communications.<\/p>\n<p><strong>Base juridique\u00a0:\u00a0<\/strong>l\u2019int\u00e9r\u00eat l\u00e9gitime de ROSA\u00a0GRES conform\u00e9ment \u00e0 l\u2019article\u00a021.2 de la Loi\u00a034\/2002 du 11\u00a0juillet relative aux services de la soci\u00e9t\u00e9 de l\u2019information et du commerce \u00e9lectronique, s\u2019il existe un lien contractuel pr\u00e9alable par le biais duquel ROSA\u00a0GRES a obtenu de fa\u00e7on licite les coordonn\u00e9es de ses clients pour les utiliser dans le but d\u2019envoyer des communications commerciales concernant des produits ou services similaires \u00e0 ceux initialement contract\u00e9s par le client.<\/p>\n<ol start=\"5\">\n<li>Tenir l\u2019Utilisateur inform\u00e9, y compris par voie \u00e9lectronique, des produits, services et nouveaut\u00e9s de ROSA\u00a0GRES.<\/li>\n<\/ol>\n<p><strong>Dur\u00e9e de conservation\u00a0:<\/strong>\u00a0jusqu\u2019au moment o\u00f9 l\u2019int\u00e9ress\u00e9 retire son consentement pour la r\u00e9ception desdites communications.<\/p>\n<p><strong>Base juridique\u00a0:<\/strong>\u00a0consentement explicite de l\u2019int\u00e9ress\u00e9 donn\u00e9 pour la r\u00e9ception desdites communications.<\/p>\n<ol start=\"6\">\n<li>G\u00e9rer les interactions entre l\u2019Utilisateur et ROSA\u00a0GRES \u00e0 travers diff\u00e9rents profils de r\u00e9seaux sociaux (LinkedIn, Houzz, Pinterest, YouTube et Facebook). Les donn\u00e9es trait\u00e9es \u00e0 cet effet sont celles renseign\u00e9es par l\u2019Utilisateur sur son profil du r\u00e9seau social correspondant. Par cons\u00e9quent, ces donn\u00e9es sont r\u00e9glement\u00e9es par la politique de confidentialit\u00e9 dudit r\u00e9seau social dont ROSA\u00a0GRES n\u2019est pas responsable.<\/li>\n<\/ol>\n<p><strong>Dur\u00e9e de conservation\u00a0:\u00a0<\/strong>les donn\u00e9es trait\u00e9es \u00e0 cet effet seront conserv\u00e9es pendant la dur\u00e9e de validit\u00e9 du profil de ROSA\u00a0GRES sur le r\u00e9seau social.<\/p>\n<p><strong>Base juridique\u00a0:<\/strong>\u00a0consentement implicite de l\u2019int\u00e9ress\u00e9 \u00e0 interagir et\/ou suivre le profil de ROSA\u00a0GRES sur les r\u00e9seaux sociaux.<\/p>\n<h2>4.\u00a0\u00a0 Destinataires<strong>\u00a0<\/strong><\/h2>\n<p>L\u2019acc\u00e8s \u00e0 vos donn\u00e9es personnelles pourra \u00eatre autoris\u00e9 pour des tiers qui agissent au nom de ROSA\u00a0GRES, \u00e0 condition que l\u2019acc\u00e8s et le traitement des donn\u00e9es soient obligatoires pour la prestation d\u2019un service concret pour ROSA\u00a0GRES. Dans ce sc\u00e9nario, ROSA\u00a0GRES \u00e9tablira dans tous les cas un contrat de charg\u00e9 de traitement correspondant avec chacun de ces tiers, lesquels traiteront les donn\u00e9es exclusivement aux fins pr\u00e9vues par ROSA\u00a0GRES dans chaque cas.<\/p>\n<h2>5.\u00a0\u00a0 Mesures de s\u00e9curit\u00e9<\/h2>\n<p>ROSA\u00a0GRES applique des mesures de s\u00e9curit\u00e9 techniques, administratives et organisationnelles pour prot\u00e9ger les donn\u00e9es collect\u00e9es contre la destruction accidentelle ou illicite et la perte, l\u2019alt\u00e9ration, la divulgation ou l\u2019acc\u00e8s non autoris\u00e9s, en particulier lorsque le traitement implique la transmission de donn\u00e9es par un r\u00e9seau, ainsi que contre toute autre forme illicite de traitement.<\/p>\n<h2>6.\u00a0\u00a0 Droits<strong>\u00a0<\/strong><\/h2>\n<p>Les Utilisateurs peuvent exercer, devant\u00a0ROSA\u00a0GRES, les droits suivants en lien avec leurs donn\u00e9es personnelles\u00a0:\u00a0<strong>acc\u00e8s, rectification, suppression, limitation du traitement, portabilit\u00e9 des donn\u00e9es et opposition<\/strong>.<\/p>\n<p>De m\u00eame, dans les traitements des donn\u00e9es de l\u2019Utilisateur dont l\u2019a legitimation est fond\u00e9e sur le consentement donn\u00e9 par l\u2019int\u00e9ress\u00e9, ce dernier a le droit de retirer son consentement \u00e0 n\u2019importe quel moment, sans que cela affecte la l\u00e9galit\u00e9 du traitement bas\u00e9 sur le consentement avant son retrait.<\/p>\n<p>Pour exercer ces droits, l\u2019int\u00e9ress\u00e9 peut envoyer sa demande ainsi qu\u2019une copie de sa carte d\u2019identit\u00e9, de son passeport ou de tout autre document d\u2019identification valide \u00e0 ROSA\u00a0GRES, S.L.U., Carretera de Sant Cugat, km\u00a03, 08290 Cerdanyola del Vall\u00e8s, Barcelona\u00a0; ou via l\u2019adresse \u00e9lectronique suivante\u00a0:\u00a0<a href=\"mailto:info@rosagres.com\" target=\"_blank\">infopd@a-csn.com<\/a><\/p>\n<p>Dans tous les cas, l\u2019Utilisateur a le droit de formuler une r\u00e9clamation aupr\u00e8s de l\u2019autorit\u00e9 de contr\u00f4le comp\u00e9tente, s\u2019il l\u2019av\u00e8re n\u00e9cessaire.<\/p>\n<h2>7.\u00a0\u00a0 Changements ou modifications de notre politique de confidentialit\u00e9<\/h2>\n<p>Nous pouvons modifier notre Politique de confidentialit\u00e9 en tout moment et publier la version mise \u00e0 jour sur notre Site Web. Nous vous tiendrons inform\u00e9 si vos droits sont sensiblement affect\u00e9s \u00e0 la suite d\u2019une r\u00e9vision.<\/p>\n<\/div>\n<\/div>\n<p>[\/vc_column_text][\/vc_column][\/vc_row]<\/p>\n<\/div>","protected":false},"excerpt":{"rendered":"<p>[vc_row][vc_column][\/vc_column][\/vc_row][vc_row][vc_column][vc_column_text css=\u00a0\u00bb\u00a0\u00bb] POLITIQUE CONFIDENTIALIT\u00c9 La pr\u00e9sente Politique de Confidentialit\u00e9 a pour objectif d\u2019informer toutes les personnes ayant acc\u00e8s et visitant&#8230;<\/p>\n","protected":false},"author":1,"featured_media":0,"parent":0,"menu_order":0,"comment_status":"closed","ping_status":"open","template":"","meta":{"footnotes":""},"class_list":["post-35994","page","type-page","status-publish"],"_links":{"self":[{"href":"https:\/\/rosagres.com\/fr\/wp-json\/wp\/v2\/pages\/35994","targetHints":{"allow":["GET"]}}],"collection":[{"href":"https:\/\/rosagres.com\/fr\/wp-json\/wp\/v2\/pages"}],"about":[{"href":"https:\/\/rosagres.com\/fr\/wp-json\/wp\/v2\/types\/page"}],"author":[{"embeddable":true,"href":"https:\/\/rosagres.com\/fr\/wp-json\/wp\/v2\/users\/1"}],"replies":[{"embeddable":true,"href":"https:\/\/rosagres.com\/fr\/wp-json\/wp\/v2\/comments?post=35994"}],"version-history":[{"count":0,"href":"https:\/\/rosagres.com\/fr\/wp-json\/wp\/v2\/pages\/35994\/revisions"}],"wp:attachment":[{"href":"https:\/\/rosagres.com\/fr\/wp-json\/wp\/v2\/media?parent=35994"}],"curies":[{"name":"wp","href":"https:\/\/api.w.org\/{rel}","templated":true}]}}