{"id":36194,"date":"2025-02-20T15:11:07","date_gmt":"2025-02-20T14:11:07","guid":{"rendered":"https:\/\/rosagres.com\/piscine-infinity\/"},"modified":"2025-02-20T15:31:56","modified_gmt":"2025-02-20T14:31:56","slug":"piscine-infinity","status":"publish","type":"page","link":"https:\/\/rosagres.com\/fr\/piscine-infinity\/","title":{"rendered":"Piscine Infinity"},"content":{"rendered":"<div class=\"wpb-content-wrapper\"><p>[vc_row][vc_column]<style>.thegem-te-post-breadcrumbs.thegem-custom-69d705ab587d81338 .post-breadcrumbs {justify-content: left; text-align: left;}.thegem-te-post-breadcrumbs.thegem-custom-69d705ab587d81338 .post-breadcrumbs ul {justify-content: left; text-align: left;}<\/style><div class=\"thegem-te-post-breadcrumbs thegem-custom-69d705ab587d81338\"> <div class=\"post-breadcrumbs\"><ul><li><a href=\"https:\/\/rosagres.com\/fr\/\">Accueil<\/a><\/li><\/ul><!-- .breadcrumbs --><\/div> <\/div>[\/vc_column][\/vc_row][vc_row][vc_column][vc_column_text css=\u00a0\u00bb\u00a0\u00bb el_class=\u00a0\u00bbh2-destacado\u00a0\u00bb]<\/p>\n<h2 style=\"text-align: center; color: #00bfab;\">Piscine Infinity<\/h2>\n<p>[\/vc_column_text][\/vc_column][\/vc_row][vc_row video_background_type=\u00a0\u00bbself\u00a0\u00bb video_background_src=\u00a0\u00bbhttps:\/\/rosagres.com\/upload\/videos\/rosa-gres-piscina-infinity.mp4&Prime;][vc_column][vc_empty_space height=\u00a0\u00bb650px\u00a0\u00bb el_class=\u00a0\u00bbno-mobile\u00a0\u00bb][vc_empty_space height=\u00a0\u00bb210px\u00a0\u00bb el_class=\u00a0\u00bbmobile\u00a0\u00bb][\/vc_column][\/vc_row][vc_row full_width=\u00a0\u00bbstretch_row\u00a0\u00bb el_disable_mobile=\u00a0\u00bb1&Prime; css=\u00a0\u00bb.vc_custom_1740059651677{margin-top: 20px !important;padding-top: 21px !important;padding-bottom: 21px !important;}\u00a0\u00bb][vc_column][vc_column_text css=\u00a0\u00bb\u00a0\u00bb el_class=\u00a0\u00bbh2-destacado parrafo-principal\u00a0\u00bb]<\/p>\n<h2 style=\"text-align: center; color: #00bfab;\"> Une piscine Infinity est comme une fen\u00eatre ouverte sur le paysage :  <br class=\"no-mobile\">l\u2019horizon se confond avec l\u2019eau de la piscine.<br \/>\n <\/h2>\n<p>[\/vc_column_text][\/vc_column][\/vc_row][vc_row full_width=\u00a0\u00bbstretch_row\u00a0\u00bb css=\u00a0\u00bb.vc_custom_1740059658275{margin-top: -30px !important;padding-top: 21px !important;padding-bottom: 21px !important;}\u00a0\u00bb][vc_column][vc_single_image image=\u00a0\u00bb36148&Prime; img_size=\u00a0\u00bbfull\u00a0\u00bb css=\u00a0\u00bb\u00a0\u00bb el_class=\u00a0\u00bbaumenta\u00a0\u00bb][\/vc_column][\/vc_row][vc_row][vc_column][vc_column_text css=\u00a0\u00bb\u00a0\u00bb el_class=\u00a0\u00bbh2-destacado\u00a0\u00bb]<\/p>\n<h2 style=\"text-align: center; color: #00bfab;\">Comment fonctionne une piscine Infinity ?<\/h2>\n<p>[\/vc_column_text][vc_column_text css=\u00a0\u00bb\u00a0\u00bb el_class=\u00a0\u00bbparrafo-principal\u00a0\u00bb]<\/p>\n<p style=\"text-align: center;\">Dans les <strong>piscines Infinity<\/strong>, l\u2019eau d\u00e9borde et tombe dans un canal situ\u00e9 \u00e0 un <br class=\"no-mobile\" \/>niveau inf\u00e9rieur. Elles sont g\u00e9n\u00e9ralement construites sur un terrain pr\u00e9sentant <br class=\"no-mobile\" \/>une pente qui permet de cr\u00e9er le canal de collecte des eaux. Leur conception <br class=\"no-mobile\" \/>peut int\u00e9grer 1, 2 ou m\u00eame 3 c\u00f4t\u00e9s \u00e0 d\u00e9bordement.<\/p>\n<p>[\/vc_column_text][vc_empty_space height=\u00a0\u00bb22px\u00a0\u00bb][\/vc_column][\/vc_row][vc_row full_width=\u00a0\u00bbstretch_row\u00a0\u00bb css=\u00a0\u00bb.vc_custom_1740059658275{margin-top: -30px !important;padding-top: 21px !important;padding-bottom: 21px !important;}\u00a0\u00bb][vc_column][vc_single_image image=\u00a0\u00bb36151&Prime; img_size=\u00a0\u00bbfull\u00a0\u00bb css=\u00a0\u00bb\u00a0\u00bb el_class=\u00a0\u00bbaumenta\u00a0\u00bb][vc_empty_space][\/vc_column][\/vc_row][vc_row full_width=\u00a0\u00bbstretch_row\u00a0\u00bb css=\u00a0\u00bb.vc_custom_1723640150824{margin-top: -20px !important;padding-top: 20px !important;padding-bottom: 40px !important;background-color: #00bfab !important;}\u00a0\u00bb][vc_column][vc_column_text css=\u00a0\u00bb\u00a0\u00bb el_class=\u00a0\u00bbh2-destacado\u00a0\u00bb]<\/p>\n<h2 class=\"p1\" style=\"text-align: center;\"><span class=\"s1\" style=\"color: #ffffff; line-height: 40px;\">Rosa Gres a con\u00e7u une solution unique et remarquablement pratique <br class=\"no-mobile\" \/>pour la construction de piscines Infinity en gr\u00e8s c\u00e9rame.<\/span><\/h2>\n<p>[\/vc_column_text][\/vc_column][\/vc_row][vc_row][vc_column][vc_column_text css=\u00a0\u00bb\u00a0\u00bb el_class=\u00a0\u00bbparrafo-principal\u00a0\u00bb]<\/p>\n<p style=\"text-align: center;\">Il s\u2019agit d\u2019une pi\u00e8ce sp\u00e9ciale multifonctions et en<strong>\u00a0100 % en gr\u00e8s c\u00e9rame<\/strong>.<br class=\"no-mobile\" \/>La m\u00eame pi\u00e8ce peut \u00eatre utilis\u00e9e pour rev\u00eatir le muret de la piscine et le muret du<br class=\"no-mobile\" \/>canal de collecte de l\u2019eau. De cette fa\u00e7on, on obtient un magnifique design int\u00e9gr\u00e9 du<br class=\"no-mobile\" \/>bord, du bassin et des murets.<\/p>\n<p>[\/vc_column_text][vc_empty_space height=\u00a0\u00bb22px\u00a0\u00bb][\/vc_column][\/vc_row][vc_row full_width=\u00a0\u00bbstretch_row\u00a0\u00bb css=\u00a0\u00bb.vc_custom_1740059658275{margin-top: -30px !important;padding-top: 21px !important;padding-bottom: 21px !important;}\u00a0\u00bb][vc_column][vc_single_image image=\u00a0\u00bb36154&Prime; img_size=\u00a0\u00bbfull\u00a0\u00bb css=\u00a0\u00bb\u00a0\u00bb el_class=\u00a0\u00bbaumenta\u00a0\u00bb][vc_empty_space][vc_single_image image=\u00a0\u00bb36157&Prime; img_size=\u00a0\u00bbfull\u00a0\u00bb css=\u00a0\u00bb\u00a0\u00bb el_class=\u00a0\u00bbaumenta\u00a0\u00bb][vc_empty_space][vc_single_image image=\u00a0\u00bb36160&Prime; img_size=\u00a0\u00bbfull\u00a0\u00bb css=\u00a0\u00bb\u00a0\u00bb el_class=\u00a0\u00bbaumenta\u00a0\u00bb][vc_empty_space][vc_single_image image=\u00a0\u00bb36163&Prime; img_size=\u00a0\u00bbfull\u00a0\u00bb css=\u00a0\u00bb\u00a0\u00bb el_class=\u00a0\u00bbaumenta\u00a0\u00bb][\/vc_column][\/vc_row][vc_row gap=\u00a0\u00bb1&Prime;][vc_column][vc_column_text css=\u00a0\u00bb\u00a0\u00bb el_class=\u00a0\u00bbh2-destacado\u00a0\u00bb]<\/p>\n<h2 style=\"text-align: center; color: #00bfab;\">Quelle coloris Rosa Gres choisir pour votre piscine Infinity ?<\/h2>\n<p>[\/vc_column_text][vc_empty_space][vc_single_image image=\u00a0\u00bb36166&Prime; img_size=\u00a0\u00bbfull\u00a0\u00bb css=\u00a0\u00bb\u00a0\u00bb el_class=\u00a0\u00bbaumenta\u00a0\u00bb][vc_empty_space][vc_btn title=\u00a0\u00bbD\u00c9COUVREZ LES COLLECTIONS ET TROUVEZ VOTRE COLORIS ROSA GRES\u00a0\u00bb style=\u00a0\u00bbflat\u00a0\u00bb color=\u00a0\u00bbblack\u00a0\u00bb align=\u00a0\u00bbcenter\u00a0\u00bb css=\u00a0\u00bb\u00a0\u00bb link=\u00a0\u00bburl:https%3A%2F%2Frosagres.com%2Ffr%2Fcollections%2F|\u00a0\u00bb el_class=\u00a0\u00bbboton-negro\u00a0\u00bb][vc_empty_space height=\u00a0\u00bb22px\u00a0\u00bb][vc_row_inner equal_height=\u00a0\u00bbyes\u00a0\u00bb content_placement=\u00a0\u00bbtop\u00a0\u00bb gap=\u00a0\u00bb5&Prime;][vc_column_inner width=\u00a0\u00bb1\/3&Prime; css=\u00a0\u00bb.vc_custom_1740060544788{padding-right: 0px !important;padding-left: 0px !important;}\u00a0\u00bb][vc_single_image image=\u00a0\u00bb36169&Prime; img_size=\u00a0\u00bbfull\u00a0\u00bb alignment=\u00a0\u00bbcenter\u00a0\u00bb css=\u00a0\u00bb\u00a0\u00bb][vc_empty_space height=\u00a0\u00bb15px\u00a0\u00bb el_class=\u00a0\u00bbno-mobile\u00a0\u00bb][\/vc_column_inner][vc_column_inner width=\u00a0\u00bb1\/3&Prime; css=\u00a0\u00bb.vc_custom_1740060549355{padding-right: 0px !important;padding-left: 0px !important;}\u00a0\u00bb][vc_single_image image=\u00a0\u00bb36172&Prime; img_size=\u00a0\u00bbfull\u00a0\u00bb alignment=\u00a0\u00bbcenter\u00a0\u00bb css=\u00a0\u00bb\u00a0\u00bb][vc_empty_space height=\u00a0\u00bb15px\u00a0\u00bb el_class=\u00a0\u00bbno-mobile\u00a0\u00bb][\/vc_column_inner][vc_column_inner width=\u00a0\u00bb1\/3&Prime; css=\u00a0\u00bb.vc_custom_1740060554286{padding-right: 0px !important;padding-left: 0px !important;}\u00a0\u00bb][vc_single_image image=\u00a0\u00bb36175&Prime; img_size=\u00a0\u00bbfull\u00a0\u00bb alignment=\u00a0\u00bbcenter\u00a0\u00bb css=\u00a0\u00bb\u00a0\u00bb][\/vc_column_inner][\/vc_row_inner][\/vc_column][\/vc_row][vc_row][vc_column][vc_btn title=\u00a0\u00bbLES AVANTAGES DU GR\u00c8S C\u00c9RAME POUR VOTRE PISCINE\u00a0\u00bb style=\u00a0\u00bbflat\u00a0\u00bb color=\u00a0\u00bbturquoise\u00a0\u00bb align=\u00a0\u00bbcenter\u00a0\u00bb css=\u00a0\u00bb\u00a0\u00bb link=\u00a0\u00bburl:https%3A%2F%2Frosagres.com%2Ffr%2Fpiscines-en-gres-cerame%2F|\u00a0\u00bb el_class=\u00a0\u00bbboton-negro\u00a0\u00bb][\/vc_column][\/vc_row]<\/p>\n<\/div>","protected":false},"excerpt":{"rendered":"<p>[vc_row][vc_column][\/vc_column][\/vc_row][vc_row][vc_column][vc_column_text css=\u00a0\u00bb\u00a0\u00bb el_class=\u00a0\u00bbh2-destacado\u00a0\u00bb] Piscine Infinity [\/vc_column_text][\/vc_column][\/vc_row][vc_row video_background_type=\u00a0\u00bbself\u00a0\u00bb video_background_src=\u00a0\u00bbhttps:\/\/rosagres.com\/upload\/videos\/rosa-gres-piscina-infinity.mp4&Prime;][vc_column][vc_empty_space height=\u00a0\u00bb650px\u00a0\u00bb el_class=\u00a0\u00bbno-mobile\u00a0\u00bb][vc_empty_space height=\u00a0\u00bb210px\u00a0\u00bb el_class=\u00a0\u00bbmobile\u00a0\u00bb][\/vc_column][\/vc_row][vc_row full_width=\u00a0\u00bbstretch_row\u00a0\u00bb el_disable_mobile=\u00a0\u00bb1&Prime; css=\u00a0\u00bb.vc_custom_1740059651677{margin-top: 20px !important;padding-top: 21px !important;padding-bottom: 21px&#8230;<\/p>\n","protected":false},"author":1,"featured_media":36148,"parent":0,"menu_order":0,"comment_status":"closed","ping_status":"closed","template":"","meta":{"footnotes":""},"class_list":["post-36194","page","type-page","status-publish","has-post-thumbnail"],"_links":{"self":[{"href":"https:\/\/rosagres.com\/fr\/wp-json\/wp\/v2\/pages\/36194","targetHints":{"allow":["GET"]}}],"collection":[{"href":"https:\/\/rosagres.com\/fr\/wp-json\/wp\/v2\/pages"}],"about":[{"href":"https:\/\/rosagres.com\/fr\/wp-json\/wp\/v2\/types\/page"}],"author":[{"embeddable":true,"href":"https:\/\/rosagres.com\/fr\/wp-json\/wp\/v2\/users\/1"}],"replies":[{"embeddable":true,"href":"https:\/\/rosagres.com\/fr\/wp-json\/wp\/v2\/comments?post=36194"}],"version-history":[{"count":0,"href":"https:\/\/rosagres.com\/fr\/wp-json\/wp\/v2\/pages\/36194\/revisions"}],"wp:featuredmedia":[{"embeddable":true,"href":"https:\/\/rosagres.com\/fr\/wp-json\/wp\/v2\/media\/36148"}],"wp:attachment":[{"href":"https:\/\/rosagres.com\/fr\/wp-json\/wp\/v2\/media?parent=36194"}],"curies":[{"name":"wp","href":"https:\/\/api.w.org\/{rel}","templated":true}]}}