{"id":43389,"date":"2025-08-25T20:06:29","date_gmt":"2025-08-25T18:06:29","guid":{"rendered":"https:\/\/rosagres.com\/piscines-a-debordement\/miminal-system\/"},"modified":"2025-08-26T18:28:39","modified_gmt":"2025-08-26T16:28:39","slug":"miminal-system","status":"publish","type":"page","link":"https:\/\/rosagres.com\/fr\/piscines-a-debordement\/miminal-system\/","title":{"rendered":"Miminal System"},"content":{"rendered":"<div class=\"wpb-content-wrapper\"><p>[vc_row][vc_column]<style>.thegem-te-post-breadcrumbs.thegem-custom-69db91ca8d6802473 .post-breadcrumbs {justify-content: left; text-align: left;}.thegem-te-post-breadcrumbs.thegem-custom-69db91ca8d6802473 .post-breadcrumbs ul {justify-content: left; text-align: left;}<\/style><div class=\"thegem-te-post-breadcrumbs thegem-custom-69db91ca8d6802473\"> <div class=\"post-breadcrumbs\"><ul><li><a href=\"https:\/\/rosagres.com\/fr\/\">Accueil<\/a><\/li><\/ul><!-- .breadcrumbs --><\/div> <\/div>[\/vc_column][\/vc_row][vc_row css=\u00a0\u00bb.vc_custom_1756143921312{margin-bottom: 0px !important;}\u00a0\u00bb][vc_column][vc_empty_space height=\u00a0\u00bb12px\u00a0\u00bb el_class=\u00a0\u00bbmobile\u00a0\u00bb][vc_column_text css=\u00a0\u00bb\u00a0\u00bb el_class=\u00a0\u00bbh2-destacado\u00a0\u00bb]<\/p>\n<h2 style=\"text-align: center; color: #00bfab;\">D\u00e9couvrir le nouveau <br class=\"mobile\" \/>Minimal System<\/h2>\n<p>[\/vc_column_text][vc_column_text css=\u00a0\u00bb\u00a0\u00bb el_class=\u00a0\u00bbtexto-destacado\u00a0\u00bb]<\/p>\n<p class=\"p1\" style=\"text-align: center;\">L\u2019unique syst\u00e8me \u00e0 d\u00e9bordement cach\u00e9 avec un canal accessible<\/p>\n<p>[\/vc_column_text][vc_empty_space][\/vc_column][\/vc_row][vc_row full_width=\u00a0\u00bbstretch_row_content_no_spaces\u00a0\u00bb video_background_type=\u00a0\u00bbself\u00a0\u00bb css=\u00a0\u00bb.vc_custom_1753720610617{margin-bottom: 0px !important;}\u00a0\u00bb][vc_column][vc_single_image image=\u00a0\u00bb43130&Prime; img_size=\u00a0\u00bbfull\u00a0\u00bb alignment=\u00a0\u00bbcenter\u00a0\u00bb css=\u00a0\u00bb.vc_custom_1753721130932{margin-bottom: 0px !important;}\u00a0\u00bb][\/vc_column][\/vc_row][vc_row full_width=\u00a0\u00bbstretch_row\u00a0\u00bb css=\u00a0\u00bb.vc_custom_1756147053103{margin-top: 0px !important;margin-bottom: 0px !important;padding-top: 21px !important;padding-right: 10px !important;padding-bottom: 21px !important;padding-left: 10px !important;background-color: #f9f9fa !important;}\u00a0\u00bb][vc_column][vc_column_text css=\u00a0\u00bb\u00a0\u00bb el_class=\u00a0\u00bbtexto-destacado h2-destacado-2&Prime;]<\/p>\n<h2 style=\"text-align: center;\">L\u2019unique syst\u00e8me \u00e0 d\u00e9bordement cach\u00e9 avec un canal accessible<\/h2>\n<p>[\/vc_column_text][vc_empty_space][\/vc_column][\/vc_row][vc_row gap=\u00a0\u00bb1&Prime;][vc_column][vc_single_image image=\u00a0\u00bb43376&Prime; img_size=\u00a0\u00bb83&#215;83&Prime; alignment=\u00a0\u00bbcenter\u00a0\u00bb css=\u00a0\u00bb.vc_custom_1756146492024{margin-top: -80px !important;}\u00a0\u00bb][vc_empty_space][vc_btn title=\u00a0\u00bbT\u00c9L\u00c9CHARGER LE CATALOGUE MINIMAL\u00a0\u00bb size=\u00a0\u00bblg\u00a0\u00bb align=\u00a0\u00bbcenter\u00a0\u00bb css=\u00a0\u00bb\u00a0\u00bb link=\u00a0\u00bburl:https%3A%2F%2Frosagres.com%2Fupload%2Fcatalogos%2Fcatalogo-rosa-gres-MINIMAL.pdf|target:_blank|\u00a0\u00bb][vc_empty_space][vc_row_inner equal_height=\u00a0\u00bbyes\u00a0\u00bb content_placement=\u00a0\u00bbtop\u00a0\u00bb gap=\u00a0\u00bb5&Prime;][vc_column_inner width=\u00a0\u00bb1\/3&Prime;][vc_single_image image=\u00a0\u00bb43136&Prime; img_size=\u00a0\u00bb80&#215;80&Prime; alignment=\u00a0\u00bbcenter\u00a0\u00bb css=\u00a0\u00bb\u00a0\u00bb][vc_column_text css=\u00a0\u00bb.vc_custom_1756144007423{padding-top: 40px !important;padding-right: 20px !important;padding-bottom: 40px !important;padding-left: 20px !important;}\u00a0\u00bb el_class=\u00a0\u00bbtexto-destacado\u00a0\u00bb]<\/p>\n<p class=\"p1\" style=\"text-align: center;\">Une installation simple<br \/>\net efficace<\/p>\n<p>[\/vc_column_text][vc_empty_space][\/vc_column_inner][vc_column_inner width=\u00a0\u00bb1\/3&Prime;][vc_single_image image=\u00a0\u00bb43139&Prime; img_size=\u00a0\u00bb80&#215;80&Prime; alignment=\u00a0\u00bbcenter\u00a0\u00bb css=\u00a0\u00bb\u00a0\u00bb][vc_column_text css=\u00a0\u00bb.vc_custom_1756144013948{padding-top: 40px !important;padding-right: 20px !important;padding-bottom: 40px !important;padding-left: 20px !important;}\u00a0\u00bb el_class=\u00a0\u00bbtexto-destacado\u00a0\u00bb]<\/p>\n<p class=\"p1\" style=\"text-align: center;\">Adaptable \u00e0<br \/>\ndiff\u00e9rents mod\u00e8les<\/p>\n<p>[\/vc_column_text][vc_empty_space height=\u00a0\u00bb15px\u00a0\u00bb][\/vc_column_inner][vc_column_inner width=\u00a0\u00bb1\/3&Prime;][vc_single_image image=\u00a0\u00bb43142&Prime; img_size=\u00a0\u00bb80&#215;80&Prime; alignment=\u00a0\u00bbcenter\u00a0\u00bb css=\u00a0\u00bb\u00a0\u00bb][vc_column_text css=\u00a0\u00bb.vc_custom_1753721366448{padding-top: 40px !important;padding-right: 20px !important;padding-bottom: 40px !important;padding-left: 20px !important;}\u00a0\u00bb el_class=\u00a0\u00bbtexto-destacado\u00a0\u00bb]<\/p>\n<p class=\"p1\" style=\"text-align: center;\">Esth\u00e9tique minimaliste<\/p>\n<p>[\/vc_column_text][vc_empty_space height=\u00a0\u00bb15px\u00a0\u00bb el_class=\u00a0\u00bbmobile\u00a0\u00bb][vc_empty_space el_class=\u00a0\u00bbno-mobile\u00a0\u00bb][\/vc_column_inner][\/vc_row_inner][vc_row_inner equal_height=\u00a0\u00bbyes\u00a0\u00bb content_placement=\u00a0\u00bbtop\u00a0\u00bb gap=\u00a0\u00bb5&Prime;][vc_column_inner width=\u00a0\u00bb1\/3&Prime;][vc_single_image image=\u00a0\u00bb43145&Prime; img_size=\u00a0\u00bb80&#215;80&Prime; alignment=\u00a0\u00bbcenter\u00a0\u00bb css=\u00a0\u00bb\u00a0\u00bb][vc_column_text css=\u00a0\u00bb.vc_custom_1753721725755{padding-top: 40px !important;padding-right: 20px !important;padding-bottom: 40px !important;padding-left: 20px !important;}\u00a0\u00bb el_class=\u00a0\u00bbtexto-destacado\u00a0\u00bb]<\/p>\n<p class=\"p1\" style=\"text-align: center;\">Une propret\u00e9 extr\u00eame<\/p>\n<p>[\/vc_column_text][vc_empty_space][\/vc_column_inner][vc_column_inner width=\u00a0\u00bb1\/3&Prime;][vc_single_image image=\u00a0\u00bb43148&Prime; img_size=\u00a0\u00bb80&#215;80&Prime; alignment=\u00a0\u00bbcenter\u00a0\u00bb css=\u00a0\u00bb\u00a0\u00bb][vc_column_text css=\u00a0\u00bb.vc_custom_1756144034567{padding-top: 40px !important;padding-right: 20px !important;padding-bottom: 40px !important;padding-left: 20px !important;}\u00a0\u00bb el_class=\u00a0\u00bbtexto-destacado\u00a0\u00bb]<\/p>\n<p class=\"p1\" style=\"text-align: center;\">Maintenance<br \/>\nzero problems<\/p>\n<p>[\/vc_column_text][vc_empty_space height=\u00a0\u00bb15px\u00a0\u00bb][\/vc_column_inner][vc_column_inner width=\u00a0\u00bb1\/3&Prime;][vc_single_image image=\u00a0\u00bb43151&Prime; img_size=\u00a0\u00bb80&#215;80&Prime; alignment=\u00a0\u00bbcenter\u00a0\u00bb css=\u00a0\u00bb\u00a0\u00bb][vc_column_text css=\u00a0\u00bb.vc_custom_1756144040385{padding-top: 40px !important;padding-right: 20px !important;padding-bottom: 40px !important;padding-left: 20px !important;}\u00a0\u00bb el_class=\u00a0\u00bbtexto-destacado\u00a0\u00bb]<\/p>\n<p class=\"p1\" style=\"text-align: center;\">GR\u00c8S C\u00c9RAME<br \/>\nDE HAUTE QUALIT\u00c9<\/p>\n<p>[\/vc_column_text][vc_empty_space height=\u00a0\u00bb15px\u00a0\u00bb el_class=\u00a0\u00bbmobile\u00a0\u00bb][vc_empty_space el_class=\u00a0\u00bbno-mobile\u00a0\u00bb][\/vc_column_inner][\/vc_row_inner][vc_empty_space][\/vc_column][\/vc_row][vc_row el_class=\u00a0\u00bbaumenta\u00a0\u00bb][vc_column][vc_empty_space height=\u00a0\u00bb10px\u00a0\u00bb][vc_column_text css=\u00a0\u00bb\u00a0\u00bb el_class=\u00a0\u00bbh3-destacado-2&Prime;]<\/p>\n<h3 style=\"text-align: center;\">Minimal avec BR6 \/ BR9<\/h3>\n<p>[\/vc_column_text][vc_empty_space height=\u00a0\u00bb12px\u00a0\u00bb][vc_row_inner el_disable_mobile=\u00a0\u00bb1&Prime; css=\u00a0\u00bb.vc_custom_1756146534286{margin-bottom: 0px !important;}\u00a0\u00bb][vc_column_inner][vc_single_image image=\u00a0\u00bb43355&Prime; img_size=\u00a0\u00bbfull\u00a0\u00bb alignment=\u00a0\u00bbcenter\u00a0\u00bb css=\u00a0\u00bb\u00a0\u00bb][\/vc_column_inner][\/vc_row_inner][vc_row_inner el_disable_desktop=\u00a0\u00bb1&Prime; el_disable_tablet=\u00a0\u00bb1&Prime; css=\u00a0\u00bb.vc_custom_1756146789887{margin-bottom: 0px !important;}\u00a0\u00bb][vc_column_inner][vc_single_image image=\u00a0\u00bb43380&Prime; img_size=\u00a0\u00bbfull\u00a0\u00bb alignment=\u00a0\u00bbcenter\u00a0\u00bb css=\u00a0\u00bb\u00a0\u00bb][\/vc_column_inner][\/vc_row_inner][vc_empty_space][\/vc_column][\/vc_row][vc_row full_width=\u00a0\u00bbstretch_row_content_no_spaces\u00a0\u00bb][vc_column][vc_single_image image=\u00a0\u00bb43359&Prime; img_size=\u00a0\u00bbfull\u00a0\u00bb css=\u00a0\u00bb\u00a0\u00bb el_class=\u00a0\u00bbaumenta\u00a0\u00bb][\/vc_column][\/vc_row][vc_row el_class=\u00a0\u00bbaumenta\u00a0\u00bb][vc_column][vc_empty_space][vc_empty_space height=\u00a0\u00bb10px\u00a0\u00bb][vc_column_text css=\u00a0\u00bb\u00a0\u00bb el_class=\u00a0\u00bbh3-destacado-2&Prime;]<\/p>\n<h3 style=\"text-align: center;\">Minimal avec I31 + 647<\/h3>\n<p>[\/vc_column_text][vc_empty_space height=\u00a0\u00bb12px\u00a0\u00bb][vc_row_inner el_disable_mobile=\u00a0\u00bb1&Prime;][vc_column_inner][vc_single_image image=\u00a0\u00bb43160&Prime; img_size=\u00a0\u00bbfull\u00a0\u00bb alignment=\u00a0\u00bbcenter\u00a0\u00bb css=\u00a0\u00bb\u00a0\u00bb][\/vc_column_inner][\/vc_row_inner][vc_row_inner el_disable_desktop=\u00a0\u00bb1&Prime; el_disable_tablet=\u00a0\u00bb1&Prime;][vc_column_inner][vc_single_image image=\u00a0\u00bb43383&Prime; img_size=\u00a0\u00bbfull\u00a0\u00bb alignment=\u00a0\u00bbcenter\u00a0\u00bb css=\u00a0\u00bb\u00a0\u00bb][\/vc_column_inner][\/vc_row_inner][\/vc_column][\/vc_row][vc_row full_width=\u00a0\u00bbstretch_row_content_no_spaces\u00a0\u00bb el_class=\u00a0\u00bbaumenta\u00a0\u00bb][vc_column][vc_single_image image=\u00a0\u00bb43368&Prime; img_size=\u00a0\u00bbfull\u00a0\u00bb alignment=\u00a0\u00bbcenter\u00a0\u00bb css=\u00a0\u00bb\u00a0\u00bb][\/vc_column][\/vc_row]<\/p>\n<\/div>","protected":false},"excerpt":{"rendered":"<p>[vc_row][vc_column][\/vc_column][\/vc_row][vc_row css=\u00a0\u00bb.vc_custom_1756143921312{margin-bottom: 0px !important;}\u00a0\u00bb][vc_column][vc_empty_space height=\u00a0\u00bb12px\u00a0\u00bb el_class=\u00a0\u00bbmobile\u00a0\u00bb][vc_column_text css=\u00a0\u00bb\u00a0\u00bb el_class=\u00a0\u00bbh2-destacado\u00a0\u00bb] D\u00e9couvrir le nouveau Minimal System [\/vc_column_text][vc_column_text css=\u00a0\u00bb\u00a0\u00bb el_class=\u00a0\u00bbtexto-destacado\u00a0\u00bb] L\u2019unique syst\u00e8me \u00e0 d\u00e9bordement&#8230;<\/p>\n","protected":false},"author":1,"featured_media":0,"parent":33700,"menu_order":0,"comment_status":"closed","ping_status":"closed","template":"","meta":{"footnotes":""},"class_list":["post-43389","page","type-page","status-publish"],"_links":{"self":[{"href":"https:\/\/rosagres.com\/fr\/wp-json\/wp\/v2\/pages\/43389","targetHints":{"allow":["GET"]}}],"collection":[{"href":"https:\/\/rosagres.com\/fr\/wp-json\/wp\/v2\/pages"}],"about":[{"href":"https:\/\/rosagres.com\/fr\/wp-json\/wp\/v2\/types\/page"}],"author":[{"embeddable":true,"href":"https:\/\/rosagres.com\/fr\/wp-json\/wp\/v2\/users\/1"}],"replies":[{"embeddable":true,"href":"https:\/\/rosagres.com\/fr\/wp-json\/wp\/v2\/comments?post=43389"}],"version-history":[{"count":0,"href":"https:\/\/rosagres.com\/fr\/wp-json\/wp\/v2\/pages\/43389\/revisions"}],"up":[{"embeddable":true,"href":"https:\/\/rosagres.com\/fr\/wp-json\/wp\/v2\/pages\/33700"}],"wp:attachment":[{"href":"https:\/\/rosagres.com\/fr\/wp-json\/wp\/v2\/media?parent=43389"}],"curies":[{"name":"wp","href":"https:\/\/api.w.org\/{rel}","templated":true}]}}