{"id":33562,"date":"2024-08-30T18:30:18","date_gmt":"2024-08-30T16:30:18","guid":{"rendered":"https:\/\/rosagres.com\/producto\/systeme-de-debordement-s9-smart\/"},"modified":"2025-11-24T22:56:38","modified_gmt":"2025-11-24T21:56:38","slug":"systeme-de-debordement-s9-smart","status":"publish","type":"product","link":"https:\/\/rosagres.com\/fr\/sol-gres-cerame\/systeme-constructif-piscine\/systeme-de-debordement-s9-smart\/","title":{"rendered":"Syst\u00e8me de d\u00e9bordement S9 Smart"},"content":{"rendered":"<div class=\"wpb-content-wrapper\"><p>[vc_row css=\u00a0\u00bb.vc_custom_1763405651206{padding-top: 50px !important;padding-bottom: 20px !important;}\u00a0\u00bb][vc_column width=\u00a0\u00bb1\/2&Prime;][vc_column_text css=\u00a0\u00bb\u00a0\u00bb]<\/p>\n<h3 class=\"p1\"><b>Margelles Syst\u00e8me Smart <\/b><\/h3>\n<p>[\/vc_column_text][vc_empty_space height=\u00a0\u00bb22px\u00a0\u00bb][vc_row_inner el_class=\u00a0\u00bbcolumna-10&Prime;][vc_column_inner width=\u00a0\u00bb1\/4&Prime; offset=\u00a0\u00bbvc_col-xs-6&Prime;][vc_single_image image=\u00a0\u00bb44379&Prime; img_size=\u00a0\u00bbfull\u00a0\u00bb css=\u00a0\u00bb\u00a0\u00bb][vc_column_text css=\u00a0\u00bb\u00a0\u00bb]<\/p>\n<p style=\"text-align: center;\"><strong>J62 Anti-Slip<br \/>\n<\/strong> 62,6 x 31 x 3,8<\/p>\n<p>[\/vc_column_text][\/vc_column_inner][vc_column_inner width=\u00a0\u00bb1\/4&Prime; offset=\u00a0\u00bbvc_col-xs-6&Prime;][vc_single_image image=\u00a0\u00bb44380&Prime; img_size=\u00a0\u00bbfull\u00a0\u00bb css=\u00a0\u00bb\u00a0\u00bb][vc_column_text css=\u00a0\u00bb\u00a0\u00bb]<\/p>\n<p style=\"text-align: center;\"><strong> IJ6 Anti-Slip<br \/>\n<\/strong> 31 x 31 x 31<\/p>\n<p>[\/vc_column_text][\/vc_column_inner][vc_column_inner width=\u00a0\u00bb1\/4&Prime; offset=\u00a0\u00bbvc_col-xs-6&Prime;][vc_single_image image=\u00a0\u00bb44381&Prime; img_size=\u00a0\u00bbfull\u00a0\u00bb css=\u00a0\u00bb\u00a0\u00bb][vc_column_text css=\u00a0\u00bb\u00a0\u00bb]<\/p>\n<p style=\"text-align: center;\"><strong> EJ6 Anti-Slip<br \/>\n<\/strong> 62,6 x 62,6 x 31<\/p>\n<p>[\/vc_column_text][\/vc_column_inner][vc_column_inner width=\u00a0\u00bb1\/4&Prime; offset=\u00a0\u00bbvc_col-xs-6&Prime;][vc_single_image image=\u00a0\u00bb44382&Prime; img_size=\u00a0\u00bbfull\u00a0\u00bb css=\u00a0\u00bb\u00a0\u00bb][vc_column_text css=\u00a0\u00bb\u00a0\u00bb]<\/p>\n<p style=\"text-align: center;\"><strong> EJE<br \/>\n<\/strong> 4 x 4<\/p>\n<p>[\/vc_column_text][\/vc_column_inner][\/vc_row_inner][\/vc_column][vc_column width=\u00a0\u00bb1\/2&Prime;][vc_empty_space height=\u00a0\u00bb75px\u00a0\u00bb el_class=\u00a0\u00bbmobile\u00a0\u00bb][\/vc_column][\/vc_row][vc_row][vc_column][vc_column_text css=\u00a0\u00bb\u00a0\u00bb]<\/p>\n<h2 class=\"p1\"><b>Syst\u00e8me de construction S9 pour le Syst\u00e8me \u00e0 d\u00e9bordement Smart<\/b><\/h2>\n<p>[\/vc_column_text][vc_empty_space][vc_column_text css=\u00a0\u00bb\u00a0\u00bb el_class=\u00a0\u00bbtexto-destacado\u00a0\u00bb]<\/p>\n<p class=\"p1\">Il se compose d&rsquo;une s\u00e9rie de blocs en b\u00e9ton parfaitement compatibles avec les pi\u00e8ces en c\u00e9ramique du <b>Syst\u00e8me \u00e0 d\u00e9bordement Smart<\/b>.<\/p>\n<p>[\/vc_column_text][vc_empty_space][vc_single_image image=\u00a0\u00bb44383&Prime; img_size=\u00a0\u00bbfull\u00a0\u00bb alignment=\u00a0\u00bbcenter\u00a0\u00bb css=\u00a0\u00bb\u00a0\u00bb][\/vc_column][\/vc_row]<\/p>\n<\/div>","protected":false},"excerpt":{"rendered":"<p class=\"p1\">Il s\u2019agit d\u2019un syst\u00e8me \u00e0 d\u00e9bordement longitudinal invisible.<\/p>\n<p>&nbsp;<\/p>\n<p class=\"p1\">Il permet de maintenir le niveau de l\u2019eau en-dessous de la plage. Il emp\u00eache ainsi l\u2019eau de d\u00e9border hors de la piscine.<\/p>\n<p>&nbsp;<\/p>\n<p class=\"p1\">Il est con\u00e7u de telle fa\u00e7on que les nageurs peuvent s\u2019y agripper commod\u00e9ment.<\/p>\n","protected":false},"featured_media":44373,"template":"","meta":[],"product_brand":[],"product_cat":[88],"product_tag":[],"class_list":{"0":"post-33562","1":"product","2":"type-product","3":"status-publish","4":"has-post-thumbnail","6":"product_cat-systeme-constructif-piscine","8":"first","9":"instock","10":"shipping-taxable","11":"product-type-simple"},"_links":{"self":[{"href":"https:\/\/rosagres.com\/fr\/wp-json\/wp\/v2\/product\/33562","targetHints":{"allow":["GET"]}}],"collection":[{"href":"https:\/\/rosagres.com\/fr\/wp-json\/wp\/v2\/product"}],"about":[{"href":"https:\/\/rosagres.com\/fr\/wp-json\/wp\/v2\/types\/product"}],"wp:featuredmedia":[{"embeddable":true,"href":"https:\/\/rosagres.com\/fr\/wp-json\/wp\/v2\/media\/44373"}],"wp:attachment":[{"href":"https:\/\/rosagres.com\/fr\/wp-json\/wp\/v2\/media?parent=33562"}],"wp:term":[{"taxonomy":"product_brand","embeddable":true,"href":"https:\/\/rosagres.com\/fr\/wp-json\/wp\/v2\/product_brand?post=33562"},{"taxonomy":"product_cat","embeddable":true,"href":"https:\/\/rosagres.com\/fr\/wp-json\/wp\/v2\/product_cat?post=33562"},{"taxonomy":"product_tag","embeddable":true,"href":"https:\/\/rosagres.com\/fr\/wp-json\/wp\/v2\/product_tag?post=33562"}],"curies":[{"name":"wp","href":"https:\/\/api.w.org\/{rel}","templated":true}]}}