{"id":33570,"date":"2024-08-30T17:51:21","date_gmt":"2024-08-30T15:51:21","guid":{"rendered":"https:\/\/rosagres.com\/producto\/systeme-de-debordement-s9-finlandes\/"},"modified":"2025-09-16T14:18:18","modified_gmt":"2025-09-16T12:18:18","slug":"systeme-de-debordement-s9-finlandes","status":"publish","type":"product","link":"https:\/\/rosagres.com\/fr\/sol-gres-cerame\/systeme-constructif-piscine\/systeme-de-debordement-s9-finlandes\/","title":{"rendered":"Syst\u00e8me de d\u00e9bordement S9 Finland\u00e9s"},"content":{"rendered":"","protected":false},"excerpt":{"rendered":"<p>&nbsp;<\/p>\n<p>&nbsp;<\/p>\n","protected":false},"featured_media":26604,"template":"","meta":[],"product_brand":[],"product_cat":[88],"product_tag":[],"class_list":{"0":"post-33570","1":"product","2":"type-product","3":"status-publish","4":"has-post-thumbnail","6":"product_cat-systeme-constructif-piscine","8":"first","9":"instock","10":"shipping-taxable","11":"product-type-simple"},"_links":{"self":[{"href":"https:\/\/rosagres.com\/fr\/wp-json\/wp\/v2\/product\/33570","targetHints":{"allow":["GET"]}}],"collection":[{"href":"https:\/\/rosagres.com\/fr\/wp-json\/wp\/v2\/product"}],"about":[{"href":"https:\/\/rosagres.com\/fr\/wp-json\/wp\/v2\/types\/product"}],"wp:featuredmedia":[{"embeddable":true,"href":"https:\/\/rosagres.com\/fr\/wp-json\/wp\/v2\/media\/26604"}],"wp:attachment":[{"href":"https:\/\/rosagres.com\/fr\/wp-json\/wp\/v2\/media?parent=33570"}],"wp:term":[{"taxonomy":"product_brand","embeddable":true,"href":"https:\/\/rosagres.com\/fr\/wp-json\/wp\/v2\/product_brand?post=33570"},{"taxonomy":"product_cat","embeddable":true,"href":"https:\/\/rosagres.com\/fr\/wp-json\/wp\/v2\/product_cat?post=33570"},{"taxonomy":"product_tag","embeddable":true,"href":"https:\/\/rosagres.com\/fr\/wp-json\/wp\/v2\/product_tag?post=33570"}],"curies":[{"name":"wp","href":"https:\/\/api.w.org\/{rel}","templated":true}]}}