{"id":33586,"date":"2024-08-30T17:28:24","date_gmt":"2024-08-30T15:28:24","guid":{"rendered":"https:\/\/rosagres.com\/producto\/systeme-10-pour-piscines-en-beton-prefabrique\/"},"modified":"2025-02-13T16:04:54","modified_gmt":"2025-02-13T15:04:54","slug":"systeme-10-pour-piscines-en-beton-prefabrique","status":"publish","type":"product","link":"https:\/\/rosagres.com\/fr\/sol-gres-cerame\/systeme-constructif-piscine\/systeme-10-pour-piscines-en-beton-prefabrique\/","title":{"rendered":"Syst\u00e8me 10 pour piscines en b\u00e9ton pr\u00e9fabriqu\u00e9"},"content":{"rendered":"","protected":false},"excerpt":{"rendered":"<p>&nbsp;<\/p>\n<p>&nbsp;<\/p>\n[gem_button text=\"T\u00e9l\u00e9charger Fiche technique Syst\u00e8me 10\" position=\"left\" corner=\"3\" size=\"small\" icon_pack=\"elegant\" link=\"url:https%3A%2F%2Frosagres.com%2Fupload%2Ffichas%2Frosa-gres-ficha-tecnica-sistema-s10-fr.pdf|target:_blank\" background_color=\"#ffffff\" text_color=\"#000000\" extra_class=\"btn-white\"]\n<p>&nbsp;<\/p>\n","protected":false},"featured_media":26580,"template":"","meta":[],"product_brand":[],"product_cat":[88],"product_tag":[],"class_list":{"0":"post-33586","1":"product","2":"type-product","3":"status-publish","4":"has-post-thumbnail","6":"product_cat-systeme-constructif-piscine","8":"first","9":"instock","10":"shipping-taxable","11":"product-type-simple"},"_links":{"self":[{"href":"https:\/\/rosagres.com\/fr\/wp-json\/wp\/v2\/product\/33586","targetHints":{"allow":["GET"]}}],"collection":[{"href":"https:\/\/rosagres.com\/fr\/wp-json\/wp\/v2\/product"}],"about":[{"href":"https:\/\/rosagres.com\/fr\/wp-json\/wp\/v2\/types\/product"}],"wp:featuredmedia":[{"embeddable":true,"href":"https:\/\/rosagres.com\/fr\/wp-json\/wp\/v2\/media\/26580"}],"wp:attachment":[{"href":"https:\/\/rosagres.com\/fr\/wp-json\/wp\/v2\/media?parent=33586"}],"wp:term":[{"taxonomy":"product_brand","embeddable":true,"href":"https:\/\/rosagres.com\/fr\/wp-json\/wp\/v2\/product_brand?post=33586"},{"taxonomy":"product_cat","embeddable":true,"href":"https:\/\/rosagres.com\/fr\/wp-json\/wp\/v2\/product_cat?post=33586"},{"taxonomy":"product_tag","embeddable":true,"href":"https:\/\/rosagres.com\/fr\/wp-json\/wp\/v2\/product_tag?post=33586"}],"curies":[{"name":"wp","href":"https:\/\/api.w.org\/{rel}","templated":true}]}}