{"id":42907,"date":"2025-04-16T19:19:34","date_gmt":"2025-04-16T17:19:34","guid":{"rendered":"https:\/\/rosagres.com\/landing\/?page_id=42907"},"modified":"2025-04-16T19:19:34","modified_gmt":"2025-04-16T17:19:34","slug":"handler-finden","status":"publish","type":"page","link":"https:\/\/rosagres.com\/landing\/unique-pools-osterreich\/handler-finden\/","title":{"rendered":"H\u00e4ndler finden"},"content":{"rendered":"<div class=\"wpb-content-wrapper\"><p>[vc_row][vc_column]<style>.thegem-te-post-breadcrumbs.thegem-custom-69ea536265d7d8758 .post-breadcrumbs {justify-content: left; text-align: left;}.thegem-te-post-breadcrumbs.thegem-custom-69ea536265d7d8758 .post-breadcrumbs ul {justify-content: left; text-align: left;}<\/style><div class=\"thegem-te-post-breadcrumbs vc-element-hide--mobile thegem-custom-69ea536265d7d8758\"> <div class=\"post-breadcrumbs\"><ul><li><a href=\"https:\/\/rosagres.com\/landing\/\">Home<\/a><\/li><\/ul><!-- .breadcrumbs --><\/div> <\/div>[vc_empty_space height=\u00bb22px\u00bb][vc_empty_space height=\u00bb22px\u00bb][vc_column_text css=\u00bb\u00bb]<\/p>\n<h2 style=\"font-weight: 400;\">H\u00e4ndler finden<\/h2>\n<p>[\/vc_column_text][vc_empty_space height=\u00bb12px\u00bb][vc_separator align=\u00bbalign_left\u00bb css=\u00bb.vc_custom_1726141506637{padding-left: 0px !important;}\u00bb][vc_empty_space height=\u00bb22px\u00bb][vc_column_text css=\u00bb\u00bb]Wenn Sie wissen m\u00f6chten, wo Sie unsere Produkte finden k\u00f6nnen, teilen Sie uns bitte Ihre Kontaktdaten mit. Wir werden Sie dann an den n\u00e4chstgelegenen H\u00e4ndler verweisen.[\/vc_column_text][\/vc_column][\/vc_row][vc_row css=\u00bb.vc_custom_1742555412754{margin-top: -10px !important;}\u00bb][vc_column width=\u00bb1\/6&#8243;][\/vc_column][vc_column width=\u00bb2\/3&#8243;][vc_column_text css=\u00bb\u00bb]<script type=\"text\/javascript\" src=\"https:\/\/api.clientify.net\/web-marketing\/superforms\/script\/236327.js\"><\/script>[\/vc_column_text][vc_column_text]<\/p>\n<p>&nbsp;<\/p>\n<p>[\/vc_column_text][vc_empty_space][\/vc_column][vc_column width=\u00bb1\/6&#8243;][\/vc_column][\/vc_row]<\/p>\n<\/div>","protected":false},"excerpt":{"rendered":"<p>[vc_row][vc_column][vc_empty_space height=\u00bb22px\u00bb][vc_empty_space height=\u00bb22px\u00bb][vc_column_text css=\u00bb\u00bb] H\u00e4ndler finden [\/vc_column_text][vc_empty_space height=\u00bb12px\u00bb][vc_separator align=\u00bbalign_left\u00bb css=\u00bb.vc_custom_1726141506637{padding-left: 0px !important;}\u00bb][vc_empty_space height=\u00bb22px\u00bb][vc_column_text css=\u00bb\u00bb]Wenn Sie wissen m\u00f6chten, wo Sie unsere&#8230;<\/p>\n","protected":false},"author":1,"featured_media":0,"parent":42893,"menu_order":0,"comment_status":"closed","ping_status":"closed","template":"","meta":{"footnotes":""},"class_list":["post-42907","page","type-page","status-publish"],"yoast_head":"<!-- This site is optimized with the Yoast SEO plugin v27.2 - https:\/\/yoast.com\/product\/yoast-seo-wordpress\/ -->\n<title>H\u00e4ndler finden | Rosa Gres Unique Pools<\/title>\n<meta name=\"robots\" content=\"index, follow, max-snippet:-1, max-image-preview:large, max-video-preview:-1\" \/>\n<link rel=\"canonical\" href=\"https:\/\/rosagres.com\/landing\/unique-pools-osterreich\/handler-finden\/\" \/>\n<meta property=\"og:locale\" content=\"es_ES\" \/>\n<meta property=\"og:type\" content=\"article\" \/>\n<meta property=\"og:title\" content=\"H\u00e4ndler finden | Rosa Gres Unique Pools\" \/>\n<meta property=\"og:description\" content=\"[vc_row][vc_column][vc_empty_space height=\u00bb22px\u00bb][vc_empty_space height=\u00bb22px\u00bb][vc_column_text css=\u00bb\u00bb] H\u00e4ndler finden [\/vc_column_text][vc_empty_space height=\u00bb12px\u00bb][vc_separator align=\u00bbalign_left\u00bb css=\u00bb.vc_custom_1726141506637{padding-left: 0px !important;}\u00bb][vc_empty_space height=\u00bb22px\u00bb][vc_column_text css=\u00bb\u00bb]Wenn Sie wissen m\u00f6chten, wo Sie unsere...\" \/>\n<meta property=\"og:url\" content=\"https:\/\/rosagres.com\/landing\/unique-pools-osterreich\/handler-finden\/\" \/>\n<meta property=\"og:site_name\" content=\"Rosa Gres Unique Pools\" \/>\n<meta name=\"twitter:card\" content=\"summary_large_image\" \/>\n<meta name=\"twitter:label1\" content=\"Tiempo de lectura\" \/>\n\t<meta name=\"twitter:data1\" content=\"1 minuto\" \/>\n<script type=\"application\/ld+json\" class=\"yoast-schema-graph\">{\"@context\":\"https:\/\/schema.org\",\"@graph\":[{\"@type\":\"WebPage\",\"@id\":\"https:\/\/rosagres.com\/landing\/unique-pools-osterreich\/handler-finden\/\",\"url\":\"https:\/\/rosagres.com\/landing\/unique-pools-osterreich\/handler-finden\/\",\"name\":\"H\u00e4ndler finden | Rosa Gres Unique Pools\",\"isPartOf\":{\"@id\":\"https:\/\/rosagres.com\/landing\/#website\"},\"datePublished\":\"2025-04-16T17:19:34+00:00\",\"breadcrumb\":{\"@id\":\"https:\/\/rosagres.com\/landing\/unique-pools-osterreich\/handler-finden\/#breadcrumb\"},\"inLanguage\":\"es\",\"potentialAction\":[{\"@type\":\"ReadAction\",\"target\":[\"https:\/\/rosagres.com\/landing\/unique-pools-osterreich\/handler-finden\/\"]}]},{\"@type\":\"BreadcrumbList\",\"@id\":\"https:\/\/rosagres.com\/landing\/unique-pools-osterreich\/handler-finden\/#breadcrumb\",\"itemListElement\":[{\"@type\":\"ListItem\",\"position\":1,\"name\":\"Portada\",\"item\":\"https:\/\/rosagres.com\/landing\/\"},{\"@type\":\"ListItem\",\"position\":2,\"name\":\"Ideen f\u00fcr die Gestaltung Ihres Schwimmbeckens aus Feinsteinzeug &#8211; \u00d6sterreich\",\"item\":\"https:\/\/rosagres.com\/landing\/unique-pools-osterreich\/\"},{\"@type\":\"ListItem\",\"position\":3,\"name\":\"H\u00e4ndler finden\"}]},{\"@type\":\"WebSite\",\"@id\":\"https:\/\/rosagres.com\/landing\/#website\",\"url\":\"https:\/\/rosagres.com\/landing\/\",\"name\":\"Rosa Gres Unique Pools\",\"description\":\"\",\"potentialAction\":[{\"@type\":\"SearchAction\",\"target\":{\"@type\":\"EntryPoint\",\"urlTemplate\":\"https:\/\/rosagres.com\/landing\/?s={search_term_string}\"},\"query-input\":{\"@type\":\"PropertyValueSpecification\",\"valueRequired\":true,\"valueName\":\"search_term_string\"}}],\"inLanguage\":\"es\"}]}<\/script>\n<!-- \/ Yoast SEO plugin. -->","yoast_head_json":{"title":"H\u00e4ndler finden | Rosa Gres Unique Pools","robots":{"index":"index","follow":"follow","max-snippet":"max-snippet:-1","max-image-preview":"max-image-preview:large","max-video-preview":"max-video-preview:-1"},"canonical":"https:\/\/rosagres.com\/landing\/unique-pools-osterreich\/handler-finden\/","og_locale":"es_ES","og_type":"article","og_title":"H\u00e4ndler finden | Rosa Gres Unique Pools","og_description":"[vc_row][vc_column][vc_empty_space height=\u00bb22px\u00bb][vc_empty_space height=\u00bb22px\u00bb][vc_column_text css=\u00bb\u00bb] H\u00e4ndler finden [\/vc_column_text][vc_empty_space height=\u00bb12px\u00bb][vc_separator align=\u00bbalign_left\u00bb css=\u00bb.vc_custom_1726141506637{padding-left: 0px !important;}\u00bb][vc_empty_space height=\u00bb22px\u00bb][vc_column_text css=\u00bb\u00bb]Wenn Sie wissen m\u00f6chten, wo Sie unsere...","og_url":"https:\/\/rosagres.com\/landing\/unique-pools-osterreich\/handler-finden\/","og_site_name":"Rosa Gres Unique Pools","twitter_card":"summary_large_image","twitter_misc":{"Tiempo de lectura":"1 minuto"},"schema":{"@context":"https:\/\/schema.org","@graph":[{"@type":"WebPage","@id":"https:\/\/rosagres.com\/landing\/unique-pools-osterreich\/handler-finden\/","url":"https:\/\/rosagres.com\/landing\/unique-pools-osterreich\/handler-finden\/","name":"H\u00e4ndler finden | Rosa Gres Unique Pools","isPartOf":{"@id":"https:\/\/rosagres.com\/landing\/#website"},"datePublished":"2025-04-16T17:19:34+00:00","breadcrumb":{"@id":"https:\/\/rosagres.com\/landing\/unique-pools-osterreich\/handler-finden\/#breadcrumb"},"inLanguage":"es","potentialAction":[{"@type":"ReadAction","target":["https:\/\/rosagres.com\/landing\/unique-pools-osterreich\/handler-finden\/"]}]},{"@type":"BreadcrumbList","@id":"https:\/\/rosagres.com\/landing\/unique-pools-osterreich\/handler-finden\/#breadcrumb","itemListElement":[{"@type":"ListItem","position":1,"name":"Portada","item":"https:\/\/rosagres.com\/landing\/"},{"@type":"ListItem","position":2,"name":"Ideen f\u00fcr die Gestaltung Ihres Schwimmbeckens aus Feinsteinzeug &#8211; \u00d6sterreich","item":"https:\/\/rosagres.com\/landing\/unique-pools-osterreich\/"},{"@type":"ListItem","position":3,"name":"H\u00e4ndler finden"}]},{"@type":"WebSite","@id":"https:\/\/rosagres.com\/landing\/#website","url":"https:\/\/rosagres.com\/landing\/","name":"Rosa Gres Unique Pools","description":"","potentialAction":[{"@type":"SearchAction","target":{"@type":"EntryPoint","urlTemplate":"https:\/\/rosagres.com\/landing\/?s={search_term_string}"},"query-input":{"@type":"PropertyValueSpecification","valueRequired":true,"valueName":"search_term_string"}}],"inLanguage":"es"}]}},"_links":{"self":[{"href":"https:\/\/rosagres.com\/landing\/wp-json\/wp\/v2\/pages\/42907","targetHints":{"allow":["GET"]}}],"collection":[{"href":"https:\/\/rosagres.com\/landing\/wp-json\/wp\/v2\/pages"}],"about":[{"href":"https:\/\/rosagres.com\/landing\/wp-json\/wp\/v2\/types\/page"}],"author":[{"embeddable":true,"href":"https:\/\/rosagres.com\/landing\/wp-json\/wp\/v2\/users\/1"}],"replies":[{"embeddable":true,"href":"https:\/\/rosagres.com\/landing\/wp-json\/wp\/v2\/comments?post=42907"}],"version-history":[{"count":0,"href":"https:\/\/rosagres.com\/landing\/wp-json\/wp\/v2\/pages\/42907\/revisions"}],"up":[{"embeddable":true,"href":"https:\/\/rosagres.com\/landing\/wp-json\/wp\/v2\/pages\/42893"}],"wp:attachment":[{"href":"https:\/\/rosagres.com\/landing\/wp-json\/wp\/v2\/media?parent=42907"}],"curies":[{"name":"wp","href":"https:\/\/api.w.org\/{rel}","templated":true}]}}