{"id":42985,"date":"2025-04-23T23:13:15","date_gmt":"2025-04-23T21:13:15","guid":{"rendered":"https:\/\/rosagres.com\/landing\/?page_id=42985"},"modified":"2025-05-01T16:58:06","modified_gmt":"2025-05-01T14:58:06","slug":"unique-pools-rosa-gres","status":"publish","type":"page","link":"https:\/\/rosagres.com\/landing\/","title":{"rendered":"Unique Pools"},"content":{"rendered":"<div class=\"wpb-content-wrapper\"><p>[vc_row][vc_column][vc_column_text css=\u00bb\u00bb]<a href=\"https:\/\/rosagres.com\/landing\/unique-pools-osterreich\/\">Ideen f\u00fcr die Gestaltung Ihres Schwimmbeckens aus Feinsteinzeug<\/a><\/p>\n<p><a href=\"https:\/\/rosagres.com\/landing\/piscine-unique-pools-romania\/\">Idei pentru proiectarea piscinei tale cu gresie por\u021belanat\u0103<\/a><\/p>\n<p><a href=\"https:\/\/rosagres.com\/landing\/piscines-unique-pools-france\/\">Id\u00e9es pour cr\u00e9er votre piscine en gr\u00e8s c\u00e9rame \u2013 France<\/a><\/p>\n<p><a href=\"https:\/\/rosagres.com\/landing\/piscinas-unique-pools\/\">Ideas para dise\u00f1ar tu piscina de gres porcel\u00e1nico \u2013 Espa\u00f1a<\/a><\/p>\n<p><a href=\"https:\/\/rosagres.com\/landing\/piscinas-unique-pools-portugal\/\">Ideias para desenhar a sua piscina em gr\u00e9s porcel\u00e2nico \u2013 Portugal<\/a><\/p>\n<p><a href=\"https:\/\/rosagres.com\/landing\/unique-pools-uk\/\">Unique Pools by Rosa Gres \u2013 UK<\/a><\/p>\n<p><a href=\"https:\/\/rosagres.com\/landing\/albercas-unique-pools-mexico\/\">Ideas para dise\u00f1ar tu alberca de gres porcel\u00e1nico<\/a>[\/vc_column_text][\/vc_column][\/vc_row]<\/p>\n<\/div>","protected":false},"excerpt":{"rendered":"<p>[vc_row][vc_column][vc_column_text css=\u00bb\u00bb]Ideen f\u00fcr die Gestaltung Ihres Schwimmbeckens aus Feinsteinzeug Idei pentru proiectarea piscinei tale cu gresie por\u021belanat\u0103 Id\u00e9es pour cr\u00e9er&#8230;<\/p>\n","protected":false},"author":1,"featured_media":0,"parent":0,"menu_order":0,"comment_status":"closed","ping_status":"closed","template":"","meta":{"footnotes":""},"class_list":["post-42985","page","type-page","status-publish"],"yoast_head":"<!-- This site is optimized with the Yoast SEO plugin v27.2 - https:\/\/yoast.com\/product\/yoast-seo-wordpress\/ -->\n<title>Unique Pools | Rosa Gres Unique Pools<\/title>\n<meta name=\"robots\" content=\"noindex, nofollow\" \/>\n<meta property=\"og:locale\" content=\"es_ES\" \/>\n<meta property=\"og:type\" content=\"article\" \/>\n<meta property=\"og:title\" content=\"Unique Pools | Rosa Gres Unique Pools\" \/>\n<meta property=\"og:description\" content=\"[vc_row][vc_column][vc_column_text css=\u00bb\u00bb]Ideen f\u00fcr die Gestaltung Ihres Schwimmbeckens aus Feinsteinzeug Idei pentru proiectarea piscinei tale cu gresie por\u021belanat\u0103 Id\u00e9es pour cr\u00e9er...\" \/>\n<meta property=\"og:url\" content=\"https:\/\/rosagres.com\/landing\/\" \/>\n<meta property=\"og:site_name\" content=\"Rosa Gres Unique Pools\" \/>\n<meta property=\"article:modified_time\" content=\"2025-05-01T14:58:06+00:00\" \/>\n<meta name=\"twitter:card\" content=\"summary_large_image\" \/>\n<meta name=\"twitter:label1\" content=\"Tiempo de lectura\" \/>\n\t<meta name=\"twitter:data1\" content=\"1 minuto\" \/>\n<script type=\"application\/ld+json\" class=\"yoast-schema-graph\">{\"@context\":\"https:\/\/schema.org\",\"@graph\":[{\"@type\":\"WebPage\",\"@id\":\"https:\/\/rosagres.com\/landing\/\",\"url\":\"https:\/\/rosagres.com\/landing\/\",\"name\":\"Unique Pools | Rosa Gres Unique Pools\",\"isPartOf\":{\"@id\":\"https:\/\/rosagres.com\/landing\/#website\"},\"datePublished\":\"2025-04-23T21:13:15+00:00\",\"dateModified\":\"2025-05-01T14:58:06+00:00\",\"breadcrumb\":{\"@id\":\"https:\/\/rosagres.com\/landing\/#breadcrumb\"},\"inLanguage\":\"es\",\"potentialAction\":[{\"@type\":\"ReadAction\",\"target\":[\"https:\/\/rosagres.com\/landing\/\"]}]},{\"@type\":\"BreadcrumbList\",\"@id\":\"https:\/\/rosagres.com\/landing\/#breadcrumb\",\"itemListElement\":[{\"@type\":\"ListItem\",\"position\":1,\"name\":\"Portada\",\"item\":\"https:\/\/rosagres.com\/landing\/\"},{\"@type\":\"ListItem\",\"position\":2,\"name\":\"Unique Pools\"}]},{\"@type\":\"WebSite\",\"@id\":\"https:\/\/rosagres.com\/landing\/#website\",\"url\":\"https:\/\/rosagres.com\/landing\/\",\"name\":\"Rosa Gres Unique Pools\",\"description\":\"\",\"potentialAction\":[{\"@type\":\"SearchAction\",\"target\":{\"@type\":\"EntryPoint\",\"urlTemplate\":\"https:\/\/rosagres.com\/landing\/?s={search_term_string}\"},\"query-input\":{\"@type\":\"PropertyValueSpecification\",\"valueRequired\":true,\"valueName\":\"search_term_string\"}}],\"inLanguage\":\"es\"}]}<\/script>\n<!-- \/ Yoast SEO plugin. -->","yoast_head_json":{"title":"Unique Pools | Rosa Gres Unique Pools","robots":{"index":"noindex","follow":"nofollow"},"og_locale":"es_ES","og_type":"article","og_title":"Unique Pools | Rosa Gres Unique Pools","og_description":"[vc_row][vc_column][vc_column_text css=\u00bb\u00bb]Ideen f\u00fcr die Gestaltung Ihres Schwimmbeckens aus Feinsteinzeug Idei pentru proiectarea piscinei tale cu gresie por\u021belanat\u0103 Id\u00e9es pour cr\u00e9er...","og_url":"https:\/\/rosagres.com\/landing\/","og_site_name":"Rosa Gres Unique Pools","article_modified_time":"2025-05-01T14:58:06+00:00","twitter_card":"summary_large_image","twitter_misc":{"Tiempo de lectura":"1 minuto"},"schema":{"@context":"https:\/\/schema.org","@graph":[{"@type":"WebPage","@id":"https:\/\/rosagres.com\/landing\/","url":"https:\/\/rosagres.com\/landing\/","name":"Unique Pools | Rosa Gres Unique Pools","isPartOf":{"@id":"https:\/\/rosagres.com\/landing\/#website"},"datePublished":"2025-04-23T21:13:15+00:00","dateModified":"2025-05-01T14:58:06+00:00","breadcrumb":{"@id":"https:\/\/rosagres.com\/landing\/#breadcrumb"},"inLanguage":"es","potentialAction":[{"@type":"ReadAction","target":["https:\/\/rosagres.com\/landing\/"]}]},{"@type":"BreadcrumbList","@id":"https:\/\/rosagres.com\/landing\/#breadcrumb","itemListElement":[{"@type":"ListItem","position":1,"name":"Portada","item":"https:\/\/rosagres.com\/landing\/"},{"@type":"ListItem","position":2,"name":"Unique Pools"}]},{"@type":"WebSite","@id":"https:\/\/rosagres.com\/landing\/#website","url":"https:\/\/rosagres.com\/landing\/","name":"Rosa Gres Unique Pools","description":"","potentialAction":[{"@type":"SearchAction","target":{"@type":"EntryPoint","urlTemplate":"https:\/\/rosagres.com\/landing\/?s={search_term_string}"},"query-input":{"@type":"PropertyValueSpecification","valueRequired":true,"valueName":"search_term_string"}}],"inLanguage":"es"}]}},"_links":{"self":[{"href":"https:\/\/rosagres.com\/landing\/wp-json\/wp\/v2\/pages\/42985","targetHints":{"allow":["GET"]}}],"collection":[{"href":"https:\/\/rosagres.com\/landing\/wp-json\/wp\/v2\/pages"}],"about":[{"href":"https:\/\/rosagres.com\/landing\/wp-json\/wp\/v2\/types\/page"}],"author":[{"embeddable":true,"href":"https:\/\/rosagres.com\/landing\/wp-json\/wp\/v2\/users\/1"}],"replies":[{"embeddable":true,"href":"https:\/\/rosagres.com\/landing\/wp-json\/wp\/v2\/comments?post=42985"}],"version-history":[{"count":0,"href":"https:\/\/rosagres.com\/landing\/wp-json\/wp\/v2\/pages\/42985\/revisions"}],"wp:attachment":[{"href":"https:\/\/rosagres.com\/landing\/wp-json\/wp\/v2\/media?parent=42985"}],"curies":[{"name":"wp","href":"https:\/\/api.w.org\/{rel}","templated":true}]}}